{"id":111487,"date":"2022-05-12T09:27:32","date_gmt":"2022-05-12T07:27:32","guid":{"rendered":"https:\/\/undsgn.com\/uncode\/?post_type=product&amp;p=111487"},"modified":"2025-04-28T18:24:39","modified_gmt":"2025-04-28T18:24:39","slug":"integra-trident","status":"publish","type":"product","link":"https:\/\/viralcollab.com\/fr\/produit\/integra-trident\/","title":{"rendered":"Integra Trident"},"content":{"rendered":"<div class=\"wpb-content-wrapper\"><div data-parent=\"true\" class=\"vc_row video-container row-container\" style=\"z-index: 2;\" id=\"row-unique-0\"><div class=\"row triple-top-padding triple-bottom-padding quad-h-padding full-width row-parent\"><div class=\"wpb_row row-inner\"><div class=\"wpb_column pos-top pos-center align_center column_parent col-lg-12 single-internal-gutter\"><div class=\"uncol style-light\"  ><div class=\"uncoltable\"><div class=\"uncell no-block-padding\" ><div class=\"uncont\" ><div class=\"vc_custom_heading_wrap\"><div class=\"heading-text el-text\" ><h3 class=\"h1\" ><span>Travel in the city<\/span><\/h3><\/div><div class=\"clear\"><\/div><\/div><div class=\"vc_row row-internal row-container\"><div class=\"row row-child\"><div class=\"wpb_row row-inner\"><div class=\"wpb_column pos-top pos-center align_center column_child col-lg-12 single-internal-gutter\"><div class=\"uncol style-dark\" ><div class=\"uncoltable\"><div class=\"uncell no-block-padding\" ><div class=\"uncont\" ><div class=\"uncode-single-media  text-left\"><div class=\"single-wrapper\" style=\"max-width: 100%;\"><div class=\"tmb tmb-light  tmb-img-ratio tmb-media-first tmb-media-last tmb-content-overlay tmb-no-bg\"><div class=\"t-inside\"><div class=\"t-entry-visual\"><div class=\"t-entry-visual-tc\"><div class=\"uncode-single-media-wrapper\"><div class=\"dummy\" style=\"padding-top: 56.2%;\"><\/div><img decoding=\"async\" class=\"wp-image-18912\" src=\"https:\/\/viralcollab.com\/wp-content\/uploads\/2025\/03\/product-placeholder-1-uai-1030x579.jpg\" width=\"1030\" height=\"579\" alt=\"\"><\/div>\n\t\t\t\t\t<\/div>\n\t\t\t\t<\/div><\/div><\/div><\/div><\/div><div class=\"icon-box icon-box-top  absolute-center\" ><div class=\"icon-box-icon fa-container\" style=\"margin-bottom: 0px;\"><a role=\"button\" data-lbox=\"ilightbox_single-116705\" data-external-thumb-image=\"https:\/\/viralcollab.com\/wp-content\/uploads\/2025\/03\/image-placeholder-2.jpg\"data-video='{\"source\": [{\"src\":\"https:\/\/viralcollab.com\/wp-content\/uploads\/2025\/03\/video.mp4\", \"type\":\"video\/mp4\"}]}' data-icon=\"video\" data-autoplay=\"true\" data-loop=\"true\" data-lg-size=\"1280-720\" data-active=\"1\" class=\"fa fa-stack fa-3x btn-default fa-rounded icon-animated custom-link\"><span class=\"icon-automatic-video icon-automatic-fa-3x icon-animated btn-shadow btn-default\"><span class=\"icon-automatic-video-inner-bg\"><\/span><span class=\"icon-automatic-video-outer-bg\"><\/span><\/span><i class=\"fa fa-play\"><\/i><\/a><\/div><\/div><\/div><\/div><\/div><\/div><\/div><\/div><\/div><\/div><\/div><\/div><\/div><\/div><\/div><script id=\"script-row-unique-0\" data-row=\"script-row-unique-0\" type=\"text\/javascript\" class=\"vc_controls\">UNCODE.initRow(document.getElementById(\"row-unique-0\"));<\/script><\/div><\/div><\/div><div data-parent=\"true\" class=\"vc_row row-container\" id=\"row-unique-1\"><div class=\"row no-top-padding triple-bottom-padding single-h-padding limit-width row-parent\"><div class=\"wpb_row row-inner\"><div class=\"wpb_column pos-top pos-center align_left column_parent col-lg-12 single-internal-gutter\"><div class=\"uncol style-light\"  ><div class=\"uncoltable\"><div class=\"uncell no-block-padding\" ><div class=\"uncont\" ><div class=\"vc_custom_heading_wrap\"><div class=\"heading-text el-text\" ><h2 class=\"h2 fontheight-357766\" ><span>Discover our fast single speed city bike designed by real urban cyclists! The look of the fixie and the features of a city bike! A nimble bike with narrow handlebars and short stem to sneak in everywhere.<\/span><\/h2><\/div><div class=\"clear\"><\/div><\/div><div class=\"vc_row row-internal row-container\"><div class=\"row col-double-gutter row-child\"><div class=\"wpb_row row-inner\"><div class=\"wpb_column pos-top pos-center align_left column_child col-lg-6 col-md-50 single-internal-gutter\"><div class=\"uncol style-light\" ><div class=\"uncoltable\"><div class=\"uncell no-block-padding\" ><div class=\"uncont\" ><div class=\"uncode_text_column\" ><p>Want to move as quickly as possible from point A to point B in your city everyday? The single speed is made for you. At 11.6 kg, this bike will give you all the lightness you need to get around town. The clean design, rigid steel frame, and 44&#215;18 ratio give it all the nervousness you expect from it. Quality components to let you have the best feeling when you ride your bike.<\/p>\n<\/div><\/div><\/div><\/div><\/div><\/div><div class=\"wpb_column pos-top pos-center align_left column_child col-lg-6 col-md-50 single-internal-gutter\"><div class=\"uncol style-light\" ><div class=\"uncoltable\"><div class=\"uncell no-block-padding\" ><div class=\"uncont\" ><div class=\"uncode_text_column\" ><p>With its steel fork, the Single Speed 500 absorbs impacts perfectly, so you can easily climb sidewalks and other obstacles and tame the city! 520mm aluminum handlebar to sneak you everywhere in the city and 60mm stem also made of aluminum to increase the bike&#8217;s responsiveness. FIXIE\/BMX-specific 18T freewheel with 30 engagement points allows for better pickup and balance.<\/p>\n<\/div><\/div><\/div><\/div><\/div><\/div><\/div><\/div><\/div><div class=\"empty-space empty-single\" ><span class=\"empty-space-inner\"><\/span><\/div>\n<div class=\"vc_row row-internal row-container\"><div class=\"row row-child\"><div class=\"wpb_row row-inner\"><div class=\"wpb_column pos-top pos-center align_center column_child col-lg-12 single-internal-gutter\"><div class=\"uncol style-light\" ><div class=\"uncoltable\"><div class=\"uncell no-block-padding\" ><div class=\"uncont\" ><span class=\"btn-container\" ><a role=\"button\"  href=\"\" class=\"custom-link h3 btn-underline-out btn-custom-typo  font-weight-500 text-initial no-letterspace border-width-0 text-default-color btn-icon-left\"><span>Discover all bikes<\/span><\/a><\/span><\/div><\/div><\/div><\/div><\/div><\/div><\/div><\/div><\/div><\/div><\/div><\/div><\/div><script id=\"script-row-unique-1\" data-row=\"script-row-unique-1\" type=\"text\/javascript\" class=\"vc_controls\">UNCODE.initRow(document.getElementById(\"row-unique-1\"));<\/script><\/div><\/div><\/div><div data-parent=\"true\" class=\"vc_row row-container\" id=\"row-unique-2\"><div class=\"row no-top-padding triple-bottom-padding exa-h-padding full-width row-parent\"><div class=\"wpb_row row-inner\"><div class=\"wpb_column pos-top pos-center align_center column_parent col-lg-12 single-internal-gutter\"><div class=\"uncol style-light\"  ><div class=\"uncoltable\"><div class=\"uncell no-block-padding\" ><div class=\"uncont\" ><div class=\"owl-carousel-wrapper carousel-overflow-visible\">\n\t\t\n\t\n\t<div class=\"owl-carousel-container owl-carousel-loading single-gutter\" >\n\t\t\t\t\t\t\t\t\t<div id=\"gallery-958453445\" class=\"owl-carousel owl-element owl-height-auto\" data-loop=\"true\" data-navmobile=\"false\" data-navspeed=\"400\" data-autoplay=\"true\" data-timeout=\"5000\" data-stagepadding=\"0\" data-lg=\"3\" data-md=\"2\" data-sm=\"1\">\n<div class=\"tmb tmb-carousel tmb-no-double-tap tmb-iso-h4 tmb-light tmb-overlay-middle tmb-overlay-text-center tmb-image-anim tmb-id-18918  tmb-img-ratio tmb-media-first tmb-media-last tmb-content-overlay tmb-no-bg tmb-lightbox\" ><div class=\"t-inside no-anim\" ><div class=\"t-entry-visual\"><div class=\"t-entry-visual-tc\"><div class=\"t-entry-visual-cont\"><div class=\"dummy\" style=\"padding-top: 100%;\"><\/div><a href=\"https:\/\/viralcollab.com\/wp-content\/uploads\/2025\/03\/product-placeholder-3.jpg\"  class=\"pushed\" data-caption=\"\" data-lbox=\"ilightbox_gallery-958453445\" data-external-thumb-image=\"https:\/\/viralcollab.com\/wp-content\/uploads\/2025\/03\/product-placeholder-3.jpg\" data-lg-size=\"1030-1290\" data-lb-index=\"0\"><div class=\"t-entry-visual-overlay\"><div class=\"t-entry-visual-overlay-in style-dark-bg\" style=\"opacity: 0.5;\"><\/div><\/div><img decoding=\"async\" class=\"wp-image-18918\" src=\"https:\/\/viralcollab.com\/wp-content\/uploads\/2025\/03\/product-placeholder-3-uai-1030x1030.jpg\" width=\"1030\" height=\"1030\" alt=\"\" srcset=\"https:\/\/viralcollab.com\/wp-content\/uploads\/2025\/03\/product-placeholder-3-uai-1030x1030.jpg 1030w, https:\/\/viralcollab.com\/wp-content\/uploads\/2025\/03\/product-placeholder-3-348x348.jpg 348w, https:\/\/viralcollab.com\/wp-content\/uploads\/2025\/03\/product-placeholder-3-300x300.jpg 300w, https:\/\/viralcollab.com\/wp-content\/uploads\/2025\/03\/product-placeholder-3-uai-720x720.jpg 720w\" sizes=\"(max-width: 1030px) 100vw, 1030px\" \/><\/a><\/div>\n\t\t\t\t\t<\/div>\n\t\t\t\t<\/div><\/div><\/div><div class=\"tmb tmb-carousel tmb-no-double-tap tmb-iso-h4 tmb-light tmb-overlay-middle tmb-overlay-text-center tmb-image-anim tmb-id-18912  tmb-img-ratio tmb-media-first tmb-media-last tmb-content-overlay tmb-no-bg tmb-lightbox\" ><div class=\"t-inside no-anim\" ><div class=\"t-entry-visual\"><div class=\"t-entry-visual-tc\"><div class=\"t-entry-visual-cont\"><div class=\"dummy\" style=\"padding-top: 100%;\"><\/div><a href=\"https:\/\/viralcollab.com\/wp-content\/uploads\/2025\/03\/product-placeholder-1.jpg\"  class=\"pushed\" data-caption=\"\" data-lbox=\"ilightbox_gallery-958453445\" data-external-thumb-image=\"https:\/\/viralcollab.com\/wp-content\/uploads\/2025\/03\/product-placeholder-1.jpg\" data-lg-size=\"1030-1290\" data-lb-index=\"1\"><div class=\"t-entry-visual-overlay\"><div class=\"t-entry-visual-overlay-in style-dark-bg\" style=\"opacity: 0.5;\"><\/div><\/div><img decoding=\"async\" class=\"wp-image-18912\" src=\"https:\/\/viralcollab.com\/wp-content\/uploads\/2025\/03\/product-placeholder-1-uai-1030x1030.jpg\" width=\"1030\" height=\"1030\" alt=\"\" srcset=\"https:\/\/viralcollab.com\/wp-content\/uploads\/2025\/03\/product-placeholder-1-uai-1030x1030.jpg 1030w, https:\/\/viralcollab.com\/wp-content\/uploads\/2025\/03\/product-placeholder-1-348x348.jpg 348w, https:\/\/viralcollab.com\/wp-content\/uploads\/2025\/03\/product-placeholder-1-300x300.jpg 300w, https:\/\/viralcollab.com\/wp-content\/uploads\/2025\/03\/product-placeholder-1-uai-720x720.jpg 720w\" sizes=\"(max-width: 1030px) 100vw, 1030px\" \/><\/a><\/div>\n\t\t\t\t\t<\/div>\n\t\t\t\t<\/div><\/div><\/div><div class=\"tmb tmb-carousel tmb-no-double-tap tmb-iso-h4 tmb-light tmb-overlay-middle tmb-overlay-text-center tmb-image-anim tmb-id-18920  tmb-img-ratio tmb-media-first tmb-media-last tmb-content-overlay tmb-no-bg tmb-lightbox\" ><div class=\"t-inside no-anim\" ><div class=\"t-entry-visual\"><div class=\"t-entry-visual-tc\"><div class=\"t-entry-visual-cont\"><div class=\"dummy\" style=\"padding-top: 100%;\"><\/div><a href=\"https:\/\/viralcollab.com\/wp-content\/uploads\/2025\/03\/product-placeholder-4.jpg\"  class=\"pushed\" data-caption=\"\" data-lbox=\"ilightbox_gallery-958453445\" data-external-thumb-image=\"https:\/\/viralcollab.com\/wp-content\/uploads\/2025\/03\/product-placeholder-4.jpg\" data-lg-size=\"1030-1290\" data-lb-index=\"2\"><div class=\"t-entry-visual-overlay\"><div class=\"t-entry-visual-overlay-in style-dark-bg\" style=\"opacity: 0.5;\"><\/div><\/div><img decoding=\"async\" class=\"wp-image-18920\" src=\"https:\/\/viralcollab.com\/wp-content\/uploads\/2025\/03\/product-placeholder-4-uai-1030x1030.jpg\" width=\"1030\" height=\"1030\" alt=\"\" srcset=\"https:\/\/viralcollab.com\/wp-content\/uploads\/2025\/03\/product-placeholder-4-uai-1030x1030.jpg 1030w, https:\/\/viralcollab.com\/wp-content\/uploads\/2025\/03\/product-placeholder-4-348x348.jpg 348w, https:\/\/viralcollab.com\/wp-content\/uploads\/2025\/03\/product-placeholder-4-300x300.jpg 300w, https:\/\/viralcollab.com\/wp-content\/uploads\/2025\/03\/product-placeholder-4-uai-720x720.jpg 720w\" sizes=\"(max-width: 1030px) 100vw, 1030px\" \/><\/a><\/div>\n\t\t\t\t\t<\/div>\n\t\t\t\t<\/div><\/div><\/div><div class=\"tmb tmb-carousel tmb-no-double-tap tmb-iso-h4 tmb-light tmb-overlay-middle tmb-overlay-text-center tmb-image-anim tmb-id-18920  tmb-img-ratio tmb-media-first tmb-media-last tmb-content-overlay tmb-no-bg tmb-lightbox\" ><div class=\"t-inside no-anim\" ><div class=\"t-entry-visual\"><div class=\"t-entry-visual-tc\"><div class=\"t-entry-visual-cont\"><div class=\"dummy\" style=\"padding-top: 100%;\"><\/div><a href=\"https:\/\/viralcollab.com\/wp-content\/uploads\/2025\/03\/product-placeholder-4.jpg\"  class=\"pushed\" data-caption=\"\" data-lbox=\"ilightbox_gallery-958453445\" data-external-thumb-image=\"https:\/\/viralcollab.com\/wp-content\/uploads\/2025\/03\/product-placeholder-4.jpg\" data-lg-size=\"1030-1290\" data-lb-index=\"3\"><div class=\"t-entry-visual-overlay\"><div class=\"t-entry-visual-overlay-in style-dark-bg\" style=\"opacity: 0.5;\"><\/div><\/div><img decoding=\"async\" class=\"wp-image-18920\" src=\"https:\/\/viralcollab.com\/wp-content\/uploads\/2025\/03\/product-placeholder-4-uai-1030x1030.jpg\" width=\"1030\" height=\"1030\" alt=\"\" srcset=\"https:\/\/viralcollab.com\/wp-content\/uploads\/2025\/03\/product-placeholder-4-uai-1030x1030.jpg 1030w, https:\/\/viralcollab.com\/wp-content\/uploads\/2025\/03\/product-placeholder-4-348x348.jpg 348w, https:\/\/viralcollab.com\/wp-content\/uploads\/2025\/03\/product-placeholder-4-300x300.jpg 300w, https:\/\/viralcollab.com\/wp-content\/uploads\/2025\/03\/product-placeholder-4-uai-720x720.jpg 720w\" sizes=\"(max-width: 1030px) 100vw, 1030px\" \/><\/a><\/div>\n\t\t\t\t\t<\/div>\n\t\t\t\t<\/div><\/div><\/div><div class=\"tmb tmb-carousel tmb-no-double-tap tmb-iso-h4 tmb-light tmb-overlay-middle tmb-overlay-text-center tmb-image-anim tmb-id-18912  tmb-img-ratio tmb-media-first tmb-media-last tmb-content-overlay tmb-no-bg tmb-lightbox\" ><div class=\"t-inside no-anim\" ><div class=\"t-entry-visual\"><div class=\"t-entry-visual-tc\"><div class=\"t-entry-visual-cont\"><div class=\"dummy\" style=\"padding-top: 100%;\"><\/div><a href=\"https:\/\/viralcollab.com\/wp-content\/uploads\/2025\/03\/product-placeholder-1.jpg\"  class=\"pushed\" data-caption=\"\" data-lbox=\"ilightbox_gallery-958453445\" data-external-thumb-image=\"https:\/\/viralcollab.com\/wp-content\/uploads\/2025\/03\/product-placeholder-1.jpg\" data-lg-size=\"1030-1290\" data-lb-index=\"4\"><div class=\"t-entry-visual-overlay\"><div class=\"t-entry-visual-overlay-in style-dark-bg\" style=\"opacity: 0.5;\"><\/div><\/div><img decoding=\"async\" class=\"wp-image-18912\" src=\"https:\/\/viralcollab.com\/wp-content\/uploads\/2025\/03\/product-placeholder-1-uai-1030x1030.jpg\" width=\"1030\" height=\"1030\" alt=\"\" srcset=\"https:\/\/viralcollab.com\/wp-content\/uploads\/2025\/03\/product-placeholder-1-uai-1030x1030.jpg 1030w, https:\/\/viralcollab.com\/wp-content\/uploads\/2025\/03\/product-placeholder-1-348x348.jpg 348w, https:\/\/viralcollab.com\/wp-content\/uploads\/2025\/03\/product-placeholder-1-300x300.jpg 300w, https:\/\/viralcollab.com\/wp-content\/uploads\/2025\/03\/product-placeholder-1-uai-720x720.jpg 720w\" sizes=\"(max-width: 1030px) 100vw, 1030px\" \/><\/a><\/div>\n\t\t\t\t\t<\/div>\n\t\t\t\t<\/div><\/div><\/div><div class=\"tmb tmb-carousel tmb-no-double-tap tmb-iso-h4 tmb-light tmb-overlay-middle tmb-overlay-text-center tmb-image-anim tmb-id-18918  tmb-img-ratio tmb-media-first tmb-media-last tmb-content-overlay tmb-no-bg tmb-lightbox\" ><div class=\"t-inside no-anim\" ><div class=\"t-entry-visual\"><div class=\"t-entry-visual-tc\"><div class=\"t-entry-visual-cont\"><div class=\"dummy\" style=\"padding-top: 100%;\"><\/div><a href=\"https:\/\/viralcollab.com\/wp-content\/uploads\/2025\/03\/product-placeholder-3.jpg\"  class=\"pushed\" data-caption=\"\" data-lbox=\"ilightbox_gallery-958453445\" data-external-thumb-image=\"https:\/\/viralcollab.com\/wp-content\/uploads\/2025\/03\/product-placeholder-3.jpg\" data-lg-size=\"1030-1290\" data-lb-index=\"5\"><div class=\"t-entry-visual-overlay\"><div class=\"t-entry-visual-overlay-in style-dark-bg\" style=\"opacity: 0.5;\"><\/div><\/div><img decoding=\"async\" class=\"wp-image-18918\" src=\"https:\/\/viralcollab.com\/wp-content\/uploads\/2025\/03\/product-placeholder-3-uai-1030x1030.jpg\" width=\"1030\" height=\"1030\" alt=\"\" srcset=\"https:\/\/viralcollab.com\/wp-content\/uploads\/2025\/03\/product-placeholder-3-uai-1030x1030.jpg 1030w, https:\/\/viralcollab.com\/wp-content\/uploads\/2025\/03\/product-placeholder-3-348x348.jpg 348w, https:\/\/viralcollab.com\/wp-content\/uploads\/2025\/03\/product-placeholder-3-300x300.jpg 300w, https:\/\/viralcollab.com\/wp-content\/uploads\/2025\/03\/product-placeholder-3-uai-720x720.jpg 720w\" sizes=\"(max-width: 1030px) 100vw, 1030px\" \/><\/a><\/div>\n\t\t\t\t\t<\/div>\n\t\t\t\t<\/div><\/div><\/div><div class=\"tmb tmb-carousel tmb-no-double-tap tmb-iso-h4 tmb-light tmb-overlay-middle tmb-overlay-text-center tmb-image-anim tmb-id-18916  tmb-img-ratio tmb-media-first tmb-media-last tmb-content-overlay tmb-no-bg tmb-lightbox\" ><div class=\"t-inside no-anim\" ><div class=\"t-entry-visual\"><div class=\"t-entry-visual-tc\"><div class=\"t-entry-visual-cont\"><div class=\"dummy\" style=\"padding-top: 100%;\"><\/div><a href=\"https:\/\/viralcollab.com\/wp-content\/uploads\/2025\/03\/product-placeholder-2.jpg\"  class=\"pushed\" data-caption=\"\" data-lbox=\"ilightbox_gallery-958453445\" data-external-thumb-image=\"https:\/\/viralcollab.com\/wp-content\/uploads\/2025\/03\/product-placeholder-2.jpg\" data-lg-size=\"1030-1290\" data-lb-index=\"6\"><div class=\"t-entry-visual-overlay\"><div class=\"t-entry-visual-overlay-in style-dark-bg\" style=\"opacity: 0.5;\"><\/div><\/div><img decoding=\"async\" class=\"wp-image-18916\" src=\"https:\/\/viralcollab.com\/wp-content\/uploads\/2025\/03\/product-placeholder-2-uai-1030x1030.jpg\" width=\"1030\" height=\"1030\" alt=\"\" srcset=\"https:\/\/viralcollab.com\/wp-content\/uploads\/2025\/03\/product-placeholder-2-uai-1030x1030.jpg 1030w, https:\/\/viralcollab.com\/wp-content\/uploads\/2025\/03\/product-placeholder-2-348x348.jpg 348w, https:\/\/viralcollab.com\/wp-content\/uploads\/2025\/03\/product-placeholder-2-300x300.jpg 300w, https:\/\/viralcollab.com\/wp-content\/uploads\/2025\/03\/product-placeholder-2-uai-720x720.jpg 720w\" sizes=\"(max-width: 1030px) 100vw, 1030px\" \/><\/a><\/div>\n\t\t\t\t\t<\/div>\n\t\t\t\t<\/div><\/div><\/div>\t\t\t<\/div>\n\t\t\t\t\t<\/div>\n\n\t\n\t\n\t\n<\/div>\n\n<\/div><\/div><\/div><\/div><\/div><script id=\"script-row-unique-2\" data-row=\"script-row-unique-2\" type=\"text\/javascript\" class=\"vc_controls\">UNCODE.initRow(document.getElementById(\"row-unique-2\"));<\/script><\/div><\/div><\/div><div data-parent=\"true\" class=\"vc_row row-container\" id=\"row-unique-3\"><div class=\"row col-double-gutter no-top-padding single-bottom-padding single-h-padding limit-width row-parent\"><div class=\"wpb_row row-inner\"><div class=\"wpb_column pos-top pos-center align_left column_parent col-lg-4 col-md-33 half-internal-gutter\"><div class=\"uncol style-light\"  ><div class=\"uncoltable\"><div class=\"uncell no-block-padding\" ><div class=\"uncont\" ><div class=\"icon-box icon-box-top\" ><div class=\"icon-box-icon fa-container\" style=\"margin-bottom: 0px;\"><span class=\"text-default-color btn-disable-hover\"><i class=\"fa fa-bike fa-2x fa-fw\"><\/i><\/span><\/div><\/div><div class=\"vc_custom_heading_wrap\"><div class=\"heading-text el-text\" ><h3 class=\"h4\" ><span>Caract\u00e9ristiques<\/span><\/h3><\/div><div class=\"clear\"><\/div><\/div><div class=\"uncode_text_column\" ><p>Son format compact le rend id\u00e9al pour les voyages ou pour une utilisation quotidienne, son bo\u00eetier classique en aluminium lui conf\u00e8re un toucher agr\u00e9able, et sa conception exclusive de port \u00e0 basse vitesse minimise la distorsion.<\/p>\n<\/div><div class=\"empty-space empty-single\" ><span class=\"empty-space-inner\"><\/span><\/div>\n<div class=\"icon-box icon-box-top\" ><div class=\"icon-box-icon fa-container\" style=\"margin-bottom: 0px;\"><span class=\"text-default-color btn-disable-hover\"><i class=\"fa fa-gears2 fa-2x fa-fw\"><\/i><\/span><\/div><\/div><div class=\"vc_custom_heading_wrap\"><div class=\"heading-text el-text\" ><h3 class=\"h4\" ><span>Free Revision<\/span><\/h3><\/div><div class=\"clear\"><\/div><\/div><div class=\"uncode_text_column\" ><p>La conception exclusive de l&#039;\u00e9vent \u00e0 faible vitesse minimise la distorsion et adoucit les basses fr\u00e9quences. Pr\u00e9sent dans notre gamme depuis des d\u00e9cennies, il reste tr\u00e8s populaire. Choisissez parmi nos diff\u00e9rentes combinaisons.<\/p>\n<\/div><\/div><\/div><\/div><\/div><\/div><div class=\"wpb_column pos-top pos-center align_left column_parent col-lg-4 col-md-33 half-internal-gutter\"><div class=\"uncol style-light\"  ><div class=\"uncoltable\"><div class=\"uncell no-block-padding\" ><div class=\"uncont\" ><div class=\"icon-box icon-box-top\" ><div class=\"icon-box-icon fa-container\" style=\"margin-bottom: 0px;\"><span class=\"text-default-color btn-disable-hover\"><i class=\"fa fa-trophy2 fa-2x fa-fw\"><\/i><\/span><\/div><\/div><div class=\"vc_custom_heading_wrap\"><div class=\"heading-text el-text\" ><h3 class=\"h4\" ><span>Repr\u00e9sentations<\/span><\/h3><\/div><div class=\"clear\"><\/div><\/div><div class=\"uncode_text_column\" ><p>Dans un contexte professionnel, il arrive souvent que des clients priv\u00e9s ou des entreprises commandent une publication \u00e0 r\u00e9aliser et \u00e0 pr\u00e9senter alors que le contenu n&#039;est pas encore pr\u00eat.<\/p>\n<\/div><div class=\"empty-space empty-single\" ><span class=\"empty-space-inner\"><\/span><\/div>\n<div class=\"icon-box icon-box-top\" ><div class=\"icon-box-icon fa-container\" style=\"margin-bottom: 0px;\"><span class=\"text-default-color btn-disable-hover\"><i class=\"fa fa-wallet fa-2x fa-fw\"><\/i><\/span><\/div><\/div><div class=\"vc_custom_heading_wrap\"><div class=\"heading-text el-text\" ><h3 class=\"h4\" ><span>Financement<\/span><\/h3><\/div><div class=\"clear\"><\/div><\/div><div class=\"uncode_text_column\" ><p>Imaginez un blog d&#039;actualit\u00e9s aliment\u00e9 en continu toutes les heures le jour de son lancement. Cela sollicite rapidement la bande passante, m\u00eame si le contenu, parfois al\u00e9atoire et compr\u00e9hensible, provient d&#039;un journal ou d&#039;Internet.<\/p>\n<\/div><\/div><\/div><\/div><\/div><\/div><div class=\"wpb_column pos-top pos-center align_left column_parent col-lg-4 col-md-33 half-internal-gutter\"><div class=\"uncol style-light\"  ><div class=\"uncoltable\"><div class=\"uncell no-block-padding\" ><div class=\"uncont\" ><div class=\"icon-box icon-box-top\" ><div class=\"icon-box-icon fa-container\" style=\"margin-bottom: 0px;\"><span class=\"text-default-color btn-disable-hover\"><i class=\"fa fa-tools-2 fa-2x fa-fw\"><\/i><\/span><\/div><\/div><div class=\"vc_custom_heading_wrap\"><div class=\"heading-text el-text\" ><h3 class=\"h4\" ><span>Easy Maintenance<\/span><\/h3><\/div><div class=\"clear\"><\/div><\/div><div class=\"uncode_text_column\" ><p>Whereas covalent catalysts for change short sleeve crewneck in white in a professional context it often happens presented that private or corporate clients a publication to be made.<\/p>\n<\/div><div class=\"empty-space empty-single\" ><span class=\"empty-space-inner\"><\/span><\/div>\n<div class=\"icon-box icon-box-top\" ><div class=\"icon-box-icon fa-container\" style=\"margin-bottom: 0px;\"><span class=\"text-default-color btn-disable-hover\"><i class=\"fa fa-recycle2 fa-2x fa-fw\"><\/i><\/span><\/div><\/div><div class=\"vc_custom_heading_wrap\"><div class=\"heading-text el-text\" ><h3 class=\"h4\" ><span>Recycled Materials<\/span><\/h3><\/div><div class=\"clear\"><\/div><\/div><div class=\"uncode_text_column\" ><p>Ce logiciel analyse l&#039;acoustique de la pi\u00e8ce puis optimise la barre de son. Un appareil iOS compatible est requis. Deux haut-parleurs de m\u00e9diums \u00e0 haut rendement garantissent une reproduction fid\u00e8le des fr\u00e9quences moyennes.<\/p>\n<\/div><\/div><\/div><\/div><\/div><\/div><script id=\"script-row-unique-3\" data-row=\"script-row-unique-3\" type=\"text\/javascript\" class=\"vc_controls\">UNCODE.initRow(document.getElementById(\"row-unique-3\"));<\/script><\/div><\/div><\/div>\n<\/div>","protected":false},"excerpt":{"rendered":"<p>Nous avons con\u00e7u ce v\u00e9lo pour am\u00e9liorer votre exp\u00e9rience lors de vos d\u00e9placements urbains rapides. Rendez vos trajets plus efficaces et plus agiles.<\/p>","protected":false},"featured_media":18912,"comment_status":"open","ping_status":"closed","template":"","meta":[],"product_brand":[],"product_cat":[38],"product_tag":[],"class_list":{"0":"post-111487","1":"product","2":"type-product","3":"status-publish","4":"has-post-thumbnail","6":"product_cat-bikes","8":"first","9":"instock","10":"featured","11":"shipping-taxable","12":"purchasable","13":"product-type-variable","14":"has-default-attributes","15":"woocommerce-product-gallery--with-variation-gallery product-gallery-placeholder"},"_links":{"self":[{"href":"https:\/\/viralcollab.com\/fr\/wp-json\/wp\/v2\/product\/111487","targetHints":{"allow":["GET"]}}],"collection":[{"href":"https:\/\/viralcollab.com\/fr\/wp-json\/wp\/v2\/product"}],"about":[{"href":"https:\/\/viralcollab.com\/fr\/wp-json\/wp\/v2\/types\/product"}],"replies":[{"embeddable":true,"href":"https:\/\/viralcollab.com\/fr\/wp-json\/wp\/v2\/comments?post=111487"}],"wp:featuredmedia":[{"embeddable":true,"href":"https:\/\/viralcollab.com\/fr\/wp-json\/wp\/v2\/media\/18912"}],"wp:attachment":[{"href":"https:\/\/viralcollab.com\/fr\/wp-json\/wp\/v2\/media?parent=111487"}],"wp:term":[{"taxonomy":"product_brand","embeddable":true,"href":"https:\/\/viralcollab.com\/fr\/wp-json\/wp\/v2\/product_brand?post=111487"},{"taxonomy":"product_cat","embeddable":true,"href":"https:\/\/viralcollab.com\/fr\/wp-json\/wp\/v2\/product_cat?post=111487"},{"taxonomy":"product_tag","embeddable":true,"href":"https:\/\/viralcollab.com\/fr\/wp-json\/wp\/v2\/product_tag?post=111487"}],"curies":[{"name":"wp","href":"https:\/\/api.w.org\/{rel}","templated":true}]}}