{"id":111330,"date":"2022-05-12T08:29:57","date_gmt":"2022-05-12T06:29:57","guid":{"rendered":"https:\/\/undsgn.com\/uncode\/?post_type=product&amp;p=111330"},"modified":"2025-04-28T18:24:39","modified_gmt":"2025-04-28T18:24:39","slug":"hoppen-stool-clean","status":"publish","type":"product","link":"https:\/\/viralcollab.com\/fr\/produit\/hoppen-stool-clean\/","title":{"rendered":"Nettoyage des tabourets Hoppen"},"content":{"rendered":"<div class=\"wpb-content-wrapper\"><div data-parent=\"true\" class=\"vc_row row-container\" id=\"row-unique-0\"><div class=\"row col-double-gutter no-top-padding no-bottom-padding no-h-padding limit-width row-parent\"><div class=\"wpb_row row-inner\"><div class=\"wpb_column pos-top pos-center align_left column_parent col-lg-4 col-md-33 half-internal-gutter\"><div class=\"uncol style-light\"  ><div class=\"uncoltable\"><div class=\"uncell no-block-padding\" ><div class=\"uncont\" ><div class=\"vc_custom_heading_wrap\"><div class=\"heading-text el-text\" ><h3 class=\"h4\" ><span>Caract\u00e9ristiques<\/span><\/h3><\/div><div class=\"clear\"><\/div><\/div><div class=\"uncode_text_column\" ><p>Son format compact le rend id\u00e9al pour les voyages ou pour une utilisation quotidienne, son bo\u00eetier classique en aluminium lui conf\u00e8re un toucher agr\u00e9able, et sa conception exclusive de port \u00e0 basse vitesse minimise la distorsion.<\/p>\n<\/div><div class=\"empty-space empty-half\" ><span class=\"empty-space-inner\"><\/span><\/div>\n<div class=\"vc_custom_heading_wrap\"><div class=\"heading-text el-text\" ><h3 class=\"h4\" ><span>Advantages<\/span><\/h3><\/div><div class=\"clear\"><\/div><\/div><div class=\"uncode_text_column\" ><p>La conception exclusive de l&#039;\u00e9vent \u00e0 faible vitesse minimise la distorsion et adoucit les basses fr\u00e9quences. Pr\u00e9sent dans notre gamme depuis des d\u00e9cennies, il reste tr\u00e8s populaire. Choisissez parmi nos diff\u00e9rentes combinaisons.<\/p>\n<\/div><\/div><\/div><\/div><\/div><\/div><div class=\"wpb_column pos-top pos-center align_left column_parent col-lg-4 col-md-33 half-internal-gutter\"><div class=\"uncol style-light\"  ><div class=\"uncoltable\"><div class=\"uncell no-block-padding\" ><div class=\"uncont\" ><div class=\"vc_custom_heading_wrap\"><div class=\"heading-text el-text\" ><h3 class=\"h4\" ><span>Compatibility<\/span><\/h3><\/div><div class=\"clear\"><\/div><\/div><div class=\"uncode_text_column\" ><p>Dans un contexte professionnel, il arrive souvent que des clients priv\u00e9s ou des entreprises commandent une publication \u00e0 r\u00e9aliser et \u00e0 pr\u00e9senter alors que le contenu n&#039;est pas encore pr\u00eat.<\/p>\n<\/div><div class=\"empty-space empty-half\" ><span class=\"empty-space-inner\"><\/span><\/div>\n<div class=\"vc_custom_heading_wrap\"><div class=\"heading-text el-text\" ><h3 class=\"h4\" ><span>Recommendations<\/span><\/h3><\/div><div class=\"clear\"><\/div><\/div><div class=\"uncode_text_column\" ><p>Imaginez un blog d&#039;actualit\u00e9s aliment\u00e9 en continu toutes les heures le jour de son lancement. Cela sollicite rapidement la bande passante, m\u00eame si le contenu, parfois al\u00e9atoire et compr\u00e9hensible, provient d&#039;un journal ou d&#039;Internet.<\/p>\n<\/div><\/div><\/div><\/div><\/div><\/div><div class=\"wpb_column pos-top pos-center align_left column_parent col-lg-4 col-md-33 half-internal-gutter\"><div class=\"uncol style-light\"  ><div class=\"uncoltable\"><div class=\"uncell no-block-padding\" ><div class=\"uncont\" ><div class=\"vc_custom_heading_wrap\"><div class=\"heading-text el-text\" ><h3 class=\"h4\" ><span>Exigences<\/span><\/h3><\/div><div class=\"clear\"><\/div><\/div><div class=\"uncode_text_column\" ><p>Whereas covalent catalysts for change short sleeve crewneck in white in a professional context it often happens presented that private or corporate clients a publication to be made choose of our products.<\/p>\n<\/div><div class=\"empty-space empty-half\" ><span class=\"empty-space-inner\"><\/span><\/div>\n<div class=\"vc_custom_heading_wrap\"><div class=\"heading-text el-text\" ><h3 class=\"h4\" ><span>Entretien<\/span><\/h3><\/div><div class=\"clear\"><\/div><\/div><div class=\"uncode_text_column\" ><p>Ce logiciel analyse l&#039;acoustique de la pi\u00e8ce puis optimise la barre de son. Un appareil iOS compatible est requis. Deux haut-parleurs de m\u00e9diums \u00e0 haut rendement garantissent une reproduction fid\u00e8le des fr\u00e9quences moyennes.<\/p>\n<\/div><\/div><\/div><\/div><\/div><\/div><script id=\"script-row-unique-0\" data-row=\"script-row-unique-0\" type=\"text\/javascript\" class=\"vc_controls\">UNCODE.initRow(document.getElementById(\"row-unique-0\"));<\/script><\/div><\/div><\/div>\n<\/div>","protected":false},"excerpt":{"rendered":"<p>This model is in our assortment for decades and is still very popular. You can choose one of our combinations or create one tailored to your style and needs.<\/p>","protected":false},"featured_media":18920,"comment_status":"open","ping_status":"closed","template":"","meta":[],"product_brand":[],"product_cat":[45],"product_tag":[],"class_list":{"0":"post-111330","1":"product","2":"type-product","3":"status-publish","4":"has-post-thumbnail","6":"product_cat-furniture","8":"first","9":"instock","10":"shipping-taxable","11":"purchasable","12":"product-type-variable","13":"has-default-attributes","14":"woocommerce-product-gallery--with-variation-gallery product-gallery-placeholder"},"_links":{"self":[{"href":"https:\/\/viralcollab.com\/fr\/wp-json\/wp\/v2\/product\/111330","targetHints":{"allow":["GET"]}}],"collection":[{"href":"https:\/\/viralcollab.com\/fr\/wp-json\/wp\/v2\/product"}],"about":[{"href":"https:\/\/viralcollab.com\/fr\/wp-json\/wp\/v2\/types\/product"}],"replies":[{"embeddable":true,"href":"https:\/\/viralcollab.com\/fr\/wp-json\/wp\/v2\/comments?post=111330"}],"wp:featuredmedia":[{"embeddable":true,"href":"https:\/\/viralcollab.com\/fr\/wp-json\/wp\/v2\/media\/18920"}],"wp:attachment":[{"href":"https:\/\/viralcollab.com\/fr\/wp-json\/wp\/v2\/media?parent=111330"}],"wp:term":[{"taxonomy":"product_brand","embeddable":true,"href":"https:\/\/viralcollab.com\/fr\/wp-json\/wp\/v2\/product_brand?post=111330"},{"taxonomy":"product_cat","embeddable":true,"href":"https:\/\/viralcollab.com\/fr\/wp-json\/wp\/v2\/product_cat?post=111330"},{"taxonomy":"product_tag","embeddable":true,"href":"https:\/\/viralcollab.com\/fr\/wp-json\/wp\/v2\/product_tag?post=111330"}],"curies":[{"name":"wp","href":"https:\/\/api.w.org\/{rel}","templated":true}]}}