{"id":925,"date":"2014-11-04T10:47:14","date_gmt":"2014-11-04T10:47:14","guid":{"rendered":"https:\/\/undsgn.com\/uncode\/?page_id=925"},"modified":"2014-11-04T10:47:14","modified_gmt":"2014-11-04T10:47:14","slug":"ordered-lists","status":"publish","type":"page","link":"https:\/\/viralcollab.com\/fr\/features\/ordered-lists\/","title":{"rendered":"Listes ordonn\u00e9es"},"content":{"rendered":"<div class=\"wpb-content-wrapper\"><div data-parent=\"true\" class=\"vc_row limit-width row-container\" id=\"row-unique-0\"><div class=\"row no-top-padding no-bottom-padding no-h-padding row-parent\"><div class=\"wpb_row row-inner\"><div class=\"wpb_column pos-top pos-center align_left column_parent col-lg-12 single-internal-gutter\"><div class=\"uncol style-light\"  ><div class=\"uncoltable\"><div class=\"uncell no-block-padding\" ><div class=\"uncont\" ><div class=\"divider-wrapper\"  >\n    <hr class=\"border-,Default-color separator-no-padding\"  \/>\n<\/div>\n<\/div><\/div><\/div><\/div><\/div><script id=\"script-row-unique-0\" data-row=\"script-row-unique-0\" type=\"text\/javascript\" class=\"vc_controls\">UNCODE.initRow(document.getElementById(\"row-unique-0\"));<\/script><\/div><\/div><\/div><div data-parent=\"true\" class=\"vc_row limit-width row-container\" id=\"row-unique-1\"><div class=\"row triple-top-padding triple-bottom-padding single-h-padding row-parent\"><div class=\"wpb_row row-inner\"><div class=\"wpb_column pos-top pos-center align_left column_parent col-lg-12 single-internal-gutter\"><div class=\"uncol style-light\"  ><div class=\"uncoltable\"><div class=\"uncell no-block-padding\" ><div class=\"uncont\" ><div class=\"vc_row row-internal row-container\"><div class=\"row col-double-gutter row-child\"><div class=\"wpb_row row-inner\"><div class=\"wpb_column pos-top pos-center align_left column_child col-lg-3 single-internal-gutter\"><div class=\"uncol style-light\" ><div class=\"uncoltable\"><div class=\"uncell no-block-padding\" ><div class=\"uncont\" ><div class=\"uncode-wrapper uncode-list\" >\n<ul class=\"icons\">\n<li><i class=\"fa fa-heart3 text-accent-color\"><\/i>Hautement personnalisable<\/li>\n<li><i class=\"fa fa-heart3 text-accent-color\"><\/i>Pages pr\u00e9-construites<\/li>\n<li><i class=\"fa fa-heart3 text-accent-color\"><\/i>Design \u00e9pur\u00e9<\/li>\n<li><i class=\"fa fa-heart3 text-accent-color\"><\/i>Options \u00e9tendues<\/li>\n<li><i class=\"fa fa-heart3 text-accent-color\"><\/i>Qualit\u00e9 sup\u00e9rieure<\/li>\n<li><i class=\"fa fa-heart3 text-accent-color\"><\/i>Conception r\u00e9active<\/li>\n<li><i class=\"fa fa-heart3 text-accent-color\"><\/i>G\u00e9n\u00e9rateur de pages optimis\u00e9<\/li>\n<li><i class=\"fa fa-heart3 text-accent-color\"><\/i>Optimis\u00e9 pour le r\u00e9f\u00e9rencement<\/li>\n<li><i class=\"fa fa-heart3 text-accent-color\"><\/i>Un soutien exceptionnel<\/li>\n<\/ul>\n<\/div><div class=\"uncode-wrapper uncode-list\" >\n<ul class=\"icons\">\n<li><i class=\"fa fa-repeat2\"><\/i>Hautement personnalisable<\/li>\n<li><i class=\"fa fa-repeat2\"><\/i>Pages pr\u00e9-construites<\/li>\n<li><i class=\"fa fa-repeat2\"><\/i>Design \u00e9pur\u00e9<\/li>\n<li><i class=\"fa fa-repeat2\"><\/i>Options \u00e9tendues<\/li>\n<li><i class=\"fa fa-repeat2\"><\/i>Qualit\u00e9 sup\u00e9rieure<\/li>\n<li><i class=\"fa fa-repeat2\"><\/i>Conception r\u00e9active<\/li>\n<li><i class=\"fa fa-repeat2\"><\/i>G\u00e9n\u00e9rateur de pages optimis\u00e9<\/li>\n<li><i class=\"fa fa-repeat2\"><\/i>Optimis\u00e9 pour le r\u00e9f\u00e9rencement<\/li>\n<li><i class=\"fa fa-repeat2\"><\/i>Un soutien exceptionnel<\/li>\n<\/ul>\n<\/div><\/div><\/div><\/div><\/div><\/div><div class=\"wpb_column pos-top pos-center align_left column_child col-lg-3 single-internal-gutter\"><div class=\"uncol style-light\" ><div class=\"uncoltable\"><div class=\"uncell no-block-padding\" ><div class=\"uncont\" ><div class=\"uncode-wrapper uncode-list\" >\n<ul class=\"icons\">\n<li><i class=\"fa fa-arrow-right2 text-color-482803-color\"><\/i>Hautement personnalisable<\/li>\n<li><i class=\"fa fa-arrow-right2 text-color-482803-color\"><\/i>Pages pr\u00e9-construites<\/li>\n<li><i class=\"fa fa-arrow-right2 text-color-482803-color\"><\/i>Design \u00e9pur\u00e9<\/li>\n<li><i class=\"fa fa-arrow-right2 text-color-482803-color\"><\/i>Options \u00e9tendues<\/li>\n<li><i class=\"fa fa-arrow-right2 text-color-482803-color\"><\/i>Qualit\u00e9 sup\u00e9rieure<\/li>\n<li><i class=\"fa fa-arrow-right2 text-color-482803-color\"><\/i>Conception r\u00e9active<\/li>\n<li><i class=\"fa fa-arrow-right2 text-color-482803-color\"><\/i>G\u00e9n\u00e9rateur de pages optimis\u00e9<\/li>\n<li><i class=\"fa fa-arrow-right2 text-color-482803-color\"><\/i>Optimis\u00e9 pour le r\u00e9f\u00e9rencement<\/li>\n<li><i class=\"fa fa-arrow-right2 text-color-482803-color\"><\/i>Un soutien exceptionnel<\/li>\n<\/ul>\n<\/div><div class=\"uncode-wrapper uncode-list\" >\n<ul class=\"icons\">\n<li><i class=\"fa fa-link3\"><\/i>Hautement personnalisable<\/li>\n<li><i class=\"fa fa-link3\"><\/i>Pages pr\u00e9-construites<\/li>\n<li><i class=\"fa fa-link3\"><\/i>Design \u00e9pur\u00e9<\/li>\n<li><i class=\"fa fa-link3\"><\/i>Options \u00e9tendues<\/li>\n<li><i class=\"fa fa-link3\"><\/i>Qualit\u00e9 sup\u00e9rieure<\/li>\n<li><i class=\"fa fa-link3\"><\/i>Conception r\u00e9active<\/li>\n<li><i class=\"fa fa-link3\"><\/i>G\u00e9n\u00e9rateur de pages optimis\u00e9<\/li>\n<li><i class=\"fa fa-link3\"><\/i>Optimis\u00e9 pour le r\u00e9f\u00e9rencement<\/li>\n<li><i class=\"fa fa-link3\"><\/i>Un soutien exceptionnel<\/li>\n<\/ul>\n<\/div><\/div><\/div><\/div><\/div><\/div><div class=\"wpb_column pos-top pos-center align_left column_child col-lg-3 single-internal-gutter\"><div class=\"uncol style-light\" ><div class=\"uncoltable\"><div class=\"uncell no-block-padding\" ><div class=\"uncont\" ><div class=\"uncode-wrapper uncode-list\" >\n<ul class=\"icons\">\n<li><i class=\"fa fa-head text-icon_color-839870-color\"><\/i>Hautement personnalisable<\/li>\n<li><i class=\"fa fa-head text-icon_color-839870-color\"><\/i>Pages pr\u00e9-construites<\/li>\n<li><i class=\"fa fa-head text-icon_color-839870-color\"><\/i>Design \u00e9pur\u00e9<\/li>\n<li><i class=\"fa fa-head text-icon_color-839870-color\"><\/i>Options \u00e9tendues<\/li>\n<li><i class=\"fa fa-head text-icon_color-839870-color\"><\/i>Qualit\u00e9 sup\u00e9rieure<\/li>\n<li><i class=\"fa fa-head text-icon_color-839870-color\"><\/i>Conception r\u00e9active<\/li>\n<li><i class=\"fa fa-head text-icon_color-839870-color\"><\/i>G\u00e9n\u00e9rateur de pages optimis\u00e9<\/li>\n<li><i class=\"fa fa-head text-icon_color-839870-color\"><\/i>Optimis\u00e9 pour le r\u00e9f\u00e9rencement<\/li>\n<li><i class=\"fa fa-head text-icon_color-839870-color\"><\/i>Un soutien exceptionnel<\/li>\n<\/ul>\n<\/div><div class=\"uncode-wrapper uncode-list\" >\n<ul class=\"icons\">\n<li><i class=\"fa fa-search3\"><\/i>Hautement personnalisable<\/li>\n<li><i class=\"fa fa-search3\"><\/i>Pages pr\u00e9-construites<\/li>\n<li><i class=\"fa fa-search3\"><\/i>Design \u00e9pur\u00e9<\/li>\n<li><i class=\"fa fa-search3\"><\/i>Options \u00e9tendues<\/li>\n<li><i class=\"fa fa-search3\"><\/i>Qualit\u00e9 sup\u00e9rieure<\/li>\n<li><i class=\"fa fa-search3\"><\/i>Conception r\u00e9active<\/li>\n<li><i class=\"fa fa-search3\"><\/i>G\u00e9n\u00e9rateur de pages optimis\u00e9<\/li>\n<li><i class=\"fa fa-search3\"><\/i>Optimis\u00e9 pour le r\u00e9f\u00e9rencement<\/li>\n<li><i class=\"fa fa-search3\"><\/i>Un soutien exceptionnel<\/li>\n<\/ul>\n<\/div><\/div><\/div><\/div><\/div><\/div><div class=\"wpb_column pos-top pos-center align_left column_child col-lg-3 single-internal-gutter\"><div class=\"uncol style-light\" ><div class=\"uncoltable\"><div class=\"uncell no-block-padding\" ><div class=\"uncont\" ><div class=\"uncode-wrapper uncode-list\" >\n<ul class=\"icons\">\n<li><i class=\"fa fa-check2 text-icon_color-214089-color\"><\/i>Hautement personnalisable<\/li>\n<li><i class=\"fa fa-check2 text-icon_color-214089-color\"><\/i>Pages pr\u00e9-construites<\/li>\n<li><i class=\"fa fa-check2 text-icon_color-214089-color\"><\/i>Design \u00e9pur\u00e9<\/li>\n<li><i class=\"fa fa-check2 text-icon_color-214089-color\"><\/i>Options \u00e9tendues<\/li>\n<li><i class=\"fa fa-check2 text-icon_color-214089-color\"><\/i>Qualit\u00e9 sup\u00e9rieure<\/li>\n<li><i class=\"fa fa-check2 text-icon_color-214089-color\"><\/i>Conception r\u00e9active<\/li>\n<li><i class=\"fa fa-check2 text-icon_color-214089-color\"><\/i>G\u00e9n\u00e9rateur de pages optimis\u00e9<\/li>\n<li><i class=\"fa fa-check2 text-icon_color-214089-color\"><\/i>Optimis\u00e9 pour le r\u00e9f\u00e9rencement<\/li>\n<li><i class=\"fa fa-check2 text-icon_color-214089-color\"><\/i>Un soutien exceptionnel<\/li>\n<\/ul>\n<\/div><div class=\"uncode-wrapper uncode-list\" >\n<ul class=\"icons\">\n<li><i class=\"fa fa-file-add\"><\/i>Hautement personnalisable<\/li>\n<li><i class=\"fa fa-file-add\"><\/i>Pages pr\u00e9-construites<\/li>\n<li><i class=\"fa fa-file-add\"><\/i>Design \u00e9pur\u00e9<\/li>\n<li><i class=\"fa fa-file-add\"><\/i>Options \u00e9tendues<\/li>\n<li><i class=\"fa fa-file-add\"><\/i>Qualit\u00e9 sup\u00e9rieure<\/li>\n<li><i class=\"fa fa-file-add\"><\/i>Conception r\u00e9active<\/li>\n<li><i class=\"fa fa-file-add\"><\/i>G\u00e9n\u00e9rateur de pages optimis\u00e9<\/li>\n<li><i class=\"fa fa-file-add\"><\/i>Optimis\u00e9 pour le r\u00e9f\u00e9rencement<\/li>\n<li><i class=\"fa fa-file-add\"><\/i>Un soutien exceptionnel<\/li>\n<\/ul>\n<\/div><\/div><\/div><\/div><\/div><\/div><\/div><\/div><\/div><\/div><\/div><\/div><\/div><\/div><script id=\"script-row-unique-1\" data-row=\"script-row-unique-1\" type=\"text\/javascript\" class=\"vc_controls\">UNCODE.initRow(document.getElementById(\"row-unique-1\"));<\/script><\/div><\/div><\/div>\n<\/div>","protected":false},"excerpt":{"rendered":"<p>Cr\u00e9ez des listes pratiques qui vous permettent de regrouper votre ensemble d&#039;\u00e9l\u00e9ments associ\u00e9s et de les personnaliser en s\u00e9lectionnant plus de 900 ic\u00f4nes avec des couleurs personnalis\u00e9es.<\/p>","protected":false},"author":1,"featured_media":0,"parent":125,"menu_order":0,"comment_status":"open","ping_status":"open","template":"","meta":{"footnotes":""},"class_list":["post-925","page","type-page","status-publish","hentry"],"_links":{"self":[{"href":"https:\/\/viralcollab.com\/fr\/wp-json\/wp\/v2\/pages\/925","targetHints":{"allow":["GET"]}}],"collection":[{"href":"https:\/\/viralcollab.com\/fr\/wp-json\/wp\/v2\/pages"}],"about":[{"href":"https:\/\/viralcollab.com\/fr\/wp-json\/wp\/v2\/types\/page"}],"author":[{"embeddable":true,"href":"https:\/\/viralcollab.com\/fr\/wp-json\/wp\/v2\/users\/1"}],"replies":[{"embeddable":true,"href":"https:\/\/viralcollab.com\/fr\/wp-json\/wp\/v2\/comments?post=925"}],"version-history":[{"count":0,"href":"https:\/\/viralcollab.com\/fr\/wp-json\/wp\/v2\/pages\/925\/revisions"}],"up":[{"embeddable":true,"href":"https:\/\/viralcollab.com\/fr\/wp-json\/wp\/v2\/pages\/125"}],"wp:attachment":[{"href":"https:\/\/viralcollab.com\/fr\/wp-json\/wp\/v2\/media?parent=925"}],"curies":[{"name":"wp","href":"https:\/\/api.w.org\/{rel}","templated":true}]}}