{"id":90504,"date":"2021-04-01T21:40:30","date_gmt":"2021-04-01T19:40:30","guid":{"rendered":"https:\/\/undsgn.com\/uncode\/?page_id=90504"},"modified":"2021-04-01T21:40:30","modified_gmt":"2021-04-01T19:40:30","slug":"portfolio-slideshow","status":"publish","type":"page","link":"https:\/\/viralcollab.com\/fr\/works\/portfolio-slideshow\/","title":{"rendered":"Portfolio Slideshow"},"content":{"rendered":"<div class=\"wpb-content-wrapper\"><div data-parent=\"true\" class=\"vc_row row-container\" id=\"row-unique-0\"><div class=\"row no-top-padding no-bottom-padding no-h-padding full-width row-parent\" data-height-ratio=\"full\"><div class=\"wpb_row row-inner\"><div class=\"wpb_column pos-top pos-center align_center column_parent col-lg-12 single-internal-gutter\"><div class=\"uncol style-dark font-955596\"  ><div class=\"uncoltable\"><div class=\"uncell no-block-padding\" ><div class=\"uncont\" ><div class=\"owl-carousel-wrapper carousel-animation-first add-kburns\" >\n\t\t\t\t\t\t\t\t\t\t\t\t\t<div class=\"owl-carousel-container owl-carousel-loading no-gutter\" >\t\t\t\t\t\t\t\t\t\t\t\t<div id=\"index-138684\" class=\"owl-carousel owl-element owl-height-viewport owl-dots-db-space owl-dots-inside owl-dots-single-block-padding owl-dots-align-center\" data-fade=\"true\" data-loop=\"true\" data-dots=\"true\" data-dotsmobile=\"true\" data-nav=\"true\" data-navmobile=\"false\" data-navskin=\"light\" data-navspeed=\"1000\" data-autoplay=\"true\" data-timeout=\"5000\" data-stagepadding=\"0\" data-lg=\"1\" data-md=\"1\" data-sm=\"1\" data-vp-height=\"100\">\t\t\t<div class=\"tmb tmb-carousel atc-typography-inherit tmb-iso-h33 tmb-light tmb-text-showed tmb-overlay-showed tmb-overlay-text-reduced-2 tmb-overlay-center tmb-overlay-text-wide-sm tmb-overlay-middle tmb-overlay-text-center  grid-cat-33 grid-cat-42 tmb-no-double-tap tmb-id-156686 tmb-media-first tmb-media-last tmb-content-overlay tmb-no-bg\" ><div class=\"t-inside animate_when_almost_visible alpha-anim\" data-delay=\"200\"><div class=\"t-entry-visual\"><div class=\"t-entry-visual-tc\"><div class=\"t-entry-visual-cont\"><a href=\"https:\/\/viralcollab.com\/fr\/portfolio\/influencermarketing\/\" target=\"_self\" data-lb-index=\"0\"><div class=\"t-entry-visual-overlay\"><div class=\"t-entry-visual-overlay-in style-color-nhtu-bg\" style=\"opacity: 0.5;\"><\/div><\/div><div class=\"t-overlay-wrap\"><div class=\"t-overlay-inner\">\n\t\t\t\t\t\t\t\t\t\t\t\t\t\t<div class=\"t-overlay-content\">\n\t\t\t\t\t\t\t\t\t\t\t\t\t\t\t<div class=\"t-overlay-text double-block-padding\"><div class=\"t-entry\"><p class=\"t-entry-meta\"><span class=\"t-entry-category\" role=\"heading\"><span class=\"t-entry-cat-single\"><span class=\"\">Adv<\/span><\/span><span class=\"cat-comma\">,<\/span><\/span><span class=\"t-entry-category\" role=\"heading\"><span class=\"t-entry-cat-single\"><span class=\"\">Conception<\/span><\/span><\/span><\/p><h3 class=\"t-entry-title font-955596 fontsize-338686 fontheight-179065 fontspace-111509 title-scale\">Pour les marques et les agences<\/h3><div class=\"spacer spacer-one single-space\"><\/div><p class=\"t-entry-readmore btn-container\"><span class=\"btn btn-default btn-sm btn-circle\">En savoir plus<\/span><\/p><\/div><\/div><\/div><\/div><\/div><div class=\"t-background-cover\" style=\"background-image:url('https:\/\/viralcollab.com\/wp-content\/uploads\/2025\/05\/freepik__make-the-background-wider-and-the-controller-small__36471.png')\"><\/div><\/a><\/div>\n\t\t\t\t\t<\/div>\n\t\t\t\t<\/div><\/div><\/div><div class=\"tmb tmb-carousel atc-typography-inherit tmb-iso-h33 tmb-light tmb-text-showed tmb-overlay-showed tmb-overlay-text-reduced-2 tmb-overlay-center tmb-overlay-text-wide-sm tmb-overlay-middle tmb-overlay-text-center  grid-cat-33 grid-cat-42 tmb-no-double-tap tmb-id-4154 tmb-media-first tmb-media-last tmb-content-overlay tmb-no-bg\" ><div class=\"t-inside animate_when_almost_visible alpha-anim\" data-delay=\"200\"><div class=\"t-entry-visual\"><div class=\"t-entry-visual-tc\"><div class=\"t-entry-visual-cont\"><a href=\"https:\/\/viralcollab.com\/fr\/portfolio\/talentmanagement\/\" target=\"_self\" data-lb-index=\"1\"><div class=\"t-entry-visual-overlay\"><div class=\"t-entry-visual-overlay-in style-color-nhtu-bg\" style=\"opacity: 0.5;\"><\/div><\/div><div class=\"t-overlay-wrap\"><div class=\"t-overlay-inner\">\n\t\t\t\t\t\t\t\t\t\t\t\t\t\t<div class=\"t-overlay-content\">\n\t\t\t\t\t\t\t\t\t\t\t\t\t\t\t<div class=\"t-overlay-text double-block-padding\"><div class=\"t-entry\"><p class=\"t-entry-meta\"><span class=\"t-entry-category\" role=\"heading\"><span class=\"t-entry-cat-single\"><span class=\"\">Adv<\/span><\/span><span class=\"cat-comma\">,<\/span><\/span><span class=\"t-entry-category\" role=\"heading\"><span class=\"t-entry-cat-single\"><span class=\"\">Conception<\/span><\/span><\/span><\/p><h3 class=\"t-entry-title font-955596 fontsize-338686 fontheight-179065 fontspace-111509 title-scale\">Pour les influenceurs<\/h3><div class=\"spacer spacer-one single-space\"><\/div><p class=\"t-entry-readmore btn-container\"><span class=\"btn btn-default btn-sm btn-circle\">En savoir plus<\/span><\/p><\/div><\/div><\/div><\/div><\/div><div class=\"t-background-cover\" style=\"background-image:url('https:\/\/viralcollab.com\/wp-content\/uploads\/2022\/08\/banner2.png')\"><\/div><\/a><\/div>\n\t\t\t\t\t<\/div>\n\t\t\t\t<\/div><\/div><\/div>\t\t<\/div>\t\n\t\n\n\t<\/div>\t\t\t\t<\/div>\n<\/div><\/div><\/div><\/div><\/div><script id=\"script-row-unique-0\" data-row=\"script-row-unique-0\" type=\"text\/javascript\" class=\"vc_controls\">UNCODE.initRow(document.getElementById(\"row-unique-0\"));<\/script><\/div><\/div><\/div>\n<\/div>","protected":false},"excerpt":{"rendered":"Gestion des talents\u00a0: \u00ab\u00a0Viral Collab a jou\u00e9 un r\u00f4le essentiel dans mon parcours de cr\u00e9ateur de contenu. Je ne serais pas l\u00e0 o\u00f9 j&#039;en suis aujourd&#039;hui sans leur engagement envers votre d\u00e9veloppement et votre r\u00e9ussite.\u00a0\u00bb \u2014 Reid Boehm, influenceur gaming. Rejoignez notre \u00e9quipe\u00a0! Nous aidons les influenceurs comme vous \u00e0 d\u00e9velopper leur carri\u00e8re en prenant en charge les aspects commerciaux. Remplissez ce formulaire pour [...]","protected":false},"author":1,"featured_media":0,"parent":36646,"menu_order":0,"comment_status":"closed","ping_status":"closed","template":"","meta":{"footnotes":""},"class_list":["post-90504","page","type-page","status-publish","hentry"],"_links":{"self":[{"href":"https:\/\/viralcollab.com\/fr\/wp-json\/wp\/v2\/pages\/90504","targetHints":{"allow":["GET"]}}],"collection":[{"href":"https:\/\/viralcollab.com\/fr\/wp-json\/wp\/v2\/pages"}],"about":[{"href":"https:\/\/viralcollab.com\/fr\/wp-json\/wp\/v2\/types\/page"}],"author":[{"embeddable":true,"href":"https:\/\/viralcollab.com\/fr\/wp-json\/wp\/v2\/users\/1"}],"replies":[{"embeddable":true,"href":"https:\/\/viralcollab.com\/fr\/wp-json\/wp\/v2\/comments?post=90504"}],"version-history":[{"count":0,"href":"https:\/\/viralcollab.com\/fr\/wp-json\/wp\/v2\/pages\/90504\/revisions"}],"up":[{"embeddable":true,"href":"https:\/\/viralcollab.com\/fr\/wp-json\/wp\/v2\/pages\/36646"}],"wp:attachment":[{"href":"https:\/\/viralcollab.com\/fr\/wp-json\/wp\/v2\/media?parent=90504"}],"curies":[{"name":"wp","href":"https:\/\/api.w.org\/{rel}","templated":true}]}}