{"id":89956,"date":"2021-03-29T16:27:31","date_gmt":"2021-03-29T14:27:31","guid":{"rendered":"https:\/\/undsgn.com\/uncode\/?page_id=89956"},"modified":"2021-03-29T16:27:31","modified_gmt":"2021-03-29T14:27:31","slug":"blog-wide","status":"publish","type":"page","link":"https:\/\/viralcollab.com\/fr\/blog-wide\/","title":{"rendered":"Blog Wide"},"content":{"rendered":"<div class=\"wpb-content-wrapper\"><div data-parent=\"true\" class=\"vc_row style-color-xsdn-bg row-container\" id=\"row-unique-0\"><div class=\"row no-top-padding single-bottom-padding single-h-padding full-width row-parent\" data-height-ratio=\"full\"><div class=\"wpb_row row-inner\"><div class=\"wpb_column pos-top pos-center align_center column_parent col-lg-12 double-internal-gutter\"><div class=\"uncol style-light\"  ><div class=\"uncoltable\"><div class=\"uncell no-block-padding\" ><div class=\"uncont\" ><div id=\"index-529755\" class=\"isotope-system isotope-general-light grid-general-light\" >\n\t\t\t\n\t\t\t\t\t\t\t\t\t\t\t\t\t\t<div class=\"isotope-wrapper grid-wrapper half-gutter\" >\t\t\t\t\t\t\t\t\t\t\t\t<div class=\"isotope-container grid-container isotope-layout style-metro isotope-pagination grid-pagination\" data-type=\"metro\" data-layout=\"fitRows\" data-lg=\"1100\" data-md=\"800\" data-sm=\"480\" data-vp-height=\"1\">\t\t\t<div class=\"tmb atc-typography-inherit tmb-iso-w6 tmb-iso-h100 tmb-light tmb-text-showed tmb-content-center tmb-text-space-reduced  grid-cat-1 tmb-id-1 tmb-only-text tmb-content-under\" ><div class=\"t-inside style-color-xsdn-bg animate_when_almost_visible bottom-t-top\" data-speed=\"800\"><div class=\"t-entry-text\">\n\t\t\t\t\t\t\t\t\t<div class=\"t-entry-text-tc half-block-padding\"><div class=\"t-entry\"><h3 class=\"t-entry-title fontsize-160000 font-weight-500 title-scale\"><a href=\"https:\/\/viralcollab.com\/fr\/hello-world\/\" target=\"_self\">Bonjour le monde!<\/a><\/h3><\/div><\/div>\n\t\t\t\t\t\t\t<\/div><\/div><\/div><div class=\"tmb atc-typography-inherit tmb-iso-w6 tmb-iso-h100 tmb-light tmb-text-showed tmb-content-center tmb-text-space-reduced  grid-cat-16 grid-cat-17 tmb-id-20528 tmb-content-under tmb-media-first\" ><div class=\"t-inside style-color-xsdn-bg animate_when_almost_visible bottom-t-top\" data-speed=\"800\"><div class=\"t-entry-visual\"><div class=\"t-entry-visual-tc\"><div class=\"t-entry-visual-cont\"><a role=\"button\" tabindex=\"-1\" href=\"https:\/\/viralcollab.com\/fr\/how-to-trust-your-intuition-when-youre-making-a-decision\/\" target=\"_self\" data-lb-index=\"1\"><div class=\"t-entry-visual-overlay\"><div class=\"t-entry-visual-overlay-in style-dark-bg\" style=\"opacity: 0.5;\"><\/div><\/div><div class=\"t-background-cover\" style=\"background-image:url('https:\/\/viralcollab.com\/wp-content\/uploads\/2025\/03\/image-placeholder-4.jpg')\"><\/div><\/a><\/div>\n\t\t\t\t\t<\/div>\n\t\t\t\t<\/div><div class=\"t-entry-text\">\n\t\t\t\t\t\t\t\t\t<div class=\"t-entry-text-tc half-block-padding\"><div class=\"t-entry\"><h3 class=\"t-entry-title fontsize-160000 font-weight-500 title-scale\"><a href=\"https:\/\/viralcollab.com\/fr\/how-to-trust-your-intuition-when-youre-making-a-decision\/\" target=\"_self\">Comment faire confiance \u00e0 votre intuition lorsque vous prenez une d\u00e9cision<\/a><\/h3><\/div><\/div>\n\t\t\t\t\t\t\t<\/div><\/div><\/div><div class=\"tmb atc-typography-inherit tmb-iso-w6 tmb-iso-h100 tmb-light tmb-text-showed tmb-content-center tmb-text-space-reduced  grid-cat-17 grid-cat-19 tmb-id-20518 tmb-content-under tmb-media-first\" ><div class=\"t-inside style-color-xsdn-bg animate_when_almost_visible bottom-t-top\" data-speed=\"800\"><div class=\"t-entry-visual\"><div class=\"t-entry-visual-tc\"><div class=\"t-entry-visual-cont\"><a role=\"button\" tabindex=\"-1\" href=\"https:\/\/viralcollab.com\/fr\/everyday-inspired-by-the-beauty-of-the-mountains\/\" target=\"_self\" data-lb-index=\"2\"><div class=\"t-entry-visual-overlay\"><div class=\"t-entry-visual-overlay-in style-dark-bg\" style=\"opacity: 0.5;\"><\/div><\/div><div class=\"t-background-cover\" style=\"background-image:url('https:\/\/viralcollab.com\/wp-content\/uploads\/2025\/03\/image-placeholder-6.jpg')\"><\/div><\/a><\/div>\n\t\t\t\t\t<\/div>\n\t\t\t\t<\/div><div class=\"t-entry-text\">\n\t\t\t\t\t\t\t\t\t<div class=\"t-entry-text-tc half-block-padding\"><div class=\"t-entry\"><h3 class=\"t-entry-title fontsize-160000 font-weight-500 title-scale\"><a href=\"https:\/\/viralcollab.com\/fr\/everyday-inspired-by-the-beauty-of-the-mountains\/\" target=\"_self\">Inspir\u00e9 au quotidien par la beaut\u00e9 des montagnes<\/a><\/h3><\/div><\/div>\n\t\t\t\t\t\t\t<\/div><\/div><\/div><div class=\"tmb atc-typography-inherit tmb-iso-w6 tmb-iso-h100 tmb-light tmb-text-showed tmb-content-center tmb-text-space-reduced  grid-cat-19 tmb-id-20520 tmb-content-under tmb-media-first\" ><div class=\"t-inside style-color-xsdn-bg animate_when_almost_visible bottom-t-top\" data-speed=\"800\"><div class=\"t-entry-visual\"><div class=\"t-entry-visual-tc\"><div class=\"t-entry-visual-cont\"><a role=\"button\" tabindex=\"-1\" href=\"https:\/\/viralcollab.com\/fr\/how-to-appreciate-the-little-things-in-life-and-be-happy\/\" target=\"_self\" data-lb-index=\"3\"><div class=\"t-entry-visual-overlay\"><div class=\"t-entry-visual-overlay-in style-dark-bg\" style=\"opacity: 0.5;\"><\/div><\/div><div class=\"t-background-cover\" style=\"background-image:url('https:\/\/viralcollab.com\/wp-content\/uploads\/2025\/03\/image-placeholder-4.jpg')\"><\/div><\/a><\/div>\n\t\t\t\t\t<\/div>\n\t\t\t\t<\/div><div class=\"t-entry-text\">\n\t\t\t\t\t\t\t\t\t<div class=\"t-entry-text-tc half-block-padding\"><div class=\"t-entry\"><h3 class=\"t-entry-title fontsize-160000 font-weight-500 title-scale\"><a href=\"https:\/\/viralcollab.com\/fr\/how-to-appreciate-the-little-things-in-life-and-be-happy\/\" target=\"_self\">Comment appr\u00e9cier les petites choses de la vie et \u00eatre heureux<\/a><\/h3><\/div><\/div>\n\t\t\t\t\t\t\t<\/div><\/div><\/div><div class=\"tmb atc-typography-inherit tmb-iso-w6 tmb-iso-h100 tmb-light tmb-text-showed tmb-content-center tmb-text-space-reduced  grid-cat-16 tmb-id-4193 tmb-content-under tmb-media-first\" ><div class=\"t-inside style-color-xsdn-bg animate_when_almost_visible bottom-t-top\" data-speed=\"800\"><div class=\"t-entry-visual\"><div class=\"t-entry-visual-tc\"><div class=\"t-entry-visual-cont\"><a role=\"button\" tabindex=\"-1\" href=\"https:\/\/viralcollab.com\/fr\/capture-the-beauty-of-nature-through-photography\/\" target=\"_self\" data-lb-index=\"4\"><div class=\"t-entry-visual-overlay\"><div class=\"t-entry-visual-overlay-in style-dark-bg\" style=\"opacity: 0.5;\"><\/div><\/div><div class=\"t-background-cover\" style=\"background-image:url('https:\/\/viralcollab.com\/wp-content\/uploads\/2025\/03\/image-placeholder-4.jpg')\"><\/div><\/a><\/div>\n\t\t\t\t\t<\/div>\n\t\t\t\t<\/div><div class=\"t-entry-text\">\n\t\t\t\t\t\t\t\t\t<div class=\"t-entry-text-tc half-block-padding\"><div class=\"t-entry\"><h3 class=\"t-entry-title fontsize-160000 font-weight-500 title-scale\"><a href=\"https:\/\/viralcollab.com\/fr\/capture-the-beauty-of-nature-through-photography\/\" target=\"_self\">Capturez la beaut\u00e9 de la nature gr\u00e2ce \u00e0 la photographie<\/a><\/h3><\/div><\/div>\n\t\t\t\t\t\t\t<\/div><\/div><\/div><div class=\"tmb atc-typography-inherit tmb-iso-w6 tmb-iso-h100 tmb-light tmb-text-showed tmb-content-center tmb-text-space-reduced  grid-cat-18 tmb-id-4225 tmb-content-under tmb-media-first\" ><div class=\"t-inside style-color-xsdn-bg animate_when_almost_visible bottom-t-top\" data-speed=\"800\"><div class=\"t-entry-visual\"><div class=\"t-entry-visual-tc\"><div class=\"t-entry-visual-cont\"><a role=\"button\" tabindex=\"-1\" href=\"https:\/\/viralcollab.com\/fr\/how-to-be-in-the-flow-and-create-something-beautiful\/\" target=\"_self\" data-lb-index=\"5\"><div class=\"t-entry-visual-overlay\"><div class=\"t-entry-visual-overlay-in style-dark-bg\" style=\"opacity: 0.5;\"><\/div><\/div><div class=\"t-background-cover\" style=\"background-image:url('https:\/\/viralcollab.com\/wp-content\/uploads\/2025\/03\/image-placeholder-6.jpg')\"><\/div><\/a><\/div>\n\t\t\t\t\t<\/div>\n\t\t\t\t<\/div><div class=\"t-entry-text\">\n\t\t\t\t\t\t\t\t\t<div class=\"t-entry-text-tc half-block-padding\"><div class=\"t-entry\"><h3 class=\"t-entry-title fontsize-160000 font-weight-500 title-scale\"><a href=\"https:\/\/viralcollab.com\/fr\/how-to-be-in-the-flow-and-create-something-beautiful\/\" target=\"_self\">Comment \u00eatre dans le flux et cr\u00e9er quelque chose de beau<\/a><\/h3><\/div><\/div>\n\t\t\t\t\t\t\t<\/div><\/div><\/div><div class=\"tmb atc-typography-inherit tmb-iso-w6 tmb-iso-h100 tmb-light tmb-text-showed tmb-content-center tmb-text-space-reduced  grid-cat-16 grid-cat-17 tmb-id-4636 tmb-content-under tmb-media-first\" ><div class=\"t-inside style-color-xsdn-bg animate_when_almost_visible bottom-t-top\" data-speed=\"800\"><div class=\"t-entry-visual\"><div class=\"t-entry-visual-tc\"><div class=\"t-entry-visual-cont\"><a role=\"button\" tabindex=\"-1\" href=\"https:\/\/viralcollab.com\/fr\/i-like-keep-things-simple-to-appreciate-the-details\/\" target=\"_self\" data-lb-index=\"6\"><div class=\"t-entry-visual-overlay\"><div class=\"t-entry-visual-overlay-in style-dark-bg\" style=\"opacity: 0.5;\"><\/div><\/div><div class=\"t-background-cover\" style=\"background-image:url('https:\/\/viralcollab.com\/wp-content\/uploads\/2025\/03\/image-placeholder-6.jpg')\"><\/div><\/a><\/div>\n\t\t\t\t\t<\/div>\n\t\t\t\t<\/div><div class=\"t-entry-text\">\n\t\t\t\t\t\t\t\t\t<div class=\"t-entry-text-tc half-block-padding\"><div class=\"t-entry\"><h3 class=\"t-entry-title fontsize-160000 font-weight-500 title-scale\"><a href=\"https:\/\/viralcollab.com\/fr\/i-like-keep-things-simple-to-appreciate-the-details\/\" target=\"_self\">J&#039;aime garder les choses simples pour appr\u00e9cier les d\u00e9tails<\/a><\/h3><\/div><\/div>\n\t\t\t\t\t\t\t<\/div><\/div><\/div><div class=\"tmb atc-typography-inherit tmb-iso-w6 tmb-iso-h100 tmb-light tmb-text-showed tmb-content-center tmb-text-space-reduced  grid-cat-19 tmb-id-4229 tmb-content-under tmb-media-first\" ><div class=\"t-inside style-color-xsdn-bg animate_when_almost_visible bottom-t-top\" data-speed=\"800\"><div class=\"t-entry-visual\"><div class=\"t-entry-visual-tc\"><div class=\"t-entry-visual-cont\"><a role=\"button\" tabindex=\"-1\" href=\"https:\/\/viralcollab.com\/fr\/thriving-for-simplicity-and-ease-of-use-sharing-knowledge\/\" target=\"_self\" data-lb-index=\"7\"><div class=\"t-entry-visual-overlay\"><div class=\"t-entry-visual-overlay-in style-dark-bg\" style=\"opacity: 0.5;\"><\/div><\/div><div class=\"t-background-cover\" style=\"background-image:url('https:\/\/viralcollab.com\/wp-content\/uploads\/2025\/03\/image-placeholder-6.jpg')\"><\/div><\/a><\/div>\n\t\t\t\t\t<\/div>\n\t\t\t\t<\/div><div class=\"t-entry-text\">\n\t\t\t\t\t\t\t\t\t<div class=\"t-entry-text-tc half-block-padding\"><div class=\"t-entry\"><h3 class=\"t-entry-title fontsize-160000 font-weight-500 title-scale\"><a href=\"https:\/\/viralcollab.com\/fr\/thriving-for-simplicity-and-ease-of-use-sharing-knowledge\/\" target=\"_self\">S&#039;\u00e9panouir dans la simplicit\u00e9 et la facilit\u00e9 d&#039;utilisation Partage des connaissances<\/a><\/h3><\/div><\/div>\n\t\t\t\t\t\t\t<\/div><\/div><\/div><div class=\"tmb atc-typography-inherit tmb-iso-w6 tmb-iso-h100 tmb-light tmb-text-showed tmb-content-center tmb-text-space-reduced  grid-cat-18 tmb-id-4629 tmb-content-under tmb-media-first\" ><div class=\"t-inside style-color-xsdn-bg animate_when_almost_visible bottom-t-top\" data-speed=\"800\"><div class=\"t-entry-visual\"><div class=\"t-entry-visual-tc\"><div class=\"t-entry-visual-cont\"><a role=\"button\" tabindex=\"-1\" href=\"https:\/\/viralcollab.com\/fr\/meditation-with-music-for-a-calmer-and-healthier-mind\/\" target=\"_self\" data-lb-index=\"8\"><div class=\"t-entry-visual-overlay\"><div class=\"t-entry-visual-overlay-in style-dark-bg\" style=\"opacity: 0.5;\"><\/div><\/div><div class=\"t-background-cover\" style=\"background-image:url('https:\/\/viralcollab.com\/wp-content\/uploads\/2025\/03\/image-placeholder-5.jpg')\"><\/div><\/a><\/div>\n\t\t\t\t\t<\/div>\n\t\t\t\t<\/div><div class=\"t-entry-text\">\n\t\t\t\t\t\t\t\t\t<div class=\"t-entry-text-tc half-block-padding\"><div class=\"t-entry\"><h3 class=\"t-entry-title fontsize-160000 font-weight-500 title-scale\"><a href=\"https:\/\/viralcollab.com\/fr\/meditation-with-music-for-a-calmer-and-healthier-mind\/\" target=\"_self\">M\u00e9ditation avec musique pour un esprit plus calme et plus sain<\/a><\/h3><\/div><\/div>\n\t\t\t\t\t\t\t<\/div><\/div><\/div><div class=\"tmb atc-typography-inherit tmb-iso-w6 tmb-iso-h100 tmb-light tmb-text-showed tmb-content-center tmb-text-space-reduced  grid-cat-18 tmb-id-4254 tmb-content-under tmb-media-first\" ><div class=\"t-inside style-color-xsdn-bg animate_when_almost_visible bottom-t-top\" data-speed=\"800\"><div class=\"t-entry-visual\"><div class=\"t-entry-visual-tc\"><div class=\"t-entry-visual-cont\"><a role=\"button\" tabindex=\"-1\" href=\"https:\/\/viralcollab.com\/fr\/how-we-rethink-our-approach-to-daily-commitments\/\" target=\"_self\" data-lb-index=\"9\"><div class=\"t-entry-visual-overlay\"><div class=\"t-entry-visual-overlay-in style-dark-bg\" style=\"opacity: 0.5;\"><\/div><\/div><div class=\"t-background-cover\" style=\"background-image:url('https:\/\/viralcollab.com\/wp-content\/uploads\/2025\/03\/image-placeholder-2.jpg')\"><\/div><\/a><\/div>\n\t\t\t\t\t<\/div>\n\t\t\t\t<\/div><div class=\"t-entry-text\">\n\t\t\t\t\t\t\t\t\t<div class=\"t-entry-text-tc half-block-padding\"><div class=\"t-entry\"><h3 class=\"t-entry-title fontsize-160000 font-weight-500 title-scale\"><a href=\"https:\/\/viralcollab.com\/fr\/how-we-rethink-our-approach-to-daily-commitments\/\" target=\"_self\">Comment nous repensons notre approche des engagements quotidiens<\/a><\/h3><\/div><\/div>\n\t\t\t\t\t\t\t<\/div><\/div><\/div><div class=\"tmb atc-typography-inherit tmb-iso-w6 tmb-iso-h100 tmb-light tmb-text-showed tmb-content-center tmb-text-space-reduced  grid-cat-17 tmb-id-4252 tmb-content-under tmb-media-first\" ><div class=\"t-inside style-color-xsdn-bg animate_when_almost_visible bottom-t-top\" data-speed=\"800\"><div class=\"t-entry-visual\"><div class=\"t-entry-visual-tc\"><div class=\"t-entry-visual-cont\"><a role=\"button\" tabindex=\"-1\" href=\"https:\/\/viralcollab.com\/fr\/my-free-time-habit-and-why-you-should-have-one-too\/\" target=\"_self\" data-lb-index=\"10\"><div class=\"t-entry-visual-overlay\"><div class=\"t-entry-visual-overlay-in style-dark-bg\" style=\"opacity: 0.5;\"><\/div><\/div><div class=\"t-background-cover\" style=\"background-image:url('https:\/\/viralcollab.com\/wp-content\/uploads\/2025\/03\/image-placeholder-5.jpg')\"><\/div><\/a><\/div>\n\t\t\t\t\t<\/div>\n\t\t\t\t<\/div><div class=\"t-entry-text\">\n\t\t\t\t\t\t\t\t\t<div class=\"t-entry-text-tc half-block-padding\"><div class=\"t-entry\"><h3 class=\"t-entry-title fontsize-160000 font-weight-500 title-scale\"><a href=\"https:\/\/viralcollab.com\/fr\/my-free-time-habit-and-why-you-should-have-one-too\/\" target=\"_self\">Mes habitudes de temps libre et pourquoi vous devriez en avoir une aussi<\/a><\/h3><\/div><\/div>\n\t\t\t\t\t\t\t<\/div><\/div><\/div><div class=\"tmb tmb-format-quote atc-typography-inherit tmb-iso-w6 tmb-iso-h100 tmb-light tmb-text-showed tmb-content-center tmb-text-space-reduced  grid-cat-16 tmb-id-4247 tmb-content-under tmb-media-first\" ><div class=\"t-inside style-color-xsdn-bg animate_when_almost_visible bottom-t-top\" data-speed=\"800\"><div class=\"t-entry-visual\"><div class=\"t-entry-visual-tc\"><div class=\"t-entry-visual-cont\"><a role=\"button\" tabindex=\"-1\" href=\"https:\/\/viralcollab.com\/fr\/learn-the-rules-first-so-you-can-break-them-like-a-pro\/\" target=\"_self\" data-lb-index=\"11\"><div class=\"t-entry-visual-overlay\"><div class=\"t-entry-visual-overlay-in style-dark-bg\" style=\"opacity: 0.5;\"><\/div><\/div><div class=\"t-background-cover\" style=\"background-image:url('https:\/\/viralcollab.com\/wp-content\/uploads\/2025\/03\/image-placeholder-7.jpg')\"><\/div><\/a><\/div>\n\t\t\t\t\t<\/div>\n\t\t\t\t<\/div><div class=\"t-entry-text\">\n\t\t\t\t\t\t\t\t\t<div class=\"t-entry-text-tc half-block-padding\"><div class=\"t-entry\"><h3 class=\"t-entry-title fontsize-160000 font-weight-500 title-scale\"><a href=\"https:\/\/viralcollab.com\/fr\/learn-the-rules-first-so-you-can-break-them-like-a-pro\/\" target=\"_self\">Apprenez d&#039;abord les r\u00e8gles pour pouvoir les enfreindre comme un pro<\/a><\/h3><\/div><\/div>\n\t\t\t\t\t\t\t<\/div><\/div><\/div>\t\t<\/div>\t\n\t\n\n\t<\/div>\t\t\t\t<\/div>\n<\/div><\/div><\/div><\/div><\/div><script id=\"script-row-unique-0\" data-row=\"script-row-unique-0\" type=\"text\/javascript\" class=\"vc_controls\">UNCODE.initRow(document.getElementById(\"row-unique-0\"));<\/script><\/div><\/div><\/div>\n<\/div>","protected":false},"excerpt":{"rendered":"I was good at academics, so decisions of my life had been pretty simple and straight. Being pretty confident I [...]","protected":false},"author":1,"featured_media":0,"parent":0,"menu_order":0,"comment_status":"closed","ping_status":"closed","template":"","meta":{"footnotes":""},"class_list":["post-89956","page","type-page","status-publish","hentry"],"_links":{"self":[{"href":"https:\/\/viralcollab.com\/fr\/wp-json\/wp\/v2\/pages\/89956","targetHints":{"allow":["GET"]}}],"collection":[{"href":"https:\/\/viralcollab.com\/fr\/wp-json\/wp\/v2\/pages"}],"about":[{"href":"https:\/\/viralcollab.com\/fr\/wp-json\/wp\/v2\/types\/page"}],"author":[{"embeddable":true,"href":"https:\/\/viralcollab.com\/fr\/wp-json\/wp\/v2\/users\/1"}],"replies":[{"embeddable":true,"href":"https:\/\/viralcollab.com\/fr\/wp-json\/wp\/v2\/comments?post=89956"}],"version-history":[{"count":0,"href":"https:\/\/viralcollab.com\/fr\/wp-json\/wp\/v2\/pages\/89956\/revisions"}],"wp:attachment":[{"href":"https:\/\/viralcollab.com\/fr\/wp-json\/wp\/v2\/media?parent=89956"}],"curies":[{"name":"wp","href":"https:\/\/api.w.org\/{rel}","templated":true}]}}