{"id":89852,"date":"2021-03-29T14:22:00","date_gmt":"2021-03-29T12:22:00","guid":{"rendered":"https:\/\/undsgn.com\/uncode\/?page_id=89852"},"modified":"2021-03-29T14:22:00","modified_gmt":"2021-03-29T12:22:00","slug":"portfolio-matrix","status":"publish","type":"page","link":"https:\/\/viralcollab.com\/fr\/works\/portfolio-matrix\/","title":{"rendered":"Portfolio Matrix"},"content":{"rendered":"<div class=\"wpb-content-wrapper\"><div data-parent=\"true\" class=\"vc_row row-container\" id=\"row-unique-0\"><div class=\"row no-top-padding no-bottom-padding no-h-padding full-width row-parent\"><div class=\"wpb_row row-inner\"><div class=\"wpb_column pos-top pos-left align_left column_parent col-lg-12 single-internal-gutter\"><div class=\"uncol style-light\"  ><div class=\"uncoltable\"><div class=\"uncell no-block-padding\" ><div class=\"uncont\" ><div id=\"index-1\" class=\"isotope-system isotope-general-light grid-general-light\" >\n\t\t\t\n\t\t\t\t\t\t\t\t\t\t\t\t\t\t<div class=\"isotope-wrapper grid-wrapper no-gutter\" >\t\t\t\t\t\t\t\t\t\t\t\t<div class=\"isotope-container grid-container isotope-layout style-masonry isotope-pagination grid-pagination\" data-type=\"masonry\" data-layout=\"packery\" data-lg=\"1200\" data-md=\"900\" data-sm=\"480\" data-vp-height=\"\">\t\t\t<div class=\"tmb atc-typography-inherit tmb-iso-w3 tmb-iso-h4 tmb-light tmb-text-showed tmb-overlay-anim tmb-overlay-bottom tmb-overlay-text-left tmb-text-space-reduced tmb-image-anim show-title-mobile  grid-cat-33 grid-cat-42 tmb-no-double-tap tmb-id-156686 tmb-mask tmb-mask-reveal tmb-img-ratio tmb-media-first tmb-media-last tmb-content-overlay tmb-no-bg\" ><div class=\"t-inside\" data-cursor=\"icon-light\" data-cursor-title=\"true\" data-tooltip-class=\"font-359101 h4 font-weight-600\" data-speed=\"1000\" data-easing=\"circ\"><div class=\"t-entry-visual\"><div class=\"t-entry-visual-tc\"><div class=\"t-entry-visual-cont\"><div class=\"dummy\" style=\"padding-top: 100%;\"><\/div><a href=\"https:\/\/viralcollab.com\/fr\/portfolio\/influencermarketing\/\"  class=\"pushed\" target=\"_self\" data-lb-index=\"0\"><div class=\"t-entry-visual-overlay\"><div class=\"t-entry-visual-overlay-in style-dark-bg\" style=\"opacity: 0.25;\"><\/div><\/div><div class=\"t-overlay-wrap\"><div class=\"t-overlay-inner\">\n\t\t\t\t\t\t\t\t\t\t\t\t\t\t<div class=\"t-overlay-content\">\n\t\t\t\t\t\t\t\t\t\t\t\t\t\t\t<div class=\"t-overlay-text half-block-padding\"><div class=\"t-entry\"><h3 class=\"t-entry-title font-359101 h6 title-scale\">Pour les marques et les agences<\/h3><\/div><\/div><\/div><\/div><\/div><img decoding=\"async\" class=\"wp-image-156855\" src=\"https:\/\/viralcollab.com\/wp-content\/uploads\/2025\/05\/freepik__make-the-background-wider-and-the-controller-small__36471-uai-736x736.png\" width=\"736\" height=\"736\" alt=\"\" srcset=\"https:\/\/viralcollab.com\/wp-content\/uploads\/2025\/05\/freepik__make-the-background-wider-and-the-controller-small__36471-uai-736x736.png 736w, https:\/\/viralcollab.com\/wp-content\/uploads\/2025\/05\/freepik__make-the-background-wider-and-the-controller-small__36471-150x150.png 150w, https:\/\/viralcollab.com\/wp-content\/uploads\/2025\/05\/freepik__make-the-background-wider-and-the-controller-small__36471-348x348.png 348w, https:\/\/viralcollab.com\/wp-content\/uploads\/2025\/05\/freepik__make-the-background-wider-and-the-controller-small__36471-300x300.png 300w, https:\/\/viralcollab.com\/wp-content\/uploads\/2025\/05\/freepik__make-the-background-wider-and-the-controller-small__36471-100x100.png 100w, https:\/\/viralcollab.com\/wp-content\/uploads\/2025\/05\/freepik__make-the-background-wider-and-the-controller-small__36471-uai-720x720.png 720w\" sizes=\"(max-width: 736px) 100vw, 736px\" \/><\/a><\/div>\n\t\t\t\t\t<\/div>\n\t\t\t\t<\/div><\/div><\/div><div class=\"tmb atc-typography-inherit tmb-iso-w3 tmb-iso-h4 tmb-light tmb-text-showed tmb-overlay-anim tmb-overlay-bottom tmb-overlay-text-left tmb-text-space-reduced tmb-image-anim show-title-mobile  grid-cat-33 grid-cat-42 tmb-no-double-tap tmb-id-4154 tmb-mask tmb-mask-reveal tmb-img-ratio tmb-media-first tmb-media-last tmb-content-overlay tmb-no-bg\" ><div class=\"t-inside\" data-cursor=\"icon-light\" data-cursor-title=\"true\" data-tooltip-class=\"font-359101 h4 font-weight-600\" data-speed=\"1000\" data-easing=\"circ\"><div class=\"t-entry-visual\"><div class=\"t-entry-visual-tc\"><div class=\"t-entry-visual-cont\"><div class=\"dummy\" style=\"padding-top: 133.4%;\"><\/div><a href=\"https:\/\/viralcollab.com\/fr\/portfolio\/talentmanagement\/\"  class=\"pushed\" target=\"_self\" data-lb-index=\"1\"><div class=\"t-entry-visual-overlay\"><div class=\"t-entry-visual-overlay-in style-dark-bg\" style=\"opacity: 0.25;\"><\/div><\/div><div class=\"t-overlay-wrap\"><div class=\"t-overlay-inner\">\n\t\t\t\t\t\t\t\t\t\t\t\t\t\t<div class=\"t-overlay-content\">\n\t\t\t\t\t\t\t\t\t\t\t\t\t\t\t<div class=\"t-overlay-text half-block-padding\"><div class=\"t-entry\"><h3 class=\"t-entry-title font-359101 h6 title-scale\">Pour les influenceurs<\/h3><\/div><\/div><\/div><\/div><\/div><img decoding=\"async\" class=\"wp-image-156812\" src=\"https:\/\/viralcollab.com\/wp-content\/uploads\/2022\/08\/banner2-uai-607x810.png\" width=\"607\" height=\"810\" alt=\"\" \/><\/a><\/div>\n\t\t\t\t\t<\/div>\n\t\t\t\t<\/div><\/div><\/div>\t\t<\/div>\t\n\t\n\n\t<\/div>\t\t\t\t<\/div>\n<\/div><\/div><\/div><\/div><\/div><script id=\"script-row-unique-0\" data-row=\"script-row-unique-0\" type=\"text\/javascript\" class=\"vc_controls\">UNCODE.initRow(document.getElementById(\"row-unique-0\"));<\/script><\/div><\/div><\/div>\n<\/div>","protected":false},"excerpt":{"rendered":"Gestion des talents\u00a0: \u00ab\u00a0Viral Collab a jou\u00e9 un r\u00f4le essentiel dans mon parcours de cr\u00e9ateur de contenu. Je ne serais pas l\u00e0 o\u00f9 j&#039;en suis aujourd&#039;hui sans leur engagement envers votre d\u00e9veloppement et votre r\u00e9ussite.\u00a0\u00bb \u2014 Reid Boehm, influenceur gaming. Rejoignez notre \u00e9quipe\u00a0! Nous aidons les influenceurs comme vous \u00e0 d\u00e9velopper leur carri\u00e8re en prenant en charge les aspects commerciaux. Remplissez ce formulaire pour [...]","protected":false},"author":1,"featured_media":0,"parent":36646,"menu_order":0,"comment_status":"closed","ping_status":"closed","template":"","meta":{"footnotes":""},"class_list":["post-89852","page","type-page","status-publish","hentry"],"_links":{"self":[{"href":"https:\/\/viralcollab.com\/fr\/wp-json\/wp\/v2\/pages\/89852","targetHints":{"allow":["GET"]}}],"collection":[{"href":"https:\/\/viralcollab.com\/fr\/wp-json\/wp\/v2\/pages"}],"about":[{"href":"https:\/\/viralcollab.com\/fr\/wp-json\/wp\/v2\/types\/page"}],"author":[{"embeddable":true,"href":"https:\/\/viralcollab.com\/fr\/wp-json\/wp\/v2\/users\/1"}],"replies":[{"embeddable":true,"href":"https:\/\/viralcollab.com\/fr\/wp-json\/wp\/v2\/comments?post=89852"}],"version-history":[{"count":0,"href":"https:\/\/viralcollab.com\/fr\/wp-json\/wp\/v2\/pages\/89852\/revisions"}],"up":[{"embeddable":true,"href":"https:\/\/viralcollab.com\/fr\/wp-json\/wp\/v2\/pages\/36646"}],"wp:attachment":[{"href":"https:\/\/viralcollab.com\/fr\/wp-json\/wp\/v2\/media?parent=89852"}],"curies":[{"name":"wp","href":"https:\/\/api.w.org\/{rel}","templated":true}]}}