{"id":88827,"date":"2021-03-19T11:24:36","date_gmt":"2021-03-19T10:24:36","guid":{"rendered":"https:\/\/undsgn.com\/uncode\/?page_id=88827"},"modified":"2021-03-19T11:24:36","modified_gmt":"2021-03-19T10:24:36","slug":"services-alternative","status":"publish","type":"page","link":"https:\/\/viralcollab.com\/fr\/pages\/services-alternative\/","title":{"rendered":"Services Alternative"},"content":{"rendered":"<div class=\"wpb-content-wrapper\"><div data-parent=\"true\" class=\"vc_row style-color-xsdn-bg row-container\" id=\"row-unique-0\"><div class=\"row col-double-gutter exa-top-padding exa-bottom-padding single-h-padding limit-width row-parent\"><div class=\"wpb_row row-inner\"><div class=\"wpb_column pos-top pos-center align_left column_parent col-lg-3 tablet-hidden mobile-hidden single-internal-gutter\"><div class=\"uncol style-light\"  ><div class=\"uncoltable\"><div class=\"uncell no-block-padding\" ><div class=\"uncont\" ><\/div><\/div><\/div><\/div><\/div><div class=\"wpb_column pos-top pos-center align_left column_parent col-lg-9 single-internal-gutter\"><div class=\"uncol style-light\"  ><div class=\"uncoltable\"><div class=\"uncell no-block-padding\" ><div class=\"uncont\" ><div class=\"vc_custom_heading_wrap\"><div class=\"heading-text el-text\" ><h1 class=\"font-165032 custom font-weight-400 fontsize-164363-custom\" ><span>Des v\u00eatements et des services de qualit\u00e9, bien adapt\u00e9s \u00e0 la morphologie, restent toujours d&#039;actualit\u00e9.<\/span><\/h1><\/div><div class=\"clear\"><\/div><\/div><\/div><\/div><\/div><\/div><\/div><script id=\"script-row-unique-0\" data-row=\"script-row-unique-0\" type=\"text\/javascript\" class=\"vc_controls\">UNCODE.initRow(document.getElementById(\"row-unique-0\"));<\/script><\/div><\/div><\/div><div data-parent=\"true\" class=\"vc_row row-container has-dividers\" id=\"row-unique-1\"><div class=\"uncode-divider-wrap uncode-divider-wrap-top z_index_0 uncode-divider-flip\" style=\"height: 100%;\" data-height=\"100\" data-unit=\"%\"><svg version=\"1.1\" class=\"uncode-row-divider uncode-row-divider-step_2_3\" x=\"0px\" y=\"0px\" width=\"240px\" height=\"24px\" viewbox=\"0 0 240 24\" enable-background=\"new 0 0 240 24\" xml:space=\"preserve\" preserveaspectratio=\"none\">\n\t\t<path fill=\"#f7f7f7\" d=\"M0,0v24h160V0H0z\"\/>\n\t\t<\/svg><\/div><div class=\"row col-double-gutter quad-top-padding quad-bottom-padding double-h-padding full-width row-parent\"><div class=\"wpb_row row-inner\"><div class=\"wpb_column pos-middle pos-center align_left column_parent col-lg-7 col-md-66 single-internal-gutter\"><div class=\"uncol style-light\"  ><div class=\"uncoltable\"><div class=\"uncell no-block-padding    parallax-el\" data-rellax-speed=\"1\"><div class=\"uncont\" ><div class=\"uncode-single-media  text-left\"><div class=\"single-wrapper\" style=\"max-width: 100%;\"><div class=\"tmb tmb-light  tmb-img-ratio tmb-media-first tmb-media-last tmb-content-overlay tmb-no-bg\"><div class=\"t-inside\"><div class=\"t-entry-visual\"><div class=\"t-entry-visual-tc\"><div class=\"uncode-single-media-wrapper\"><div class=\"dummy\" style=\"padding-top: 100%;\"><\/div><img decoding=\"async\" class=\"wp-image-11299\" src=\"https:\/\/viralcollab.com\/wp-content\/uploads\/2025\/03\/image-placeholder-2-uai-1280x1280.jpg\" width=\"1280\" height=\"1280\" alt=\"\" srcset=\"https:\/\/viralcollab.com\/wp-content\/uploads\/2025\/03\/image-placeholder-2-uai-1280x1280.jpg 1280w, https:\/\/viralcollab.com\/wp-content\/uploads\/2025\/03\/image-placeholder-2-uai-720x720.jpg 720w\" sizes=\"(max-width: 1280px) 100vw, 1280px\" \/><\/div>\n\t\t\t\t\t<\/div>\n\t\t\t\t<\/div><\/div><\/div><\/div><\/div><\/div><\/div><\/div><\/div><\/div><div class=\"wpb_column pos-middle pos-center align_left column_parent col-lg-5 col-md-33 single-internal-gutter\"><div class=\"uncol style-light\"  ><div class=\"uncoltable\"><div class=\"uncell no-block-padding    parallax-el\" data-rellax-percentage=\"0.5\" data-rellax-speed=\"4\"><div class=\"uncont\" ><div class=\"vc_row row-internal row-container\"><div class=\"row row-child\"><div class=\"wpb_row row-inner\"><div class=\"wpb_column pos-top pos-center align_left column_child col-lg-8 single-internal-gutter\"><div class=\"uncol style-light\" ><div class=\"uncoltable\"><div class=\"uncell no-block-padding\" ><div class=\"uncont\" ><div class=\"vc_custom_heading_wrap\"><div class=\"heading-text el-text\" ><h6 class=\"font-165032 h4 fontheight-357766 font-weight-400\" ><span>Le moyen le plus simple d&#039;obtenir un costume sur mesure.<\/span><\/h6><\/div><div class=\"clear\"><\/div><\/div><\/div><\/div><\/div><\/div><\/div><div class=\"wpb_column pos-top pos-center align_left column_child col-lg-4 tablet-hidden mobile-hidden single-internal-gutter\"><div class=\"uncol style-light\" ><div class=\"uncoltable\"><div class=\"uncell no-block-padding\" ><div class=\"uncont\" ><\/div><\/div><\/div><\/div><\/div><\/div><\/div><\/div><div class=\"uncode-single-media  text-left\"><div class=\"single-wrapper\" style=\"max-width: 100%;\"><div class=\"tmb tmb-light  tmb-img-ratio tmb-media-first tmb-media-last tmb-content-overlay tmb-no-bg\"><div class=\"t-inside\"><div class=\"t-entry-visual\"><div class=\"t-entry-visual-tc\"><div class=\"uncode-single-media-wrapper\"><div class=\"dummy\" style=\"padding-top: 66.7%;\"><\/div><img decoding=\"async\" class=\"wp-image-11315\" src=\"https:\/\/viralcollab.com\/wp-content\/uploads\/2025\/03\/image-placeholder-9.jpg\" width=\"1920\" height=\"1280\" alt=\"\" srcset=\"https:\/\/viralcollab.com\/wp-content\/uploads\/2025\/03\/image-placeholder-9.jpg 1920w, https:\/\/viralcollab.com\/wp-content\/uploads\/2025\/03\/image-placeholder-9-uai-720x480.jpg 720w, https:\/\/viralcollab.com\/wp-content\/uploads\/2025\/03\/image-placeholder-9-uai-900x600.jpg 900w\" sizes=\"(max-width: 1920px) 100vw, 1920px\" \/><\/div>\n\t\t\t\t\t<\/div>\n\t\t\t\t<\/div><\/div><\/div><\/div><\/div><\/div><\/div><\/div><\/div><\/div><script id=\"script-row-unique-1\" data-row=\"script-row-unique-1\" type=\"text\/javascript\" class=\"vc_controls\">UNCODE.initRow(document.getElementById(\"row-unique-1\"));<\/script><\/div><\/div><\/div><div data-parent=\"true\" class=\"vc_row row-container\" id=\"row-unique-2\"><div class=\"row col-double-gutter double-top-padding double-bottom-padding single-h-padding limit-width row-parent\"><div class=\"wpb_row row-inner\"><div class=\"wpb_column pos-top pos-center align_left column_parent col-lg-3 tablet-hidden mobile-hidden single-internal-gutter\"><div class=\"uncol style-light\"  ><div class=\"uncoltable\"><div class=\"uncell no-block-padding\" ><div class=\"uncont\" ><\/div><\/div><\/div><\/div><\/div><div class=\"wpb_column pos-top pos-center align_left column_parent col-lg-6 single-internal-gutter\"><div class=\"uncol style-light font-165032\"  ><div class=\"uncoltable\"><div class=\"uncell no-block-padding\" ><div class=\"uncont\" ><div class=\"vc_custom_heading_wrap\"><div class=\"heading-text el-text\" ><h2 class=\"font-165032 h3 fontheight-357766 font-weight-400\" ><span>modernisme intemporel<\/span><\/h2><\/div><div class=\"clear\"><\/div><\/div><div class=\"uncode_text_column text-lead\" ><p>Combinaison pyjama ludique \u00e0 imprim\u00e9 int\u00e9gral lumineux, douce au toucher, fermeture \u00e0 boutons-pression aux jambes pour un habillage facile. Chemise blanche f\u00e9minine style p\u00e9plum, coupe cache-c\u0153ur tropicale, d\u00e9tails classiques et \u00e9l\u00e9gants. Argent sterling, or rose, vermeil, pierre de lune blanche et saphir jaune, perles et diamants taille hexagonale signature. Combinaison pyjama ludique \u00e0 imprim\u00e9 int\u00e9gral lumineux, douce au toucher, fermeture \u00e0 boutons-pression aux jambes pour un habillage facile. Combinaison pyjama slim fit boutonn\u00e9e sur le devant, fermeture \u00e9clair audacieuse sur le devant, poignets \u00e9lastiqu\u00e9s, capuche \u00e0 volants.<\/p>\n<\/div><div class=\"vc_custom_heading_wrap\"><div class=\"heading-text el-text\" ><h2 class=\"font-165032 h3 fontheight-357766 font-weight-400\" ><span>Des possibilit\u00e9s sur mesure<\/span><\/h2><\/div><div class=\"clear\"><\/div><\/div><div class=\"uncode_text_column text-lead\" ><p>Semelles int\u00e9rieures rembourr\u00e9es en mousse, cuir de qualit\u00e9 sup\u00e9rieure, mod\u00e8le plat \u00e0 enfiler, bout pointu, id\u00e9al pour les loisirs. Silhouette flatteuse avec plis, poignets \u00e9l\u00e9gants, luxueux boutons en nacre argent\u00e9s \u00e0 la taille. Pierres semi-pr\u00e9cieuses en onyx vert chrysoprase taill\u00e9es en forme de larme avec pr\u00e9cision. Rayures horizontales dynamiques, tissu en coton doux et frais, fermeture \u00e9clair sur le devant, capuche doubl\u00e9e en jersey confortable, poignets robustes et deux poches. Boutons d\u00e9coratifs, poches plaqu\u00e9es, col \u00e0 revers classique, poches poitrine \u00e0 rabat, surpiq\u00fbres sur le haut, veste courte.<\/p>\n<\/div><\/div><\/div><\/div><\/div><\/div><div class=\"wpb_column pos-top pos-center align_left column_parent col-lg-3 tablet-hidden mobile-hidden single-internal-gutter\"><div class=\"uncol style-light\"  ><div class=\"uncoltable\"><div class=\"uncell no-block-padding\" ><div class=\"uncont\" ><\/div><\/div><\/div><\/div><\/div><script id=\"script-row-unique-2\" data-row=\"script-row-unique-2\" type=\"text\/javascript\" class=\"vc_controls\">UNCODE.initRow(document.getElementById(\"row-unique-2\"));<\/script><\/div><\/div><\/div><div data-parent=\"true\" class=\"vc_row row-container has-dividers\" id=\"row-unique-3\"><div class=\"uncode-divider-wrap uncode-divider-wrap-top z_index_0\" style=\"height: 100%;\" data-height=\"100\" data-unit=\"%\"><svg version=\"1.1\" class=\"uncode-row-divider uncode-row-divider-step_2_3\" x=\"0px\" y=\"0px\" width=\"240px\" height=\"24px\" viewbox=\"0 0 240 24\" enable-background=\"new 0 0 240 24\" xml:space=\"preserve\" preserveaspectratio=\"none\">\n\t\t<path fill=\"#f7f7f7\" d=\"M0,0v24h160V0H0z\"\/>\n\t\t<\/svg><\/div><div class=\"row col-double-gutter quad-top-padding quad-bottom-padding single-h-padding limit-width row-parent\"><div class=\"wpb_row row-inner\"><div class=\"wpb_column pos-middle pos-center align_left column_parent col-lg-12 single-internal-gutter\"><div class=\"uncol style-light font-165032\"  ><div class=\"uncoltable\"><div class=\"uncell no-block-padding    parallax-el\" data-rellax-percentage=\"0.5\" data-rellax-speed=\"2\"><div class=\"uncont\" ><div class=\"uncode-single-media  text-left\"><div class=\"single-wrapper\" style=\"max-width: 100%;\"><div class=\"tmb tmb-light  tmb-img-ratio tmb-media-first tmb-media-last tmb-content-overlay tmb-no-bg\"><div class=\"t-inside\"><div class=\"t-entry-visual\"><div class=\"t-entry-visual-tc\"><div class=\"uncode-single-media-wrapper\"><div class=\"dummy\" style=\"padding-top: 66.7%;\"><\/div><img decoding=\"async\" class=\"wp-image-2440\" src=\"https:\/\/viralcollab.com\/wp-content\/uploads\/2025\/03\/image-placeholder-3.jpg\" width=\"1920\" height=\"1280\" alt=\"\" srcset=\"https:\/\/viralcollab.com\/wp-content\/uploads\/2025\/03\/image-placeholder-3.jpg 1920w, https:\/\/viralcollab.com\/wp-content\/uploads\/2025\/03\/image-placeholder-3-uai-720x480.jpg 720w, https:\/\/viralcollab.com\/wp-content\/uploads\/2025\/03\/image-placeholder-3-uai-900x600.jpg 900w\" sizes=\"(max-width: 1920px) 100vw, 1920px\" \/><\/div>\n\t\t\t\t\t<\/div>\n\t\t\t\t<\/div><\/div><\/div><\/div><\/div><div  class=\"vertical-text vertical-text--flip vertical-text--right vertical-text--top shift_right_x_single\">Engag\u00e9 au travail \u2e3b<\/div><\/div><\/div><\/div><\/div><\/div><script id=\"script-row-unique-3\" data-row=\"script-row-unique-3\" type=\"text\/javascript\" class=\"vc_controls\">UNCODE.initRow(document.getElementById(\"row-unique-3\"));<\/script><\/div><\/div><\/div><div data-parent=\"true\" class=\"vc_row row-container\" id=\"row-unique-4\"><div class=\"row double-top-padding exa-bottom-padding single-h-padding limit-width row-parent\"><div class=\"wpb_row row-inner\"><div class=\"wpb_column pos-top pos-center align_left column_parent col-lg-12 single-internal-gutter\"><div class=\"uncol style-light\"  ><div class=\"uncoltable\"><div class=\"uncell no-block-padding\" ><div class=\"uncont\" ><div class=\"vc_row row-internal row-container\"><div class=\"row col-double-gutter row-child\"><div class=\"wpb_row row-inner\"><div class=\"wpb_column pos-top pos-center align_left column_child col-lg-3 tablet-hidden mobile-hidden single-internal-gutter\"><div class=\"uncol style-light\" ><div class=\"uncoltable\"><div class=\"uncell no-block-padding\" ><div class=\"uncont\" ><\/div><\/div><\/div><\/div><\/div><div class=\"wpb_column pos-top pos-center align_left column_child col-lg-6 single-internal-gutter\"><div class=\"uncol style-light font-165032\" ><div class=\"uncoltable\"><div class=\"uncell no-block-padding\" ><div class=\"uncont\" ><div class=\"vc_custom_heading_wrap\"><div class=\"heading-text el-text\" ><h2 class=\"font-165032 h3 fontheight-357766 font-weight-400\" ><span>Soins personnalis\u00e9s<\/span><\/h2><\/div><div class=\"clear\"><\/div><\/div><div class=\"uncode_text_column text-lead\" ><p>Combinaison moulante boutonn\u00e9e sur le devant, fermeture \u00e9clair audacieuse aux poignets \u00e9lastiqu\u00e9s, capuche \u00e0 volants. \u00c9l\u00e9gante et sophistiqu\u00e9e, cette combinaison mi-longue en jersey tweed blanc flatte la silhouette gr\u00e2ce \u00e0 ses d\u00e9tails en cuir confortables. Coupe petite, ourlet arrondi, 100% coton, mesure \u00e0 plat, lavage en machine, carreaux et rayures. Ornements sur le devant et les \u00e9paules, matelassage en brocart et surpiq\u00fbres dor\u00e9es effet duveteux. Maillot de bain sans armatures, bonnets cousus, d\u00e9tails fronc\u00e9s, enti\u00e8rement doubl\u00e9, couvrance standard, rayures multicolores, style ensoleill\u00e9.<\/p>\n<p>Haut court en coton rose d&#039;\u00e9t\u00e9 oversize, confortable et duveteux, \u00e0 manches cocon. Culotte doubl\u00e9e noire, fermeture \u00e9clair invisible au dos, coupe trap\u00e8ze, taille haute, double \u00e9paisseur, imprim\u00e9 floral. Soutien-gorge structur\u00e9 avec bande adh\u00e9rente, bonnets moul\u00e9s invisibles pour un maintien ferme, doublure avant en power mesh r\u00e9sistante, d\u00e9tail sport. Coupe moderne et flatteuse, jupe midi trap\u00e8ze, silhouette f\u00e9minine sublime, plis lat\u00e9raux, fermeture \u00e9clair argent\u00e9e. Logo brod\u00e9, poche poitrine avec boucle de suspension, poches poitrine \u00e0 rabat boutonn\u00e9, fermeture passepoil\u00e9e.<\/p>\n<\/div><\/div><\/div><\/div><\/div><\/div><div class=\"wpb_column pos-top pos-center align_left column_child col-lg-3 tablet-hidden mobile-hidden single-internal-gutter\"><div class=\"uncol style-light\" ><div class=\"uncoltable\"><div class=\"uncell no-block-padding\" ><div class=\"uncont\" ><\/div><\/div><\/div><\/div><\/div><\/div><\/div><\/div><\/div><\/div><\/div><\/div><\/div><script id=\"script-row-unique-4\" data-row=\"script-row-unique-4\" type=\"text\/javascript\" class=\"vc_controls\">UNCODE.initRow(document.getElementById(\"row-unique-4\"));<\/script><\/div><\/div><\/div>\n<\/div>","protected":false},"excerpt":{"rendered":"Quality garments and services that fit rarely go out of true style. The easiest way to get a custom suit. [...]","protected":false},"author":1,"featured_media":0,"parent":36601,"menu_order":0,"comment_status":"closed","ping_status":"closed","template":"","meta":{"footnotes":""},"class_list":["post-88827","page","type-page","status-publish","hentry"],"_links":{"self":[{"href":"https:\/\/viralcollab.com\/fr\/wp-json\/wp\/v2\/pages\/88827","targetHints":{"allow":["GET"]}}],"collection":[{"href":"https:\/\/viralcollab.com\/fr\/wp-json\/wp\/v2\/pages"}],"about":[{"href":"https:\/\/viralcollab.com\/fr\/wp-json\/wp\/v2\/types\/page"}],"author":[{"embeddable":true,"href":"https:\/\/viralcollab.com\/fr\/wp-json\/wp\/v2\/users\/1"}],"replies":[{"embeddable":true,"href":"https:\/\/viralcollab.com\/fr\/wp-json\/wp\/v2\/comments?post=88827"}],"version-history":[{"count":0,"href":"https:\/\/viralcollab.com\/fr\/wp-json\/wp\/v2\/pages\/88827\/revisions"}],"up":[{"embeddable":true,"href":"https:\/\/viralcollab.com\/fr\/wp-json\/wp\/v2\/pages\/36601"}],"wp:attachment":[{"href":"https:\/\/viralcollab.com\/fr\/wp-json\/wp\/v2\/media?parent=88827"}],"curies":[{"name":"wp","href":"https:\/\/api.w.org\/{rel}","templated":true}]}}