{"id":85188,"date":"2020-06-15T10:48:15","date_gmt":"2020-06-15T08:48:15","guid":{"rendered":"https:\/\/undsgn.com\/uncode\/?page_id=85188"},"modified":"2020-06-15T10:48:15","modified_gmt":"2020-06-15T08:48:15","slug":"login-register-one","status":"publish","type":"page","link":"https:\/\/viralcollab.com\/fr\/login-register-one\/","title":{"rendered":"Login\/Register One"},"content":{"rendered":"<div class=\"wpb-content-wrapper\"><div data-parent=\"true\" class=\"vc_row row-container\" id=\"row-unique-0\"><div class=\"row no-top-padding no-bottom-padding no-h-padding limit-width row-parent\"><div class=\"wpb_row row-inner\"><div class=\"wpb_column pos-top pos-center align_left column_parent col-lg-12 single-internal-gutter\"><div class=\"uncol style-dark\"  ><div class=\"uncoltable\"><div class=\"uncell no-block-padding\" ><div class=\"uncont\" ><\/div><\/div><\/div><\/div><\/div><script id=\"script-row-unique-0\" data-row=\"script-row-unique-0\" type=\"text\/javascript\" class=\"vc_controls\">UNCODE.initRow(document.getElementById(\"row-unique-0\"));<\/script><\/div><\/div><\/div><div data-parent=\"true\" class=\"vc_row style-color-105898-bg row-container\" id=\"row-unique-1\"><div class=\"row-background background-element\">\n\t\t\t\t\t\t\t\t\t\t\t<div class=\"background-wrapper\">\n\t\t\t\t\t\t\t\t\t\t\t\t<div class=\"background-inner\" style=\"background-image: url(https:\/\/viralcollab.com\/wp-content\/uploads\/2025\/03\/background-scaled.png);background-repeat: no-repeat;background-position: center top;background-attachment: scroll;background-size: cover;\"><\/div>\n\t\t\t\t\t\t\t\t\t\t\t\t\n\t\t\t\t\t\t\t\t\t\t\t<\/div>\n\t\t\t\t\t\t\t\t\t\t<\/div><div class=\"row exa-top-padding exa-bottom-padding single-h-padding limit-width row-parent\" data-height-ratio=\"full\"><div class=\"wpb_row row-inner\"><div class=\"wpb_column pos-middle pos-center align_left column_parent col-lg-12 single-internal-gutter\"><div class=\"uncol style-light font-136269\"  ><div class=\"uncoltable\"><div class=\"uncell\" ><div class=\"uncont triple-block-padding col-custom-width style-color-xsdn-bg unshadow-darker-lg unradius-xs\" style=\" max-width:696px;\" ><div class=\"uncode-tabs wpb_content_element\" data-interval=\"\"  data-target=\"\"><div class=\"uncode-wrapper tab-container default-typography\"><div class=\"vc_tta-tabs-container\"><ul class=\"nav nav-tabs wpb_tabs_nav ui-tabs-nav vc_tta-tabs-list text-center width-100\"><li data-tab-id=\"tab-1581550660-1-521590072745927\" data-tab-o-id=\"1581550660-1-521590072745927\" class=\"vc_tta-tab active\"><a href=\"#tab-1581550660-1-521590072745927\" data-toggle=\"tab\"><span><span><span class=\"\">Registre<\/span><\/span><\/span><\/a><\/li><li data-tab-id=\"tab-1581550660-2-401590072745927\" data-tab-o-id=\"1581550660-2-401590072745927\" class=\"vc_tta-tab\"><a href=\"#tab-1581550660-2-401590072745927\" data-toggle=\"tab\"><span><span><span class=\"\">Se connecter<\/span><\/span><\/span><\/a><\/li><\/ul><\/div><div class=\"tab-content wpb_wrapper\"><div id=\"tab-1581550660-1-521590072745927\" class=\"tab-pane in active fade single-internal-gutter single-block-padding\"><div>\n\t\t\t\t<div  class=\"uncode-wc-module uncode-wc-account-forms woocommerce bold-text\"><div class=\"woocommerce-notices-wrapper\"><\/div>\n<h2 class=\"\" data-no-translation=\"\" data-trp-gettext=\"\">Inscription<\/h2>\n\n<form method=\"post\" class=\"woocommerce-form woocommerce-form-register register\" action=\"\"  >\n\n\t\n\t\n\t<p class=\"woocommerce-form-row woocommerce-form-row--wide form-row form-row-wide\">\n\t\t<label for=\"reg_email\">Adresse courriel&nbsp;<span class=\"required\" aria-hidden=\"true\">*<\/span><span class=\"screen-reader-text\" data-no-translation=\"\" data-trp-gettext=\"\">Obligatoire<\/span><\/label>\n\t\t<input type=\"email\" class=\"woocommerce-Input woocommerce-Input--text input-text\" name=\"email\" id=\"reg_email\" autocomplete=\"email\" value=\"\" placeholder=\"\" required aria-required=\"true\" \/>\t<\/p>\n\n\t\n\t\t<p data-no-translation=\"\" data-trp-gettext=\"\">Un lien permettant de d\u00e9finir un nouveau mot de passe sera envoy\u00e9 \u00e0 votre adresse courriel.<\/p>\n\n\t\n\t<wc-order-attribution-inputs><\/wc-order-attribution-inputs><div class=\"woocommerce-privacy-policy-text\"><p>Vos donn\u00e9es personnelles seront utilis\u00e9es pour am\u00e9liorer votre exp\u00e9rience sur ce site web, g\u00e9rer l&#039;acc\u00e8s \u00e0 votre compte et \u00e0 d&#039;autres fins d\u00e9crites dans notre politique de confidentialit\u00e9. <a href=\"https:\/\/viralcollab.com\/fr\/?page_id=3\" class=\"woocommerce-privacy-policy-link\" target=\"_blank\" data-no-translation=\"\" data-trp-gettext=\"\">politique de confidentialit\u00e9<\/a>.<\/p>\n<\/div>\n\t<p class=\"woocommerce-form-row form-row\">\n\t\t<input type=\"hidden\" id=\"woocommerce-register-nonce\" name=\"woocommerce-register-nonce\" value=\"1d1e3be6b5\" \/><input type=\"hidden\" name=\"_wp_http_referer\" value=\"\/fr\/wp-json\/wp\/v2\/pages\/85188\" \/>\t\t<button type=\"submit\" class=\"woocommerce-Button woocommerce-button button woocommerce-form-register__submit btn 1 btn-accent btn-lg btn-block btn-custom-typo font-136269 font-weight-600 text-uppercase no-letterspace border-width-2\" name=\"register\" value=\"Inscription\" style=\"\" data-no-translation=\"\" data-trp-gettext=\"\" data-no-translation-value=\"\">Inscription<\/button>\n\t<\/p>\n\n\t\n<input type=\"hidden\" name=\"trp-form-language\" value=\"fr\"\/><\/form>\n\n<\/div><\/div><\/div><div id=\"tab-1581550660-2-401590072745927\" class=\"tab-pane fade single-internal-gutter single-block-padding\"><div>\n\t\t\t\t<div  class=\"uncode-wc-module uncode-wc-account-forms woocommerce bold-text\"><div class=\"woocommerce-notices-wrapper\"><\/div>\n<h2 class=\"\" data-no-translation=\"\" data-trp-gettext=\"\">Connexion<\/h2>\n\n<form class=\"woocommerce-form woocommerce-form-login login\" method=\"post\" novalidate action=\"\">\n\n\t\n\t<p class=\"woocommerce-form-row woocommerce-form-row--wide form-row form-row-wide\">\n\t\t<label for=\"username\">Identifiant ou adresse courriel&nbsp;<span class=\"required\" aria-hidden=\"true\">*<\/span><span class=\"screen-reader-text\" data-no-translation=\"\" data-trp-gettext=\"\">Obligatoire<\/span><\/label>\n\t\t<input type=\"text\" class=\"woocommerce-Input woocommerce-Input--text input-text\" name=\"username\" id=\"username\" autocomplete=\"username\" value=\"\" placeholder=\"\" required aria-required=\"true\" \/>\t<\/p>\n\t<p class=\"woocommerce-form-row woocommerce-form-row--wide form-row form-row-wide\">\n\t\t<label for=\"password\">Mot de passe&nbsp;<span class=\"required\" aria-hidden=\"true\">*<\/span><span class=\"screen-reader-text\" data-no-translation=\"\" data-trp-gettext=\"\">Obligatoire<\/span><\/label>\n\t\t<input class=\"woocommerce-Input woocommerce-Input--text input-text\" type=\"password\" name=\"password\" id=\"password\" autocomplete=\"current-password\" placeholder=\"\" required aria-required=\"true\" \/>\n\t<\/p>\n\n\t\n\t<p class=\"form-row\">\n\t\t<label class=\"woocommerce-form__label woocommerce-form__label-for-checkbox woocommerce-form-login__rememberme\">\n\t\t\t<input class=\"woocommerce-form__input woocommerce-form__input-checkbox\" name=\"rememberme\" type=\"checkbox\" id=\"rememberme\" value=\"forever\" \/> <span data-no-translation=\"\" data-trp-gettext=\"\">Se souvenir de moi<\/span>\n\t\t<\/label>\n\t\t<input type=\"hidden\" id=\"woocommerce-login-nonce\" name=\"woocommerce-login-nonce\" value=\"734aeb3a69\" \/><input type=\"hidden\" name=\"_wp_http_referer\" value=\"\/fr\/wp-json\/wp\/v2\/pages\/85188\" \/>\t\t<button type=\"submit\" class=\"woocommerce-button button woocommerce-form-login__submit btn 1 btn-accent btn-lg btn-block btn-custom-typo font-136269 font-weight-600 text-uppercase no-letterspace border-width-2\" name=\"login\" value=\"Connexion\" style=\"\" data-no-translation=\"\" data-trp-gettext=\"\" data-no-translation-value=\"\">Connexion<\/button>\n\t<\/p>\n\t<p class=\"woocommerce-LostPassword lost_password\">\n\t\t<a href=\"https:\/\/viralcollab.com\/fr\/my-account\/lost-password\/\" data-no-translation=\"\" data-trp-gettext=\"\">Mot de passe oubli\u00e9?<\/a>\n\t<\/p>\n\n\t\n<input type=\"hidden\" name=\"trp-form-language\" value=\"fr\"\/><\/form>\n\n<\/div><\/div><\/div><\/div><\/div><\/div><\/div><\/div><\/div><\/div><\/div><script id=\"script-row-unique-1\" data-row=\"script-row-unique-1\" type=\"text\/javascript\" class=\"vc_controls\">UNCODE.initRow(document.getElementById(\"row-unique-1\"));<\/script><\/div><\/div><\/div>\n<\/div>","protected":false},"excerpt":{"rendered":"RegisterLogin Inscription Adresse courriel&nbsp;*Obligatoire Un lien permettant de d\u00e9finir un nouveau mot de passe sera envoy\u00e9 [...]","protected":false},"author":1,"featured_media":0,"parent":0,"menu_order":0,"comment_status":"closed","ping_status":"closed","template":"","meta":{"footnotes":""},"class_list":["post-85188","page","type-page","status-publish","hentry"],"_links":{"self":[{"href":"https:\/\/viralcollab.com\/fr\/wp-json\/wp\/v2\/pages\/85188","targetHints":{"allow":["GET"]}}],"collection":[{"href":"https:\/\/viralcollab.com\/fr\/wp-json\/wp\/v2\/pages"}],"about":[{"href":"https:\/\/viralcollab.com\/fr\/wp-json\/wp\/v2\/types\/page"}],"author":[{"embeddable":true,"href":"https:\/\/viralcollab.com\/fr\/wp-json\/wp\/v2\/users\/1"}],"replies":[{"embeddable":true,"href":"https:\/\/viralcollab.com\/fr\/wp-json\/wp\/v2\/comments?post=85188"}],"version-history":[{"count":0,"href":"https:\/\/viralcollab.com\/fr\/wp-json\/wp\/v2\/pages\/85188\/revisions"}],"wp:attachment":[{"href":"https:\/\/viralcollab.com\/fr\/wp-json\/wp\/v2\/media?parent=85188"}],"curies":[{"name":"wp","href":"https:\/\/api.w.org\/{rel}","templated":true}]}}