{"id":74910,"date":"2018-12-27T10:07:31","date_gmt":"2018-12-27T09:07:31","guid":{"rendered":"https:\/\/undsgn.com\/uncode\/?page_id=74910"},"modified":"2018-12-27T10:07:31","modified_gmt":"2018-12-27T09:07:31","slug":"animated-headings","status":"publish","type":"page","link":"https:\/\/viralcollab.com\/fr\/features\/animated-headings\/","title":{"rendered":"Titres anim\u00e9s"},"content":{"rendered":"<div class=\"wpb-content-wrapper\"><div data-parent=\"true\" class=\"vc_row style-color-wayh-bg row-container with-parallax\" id=\"row-unique-0\"><div class=\"row-background background-element\">\n\t\t\t\t\t\t\t\t\t\t\t<div class=\"background-wrapper\">\n\t\t\t\t\t\t\t\t\t\t\t\t<div class=\"background-inner\" style=\"background-image: url(https:\/\/viralcollab.com\/wp-content\/uploads\/2025\/03\/image-placeholder-5.jpg);background-repeat: no-repeat;background-position: center center;background-size: cover;\"><\/div>\n\t\t\t\t\t\t\t\t\t\t\t\t\n\t\t\t\t\t\t\t\t\t\t\t<\/div>\n\t\t\t\t\t\t\t\t\t\t<\/div><div class=\"row exa-top-padding exa-bottom-padding single-h-padding limit-width row-parent\"><div class=\"wpb_row row-inner\"><div class=\"wpb_column pos-middle pos-center align_center column_parent col-lg-12 single-internal-gutter\"><div class=\"uncol style-dark\"  ><div class=\"uncoltable\"><div class=\"uncell no-block-padding\" ><div class=\"uncont\" ><div class=\"vc_custom_heading_wrap\"><div class=\"heading-text el-text curtain-words animate_inner_when_almost_visible el-text-split\" data-speed=\"800\" data-interval=\"20\"><h3 class=\"font-787672 custom fontheight-357766 fontspace-111509 font-weight-300 fontsize-713119-custom font-obs\" data-style=\"normal\" data-weight=\"300\" data-font=\"Fraunces\"><span class=\"heading-text-inner\"><span class=\"split-word word1\"><span class=\"split-word-flow\"><span class=\"split-word-inner\">J&#039;ai<\/span><\/span><\/span><span class=\"split-word word2\"><span class=\"split-word-flow\"><span class=\"split-word-inner split-empty-inner\"><span class=\"split-word-empty\">&nbsp;<\/span>jamais<\/span><\/span><\/span><span class=\"split-word word3\"><span class=\"split-word-flow\"><span class=\"split-word-inner split-empty-inner\"><span class=\"split-word-empty\">&nbsp;<\/span>avait<\/span><\/span><\/span><span class=\"split-word word4\"><span class=\"split-word-flow\"><span class=\"split-word-inner split-empty-inner\"><span class=\"split-word-empty\">&nbsp;<\/span>E<\/span><\/span><\/span><span class=\"split-word word5\"><span class=\"split-word-flow\"><span class=\"split-word-inner split-empty-inner\"><span class=\"split-word-empty\">&nbsp;<\/span>probl\u00e8me<\/span><\/span><\/span><span class=\"split-word word6\"><span class=\"split-word-flow\"><span class=\"split-word-inner split-empty-inner\"><span class=\"split-word-empty\">&nbsp;<\/span>avec<\/span><\/span><\/span><span class=\"split-word word7\"><span class=\"split-word-flow\"><span class=\"split-word-inner split-empty-inner\"><span class=\"split-word-empty\">&nbsp;<\/span>E<\/span><\/span><\/span><span class=\"split-word word8\"><span class=\"split-word-flow\"><span class=\"split-word-inner split-empty-inner\"><span class=\"split-word-empty\">&nbsp;<\/span>idiot<\/span><\/span><\/span><span class=\"split-word word9\"><span class=\"split-word-flow\"><span class=\"split-word-inner split-empty-inner\"><span class=\"split-word-empty\">&nbsp;<\/span>client.<\/span><\/span><\/span><span class=\"split-word word10\"><span class=\"split-word-flow\"><span class=\"split-word-inner split-empty-inner\"><span class=\"split-word-empty\">&nbsp;<\/span>L\u00e0<\/span><\/span><\/span><span class=\"split-word word11\"><span class=\"split-word-flow\"><span class=\"split-word-inner split-empty-inner\"><span class=\"split-word-empty\">&nbsp;<\/span>est<\/span><\/span><\/span><span class=\"split-word word12\"><span class=\"split-word-flow\"><span class=\"split-word-inner split-empty-inner\"><span class=\"split-word-empty\">&nbsp;<\/span>Non<\/span><\/span><\/span><span class=\"split-word word13\"><span class=\"split-word-flow\"><span class=\"split-word-inner split-empty-inner\"><span class=\"split-word-empty\">&nbsp;<\/span>tel<\/span><\/span><\/span><span class=\"split-word word14\"><span class=\"split-word-flow\"><span class=\"split-word-inner split-empty-inner\"><span class=\"split-word-empty\">&nbsp;<\/span>chose<\/span><\/span><\/span><span class=\"split-word word15\"><span class=\"split-word-flow\"><span class=\"split-word-inner split-empty-inner\"><span class=\"split-word-empty\">&nbsp;<\/span>comme<\/span><\/span><\/span><span class=\"split-word word16\"><span class=\"split-word-flow\"><span class=\"split-word-inner split-empty-inner\"><span class=\"split-word-empty\">&nbsp;<\/span>E<\/span><\/span><\/span><span class=\"split-word word17\"><span class=\"split-word-flow\"><span class=\"split-word-inner split-empty-inner\"><span class=\"split-word-empty\">&nbsp;<\/span>mauvais<\/span><\/span><\/span><span class=\"split-word word18\"><span class=\"split-word-flow\"><span class=\"split-word-inner split-empty-inner\"><span class=\"split-word-empty\">&nbsp;<\/span>client.<\/span><\/span><\/span><span class=\"split-word word19\"><span class=\"split-word-flow\"><span class=\"split-word-inner split-empty-inner\"><span class=\"split-word-empty\">&nbsp;<\/span>Partie<\/span><\/span><\/span><span class=\"split-word word20\"><span class=\"split-word-flow\"><span class=\"split-word-inner split-empty-inner\"><span class=\"split-word-empty\">&nbsp;<\/span>de<\/span><\/span><\/span><span class=\"split-word word21\"><span class=\"split-word-flow\"><span class=\"split-word-inner split-empty-inner\"><span class=\"split-word-empty\">&nbsp;<\/span>notre<\/span><\/span><\/span><span class=\"split-word word22\"><span class=\"split-word-flow\"><span class=\"split-word-inner split-empty-inner\"><span class=\"split-word-empty\">&nbsp;<\/span>emploi<\/span><\/span><\/span><span class=\"split-word word23\"><span class=\"split-word-flow\"><span class=\"split-word-inner split-empty-inner\"><span class=\"split-word-empty\">&nbsp;<\/span>est<\/span><\/span><\/span><span class=\"split-word word24\"><span class=\"split-word-flow\"><span class=\"split-word-inner split-empty-inner\"><span class=\"split-word-empty\">&nbsp;<\/span>\u00e0<\/span><\/span><\/span><span class=\"split-word word25\"><span class=\"split-word-flow\"><span class=\"split-word-inner split-empty-inner\"><span class=\"split-word-empty\">&nbsp;<\/span>faire<\/span><\/span><\/span><span class=\"split-word word26\"><span class=\"split-word-flow\"><span class=\"split-word-inner split-empty-inner\"><span class=\"split-word-empty\">&nbsp;<\/span>bien<\/span><\/span><\/span><span class=\"split-word word27\"><span class=\"split-word-flow\"><span class=\"split-word-inner split-empty-inner\"><span class=\"split-word-empty\">&nbsp;<\/span>travail<\/span><\/span><\/span><span class=\"split-word word28\"><span class=\"split-word-flow\"><span class=\"split-word-inner split-empty-inner\"><span class=\"split-word-empty\">&nbsp;<\/span>et<\/span><\/span><\/span><span class=\"split-word word29\"><span class=\"split-word-flow\"><span class=\"split-word-inner split-empty-inner\"><span class=\"split-word-empty\">&nbsp;<\/span>obtenir<\/span><\/span><\/span><span class=\"split-word word30\"><span class=\"split-word-flow\"><span class=\"split-word-inner split-empty-inner\"><span class=\"split-word-empty\">&nbsp;<\/span>le<\/span><\/span><\/span><span class=\"split-word word31\"><span class=\"split-word-flow\"><span class=\"split-word-inner split-empty-inner\"><span class=\"split-word-empty\">&nbsp;<\/span>client<\/span><\/span><\/span><span class=\"split-word word32\"><span class=\"split-word-flow\"><span class=\"split-word-inner split-empty-inner\"><span class=\"split-word-empty\">&nbsp;<\/span>\u00e0<\/span><\/span><\/span><span class=\"split-word word33\"><span class=\"split-word-flow\"><span class=\"split-word-inner split-empty-inner\"><span class=\"split-word-empty\">&nbsp;<\/span>\u00eatre<\/span><\/span><\/span><span class=\"split-word word34\"><span class=\"split-word-flow\"><span class=\"split-word-inner split-empty-inner\"><span class=\"split-word-empty\">&nbsp;<\/span>impliqu\u00e9<\/span><\/span><\/span><span class=\"split-word word35\"><span class=\"split-word-flow\"><span class=\"split-word-inner split-empty-inner\"><span class=\"split-word-empty\">&nbsp;<\/span>dans<\/span><\/span><\/span><span class=\"split-word word36\"><span class=\"split-word-flow\"><span class=\"split-word-inner split-empty-inner\"><span class=\"split-word-empty\">&nbsp;<\/span>le<\/span><\/span><\/span><span class=\"split-word word37\"><span class=\"split-word-flow\"><span class=\"split-word-inner split-empty-inner\"><span class=\"split-word-empty\">&nbsp;<\/span>projet.<\/span><\/span><\/span><\/span><\/h3><\/div><div class=\"clear\"><\/div><\/div><\/div><\/div><\/div><\/div><\/div><script id=\"script-row-unique-0\" data-row=\"script-row-unique-0\" type=\"text\/javascript\" class=\"vc_controls\">UNCODE.initRow(document.getElementById(\"row-unique-0\"));<\/script><\/div><\/div><\/div><div data-parent=\"true\" class=\"vc_row limit-width row-container\" id=\"row-unique-1\"><div class=\"row exa-top-padding exa-bottom-padding single-h-padding row-parent\"><div class=\"wpb_row row-inner\"><div class=\"wpb_column pos-middle pos-center align_center column_parent col-lg-12 single-internal-gutter\"><div class=\"uncol style-light\"  ><div class=\"uncoltable\"><div class=\"uncell\" ><div class=\"uncont no-block-padding col-custom-width\" style=\" max-width:804px;\" ><div class=\"vc_custom_heading_wrap\"><div class=\"heading-text el-text typewriter animate_inner_when_almost_visible el-text-split heading-lines\" ><h3 class=\"font-136269 custom fontheight-357766 font-weight-500 fontsize-349756-custom font-obs\" data-style=\"normal\" data-weight=\"500\" data-font=\"Jost\"><span class=\"heading-text-inner\"><span class=\"heading-text-highlight\" data-atts='{\"bg\":\"#ffea01\",\"height\":\"20%\",\"offset\":\"0.2em\",\"opacity\":\"1\",\"animated\":\"yes\"}'><span class=\"split-word word1\"><span class=\"split-word-flow\"><span class=\"split-word-inner\"><span class=\"split-char char222\">D<\/span><span class=\"split-char char223\">C<\/span><span class=\"split-char char224\">g<\/span><span class=\"split-char char225\">C<\/span><span class=\"split-char char226\">t<\/span><span class=\"split-char char227\">E<\/span><span class=\"split-char char228\">l<\/span><\/span><\/span><\/span><span class=\"split-word word2\"><span class=\"split-word-flow\"><span class=\"split-word-inner split-empty-inner\"><span class=\"split-word-empty\">&nbsp;<\/span><span class=\"split-char char403\">N<\/span><span class=\"split-char char404\">et<\/span><span class=\"split-char char405\">s<\/span><span class=\"split-char char406\">C<\/span><span class=\"split-char char407\">g<\/span><span class=\"split-char char408\">E<\/span><\/span><\/span><\/span><span class=\"split-word word3\"><span class=\"split-word-flow\"><span class=\"split-word-inner split-empty-inner\"><span class=\"split-word-empty\">&nbsp;<\/span><span class=\"split-char char583\">C<\/span><span class=\"split-char char584\">s<\/span><\/span><\/span><\/span><span class=\"split-word word4\"><span class=\"split-word-flow\"><span class=\"split-word-inner split-empty-inner\"><span class=\"split-word-empty\">&nbsp;<\/span><span class=\"split-char char759\">l<\/span><span class=\"split-char char760\">C<\/span><span class=\"split-char char761\">k<\/span><span class=\"split-char char762\">et<\/span><\/span><\/span><\/span><span class=\"split-word word5\"><span class=\"split-word-flow\"><span class=\"split-word-inner split-empty-inner\"><span class=\"split-word-empty\">&nbsp;<\/span><span class=\"split-char char937\">p<\/span><span class=\"split-char char938\">E<\/span><span class=\"split-char char939\">C<\/span><span class=\"split-char char940\">E<\/span><span class=\"split-char char941\">t<\/span><span class=\"split-char char942\">C<\/span><span class=\"split-char char943\">E<\/span><span class=\"split-char char944\">g<\/span><span class=\"split-char char945\">,<\/span><\/span><\/span><\/span><span class=\"split-word word6\"><span class=\"split-word-flow\"><span class=\"split-word-inner split-empty-inner\"><span class=\"split-word-empty\">&nbsp;<\/span><span class=\"split-char char1120\">et<\/span><span class=\"split-char char1121\">x<\/span><span class=\"split-char char1122\">c<\/span><span class=\"split-char char1123\">et<\/span><span class=\"split-char char1124\">p<\/span><span class=\"split-char char1125\">t<\/span><\/span><\/span><\/span><span class=\"split-word word7\"><span class=\"split-word-flow\"><span class=\"split-word-inner split-empty-inner\"><span class=\"split-word-empty\">&nbsp;<\/span><span class=\"split-char char1300\">t<\/span><span class=\"split-char char1301\">h<\/span><span class=\"split-char char1302\">et<\/span><\/span><\/span><\/span><span class=\"split-word word8\"><span class=\"split-word-flow\"><span class=\"split-word-inner split-empty-inner\"><span class=\"split-word-empty\">&nbsp;<\/span><span class=\"split-char char1477\">p<\/span><span class=\"split-char char1478\">E<\/span><span class=\"split-char char1479\">C<\/span><span class=\"split-char char1480\">E<\/span><span class=\"split-char char1481\">t<\/span><\/span><\/span><\/span><span class=\"split-word word9\"><span class=\"split-word-flow\"><span class=\"split-word-inner split-empty-inner\"><span class=\"split-word-empty\">&nbsp;<\/span><span class=\"split-char char1656\">E<\/span><span class=\"split-char char1657\">et<\/span><span class=\"split-char char1658\">v<\/span><span class=\"split-char char1659\">et<\/span><span class=\"split-char char1660\">r<\/span><\/span><\/span><\/span><span class=\"split-word word10\"><span class=\"split-word-flow\"><span class=\"split-word-inner split-empty-inner\"><span class=\"split-word-empty\">&nbsp;<\/span><span class=\"split-char char1836\">N<\/span><span class=\"split-char char1837\">r<\/span><span class=\"split-char char1838\">C<\/span><span class=\"split-char char1839\">et<\/span><span class=\"split-char char1840\">s<\/span><span class=\"split-char char1841\">.<\/span><\/span><\/span><\/span><\/span><\/span><\/h3><\/div><div class=\"clear\"><\/div><\/div><\/div><\/div><\/div><\/div><\/div><script id=\"script-row-unique-1\" data-row=\"script-row-unique-1\" type=\"text\/javascript\" class=\"vc_controls\">UNCODE.initRow(document.getElementById(\"row-unique-1\"));<\/script><\/div><\/div><\/div><div data-parent=\"true\" class=\"vc_row style-color-482803-bg row-container\" id=\"row-unique-2\"><div class=\"row exa-top-padding exa-bottom-padding single-h-padding limit-width row-parent\"><div class=\"wpb_row row-inner\"><div class=\"wpb_column pos-middle pos-center align_center column_parent col-lg-12 half-internal-gutter\"><div class=\"uncol style-dark\"  ><div class=\"uncoltable\"><div class=\"uncell no-block-padding\" ><div class=\"uncont\" ><div class=\"vc_custom_heading_wrap\"><div class=\"heading-text el-text curtain animate_inner_when_almost_visible el-text-split heading-lines\" data-delay=\"800\" data-interval=\"200\"><h3 class=\"font-175345 custom fontheight-357766 fontspace-781688 font-weight-400 fontsize-142995-custom font-obs\" data-style=\"normal\" data-weight=\"400\" data-font=\"Lora\"><span class=\"heading-text-inner\"><span class=\"heading-text-highlight\" data-atts='{\"bg\":\"style-color-xsdn-bg\",\"height\":\"5%\",\"offset\":\"0.2em\",\"opacity\":\"0.5\",\"animated\":\"yes\"}'><span class=\"split-word word1\"><span class=\"split-word-flow\"><span class=\"split-word-inner\">Toi<\/span><\/span><\/span><span class=\"split-word word2\"><span class=\"split-word-flow\"><span class=\"split-word-inner split-empty-inner\"><span class=\"split-word-empty\">&nbsp;<\/span>ne peut pas<\/span><\/span><\/span><span class=\"split-word word3\"><span class=\"split-word-flow\"><span class=\"split-word-inner split-empty-inner\"><span class=\"split-word-empty\">&nbsp;<\/span>comprendre<\/span><\/span><\/span><span class=\"split-word word4\"><span class=\"split-word-flow\"><span class=\"split-word-inner split-empty-inner\"><span class=\"split-word-empty\">&nbsp;<\/span>bien<\/span><\/span><\/span><span class=\"split-word word5\"><span class=\"split-word-flow\"><span class=\"split-word-inner split-empty-inner\"><span class=\"split-word-empty\">&nbsp;<\/span>conception<\/span><\/span><\/span><span class=\"split-word word6\"><span class=\"split-word-flow\"><span class=\"split-word-inner split-empty-inner\"><span class=\"split-word-empty\">&nbsp;<\/span>si<\/span><\/span><\/span><span class=\"split-word word7\"><span class=\"split-word-flow\"><span class=\"split-word-inner split-empty-inner\"><span class=\"split-word-empty\">&nbsp;<\/span>toi<\/span><\/span><\/span><span class=\"split-word word8\"><span class=\"split-word-flow\"><span class=\"split-word-inner split-empty-inner\"><span class=\"split-word-empty\">&nbsp;<\/span>faire<\/span><\/span><\/span><span class=\"split-word word9\"><span class=\"split-word-flow\"><span class=\"split-word-inner split-empty-inner\"><span class=\"split-word-empty\">&nbsp;<\/span>pas<\/span><\/span><\/span><span class=\"split-word word10\"><span class=\"split-word-flow\"><span class=\"split-word-inner split-empty-inner\"><span class=\"split-word-empty\">&nbsp;<\/span>comprendre<\/span><\/span><\/span><span class=\"split-word word11\"><span class=\"split-word-flow\"><span class=\"split-word-inner split-empty-inner\"><span class=\"split-word-empty\">&nbsp;<\/span>personnes.<\/span><\/span><\/span><span class=\"split-word word12\"><span class=\"split-word-flow\"><span class=\"split-word-inner split-empty-inner\"><span class=\"split-word-empty\">&nbsp;<\/span>Conception<\/span><\/span><\/span><span class=\"split-word word13\"><span class=\"split-word-flow\"><span class=\"split-word-inner split-empty-inner\"><span class=\"split-word-empty\">&nbsp;<\/span>est<\/span><\/span><\/span><span class=\"split-word word14\"><span class=\"split-word-flow\"><span class=\"split-word-inner split-empty-inner\"><span class=\"split-word-empty\">&nbsp;<\/span>pour<\/span><\/span><\/span><span class=\"split-word word15\"><span class=\"split-word-flow\"><span class=\"split-word-inner split-empty-inner\"><span class=\"split-word-empty\">&nbsp;<\/span>personnes.<\/span><\/span><\/span><\/span><\/span><\/h3><\/div><div class=\"clear\"><\/div><\/div><\/div><\/div><\/div><\/div><\/div><script id=\"script-row-unique-2\" data-row=\"script-row-unique-2\" type=\"text\/javascript\" class=\"vc_controls\">UNCODE.initRow(document.getElementById(\"row-unique-2\"));<\/script><\/div><\/div><\/div><div data-parent=\"true\" class=\"vc_row limit-width row-container\" id=\"row-unique-3\"><div class=\"row exa-top-padding exa-bottom-padding single-h-padding row-parent\"><div class=\"wpb_row row-inner\"><div class=\"wpb_column pos-middle pos-center align_center column_parent col-lg-12 single-internal-gutter\"><div class=\"uncol style-light\"  ><div class=\"uncoltable\"><div class=\"uncell no-block-padding\" ><div class=\"uncont\" ><div class=\"vc_custom_heading_wrap\"><div class=\"heading-text el-text single-curtain animate_inner_when_almost_visible el-text-split\" data-speed=\"800\"><h3 class=\"font-359101 custom fontspace-781688 font-weight-400 fontsize-436906-custom font-obs\" data-style=\"normal\" data-weight=\"400\" data-font=\"Syne\"><span class=\"heading-text-inner\"><span class=\"split-word word1\"><span class=\"split-word-flow\"><span class=\"split-word-inner\"><span class=\"split-char char92\">je<\/span><\/span><\/span><\/span><span class=\"split-word word2\"><span class=\"split-word-flow\"><span class=\"split-word-inner split-empty-inner\"><span class=\"split-word-empty\">&nbsp;<\/span><span class=\"split-char char267\">o<\/span><span class=\"split-char char268\">w<\/span><span class=\"split-char char269\">et<\/span><\/span><\/span><\/span><span class=\"split-word word3\"><span class=\"split-word-flow\"><span class=\"split-word-inner split-empty-inner\"><span class=\"split-word-empty\">&nbsp;<\/span><span class=\"split-char char444\">m<\/span><span class=\"split-char char445\">et<\/span><\/span><\/span><\/span><span class=\"split-word word4\"><span class=\"split-word-flow\"><span class=\"split-word-inner split-empty-inner\"><span class=\"split-word-empty\">&nbsp;<\/span><span class=\"split-char char620\">s<\/span><span class=\"split-char char621\">toi<\/span><span class=\"split-char char622\">c<\/span><span class=\"split-char char623\">c<\/span><span class=\"split-char char624\">et<\/span><span class=\"split-char char625\">s<\/span><span class=\"split-char char626\">s<\/span><\/span><\/span><\/span><span class=\"split-word word5\"><span class=\"split-word-flow\"><span class=\"split-word-inner split-empty-inner\"><span class=\"split-word-empty\">&nbsp;<\/span><span class=\"split-char char801\">t<\/span><span class=\"split-char char802\">o<\/span><\/span><\/span><\/span><span class=\"split-word word6\"><span class=\"split-word-flow\"><span class=\"split-word-inner split-empty-inner\"><span class=\"split-word-empty\">&nbsp;<\/span><span class=\"split-char char977\">h<\/span><span class=\"split-char char978\">E<\/span><span class=\"split-char char979\">v<\/span><span class=\"split-char char980\">C<\/span><span class=\"split-char char981\">E<\/span><span class=\"split-char char982\">g<\/span><\/span><\/span><\/span><span class=\"split-word word7\"><span class=\"split-word-flow\"><span class=\"split-word-inner split-empty-inner\"><span class=\"split-word-empty\">&nbsp;<\/span><span class=\"split-char char1157\">l<\/span><span class=\"split-char char1158\">C<\/span><span class=\"split-char char1159\">s<\/span><span class=\"split-char char1160\">t<\/span><span class=\"split-char char1161\">et<\/span><span class=\"split-char char1162\">E<\/span><span class=\"split-char char1163\">et<\/span><span class=\"split-char char1164\">N<\/span><\/span><\/span><\/span><span class=\"split-word word8\"><span class=\"split-word-flow\"><span class=\"split-word-inner split-empty-inner\"><span class=\"split-word-empty\">&nbsp;<\/span><span class=\"split-char char1339\">t<\/span><span class=\"split-char char1340\">o<\/span><\/span><\/span><\/span><span class=\"split-word word9\"><span class=\"split-word-flow\"><span class=\"split-word-inner split-empty-inner\"><span class=\"split-word-empty\">&nbsp;<\/span><span class=\"split-char char1515\">t<\/span><span class=\"split-char char1516\">h<\/span><span class=\"split-char char1517\">et<\/span><\/span><\/span><\/span><span class=\"split-word word10\"><span class=\"split-word-flow\"><span class=\"split-word-inner split-empty-inner\"><span class=\"split-word-empty\">&nbsp;<\/span><span class=\"split-char char1693\">v<\/span><span class=\"split-char char1694\">et<\/span><span class=\"split-char char1695\">r<\/span><span class=\"split-char char1696\">et<\/span><\/span><\/span><\/span><span class=\"split-word word11\"><span class=\"split-word-flow\"><span class=\"split-word-inner split-empty-inner\"><span class=\"split-word-empty\">&nbsp;<\/span><span class=\"split-char char1872\">b<\/span><span class=\"split-char char1873\">et<\/span><span class=\"split-char char1874\">s<\/span><span class=\"split-char char1875\">t<\/span><\/span><\/span><\/span><span class=\"split-word word12\"><span class=\"split-word-flow\"><span class=\"split-word-inner split-empty-inner\"><span class=\"split-word-empty\">&nbsp;<\/span><span class=\"split-char char2051\">E<\/span><span class=\"split-char char2052\">N<\/span><span class=\"split-char char2053\">v<\/span><span class=\"split-char char2054\">C<\/span><span class=\"split-char char2055\">c<\/span><span class=\"split-char char2056\">et<\/span><span class=\"split-char char2057\">,<\/span><\/span><\/span><\/span><span class=\"split-word word13\"><span class=\"split-word-flow\"><span class=\"split-word-inner split-empty-inner\"><span class=\"split-word-empty\">&nbsp;<\/span><span class=\"split-char char2233\">E<\/span><span class=\"split-char char2234\">E<\/span><span class=\"split-char char2235\">N<\/span><\/span><\/span><\/span><span class=\"split-word word14\"><span class=\"split-word-flow\"><span class=\"split-word-inner split-empty-inner\"><span class=\"split-word-empty\">&nbsp;<\/span><span class=\"split-char char2411\">t<\/span><span class=\"split-char char2412\">h<\/span><span class=\"split-char char2413\">et<\/span><span class=\"split-char char2414\">E<\/span><\/span><\/span><\/span><span class=\"split-word word15\"><span class=\"split-word-flow\"><span class=\"split-word-inner split-empty-inner\"><span class=\"split-word-empty\">&nbsp;<\/span><span class=\"split-char char2590\">g<\/span><span class=\"split-char char2591\">o<\/span><span class=\"split-char char2592\">C<\/span><span class=\"split-char char2593\">E<\/span><span class=\"split-char char2594\">g<\/span><\/span><\/span><\/span><span class=\"split-word word16\"><span class=\"split-word-flow\"><span class=\"split-word-inner split-empty-inner\"><span class=\"split-word-empty\">&nbsp;<\/span><span class=\"split-char char2770\">E<\/span><span class=\"split-char char2771\">w<\/span><span class=\"split-char char2772\">E<\/span><span class=\"split-char char2773\">et<\/span><span class=\"split-char char2774\">.<\/span><\/span><\/span><\/span><\/span><\/h3><\/div><div class=\"clear\"><\/div><\/div><\/div><\/div><\/div><\/div><\/div><script id=\"script-row-unique-3\" data-row=\"script-row-unique-3\" type=\"text\/javascript\" class=\"vc_controls\">UNCODE.initRow(document.getElementById(\"row-unique-3\"));<\/script><\/div><\/div><\/div>\n<\/div>","protected":false},"excerpt":{"rendered":"<p>Captez l&#039;attention des visiteurs et donnez vie \u00e0 vos pages web gr\u00e2ce aux six effets d&#039;animation de titres diff\u00e9rents et aux options de soulignement anim\u00e9.<\/p>","protected":false},"author":1,"featured_media":0,"parent":125,"menu_order":0,"comment_status":"closed","ping_status":"closed","template":"","meta":{"footnotes":""},"class_list":["post-74910","page","type-page","status-publish","hentry"],"_links":{"self":[{"href":"https:\/\/viralcollab.com\/fr\/wp-json\/wp\/v2\/pages\/74910","targetHints":{"allow":["GET"]}}],"collection":[{"href":"https:\/\/viralcollab.com\/fr\/wp-json\/wp\/v2\/pages"}],"about":[{"href":"https:\/\/viralcollab.com\/fr\/wp-json\/wp\/v2\/types\/page"}],"author":[{"embeddable":true,"href":"https:\/\/viralcollab.com\/fr\/wp-json\/wp\/v2\/users\/1"}],"replies":[{"embeddable":true,"href":"https:\/\/viralcollab.com\/fr\/wp-json\/wp\/v2\/comments?post=74910"}],"version-history":[{"count":0,"href":"https:\/\/viralcollab.com\/fr\/wp-json\/wp\/v2\/pages\/74910\/revisions"}],"up":[{"embeddable":true,"href":"https:\/\/viralcollab.com\/fr\/wp-json\/wp\/v2\/pages\/125"}],"wp:attachment":[{"href":"https:\/\/viralcollab.com\/fr\/wp-json\/wp\/v2\/media?parent=74910"}],"curies":[{"name":"wp","href":"https:\/\/api.w.org\/{rel}","templated":true}]}}