{"id":7172,"date":"2015-01-28T00:18:42","date_gmt":"2015-01-27T23:18:42","guid":{"rendered":"https:\/\/undsgn.com\/uncode\/?page_id=7172"},"modified":"2015-01-28T00:18:42","modified_gmt":"2015-01-27T23:18:42","slug":"portfolio-classic","status":"publish","type":"page","link":"https:\/\/viralcollab.com\/fr\/portfolio-classic\/","title":{"rendered":"Portfolio Classique"},"content":{"rendered":"<div class=\"wpb-content-wrapper\"><div data-parent=\"true\" class=\"vc_row style-color-xsdn-bg row-container\" id=\"row-unique-0\"><div class=\"row exa-top-padding exa-bottom-padding single-h-padding limit-width row-parent\"><div class=\"wpb_row row-inner\"><div class=\"wpb_column pos-middle pos-center align_center column_parent col-lg-12 single-internal-gutter\"><div class=\"uncol style-light\"  ><div class=\"uncoltable\"><div class=\"uncell\" ><div class=\"uncont no-block-padding col-custom-width\" style=\" max-width:900px;\" ><div class=\"vc_custom_heading_wrap\"><div class=\"heading-text el-text curtain animate_inner_when_almost_visible el-text-split\" data-speed=\"1000\"><h2 class=\"font-846016 fontsize-155944 fontheight-357766 font-weight-400 font-obs\" data-style=\"normal\" data-weight=\"400\" data-font=\"Public Sans\"><span class=\"heading-text-inner\"><span class=\"split-word word1\"><span class=\"split-word-flow\"><span class=\"split-word-inner\">Milan<\/span><\/span><\/span><span class=\"split-word word2\"><span class=\"split-word-flow\"><span class=\"split-word-inner split-empty-inner\"><span class=\"split-word-empty\">&nbsp;<\/span>conception<\/span><\/span><\/span><span class=\"split-word word3\"><span class=\"split-word-flow\"><span class=\"split-word-inner split-empty-inner\"><span class=\"split-word-empty\">&nbsp;<\/span>studio<\/span><\/span><\/span><span class=\"split-word word4\"><span class=\"split-word-flow\"><span class=\"split-word-inner split-empty-inner\"><span class=\"split-word-empty\">&nbsp;<\/span>se concentrer<\/span><\/span><\/span><span class=\"split-word word5\"><span class=\"split-word-flow\"><span class=\"split-word-inner split-empty-inner\"><span class=\"split-word-empty\">&nbsp;<\/span>sur<\/span><\/span><\/span><span class=\"split-word word6\"><span class=\"split-word-flow\"><span class=\"split-word-inner split-empty-inner\"><span class=\"split-word-empty\">&nbsp;<\/span>identit\u00e9,<\/span><\/span><\/span><span class=\"split-word word7\"><span class=\"split-word-flow\"><span class=\"split-word-inner split-empty-inner\"><span class=\"split-word-empty\">&nbsp;<\/span>num\u00e9rique<\/span><\/span><\/span><span class=\"split-word word8\"><span class=\"split-word-flow\"><span class=\"split-word-inner split-empty-inner\"><span class=\"split-word-empty\">&nbsp;<\/span>et<\/span><\/span><\/span><span class=\"split-word split-word-empty\">&nbsp;<\/span><span class=\"inl-blo\"><span class=\"split-word word9\"><span class=\"split-word-flow\"><span class=\"split-word-inner\">imprimer<\/span><\/span><\/span><span class=\"split-word word10\"><span class=\"split-word-flow\"><span class=\"split-word-inner split-empty-inner\"><span class=\"split-word-empty\">&nbsp;<\/span>conception<\/span><\/span><\/span><\/span><\/span><\/h2><\/div><div class=\"clear\"><\/div><\/div><\/div><\/div><\/div><\/div><\/div><script id=\"script-row-unique-0\" data-row=\"script-row-unique-0\" type=\"text\/javascript\" class=\"vc_controls\">UNCODE.initRow(document.getElementById(\"row-unique-0\"));<\/script><\/div><\/div><\/div><div data-parent=\"true\" class=\"vc_row row-container\" id=\"row-unique-1\"><div class=\"row no-top-padding single-bottom-padding single-h-padding limit-width row-parent\"><div class=\"wpb_row row-inner\"><div class=\"wpb_column pos-top pos-center align_left column_parent col-lg-12 single-internal-gutter\"><div class=\"uncol style-light font-846016 animate_when_almost_visible alpha-anim\"  data-speed=\"1000\"><div class=\"uncoltable\"><div class=\"uncell no-block-padding\" ><div class=\"uncont\" ><div id=\"index-31209-624\" class=\"isotope-system isotope-general-light grid-general-light\" >\n\t\t\t\n\t\t\t\t\t\t\t\t\t\t\t\t\t\t<div class=\"isotope-wrapper grid-wrapper quad-gutter\" >\t\t\t\t\t\t\t\t\t\t\t\t<div class=\"isotope-container grid-container isotope-layout style-metro isotope-pagination grid-pagination off-grid-layout off-grid-item-odd off-grid-val-7 off-grid-forced\" data-type=\"metro\" data-layout=\"masonry\" data-lg=\"600\" data-md=\"600\" data-sm=\"600\" data-vp-height=\"\">\t\t\t<div class=\"tmb atc-typography-inherit tmb-iso-w12 tmb-iso-h9 tmb-light tmb-content-left tmb-image-anim-magnetic  grid-cat-33 grid-cat-42 tmb-id-156686 tmb-content-under tmb-media-first tmb-no-bg\" ><div class=\"t-inside no-anim\" data-cursor=\"icon-accent\"><div class=\"t-entry-visual\"><div class=\"t-entry-visual-tc\"><div class=\"t-entry-visual-cont\"><a role=\"button\" tabindex=\"-1\" href=\"https:\/\/viralcollab.com\/fr\/portfolio\/influencermarketing\/\" target=\"_self\" data-lb-index=\"0\"><div class=\"t-entry-visual-overlay\"><div class=\"t-entry-visual-overlay-in style-dark-bg\" style=\"opacity: 0.5;\"><\/div><\/div><div class=\"t-background-cover\" style=\"background-image:url('https:\/\/viralcollab.com\/wp-content\/uploads\/2025\/05\/freepik__make-the-background-wider-and-the-controller-small__36471-uai-981x736.png')\"><\/div><\/a><\/div>\n\t\t\t\t\t<\/div>\n\t\t\t\t<\/div><div class=\"t-entry-text\">\n\t\t\t\t\t\t\t\t\t<div class=\"t-entry-text-tc single-block-padding\"><div class=\"t-entry\"><h3 class=\"t-entry-title font-846016 h3 font-weight-400 title-scale\"><a href=\"https:\/\/viralcollab.com\/fr\/portfolio\/influencermarketing\/\" target=\"_self\">Pour les marques et les agences<\/a><\/h3><\/div><\/div>\n\t\t\t\t\t\t\t<\/div><\/div><\/div><div class=\"tmb atc-typography-inherit tmb-iso-w6 tmb-iso-h6 tmb-light tmb-content-left tmb-image-anim-magnetic  grid-cat-33 grid-cat-42 tmb-id-4154 tmb-content-under tmb-media-first tmb-no-bg\" ><div class=\"t-inside parallax-el\" data-cursor=\"icon-accent\" data-rellax-speed=\"2\" data-rellax-percentage=\"0.5\"><div class=\"t-entry-visual\"><div class=\"t-entry-visual-tc\"><div class=\"t-entry-visual-cont\"><a role=\"button\" tabindex=\"-1\" href=\"https:\/\/viralcollab.com\/fr\/portfolio\/talentmanagement\/\" target=\"_self\" data-lb-index=\"1\"><div class=\"t-entry-visual-overlay\"><div class=\"t-entry-visual-overlay-in style-dark-bg\" style=\"opacity: 0.5;\"><\/div><\/div><div class=\"t-background-cover\" style=\"background-image:url('https:\/\/viralcollab.com\/wp-content\/uploads\/2022\/08\/banner2-uai-810x810.png')\"><\/div><\/a><\/div>\n\t\t\t\t\t<\/div>\n\t\t\t\t<\/div><div class=\"t-entry-text\">\n\t\t\t\t\t\t\t\t\t<div class=\"t-entry-text-tc single-block-padding\"><div class=\"t-entry\"><h3 class=\"t-entry-title font-846016 h3 font-weight-400 title-scale\"><a href=\"https:\/\/viralcollab.com\/fr\/portfolio\/talentmanagement\/\" target=\"_self\">Pour les influenceurs<\/a><\/h3><\/div><\/div>\n\t\t\t\t\t\t\t<\/div><\/div><\/div>\t\t<\/div>\t\n\t\n\n\t<\/div>\t\t\t\t<\/div>\n<\/div><\/div><\/div><\/div><\/div><script id=\"script-row-unique-1\" data-row=\"script-row-unique-1\" type=\"text\/javascript\" class=\"vc_controls\">UNCODE.initRow(document.getElementById(\"row-unique-1\"));<\/script><\/div><\/div><\/div><div data-parent=\"true\" class=\"vc_row style-color-xsdn-bg row-container\" id=\"row-unique-2\"><div class=\"row double-top-padding quad-bottom-padding single-h-padding limit-width row-parent\"><div class=\"wpb_row row-inner\"><div class=\"wpb_column pos-middle pos-center align_center column_parent col-lg-12 single-internal-gutter\"><div class=\"uncol style-light\"  ><div class=\"uncoltable\"><div class=\"uncell\" ><div class=\"uncont no-block-padding col-custom-width\" style=\" max-width:996px;\" ><div class=\"vc_custom_heading_wrap\"><div class=\"heading-text el-text\" data-marquee-speed=\"\" data-marquee-trigger=\"\" data-marquee-navbar=\"\" data-marquee-navbar-mobile=\"\"><h2 class=\"font-846016 fontsize-155944 font-weight-400 text-color-uydo-color un-text-marquee un-marquee-scroll un-marquee-infinite\" ><span>Un studio multidisciplinaire de cr\u00e9atifs et de penseurs.<\/span><\/h2><\/div><div class=\"clear\"><\/div><\/div><\/div><\/div><\/div><\/div><\/div><script id=\"script-row-unique-2\" data-row=\"script-row-unique-2\" type=\"text\/javascript\" class=\"vc_controls\">UNCODE.initRow(document.getElementById(\"row-unique-2\"));<\/script><\/div><\/div><\/div><div data-parent=\"true\" class=\"vc_row row-container\" id=\"row-unique-3\"><div class=\"row col-double-gutter no-top-padding exa-bottom-padding single-h-padding limit-width row-parent\"><div class=\"wpb_row row-inner\"><div class=\"wpb_column pos-top pos-center align_left column_parent col-lg-12 single-internal-gutter\"><div class=\"uncol style-light\"  ><div class=\"uncoltable\"><div class=\"uncell no-block-padding\" ><div class=\"uncont\" ><div class=\"vc_row row-internal row-container\"><div class=\"row col-double-gutter row-child\"><div class=\"wpb_row row-inner\"><div class=\"wpb_column pos-top pos-center align_left column_child col-lg-4 single-internal-gutter\"><div class=\"uncol style-light font-846016\" ><div class=\"uncoltable\"><div class=\"uncell no-block-padding\" ><div class=\"uncont\" ><div class=\"vc_custom_heading_wrap\"><div class=\"heading-text el-text\" ><h2 class=\"font-846016 h2 font-weight-400\" ><span>Direction<\/span><\/h2><div class=\"text-lead\"><p>Exploitez les cadres agiles pour fournir une synth\u00e8se robuste et des aper\u00e7us de haut niveau. Les approches it\u00e9ratives de la strat\u00e9gie d&#039;entreprise favorisent la r\u00e9flexion collaborative et renforcent la proposition de valeur globale.<\/p>\n<\/div><\/div><div class=\"clear\"><\/div><\/div><\/div><\/div><\/div><\/div><\/div><div class=\"wpb_column pos-top pos-center align_left column_child col-lg-4 single-internal-gutter\"><div class=\"uncol style-light font-846016\" ><div class=\"uncoltable\"><div class=\"uncell no-block-padding\" ><div class=\"uncont\" ><div class=\"vc_custom_heading_wrap\"><div class=\"heading-text el-text\" ><h2 class=\"font-846016 h2 font-weight-400\" ><span>Image de marque<\/span><\/h2><div class=\"text-lead\"><p>D\u00e9velopper de mani\u00e8re organique une vision holistique de l&#039;innovation de rupture gr\u00e2ce \u00e0 la diversit\u00e9 et \u00e0 l&#039;autonomisation au travail. Proposer des strat\u00e9gies gagnant-gagnant pour assurer une domination proactive.<\/p>\n<\/div><\/div><div class=\"clear\"><\/div><\/div><\/div><\/div><\/div><\/div><\/div><div class=\"wpb_column pos-top pos-center align_left column_child col-lg-4 single-internal-gutter\"><div class=\"uncol style-light font-846016\" ><div class=\"uncoltable\"><div class=\"uncell no-block-padding\" ><div class=\"uncont\" ><div class=\"vc_custom_heading_wrap\"><div class=\"heading-text el-text\" ><h2 class=\"font-846016 h2 font-weight-400\" ><span>Web et impression<\/span><\/h2><div class=\"text-lead\"><p>En d\u00e9finitive, pour l&#039;avenir, une nouvelle norme, fruit de l&#039;\u00e9volution des g\u00e9n\u00e9rations, se profile \u00e0 l&#039;horizon, orient\u00e9e vers une solution cloud optimis\u00e9e. Le contenu g\u00e9n\u00e9r\u00e9 par les utilisateurs en temps r\u00e9el offrira des points de contact.<\/p>\n<\/div><\/div><div class=\"clear\"><\/div><\/div><\/div><\/div><\/div><\/div><\/div><\/div><\/div><\/div><\/div><\/div><\/div><\/div><\/div><script id=\"script-row-unique-3\" data-row=\"script-row-unique-3\" type=\"text\/javascript\" class=\"vc_controls\">UNCODE.initRow(document.getElementById(\"row-unique-3\"));<\/script><\/div><\/div><\/div><div data-parent=\"true\" class=\"vc_row style-color-rgdb-bg row-container\" id=\"row-unique-4\"><div class=\"row exa-top-padding exa-bottom-padding single-h-padding limit-width row-parent\"><div class=\"wpb_row row-inner\"><div class=\"wpb_column pos-top pos-center align_center column_parent col-lg-12 double-internal-gutter\"><div class=\"uncol style-dark font-846016\"  ><div class=\"uncoltable\"><div class=\"uncell\" ><div class=\"uncont no-block-padding col-custom-width\" style=\" max-width:900px;\" ><div class=\"vc_custom_heading_wrap\"><div class=\"heading-text el-text\" ><h3 class=\"font-846016 h2 fontheight-357766 font-weight-400\" ><span>Studio de design bas\u00e9 \u00e0 Milan, sp\u00e9cialis\u00e9 dans l&#039;identit\u00e9, le num\u00e9rique et <span class=\"inl-blo\">Imprimer. Contact<\/span>\u00a0<a href=\"mailto:info@yoursite.com\">info@votresite.com<\/a> &#8211; 39 02 45982357<\/span><\/h3><\/div><div class=\"clear\"><\/div><\/div><div class=\"uncode-vc-social\"><div class=\"social-icon icon-box icon-box-top icon-inline\" ><a href=\"https:\/\/www.facebook.com\/viralcollab\/\" role=\"button\"\" target=\"_blank\"><i class=\"fa fa-facebook1\"><\/i><\/a><\/div><div class=\"social-icon icon-box icon-box-top icon-inline\" ><a href=\"https:\/\/twitter.com\/viralcollab\" role=\"button\"\" target=\"_blank\"><i class=\"fa fa-twitter1\"><\/i><\/a><\/div><div class=\"social-icon icon-box icon-box-top icon-inline\" ><a href=\"https:\/\/www.linkedin.com\/company\/viralcollab\/?viewAsMember=true\" role=\"button\"\" target=\"_blank\"><i class=\"fa fa-linkedin-square\"><\/i><\/a><\/div><div class=\"social-icon icon-box icon-box-top icon-inline\" ><a href=\"https:\/\/www.instagram.com\/viralcollab\/\" role=\"button\"\" target=\"_blank\"><i class=\"fa fa-instagram\"><\/i><\/a><\/div><\/div><\/div><\/div><\/div><\/div><\/div><script id=\"script-row-unique-4\" data-row=\"script-row-unique-4\" type=\"text\/javascript\" class=\"vc_controls\">UNCODE.initRow(document.getElementById(\"row-unique-4\"));<\/script><\/div><\/div><\/div><div data-parent=\"true\" class=\"vc_row style-color-wayh-bg row-container\" id=\"row-unique-5\"><div class=\"row col-double-gutter single-top-padding single-bottom-padding single-h-padding limit-width row-parent\"><div class=\"wpb_row row-inner\"><div class=\"wpb_column pos-top pos-center align_left column_parent col-lg-6 col-md-50 single-internal-gutter\"><div class=\"uncol style-dark font-846016\"  ><div class=\"uncoltable\"><div class=\"uncell no-block-padding\" ><div class=\"uncont\" ><div class=\"uncode-vc-social\"><p>\u00a9 2026 Viral Collab. <span style=\"white-space:nowrap;\">Tous droits r\u00e9serv\u00e9s<\/span><\/p><\/div><\/div><\/div><\/div><\/div><\/div><div class=\"wpb_column pos-top pos-center align_right column_parent col-lg-6 col-md-50 single-internal-gutter\"><div class=\"uncol style-dark font-846016\"  ><div class=\"uncoltable\"><div class=\"uncell no-block-padding\" ><div class=\"uncont\" ><div class=\"uncode_text_column\" ><p>Cr\u00e9\u00e9 avec le th\u00e8me Uncode<\/p>\n<\/div><\/div><\/div><\/div><\/div><\/div><script id=\"script-row-unique-5\" data-row=\"script-row-unique-5\" type=\"text\/javascript\" class=\"vc_controls\">UNCODE.initRow(document.getElementById(\"row-unique-5\"));<\/script><\/div><\/div><\/div>\n<\/div>","protected":false},"excerpt":{"rendered":"Gestion des talents\u00a0: \u00ab\u00a0Viral Collab a jou\u00e9 un r\u00f4le essentiel dans mon parcours de cr\u00e9ateur de contenu. Je ne serais pas l\u00e0 o\u00f9 j&#039;en suis aujourd&#039;hui sans leur engagement envers votre d\u00e9veloppement et votre r\u00e9ussite.\u00a0\u00bb \u2014 Reid Boehm, influenceur gaming. Rejoignez notre \u00e9quipe\u00a0! Nous aidons les influenceurs comme vous \u00e0 d\u00e9velopper leur carri\u00e8re en prenant en charge les aspects commerciaux. Remplissez ce formulaire pour [...]","protected":false},"author":1,"featured_media":129988,"parent":0,"menu_order":0,"comment_status":"open","ping_status":"closed","template":"","meta":{"footnotes":""},"class_list":["post-7172","page","type-page","status-publish","has-post-thumbnail","hentry","page_category-portfolio"],"_links":{"self":[{"href":"https:\/\/viralcollab.com\/fr\/wp-json\/wp\/v2\/pages\/7172","targetHints":{"allow":["GET"]}}],"collection":[{"href":"https:\/\/viralcollab.com\/fr\/wp-json\/wp\/v2\/pages"}],"about":[{"href":"https:\/\/viralcollab.com\/fr\/wp-json\/wp\/v2\/types\/page"}],"author":[{"embeddable":true,"href":"https:\/\/viralcollab.com\/fr\/wp-json\/wp\/v2\/users\/1"}],"replies":[{"embeddable":true,"href":"https:\/\/viralcollab.com\/fr\/wp-json\/wp\/v2\/comments?post=7172"}],"version-history":[{"count":0,"href":"https:\/\/viralcollab.com\/fr\/wp-json\/wp\/v2\/pages\/7172\/revisions"}],"wp:featuredmedia":[{"embeddable":true,"href":"https:\/\/viralcollab.com\/fr\/wp-json\/wp\/v2\/media\/129988"}],"wp:attachment":[{"href":"https:\/\/viralcollab.com\/fr\/wp-json\/wp\/v2\/media?parent=7172"}],"curies":[{"name":"wp","href":"https:\/\/api.w.org\/{rel}","templated":true}]}}