{"id":57495,"date":"2017-05-09T15:27:24","date_gmt":"2017-05-09T13:27:24","guid":{"rendered":"https:\/\/undsgn.com\/uncode\/?page_id=57495"},"modified":"2017-05-09T15:27:24","modified_gmt":"2017-05-09T13:27:24","slug":"landing-inspirational","status":"publish","type":"page","link":"https:\/\/viralcollab.com\/fr\/pages\/landing-inspirational\/","title":{"rendered":"Landing Inspirational"},"content":{"rendered":"<div class=\"wpb-content-wrapper\"><div data-parent=\"true\" class=\"vc_row style-accent-bg row-container\" id=\"row-unique-0\"><div class=\"row exa-top-padding exa-bottom-padding double-h-padding limit-width row-parent\" data-height-ratio=\"65\"><div class=\"wpb_row row-inner\"><div class=\"wpb_column pos-middle pos-center align_center column_parent col-lg-12 single-internal-gutter\"><div class=\"uncol style-dark\"  ><div class=\"uncoltable\"><div class=\"uncell\" ><div class=\"uncont no-block-padding col-custom-width\" style=\" max-width:900px;\" ><div class=\"vc_custom_heading_wrap\"><div class=\"heading-text el-text\" ><h2 class=\"font-165032 fontsize-338686 fontspace-111509 font-weight-400\" ><span>Tout dans ce monde est con\u00e7u <em>mais<\/em> seules quelques choses sont con\u00e7ues <em>Bien<\/em>.<\/span><\/h2><\/div><div class=\"clear\"><\/div><\/div><\/div><\/div><\/div><\/div><\/div><script id=\"script-row-unique-0\" data-row=\"script-row-unique-0\" type=\"text\/javascript\" class=\"vc_controls\">UNCODE.initRow(document.getElementById(\"row-unique-0\"));<\/script><\/div><\/div><\/div><div data-parent=\"true\" class=\"vc_row style-accent-bg row-container\" id=\"row-unique-1\"><div class=\"row col-double-gutter no-top-padding single-bottom-padding single-h-padding limit-width row-parent\"><div class=\"wpb_row row-inner\"><div class=\"wpb_column pos-top pos-center align_left column_parent col-lg-7 single-internal-gutter\"><div class=\"uncol style-light\"  ><div class=\"uncoltable\"><div class=\"uncell no-block-padding\" ><div class=\"uncont\" ><div class=\"uncode-single-media  text-left\"><div class=\"single-wrapper\" style=\"max-width: 100%;\"><div class=\"tmb tmb-light  tmb-bordered tmb-shadowed tmb-shadowed-none tmb-img-ratio tmb-media-first tmb-media-last tmb-content-overlay tmb-no-bg\"><div class=\"t-inside\"><div class=\"t-entry-visual\"><div class=\"t-entry-visual-tc\"><div class=\"uncode-single-media-wrapper img-thumbnail\"><div class=\"dummy\" style=\"padding-top: 133.3%;\"><\/div><img decoding=\"async\" class=\"wp-image-11311\" src=\"https:\/\/viralcollab.com\/wp-content\/uploads\/2025\/03\/image-placeholder-5-uai-960x1280.jpg\" width=\"960\" height=\"1280\" alt=\"\" srcset=\"https:\/\/viralcollab.com\/wp-content\/uploads\/2025\/03\/image-placeholder-5-uai-960x1280.jpg 960w, https:\/\/viralcollab.com\/wp-content\/uploads\/2025\/03\/image-placeholder-5-uai-720x959.jpg 720w\" sizes=\"(max-width: 960px) 100vw, 960px\" \/><\/div>\n\t\t\t\t\t<\/div>\n\t\t\t\t<\/div><\/div><\/div><\/div><\/div><\/div><\/div><\/div><\/div><\/div><div class=\"wpb_column pos-top pos-left align_left align_center_tablet align_center_mobile column_parent col-lg-5 half-internal-gutter\"><div class=\"uncol style-dark shift_y_double\"  ><div class=\"uncoltable\"><div class=\"uncell no-block-padding\" ><div class=\"uncont\" style=\" max-width:80%;\" ><div class=\"vc_custom_heading_wrap\"><div class=\"heading-text el-text\" ><h2 class=\"font-165032 h1 fontspace-781688 font-weight-400\" ><span>Si vous le faites correctement, cela fonctionnera. <em>durer pour toujours<\/em>.<\/span><\/h2><\/div><div class=\"clear\"><\/div><\/div><div class=\"uncode_text_column\" ><p>Supprimez le n\u00e9gatif\u00a0; accentuez le positif\u00a0! On ne peut pas \u00eatre cr\u00e9atif avec les gens qui nous entourent. Difficile de parler de mode de mani\u00e8re abstraite, sans un corps humain sous les yeux, sans dessins, sans choix de tissus \u2013 sans r\u00e9alit\u00e9 pratique ou visuelle. Pour moi, l&#039;\u00e9t\u00e9 sera gris pur \u2013 gris nacr\u00e9, gris tr\u00e8s p\u00e2le. Pour moi, c&#039;est la couleur phare de l&#039;\u00e9t\u00e9. Ensuite, il y a le bleu clair, le turquoise clair, beaucoup de rose.<\/p>\n<\/div><\/div><\/div><\/div><\/div><\/div><script id=\"script-row-unique-1\" data-row=\"script-row-unique-1\" type=\"text\/javascript\" class=\"vc_controls\">UNCODE.initRow(document.getElementById(\"row-unique-1\"));<\/script><\/div><\/div><\/div><div data-parent=\"true\" class=\"vc_row style-accent-bg row-container\" id=\"row-unique-2\"><div class=\"row col-double-gutter no-top-padding double-bottom-padding single-h-padding limit-width row-parent\"><div class=\"wpb_row row-inner\"><div class=\"wpb_column pos-middle pos-right align_left align_center_tablet align_center_mobile column_parent col-lg-5 half-internal-gutter\"><div class=\"uncol style-dark\"  ><div class=\"uncoltable\"><div class=\"uncell no-block-padding\" ><div class=\"uncont\" style=\" max-width:80%;\" ><div class=\"vc_custom_heading_wrap\"><div class=\"heading-text el-text\" ><h2 class=\"font-165032 h1 fontspace-781688 font-weight-400\" ><span>La simplicit\u00e9 est \u00e0 propos de <em>soustraire<\/em> l&#039;\u00e9vidence et <em>ajout<\/em> le significatif.<\/span><\/h2><\/div><div class=\"clear\"><\/div><\/div><div class=\"uncode_text_column\" ><p>Le style est bien plus int\u00e9ressant que la mode, en r\u00e9alit\u00e9. Le design et le style doivent vous permettre d&#039;\u00eatre belle et de vous sentir bien sans trop d&#039;efforts, afin que vous puissiez vous concentrer sur l&#039;essentiel. J&#039;appr\u00e9cie toujours l&#039;individualit\u00e9. Le style est bien plus int\u00e9ressant que la mode, en r\u00e9alit\u00e9. J&#039;aimerais croire que les femmes qui portent mes v\u00eatements ne s&#039;habillent pas pour les autres, qu&#039;elles portent ce qu&#039;elles aiment et ce qui leur va bien. Ce n&#039;est pas une question de statut.<\/p>\n<\/div><div class=\"empty-space empty-single desktop-hidden\" ><span class=\"empty-space-inner\"><\/span><\/div>\n<\/div><\/div><\/div><\/div><\/div><div class=\"wpb_column pos-top pos-center align_left column_parent col-lg-7 tablet-hidden mobile-hidden single-internal-gutter\"><div class=\"uncol style-light shift_y_neg_quad\"  ><div class=\"uncoltable\"><div class=\"uncell no-block-padding\" ><div class=\"uncont\" ><div class=\"uncode-single-media  text-left\"><div class=\"single-wrapper\" style=\"max-width: 100%;\"><div class=\"tmb tmb-light  tmb-shadowed tmb-shadowed-std tmb-img-ratio tmb-media-first tmb-media-last tmb-content-overlay tmb-no-bg\"><div class=\"t-inside\"><div class=\"t-entry-visual\"><div class=\"t-entry-visual-tc\"><div class=\"uncode-single-media-wrapper\"><div class=\"dummy\" style=\"padding-top: 133.3%;\"><\/div><img decoding=\"async\" class=\"wp-image-11296\" src=\"https:\/\/viralcollab.com\/wp-content\/uploads\/2025\/03\/image-placeholder-7-uai-960x1280.jpg\" width=\"960\" height=\"1280\" alt=\"\" srcset=\"https:\/\/viralcollab.com\/wp-content\/uploads\/2025\/03\/image-placeholder-7-uai-960x1280.jpg 960w, https:\/\/viralcollab.com\/wp-content\/uploads\/2025\/03\/image-placeholder-7-uai-720x959.jpg 720w\" sizes=\"(max-width: 960px) 100vw, 960px\" \/><\/div>\n\t\t\t\t\t<\/div>\n\t\t\t\t<\/div><\/div><\/div><\/div><\/div><div class=\"divider-wrapper\"  >\n    <hr class=\"border-color-xsdn-color separator-no-padding\"  style=\"width: 10%;border-top-width: 2px;\" \/>\n<\/div>\n<\/div><\/div><\/div><\/div><\/div><script id=\"script-row-unique-2\" data-row=\"script-row-unique-2\" type=\"text\/javascript\" class=\"vc_controls\">UNCODE.initRow(document.getElementById(\"row-unique-2\"));<\/script><\/div><\/div><\/div><div data-parent=\"true\" class=\"vc_row style-accent-bg row-container\" style=\"z-index: 1;\" id=\"row-unique-3\"><div class=\"row single-top-padding single-bottom-padding single-h-padding full-width row-parent\"><div class=\"wpb_row row-inner\"><div class=\"wpb_column pos-top pos-center align_left column_parent col-lg-12 half-internal-gutter\"><div class=\"uncol style-dark\"  ><div class=\"uncoltable\"><div class=\"uncell\" ><div class=\"uncont no-block-padding col-custom-width\" style=\" max-width:1356px;\" ><div class=\"uncode-single-media  text-left\"><div class=\"single-wrapper\" style=\"max-width: 100%;\"><div class=\"tmb tmb-light  tmb-bordered tmb-shadowed tmb-shadowed-std tmb-img-ratio tmb-media-first tmb-media-last tmb-content-overlay tmb-no-bg\"><div class=\"t-inside\"><div class=\"t-entry-visual\"><div class=\"t-entry-visual-tc\"><div class=\"uncode-single-media-wrapper img-thumbnail\"><div class=\"dummy\" style=\"padding-top: 56.3%;\"><\/div><img decoding=\"async\" class=\"wp-image-2286\" src=\"https:\/\/viralcollab.com\/wp-content\/uploads\/2025\/03\/image-placeholder-1-uai-1920x1080.jpg\" width=\"1920\" height=\"1080\" alt=\"\"><\/div>\n\t\t\t\t\t<\/div>\n\t\t\t\t<\/div><\/div><\/div><\/div><\/div><\/div><\/div><\/div><\/div><\/div><script id=\"script-row-unique-3\" data-row=\"script-row-unique-3\" type=\"text\/javascript\" class=\"vc_controls\">UNCODE.initRow(document.getElementById(\"row-unique-3\"));<\/script><\/div><\/div><\/div><div data-parent=\"true\" class=\"vc_row style-accent-bg row-container\" id=\"row-unique-4\"><div class=\"row col-double-gutter double-top-padding no-bottom-padding single-h-padding limit-width row-parent\"><div class=\"wpb_row row-inner\"><div class=\"wpb_column pos-top pos-center align_left column_parent col-lg-7 single-internal-gutter\"><div class=\"uncol style-light\"  ><div class=\"uncoltable\"><div class=\"uncell no-block-padding\" ><div class=\"uncont\" ><div class=\"uncode-single-media  text-left\"><div class=\"single-wrapper\" style=\"max-width: 100%;\"><div class=\"tmb tmb-light  tmb-shadowed tmb-shadowed-sm tmb-img-ratio tmb-media-first tmb-media-last tmb-content-overlay tmb-no-bg\"><div class=\"t-inside\"><div class=\"t-entry-visual\"><div class=\"t-entry-visual-tc\"><div class=\"uncode-single-media-wrapper\"><div class=\"dummy\" style=\"padding-top: 133.3%;\"><\/div><img decoding=\"async\" class=\"wp-image-11315\" src=\"https:\/\/viralcollab.com\/wp-content\/uploads\/2025\/03\/image-placeholder-9-uai-960x1280.jpg\" width=\"960\" height=\"1280\" alt=\"\" srcset=\"https:\/\/viralcollab.com\/wp-content\/uploads\/2025\/03\/image-placeholder-9-uai-960x1280.jpg 960w, https:\/\/viralcollab.com\/wp-content\/uploads\/2025\/03\/image-placeholder-9-uai-720x960.jpg 720w\" sizes=\"(max-width: 960px) 100vw, 960px\" \/><\/div>\n\t\t\t\t\t<\/div>\n\t\t\t\t<\/div><\/div><\/div><\/div><\/div><\/div><\/div><\/div><\/div><\/div><div class=\"wpb_column pos-middle pos-left align_left align_center_tablet align_center_mobile column_parent col-lg-5 half-internal-gutter\"><div class=\"uncol style-dark\"  ><div class=\"uncoltable\"><div class=\"uncell no-block-padding\" ><div class=\"uncont\" style=\" max-width:80%;\" ><div class=\"vc_custom_heading_wrap\"><div class=\"heading-text el-text\" ><h2 class=\"font-165032 h1 fontspace-781688 font-weight-400\" ><span>La mode peut \u00eatre \u00e7a <em>myst\u00e9rieux<\/em> chose.<\/span><\/h2><\/div><div class=\"clear\"><\/div><\/div><div class=\"uncode_text_column\" ><p>Supprimez le n\u00e9gatif\u00a0; accentuez le positif\u00a0! On ne peut pas \u00eatre cr\u00e9atif avec les gens qui nous entourent. Difficile de parler de mode de mani\u00e8re abstraite, sans un corps humain sous les yeux, sans dessins, sans choix de tissus \u2013 sans r\u00e9alit\u00e9 pratique ou visuelle. Pour moi, l&#039;\u00e9t\u00e9 sera gris pur \u2013 gris nacr\u00e9, gris tr\u00e8s p\u00e2le. Pour moi, c&#039;est la grande tendance de l&#039;\u00e9t\u00e9. Ensuite, il y a le bleu clair et beaucoup de rose.<\/p>\n<\/div><div class=\"empty-space empty-single desktop-hidden\" ><span class=\"empty-space-inner\"><\/span><\/div>\n<\/div><\/div><\/div><\/div><\/div><script id=\"script-row-unique-4\" data-row=\"script-row-unique-4\" type=\"text\/javascript\" class=\"vc_controls\">UNCODE.initRow(document.getElementById(\"row-unique-4\"));<\/script><\/div><\/div><\/div><div data-parent=\"true\" class=\"vc_row style-accent-bg row-container\" style=\"z-index: 1;\" id=\"row-unique-5\"><div class=\"row col-no-gutter no-top-padding single-bottom-padding single-h-padding limit-width row-parent\"><div class=\"wpb_row row-inner\"><div class=\"wpb_column pos-top pos-center align_left align_center_tablet align_center_mobile column_parent col-lg-4 single-internal-gutter z_index_2\"><div class=\"uncol style-light shift_x_triple shift_y_double\"  ><div class=\"uncoltable\"><div class=\"uncell double-block-padding style-color-xsdn-bg unshadow-lg\" ><div class=\"uncont\" ><div class=\"vc_custom_heading_wrap\"><div class=\"heading-text el-text\" ><h2 class=\"font-165032 h1 fontspace-781688 font-weight-400\" ><span>La qualit\u00e9 est dans <em>d\u00e9tails<\/em>.<\/span><\/h2><\/div><div class=\"clear\"><\/div><\/div><div class=\"uncode_text_column\" ><p><strong>CORPS<\/strong><br \/>\nCoton 100%<\/p>\n<p><strong>BRODERIE<\/strong><br \/>\nPolyester 67%,<br \/>\nFibre m\u00e9tallique 33%<\/p>\n<\/div><\/div><\/div><\/div><\/div><\/div><div class=\"wpb_column pos-top pos-center align_left column_parent col-lg-8 single-internal-gutter\"><div class=\"uncol style-dark shift_x_single shift_y_neg_quad\"  ><div class=\"uncoltable\"><div class=\"uncell no-block-padding\" ><div class=\"uncont\" style=\" max-width:900px;\" ><div class=\"empty-space empty-single desktop-hidden\" ><span class=\"empty-space-inner\"><\/span><\/div>\n<div class=\"uncode-single-media  text-left\"><div class=\"single-wrapper\" style=\"max-width: 100%;\"><div class=\"tmb tmb-light  tmb-bordered tmb-shadowed tmb-shadowed-std tmb-img-ratio tmb-media-first tmb-media-last tmb-content-overlay tmb-no-bg\"><div class=\"t-inside\"><div class=\"t-entry-visual\"><div class=\"t-entry-visual-tc\"><div class=\"uncode-single-media-wrapper img-thumbnail\"><div class=\"dummy\" style=\"padding-top: 66.7%;\"><\/div><img decoding=\"async\" class=\"wp-image-11296\" src=\"https:\/\/viralcollab.com\/wp-content\/uploads\/2025\/03\/image-placeholder-7.jpg\" width=\"1920\" height=\"1280\" alt=\"\" srcset=\"https:\/\/viralcollab.com\/wp-content\/uploads\/2025\/03\/image-placeholder-7.jpg 1920w, https:\/\/viralcollab.com\/wp-content\/uploads\/2025\/03\/image-placeholder-7-uai-720x480.jpg 720w, https:\/\/viralcollab.com\/wp-content\/uploads\/2025\/03\/image-placeholder-7-uai-900x600.jpg 900w\" sizes=\"(max-width: 1920px) 100vw, 1920px\" \/><\/div>\n\t\t\t\t\t<\/div>\n\t\t\t\t<\/div><\/div><\/div><\/div><\/div><\/div><\/div><\/div><\/div><\/div><script id=\"script-row-unique-5\" data-row=\"script-row-unique-5\" type=\"text\/javascript\" class=\"vc_controls\">UNCODE.initRow(document.getElementById(\"row-unique-5\"));<\/script><\/div><\/div><\/div><div data-parent=\"true\" class=\"vc_row style-accent-bg row-container\" id=\"row-unique-6\"><div class=\"row no-top-padding triple-bottom-padding single-h-padding limit-width row-parent\"><div class=\"wpb_row row-inner\"><div class=\"wpb_column pos-top pos-center align_left column_parent col-lg-12 single-internal-gutter\"><div class=\"uncol style-dark\"  ><div class=\"uncoltable\"><div class=\"uncell\" ><div class=\"uncont single-block-padding col-custom-width\" style=\" max-width:600px;\" ><div class=\"divider-wrapper\"  >\n    <hr class=\"border-color-xsdn-color separator-no-padding\"  style=\"width: 10%;border-top-width: 2px;\" \/>\n<\/div>\n<div class=\"uncode-single-media  text-center\"><div class=\"single-wrapper\" style=\"max-width: 300px;\"><div class=\"tmb tmb-light  img-circle tmb-bordered tmb-shadowed tmb-shadowed-sm tmb-img-ratio tmb-media-first tmb-media-last tmb-content-overlay tmb-no-bg\"><div class=\"t-inside\"><div class=\"t-entry-visual\"><div class=\"t-entry-visual-tc\"><div class=\"uncode-single-media-wrapper img-circle img-thumbnail\"><div class=\"dummy\" style=\"padding-top: 100%;\"><\/div><img decoding=\"async\" class=\"wp-image-11298\" src=\"https:\/\/viralcollab.com\/wp-content\/uploads\/2025\/03\/image-placeholder-10-uai-1280x1280.jpg\" width=\"1280\" height=\"1280\" alt=\"\" srcset=\"https:\/\/viralcollab.com\/wp-content\/uploads\/2025\/03\/image-placeholder-10-uai-1280x1280.jpg 1280w, https:\/\/viralcollab.com\/wp-content\/uploads\/2025\/03\/image-placeholder-10-uai-720x720.jpg 720w\" sizes=\"(max-width: 1280px) 100vw, 1280px\" \/><\/div>\n\t\t\t\t\t<\/div>\n\t\t\t\t<\/div><\/div><\/div><\/div><\/div><div class=\"vc_row row-internal row-container\"><div class=\"row row-child\"><div class=\"wpb_row row-inner\"><div class=\"wpb_column pos-top pos-center align_center column_child col-lg-12 single-internal-gutter\"><div class=\"uncol style-dark\" ><div class=\"uncoltable\"><div class=\"uncell no-block-padding\" ><div class=\"uncont\" ><div class=\"vc_custom_heading_wrap\"><div class=\"heading-text el-text\" ><h2 class=\"font-165032 h1 fontspace-781688 font-weight-400\" ><span>T-shirt Perline\u00a0<em>$129,95<\/em><\/span><\/h2><\/div><div class=\"clear\"><\/div><\/div><span class=\"btn-container\" ><a role=\"button\"  href=\"https:\/\/localhost\/uncode\/product\/black-leather-jersey-hoodie\/\" class=\"custom-link btn border-width-0 btn-default btn-outline btn-icon-left\">Acheter ce produit<\/a><\/span><\/div><\/div><\/div><\/div><\/div><\/div><\/div><\/div><\/div><\/div><\/div><\/div><\/div><script id=\"script-row-unique-6\" data-row=\"script-row-unique-6\" type=\"text\/javascript\" class=\"vc_controls\">UNCODE.initRow(document.getElementById(\"row-unique-6\"));<\/script><\/div><\/div><\/div>\n<\/div>","protected":false},"excerpt":{"rendered":"Everything in this world is designed but just\u00a0few things are designed well. If you do it right, it will last [...]","protected":false},"author":1,"featured_media":0,"parent":36601,"menu_order":0,"comment_status":"closed","ping_status":"closed","template":"","meta":{"footnotes":""},"class_list":["post-57495","page","type-page","status-publish","hentry"],"_links":{"self":[{"href":"https:\/\/viralcollab.com\/fr\/wp-json\/wp\/v2\/pages\/57495","targetHints":{"allow":["GET"]}}],"collection":[{"href":"https:\/\/viralcollab.com\/fr\/wp-json\/wp\/v2\/pages"}],"about":[{"href":"https:\/\/viralcollab.com\/fr\/wp-json\/wp\/v2\/types\/page"}],"author":[{"embeddable":true,"href":"https:\/\/viralcollab.com\/fr\/wp-json\/wp\/v2\/users\/1"}],"replies":[{"embeddable":true,"href":"https:\/\/viralcollab.com\/fr\/wp-json\/wp\/v2\/comments?post=57495"}],"version-history":[{"count":0,"href":"https:\/\/viralcollab.com\/fr\/wp-json\/wp\/v2\/pages\/57495\/revisions"}],"up":[{"embeddable":true,"href":"https:\/\/viralcollab.com\/fr\/wp-json\/wp\/v2\/pages\/36601"}],"wp:attachment":[{"href":"https:\/\/viralcollab.com\/fr\/wp-json\/wp\/v2\/media?parent=57495"}],"curies":[{"name":"wp","href":"https:\/\/api.w.org\/{rel}","templated":true}]}}