{"id":57044,"date":"2017-05-05T12:19:47","date_gmt":"2017-05-05T10:19:47","guid":{"rendered":"https:\/\/undsgn.com\/uncode\/?page_id=57044"},"modified":"2017-05-05T12:19:47","modified_gmt":"2017-05-05T10:19:47","slug":"services-minimal","status":"publish","type":"page","link":"https:\/\/viralcollab.com\/fr\/services-minimal\/","title":{"rendered":"Services Minimal"},"content":{"rendered":"<div class=\"wpb-content-wrapper\"><div data-parent=\"true\" class=\"vc_row style-color-nhtu-bg row-container\" id=\"row-unique-0\"><div class=\"row unequal no-top-padding no-bottom-padding no-h-padding full-width row-parent\" data-height-ratio=\"full\"><div class=\"wpb_row row-inner\"><div class=\"wpb_column pos-top pos-center align_left column_parent col-lg-12 single-internal-gutter\"><div class=\"uncol style-dark unexpand\"  ><div class=\"uncoltable\"><div class=\"uncell no-block-padding\" ><div class=\"uncont\" ><div class=\"vc_row row-internal row-container\"><div class=\"row unequal col-no-gutter row-child\"><div class=\"wpb_row row-inner\"><div class=\"wpb_column pos-top pos-center align_left column_child col-lg-6 single-internal-gutter\"><div class=\"uncol style-light unexpand\" ><div class=\"uncoltable\" style=\"min-height: 300px;\"><div class=\"uncell single-block-padding\" ><div class=\"column-background background-element\">\n\t\t\t\t\t\t\t\t\t\t\t<div class=\"background-wrapper\">\n\t\t\t\t\t\t\t\t\t\t\t\t<div class=\"background-inner\" style=\"background-image: url(https:\/\/viralcollab.com\/wp-content\/uploads\/2025\/03\/image-placeholder-6.jpg);background-repeat: no-repeat;background-position: right center;background-size: cover;\" data-o_src=\"https:\/\/viralcollab.com\/wp-content\/uploads\/2025\/03\/image-placeholder-6.jpg\"><\/div>\n\t\t\t\t\t\t\t\t\t\t\t\t\n\t\t\t\t\t\t\t\t\t\t\t<\/div>\n\t\t\t\t\t\t\t\t\t\t<\/div><div class=\"uncont\" ><\/div><\/div><\/div><\/div><\/div><div class=\"wpb_column pos-middle pos-center align_left column_child col-lg-6 single-internal-gutter\"><div class=\"uncol style-dark font-136269\" ><div class=\"uncoltable\"><div class=\"uncell double-block-padding\" ><div class=\"uncont\" style=\" max-width:65%;\" ><div class=\"vc_custom_heading_wrap\"><div class=\"heading-text el-text\" ><h1 class=\"font-136269 fontsize-155944\" ><span>D\u00e9veloppement<br \/><\/span><span>et conception<\/span><\/h1><\/div><div class=\"clear\"><\/div><\/div><div class=\"uncode_text_column text-lead\" ><p><strong>Strat\u00e9gie<\/strong><br \/>\nExploitez les opportunit\u00e9s les plus faciles \u00e0 saisir pour identifier une activit\u00e9 \u00e0 valeur ajout\u00e9e approximative \u00e0 tester en version b\u00eata. R\u00e9duisez la fracture num\u00e9rique gr\u00e2ce \u00e0 des clics suppl\u00e9mentaires.<\/p>\n<p><strong>Conception graphique<\/strong><br \/>\nTirer parti des m\u00e9thodologies agiles pour fournir une synth\u00e8se pertinente des grandes orientations. Les approches it\u00e9ratives de la strat\u00e9gie d&#039;entreprise favorisent la collaboration.<\/p>\n<p><strong>D\u00e9veloppement<\/strong><br \/>\nMettre en \u0153uvre des strat\u00e9gies gagnant-gagnant pour assurer une domination proactive. \u00c0 terme, une nouvelle norme s&#039;\u00e9tablira.<\/p>\n<p>\n<\/div><\/div><\/div><\/div><\/div><\/div><\/div><\/div><\/div><\/div><\/div><\/div><\/div><\/div><script id=\"script-row-unique-0\" data-row=\"script-row-unique-0\" type=\"text\/javascript\" class=\"vc_controls\">UNCODE.initRow(document.getElementById(\"row-unique-0\"));<\/script><\/div><\/div><\/div>\n<\/div>","protected":false},"excerpt":{"rendered":"Developmentand designStrategy Capitalize on low hanging fruit to identify a ballpark value added activity to beta test. Override the digital [...]","protected":false},"author":1,"featured_media":0,"parent":0,"menu_order":0,"comment_status":"closed","ping_status":"closed","template":"","meta":{"footnotes":""},"class_list":["post-57044","page","type-page","status-publish","hentry"],"_links":{"self":[{"href":"https:\/\/viralcollab.com\/fr\/wp-json\/wp\/v2\/pages\/57044","targetHints":{"allow":["GET"]}}],"collection":[{"href":"https:\/\/viralcollab.com\/fr\/wp-json\/wp\/v2\/pages"}],"about":[{"href":"https:\/\/viralcollab.com\/fr\/wp-json\/wp\/v2\/types\/page"}],"author":[{"embeddable":true,"href":"https:\/\/viralcollab.com\/fr\/wp-json\/wp\/v2\/users\/1"}],"replies":[{"embeddable":true,"href":"https:\/\/viralcollab.com\/fr\/wp-json\/wp\/v2\/comments?post=57044"}],"version-history":[{"count":0,"href":"https:\/\/viralcollab.com\/fr\/wp-json\/wp\/v2\/pages\/57044\/revisions"}],"wp:attachment":[{"href":"https:\/\/viralcollab.com\/fr\/wp-json\/wp\/v2\/media?parent=57044"}],"curies":[{"name":"wp","href":"https:\/\/api.w.org\/{rel}","templated":true}]}}