{"id":57022,"date":"2017-05-05T12:18:22","date_gmt":"2017-05-05T10:18:22","guid":{"rendered":"https:\/\/undsgn.com\/uncode\/?page_id=57022"},"modified":"2017-05-05T12:18:22","modified_gmt":"2017-05-05T10:18:22","slug":"services-clean","status":"publish","type":"page","link":"https:\/\/viralcollab.com\/fr\/pages\/services-clean\/","title":{"rendered":"Services Clean"},"content":{"rendered":"<div class=\"wpb-content-wrapper\"><div data-parent=\"true\" class=\"vc_row style-color-wayh-bg parallax-move row-container\"data-parallax-move=\"2\" id=\"row-unique-0\"><div class=\"row-background background-element\">\n\t\t\t\t\t\t\t\t\t\t\t<div class=\"background-wrapper\">\n\t\t\t\t\t\t\t\t\t\t\t\t<div class=\"background-inner\" style=\"background-image: url(https:\/\/viralcollab.com\/wp-content\/uploads\/2025\/03\/image-placeholder-2.jpg);background-repeat: no-repeat;background-position: center center;background-attachment: scroll;background-size: cover;\"><\/div>\n\t\t\t\t\t\t\t\t\t\t\t\t\n\t\t\t\t\t\t\t\t\t\t\t<\/div>\n\t\t\t\t\t\t\t\t\t\t<\/div><div class=\"row limit-width row-parent\" data-height-ratio=\"70\"><div class=\"wpb_row row-inner\"><div class=\"wpb_column pos-top pos-center align_left column_parent col-lg-12 single-internal-gutter\"><div class=\"uncol style-dark\"  ><div class=\"uncoltable\"><div class=\"uncell no-block-padding\" ><div class=\"uncont\" ><\/div><\/div><\/div><\/div><\/div><script id=\"script-row-unique-0\" data-row=\"script-row-unique-0\" type=\"text\/javascript\" class=\"vc_controls\">UNCODE.initRow(document.getElementById(\"row-unique-0\"));<\/script><\/div><\/div><\/div><div data-parent=\"true\" class=\"vc_row row-container\" id=\"row-unique-1\"><div class=\"row no-top-padding no-bottom-padding single-h-padding limit-width row-parent\"><div class=\"wpb_row row-inner\"><div class=\"wpb_column pos-top pos-center align_left column_parent col-lg-12 single-internal-gutter\"><div class=\"uncol style-light shift_y_neg_triple shift_y_fixed\"  ><div class=\"uncoltable\"><div class=\"uncell double-block-padding style-color-xsdn-bg\" ><div class=\"uncont\" ><div class=\"vc_row row-internal row-container\"><div class=\"row unequal col-no-gutter row-child\"><div class=\"wpb_row row-inner\"><div class=\"wpb_column pos-middle pos-center align_center column_child col-lg-3 col-md-25 single-internal-gutter\"><div class=\"uncol style-light\" ><div class=\"uncoltable\"><div class=\"uncell  vc_custom_1604506673013 border-color-gyho-color double-block-padding\" style=\"border-style: solid;border-right-width: 1px ;\" ><div class=\"uncont\" ><div class=\"vc_custom_heading_wrap\"><div class=\"heading-text el-text\" ><h3 class=\"font-165032 h3 fontspace-781688 font-weight-400 text-uppercase\" ><span>Quoi<\/span><\/h3><\/div><div class=\"clear\"><\/div><\/div><\/div><\/div><\/div><\/div><\/div><div class=\"wpb_column pos-middle pos-center align_left align_center_mobile column_child col-lg-9 col-md-75 single-internal-gutter\"><div class=\"uncol style-light\" ><div class=\"uncoltable\"><div class=\"uncell double-block-padding\" ><div class=\"uncont\" ><div class=\"vc_custom_heading_wrap\"><div class=\"heading-text el-text\" ><h2 class=\"font-165032 fontsize-155944 fontspace-781688 font-weight-400\" ><span>Nous aidons les marques, les startups et les grandes entreprises.<\/span><\/h2><\/div><div class=\"clear\"><\/div><\/div><\/div><\/div><\/div><\/div><\/div><\/div><\/div><\/div><\/div><\/div><\/div><\/div><\/div><script id=\"script-row-unique-1\" data-row=\"script-row-unique-1\" type=\"text\/javascript\" class=\"vc_controls\">UNCODE.initRow(document.getElementById(\"row-unique-1\"));<\/script><\/div><\/div><\/div><div data-parent=\"true\" class=\"vc_row row-container\" id=\"row-unique-2\"><div class=\"row no-top-padding no-bottom-padding single-h-padding limit-width row-parent\"><div class=\"wpb_row row-inner\"><div class=\"wpb_column pos-top pos-center align_left align_center_mobile column_parent col-lg-12 half-internal-gutter\"><div class=\"uncol style-light font-165032\"  ><div class=\"uncoltable\"><div class=\"uncell\" ><div class=\"uncont no-block-padding col-custom-width\" style=\" max-width:804px;\" ><div class=\"uncode_text_column text-lead\" ><p>Dans un monde id\u00e9al, ce texte n&#039;existerait pas\u00a0: un client reconna\u00eetrait l&#039;importance d&#039;avoir des textes web avant m\u00eame le d\u00e9but de la conception. Inutile de pr\u00e9ciser que c&#039;est crucial\u00a0: le contenu est roi et les gens commencent \u00e0 le comprendre. Malheureusement, dans la r\u00e9alit\u00e9, certains plannings et budgets ne permettent pas de r\u00e9diger les textes web avant la phase de conception. C&#039;est regrettable, mais c&#039;est la r\u00e9alit\u00e9. Nous sommes l\u00e0 pour vous aider\u00a0: nous avons r\u00e9dig\u00e9 des exemples de textes web pour plus de 40 secteurs d&#039;activit\u00e9, que vous pouvez utiliser d\u00e8s la phase de conception de vos projets. Ils vous permettront d&#039;insuffler vie et r\u00e9alisme \u00e0 vos cr\u00e9ations et de vous aider \u00e0 d\u00e9finir clairement vos publics et vos objectifs. Nous souhaitons que clients et designers accordent une grande importance \u00e0 leur design graphique.<\/p>\n<\/div><\/div><\/div><\/div><\/div><\/div><script id=\"script-row-unique-2\" data-row=\"script-row-unique-2\" type=\"text\/javascript\" class=\"vc_controls\">UNCODE.initRow(document.getElementById(\"row-unique-2\"));<\/script><\/div><\/div><\/div><div data-parent=\"true\" class=\"vc_row row-container\" id=\"row-unique-3\"><div class=\"row unequal col-no-gutter triple-top-padding no-bottom-padding single-h-padding limit-width row-parent\"><div class=\"wpb_row row-inner\"><div class=\"wpb_column pos-top pos-center align_center column_parent col-lg-4 col-md-33 single-internal-gutter\"><div class=\"uncol style-light font-165032\"  ><div class=\"uncoltable\"><div class=\"uncell  vc_custom_1495111159707 border-color-gyho-color double-block-padding\" style=\"border-style: solid;border-right-width: 1px ;\" ><div class=\"uncont\" ><div class=\"icon-box icon-box-top\" ><div class=\"icon-box-icon fa-container\"><span class=\"text-color-wvjs-color btn-disable-hover\"><i class=\"fa fa-mobile2 fa-3x fa-fw\"><\/i><\/span><\/div><div class=\"icon-box-content\"><div class=\"icon-box-heading icon-box-fa-3x\"><h3 class=\"font-165032 h2 font-weight-400 fontspace-111509\">D\u00e9veloppement<\/h3><\/div><\/div><\/div><\/div><\/div><\/div><\/div><\/div><div class=\"wpb_column pos-top pos-center align_center column_parent col-lg-4 col-md-33 single-internal-gutter\"><div class=\"uncol style-light font-165032\"  ><div class=\"uncoltable\"><div class=\"uncell  vc_custom_1495111165050 border-color-gyho-color double-block-padding\" style=\"border-style: solid;border-right-width: 1px ;\" ><div class=\"uncont\" ><div class=\"icon-box icon-box-top\" ><div class=\"icon-box-icon fa-container\"><span class=\"text-color-wvjs-color btn-disable-hover\"><i class=\"fa fa-video3 fa-3x fa-fw\"><\/i><\/span><\/div><div class=\"icon-box-content\"><div class=\"icon-box-heading icon-box-fa-3x\"><h3 class=\"font-165032 h2 font-weight-400 fontspace-111509\">Graphiques anim\u00e9s<\/h3><\/div><\/div><\/div><\/div><\/div><\/div><\/div><\/div><div class=\"wpb_column pos-top pos-center align_center column_parent col-lg-4 col-md-33 single-internal-gutter\"><div class=\"uncol style-light font-165032\"  ><div class=\"uncoltable\"><div class=\"uncell double-block-padding\" ><div class=\"uncont\" ><div class=\"icon-box icon-box-top\" ><div class=\"icon-box-icon fa-container\"><span class=\"text-color-wvjs-color btn-disable-hover\"><i class=\"fa fa-camera2 fa-3x fa-fw\"><\/i><\/span><\/div><div class=\"icon-box-content\"><div class=\"icon-box-heading icon-box-fa-3x\"><h3 class=\"font-165032 h2 font-weight-400 fontspace-111509\">Photographie<\/h3><\/div><\/div><\/div><\/div><\/div><\/div><\/div><\/div><script id=\"script-row-unique-3\" data-row=\"script-row-unique-3\" type=\"text\/javascript\" class=\"vc_controls\">UNCODE.initRow(document.getElementById(\"row-unique-3\"));<\/script><\/div><\/div><\/div><div data-parent=\"true\" class=\"vc_row row-container tablet-hidden mobile-hidden\" id=\"row-unique-4\"><div class=\"row no-top-padding no-bottom-padding no-h-padding limit-width row-parent\"><div class=\"wpb_row row-inner\"><div class=\"wpb_column pos-top pos-center align_left column_parent col-lg-12 single-internal-gutter\"><div class=\"uncol style-light\"  ><div class=\"uncoltable\"><div class=\"uncell no-block-padding\" ><div class=\"uncont\" ><div class=\"divider-wrapper\"  >\n    <hr class=\"border-,Default-color separator-no-padding\"  \/>\n<\/div>\n<\/div><\/div><\/div><\/div><\/div><script id=\"script-row-unique-4\" data-row=\"script-row-unique-4\" type=\"text\/javascript\" class=\"vc_controls\">UNCODE.initRow(document.getElementById(\"row-unique-4\"));<\/script><\/div><\/div><\/div><div data-parent=\"true\" class=\"vc_row row-container\" id=\"row-unique-5\"><div class=\"row unequal col-no-gutter no-top-padding triple-bottom-padding single-h-padding limit-width row-parent\"><div class=\"wpb_row row-inner\"><div class=\"wpb_column pos-top pos-center align_center column_parent col-lg-4 col-md-33 single-internal-gutter\"><div class=\"uncol style-light font-165032\"  ><div class=\"uncoltable\"><div class=\"uncell  vc_custom_1495111176624 border-color-gyho-color double-block-padding\" style=\"border-style: solid;border-right-width: 1px ;\" ><div class=\"uncont\" ><div class=\"icon-box icon-box-top\" ><div class=\"icon-box-icon fa-container\"><span class=\"text-color-wvjs-color btn-disable-hover\"><i class=\"fa fa-picture fa-3x fa-fw\"><\/i><\/span><\/div><div class=\"icon-box-content\"><div class=\"icon-box-heading icon-box-fa-3x\"><h3 class=\"font-165032 h2 font-weight-400 fontspace-111509\">Retouche photo<\/h3><\/div><\/div><\/div><\/div><\/div><\/div><\/div><\/div><div class=\"wpb_column pos-top pos-center align_center column_parent col-lg-4 col-md-33 single-internal-gutter\"><div class=\"uncol style-light font-165032\"  ><div class=\"uncoltable\"><div class=\"uncell  vc_custom_1495111181688 border-color-gyho-color double-block-padding\" style=\"border-style: solid;border-right-width: 1px ;\" ><div class=\"uncont\" ><div class=\"icon-box icon-box-top\" ><div class=\"icon-box-icon fa-container\"><span class=\"text-color-wvjs-color btn-disable-hover\"><i class=\"fa fa-bargraph fa-3x fa-fw\"><\/i><\/span><\/div><div class=\"icon-box-content\"><div class=\"icon-box-heading icon-box-fa-3x\"><h3 class=\"font-165032 h2 font-weight-400 fontspace-111509\">Analyse<\/h3><\/div><\/div><\/div><\/div><\/div><\/div><\/div><\/div><div class=\"wpb_column pos-top pos-center align_center column_parent col-lg-4 col-md-33 single-internal-gutter\"><div class=\"uncol style-light font-165032\"  ><div class=\"uncoltable\"><div class=\"uncell double-block-padding\" ><div class=\"uncont\" ><div class=\"icon-box icon-box-top\" ><div class=\"icon-box-icon fa-container\"><span class=\"text-color-wvjs-color btn-disable-hover\"><i class=\"fa fa-presentation fa-3x fa-fw\"><\/i><\/span><\/div><div class=\"icon-box-content\"><div class=\"icon-box-heading icon-box-fa-3x\"><h3 class=\"font-165032 h2 font-weight-400 fontspace-111509\">Strat\u00e9gie<\/h3><\/div><\/div><\/div><\/div><\/div><\/div><\/div><\/div><script id=\"script-row-unique-5\" data-row=\"script-row-unique-5\" type=\"text\/javascript\" class=\"vc_controls\">UNCODE.initRow(document.getElementById(\"row-unique-5\"));<\/script><\/div><\/div><\/div><div data-parent=\"true\" class=\"vc_row row-container\" id=\"row-unique-6\"><div class=\"row no-top-padding triple-bottom-padding single-h-padding limit-width row-parent\"><div class=\"wpb_row row-inner\"><div class=\"wpb_column pos-top pos-center align_left align_center_mobile column_parent col-lg-12 double-internal-gutter\"><div class=\"uncol style-light font-165032\"  ><div class=\"uncoltable\"><div class=\"uncell\" ><div class=\"uncont no-block-padding col-custom-width\" style=\" max-width:804px;\" ><div class=\"vc_row row-internal row-container\"><div class=\"row row-child\"><div class=\"wpb_row row-inner\"><div class=\"wpb_column pos-top pos-center align_center column_child col-lg-12 half-internal-gutter\"><div class=\"uncol style-light\" ><div class=\"uncoltable\"><div class=\"uncell no-block-padding\" ><div class=\"uncont\" ><div class=\"vc_custom_heading_wrap\"><div class=\"heading-text el-text\" ><h1 class=\"font-165032 h1 fontspace-111509 font-weight-400\" ><span>Nous cr\u00e9ons pour des clients du monde entier<\/span><\/h1><\/div><div class=\"clear\"><\/div><\/div><\/div><\/div><\/div><\/div><\/div><\/div><\/div><\/div><div class=\"uncode_text_column text-lead\" ><p>Dans un monde id\u00e9al, ce texte n&#039;existerait pas\u00a0: un client reconna\u00eetrait l&#039;importance d&#039;avoir des textes web avant m\u00eame le d\u00e9but de la conception. Inutile de pr\u00e9ciser que c&#039;est crucial\u00a0: le contenu est roi et les gens commencent \u00e0 le comprendre. Malheureusement, dans la r\u00e9alit\u00e9, certains plannings et budgets ne permettent pas de r\u00e9diger les textes web avant la phase de conception. C&#039;est regrettable, mais c&#039;est la r\u00e9alit\u00e9. Nous sommes l\u00e0 pour vous aider\u00a0: nous avons r\u00e9dig\u00e9 des exemples de textes web pour plus de 40 secteurs d&#039;activit\u00e9, que vous pouvez utiliser d\u00e8s la phase de conception de vos projets. Ils vous permettront d&#039;insuffler vie et r\u00e9alisme \u00e0 vos cr\u00e9ations et de vous aider \u00e0 d\u00e9finir clairement vos publics et vos objectifs. Nous souhaitons que clients et designers accordent une grande importance \u00e0 leur design graphique.<\/p>\n<\/div><\/div><\/div><\/div><\/div><\/div><script id=\"script-row-unique-6\" data-row=\"script-row-unique-6\" type=\"text\/javascript\" class=\"vc_controls\">UNCODE.initRow(document.getElementById(\"row-unique-6\"));<\/script><\/div><\/div><\/div>\n<\/div>","protected":false},"excerpt":{"rendered":"WhatWe help brands, startups and corporations.In an ideal world this text wouldn\u2019t exist, a client would acknowledge the importance of [...]","protected":false},"author":1,"featured_media":0,"parent":36601,"menu_order":0,"comment_status":"closed","ping_status":"closed","template":"","meta":{"footnotes":""},"class_list":["post-57022","page","type-page","status-publish","hentry"],"_links":{"self":[{"href":"https:\/\/viralcollab.com\/fr\/wp-json\/wp\/v2\/pages\/57022","targetHints":{"allow":["GET"]}}],"collection":[{"href":"https:\/\/viralcollab.com\/fr\/wp-json\/wp\/v2\/pages"}],"about":[{"href":"https:\/\/viralcollab.com\/fr\/wp-json\/wp\/v2\/types\/page"}],"author":[{"embeddable":true,"href":"https:\/\/viralcollab.com\/fr\/wp-json\/wp\/v2\/users\/1"}],"replies":[{"embeddable":true,"href":"https:\/\/viralcollab.com\/fr\/wp-json\/wp\/v2\/comments?post=57022"}],"version-history":[{"count":0,"href":"https:\/\/viralcollab.com\/fr\/wp-json\/wp\/v2\/pages\/57022\/revisions"}],"up":[{"embeddable":true,"href":"https:\/\/viralcollab.com\/fr\/wp-json\/wp\/v2\/pages\/36601"}],"wp:attachment":[{"href":"https:\/\/viralcollab.com\/fr\/wp-json\/wp\/v2\/media?parent=57022"}],"curies":[{"name":"wp","href":"https:\/\/api.w.org\/{rel}","templated":true}]}}