{"id":4917,"date":"2015-01-11T11:41:51","date_gmt":"2015-01-11T10:41:51","guid":{"rendered":"https:\/\/undsgn.com\/uncode\/?page_id=4917"},"modified":"2015-01-11T11:41:51","modified_gmt":"2015-01-11T10:41:51","slug":"portfolio-metro","status":"publish","type":"page","link":"https:\/\/viralcollab.com\/fr\/portfolio-metro\/","title":{"rendered":"Portfolio M\u00e9tro"},"content":{"rendered":"<div class=\"wpb-content-wrapper\"><div data-parent=\"true\" class=\"vc_row style-color-xsdn-bg row-container\" id=\"row-unique-0\"><div class=\"row col-no-gutter exa-top-padding exa-bottom-padding exa-h-padding full-width row-parent\" data-height-ratio=\"50\"><div class=\"wpb_row row-inner\"><div class=\"wpb_column pos-middle pos-center align_left column_parent col-lg-12 single-internal-gutter\"><div class=\"uncol style-light animate_when_almost_visible alpha-anim\"  data-speed=\"600\"><div class=\"uncoltable\"><div class=\"uncell no-block-padding\" ><div class=\"uncont\" ><div class=\"vc_row row-internal row-container\"><div class=\"row col-double-gutter row-child\"><div class=\"wpb_row row-inner\"><div class=\"wpb_column pos-top pos-center align_left column_child col-lg-4 no-internal-gutter\"><div class=\"uncol style-light\" ><div class=\"uncoltable\"><div class=\"uncell no-block-padding\" ><div class=\"uncont\" ><div class=\"empty-space empty-quart\" ><span class=\"empty-space-inner\"><\/span><\/div>\n<div class=\"vc_custom_heading_wrap\"><div class=\"heading-text el-text\" ><h2 class=\"font-359101 h3 fontheight-357766 font-weight-400 text-color-wvjs-color\" ><span>Nous sommes des designers<\/span><\/h2><\/div><div class=\"clear\"><\/div><\/div><\/div><\/div><\/div><\/div><\/div><div class=\"wpb_column pos-top pos-center align_left column_child col-lg-8 single-internal-gutter\"><div class=\"uncol style-light\" ><div class=\"uncoltable\"><div class=\"uncell no-block-padding\" ><div class=\"uncont\" ><div class=\"vc_custom_heading_wrap\"><div class=\"heading-text el-text curtain animate_inner_when_almost_visible el-text-split\" data-speed=\"1000\" data-interval=\"60\"><h2 class=\"font-359101 h1 fontheight-357766 font-weight-400 font-obs\" data-style=\"normal\" data-weight=\"400\" data-font=\"Syne\"><span class=\"heading-text-inner\"><span class=\"split-word word1\"><span class=\"split-word-flow\"><span class=\"split-word-inner\">\u00c9taient<\/span><\/span><\/span><span class=\"split-word word2\"><span class=\"split-word-flow\"><span class=\"split-word-inner split-empty-inner\"><span class=\"split-word-empty\">&nbsp;<\/span>E<\/span><\/span><\/span><span class=\"split-word word3\"><span class=\"split-word-flow\"><span class=\"split-word-inner split-empty-inner\"><span class=\"split-word-empty\">&nbsp;<\/span>\u00e9quipe<\/span><\/span><\/span><span class=\"split-word word4\"><span class=\"split-word-flow\"><span class=\"split-word-inner split-empty-inner\"><span class=\"split-word-empty\">&nbsp;<\/span>de<\/span><\/span><\/span><span class=\"split-word word5\"><span class=\"split-word-flow\"><span class=\"split-word-inner split-empty-inner\"><span class=\"split-word-empty\">&nbsp;<\/span>prim\u00e9<\/span><\/span><\/span><span class=\"split-word word6\"><span class=\"split-word-flow\"><span class=\"split-word-inner split-empty-inner\"><span class=\"split-word-empty\">&nbsp;<\/span>strat\u00e8ges,<\/span><\/span><\/span><span class=\"split-word word7\"><span class=\"split-word-flow\"><span class=\"split-word-inner split-empty-inner\"><span class=\"split-word-empty\">&nbsp;<\/span>cr\u00e9atifs,<\/span><\/span><\/span><span class=\"split-word word8\"><span class=\"split-word-flow\"><span class=\"split-word-inner split-empty-inner\"><span class=\"split-word-empty\">&nbsp;<\/span>designers,<\/span><\/span><\/span><span class=\"split-word word9\"><span class=\"split-word-flow\"><span class=\"split-word-inner split-empty-inner\"><span class=\"split-word-empty\">&nbsp;<\/span>d\u00e9veloppeurs,<\/span><\/span><\/span><span class=\"split-word word10\"><span class=\"split-word-flow\"><span class=\"split-word-inner split-empty-inner\"><span class=\"split-word-empty\">&nbsp;<\/span>\u00e9crivains,<\/span><\/span><\/span><span class=\"split-word word11\"><span class=\"split-word-flow\"><span class=\"split-word-inner split-empty-inner\"><span class=\"split-word-empty\">&nbsp;<\/span>illustrateurs,<\/span><\/span><\/span><span class=\"split-word word12\"><span class=\"split-word-flow\"><span class=\"split-word-inner split-empty-inner\"><span class=\"split-word-empty\">&nbsp;<\/span>animateurs<\/span><\/span><\/span><span class=\"split-word word13\"><span class=\"split-word-flow\"><span class=\"split-word-inner split-empty-inner\"><span class=\"split-word-empty\">&nbsp;<\/span>+<\/span><\/span><\/span><span class=\"split-word word14\"><span class=\"split-word-flow\"><span class=\"split-word-inner split-empty-inner\"><span class=\"split-word-empty\">&nbsp;<\/span>producteurs<\/span><\/span><\/span><span class=\"split-word word15\"><span class=\"split-word-flow\"><span class=\"split-word-inner split-empty-inner\"><span class=\"split-word-empty\">&nbsp;<\/span>OMS<\/span><\/span><\/span><span class=\"split-word word16\"><span class=\"split-word-flow\"><span class=\"split-word-inner split-empty-inner\"><span class=\"split-word-empty\">&nbsp;<\/span>construire<\/span><\/span><\/span><span class=\"split-word word17\"><span class=\"split-word-flow\"><span class=\"split-word-inner split-empty-inner\"><span class=\"split-word-empty\">&nbsp;<\/span>marques<\/span><\/span><\/span><span class=\"split-word word18\"><span class=\"split-word-flow\"><span class=\"split-word-inner split-empty-inner\"><span class=\"split-word-empty\">&nbsp;<\/span>pour<\/span><\/span><\/span><span class=\"split-word word19\"><span class=\"split-word-flow\"><span class=\"split-word-inner split-empty-inner\"><span class=\"split-word-empty\">&nbsp;<\/span>le<\/span><\/span><\/span><span class=\"split-word word20\"><span class=\"split-word-flow\"><span class=\"split-word-inner split-empty-inner\"><span class=\"split-word-empty\">&nbsp;<\/span>num\u00e9rique<\/span><\/span><\/span><span class=\"split-word word21\"><span class=\"split-word-flow\"><span class=\"split-word-inner split-empty-inner\"><span class=\"split-word-empty\">&nbsp;<\/span>\u00e2ge.<\/span><\/span><\/span><\/span><\/h2><\/div><div class=\"clear\"><\/div><\/div><\/div><\/div><\/div><\/div><\/div><\/div><\/div><\/div><\/div><\/div><\/div><\/div><\/div><script id=\"script-row-unique-0\" data-row=\"script-row-unique-0\" type=\"text\/javascript\" class=\"vc_controls\">UNCODE.initRow(document.getElementById(\"row-unique-0\"));<\/script><\/div><\/div><\/div><div data-parent=\"true\" class=\"vc_row row-container\" id=\"row-unique-1\"><div class=\"row no-top-padding exa-bottom-padding double-h-padding full-width row-parent\"><div class=\"wpb_row row-inner\"><div class=\"wpb_column pos-top pos-center align_left column_parent col-lg-12 double-internal-gutter\"><div class=\"uncol style-light\"  ><div class=\"uncoltable\"><div class=\"uncell no-block-padding\" ><div class=\"uncont\" ><div id=\"index-12\" class=\"isotope-system isotope-general-light grid-general-light\" >\n\t\t\t\n\t\t\t\t\t\t\t\t\t\t\t\t\t\t<div class=\"isotope-wrapper grid-wrapper single-gutter\" >\t\t\t\t\t\t\t\t\t\t\t\t<div class=\"isotope-container grid-container isotope-layout style-metro isotope-pagination grid-pagination off-grid-layout off-grid-item-custom off-grid-val-7\" data-type=\"metro\" data-layout=\"masonry\" data-lg=\"960\" data-md=\"800\" data-sm=\"100\" data-vp-height=\"\">\t\t\t<div class=\"tmb atc-typography-inherit tmb-iso-w6 tmb-iso-h6 img-round img-round-xl tmb-light tmb-content-left tmb-image-anim-magnetic  grid-cat-33 grid-cat-42 tmb-id-156686 tmb-mask tmb-mask-reveal tmb-content-under tmb-media-first tmb-no-bg\" ><div class=\"t-inside\" data-cursor=\"icon-accent\" data-delay=\"400\" data-speed=\"1000\"><div class=\"t-entry-visual\"><div class=\"t-entry-visual-tc\"><div class=\"t-entry-visual-cont\"><a role=\"button\" tabindex=\"-1\" href=\"https:\/\/viralcollab.com\/fr\/portfolio\/influencermarketing\/\" target=\"_self\" data-lb-index=\"0\"><div class=\"t-entry-visual-overlay\"><div class=\"t-entry-visual-overlay-in style-color-jevc-bg\" style=\"opacity: 0.1;\"><\/div><\/div><div class=\"t-background-cover\" style=\"background-image:url('https:\/\/viralcollab.com\/wp-content\/uploads\/2025\/05\/freepik__make-the-background-wider-and-the-controller-small__36471-uai-736x736.png')\"><\/div><\/a><\/div>\n\t\t\t\t\t<\/div>\n\t\t\t\t<\/div><div class=\"t-entry-text\">\n\t\t\t\t\t\t\t\t\t<div class=\"t-entry-text-tc single-block-padding\"><div class=\"t-entry\"><h3 class=\"t-entry-title font-359101 h4 font-weight-400 title-scale\"><a href=\"https:\/\/viralcollab.com\/fr\/portfolio\/influencermarketing\/\" target=\"_self\">Pour les marques et les agences<\/a><\/h3><\/div><\/div>\n\t\t\t\t\t\t\t<\/div><\/div><\/div><div class=\"tmb off-grid-custom-item atc-typography-inherit tmb-iso-w3 tmb-iso-h4 img-round img-round-xl tmb-light tmb-content-left tmb-image-anim-magnetic  grid-cat-33 grid-cat-42 tmb-id-4154 tmb-mask tmb-mask-reveal tmb-content-under tmb-media-first tmb-no-bg\" ><div class=\"t-inside\" data-cursor=\"icon-accent\" data-delay=\"400\" data-speed=\"1000\"><div class=\"t-entry-visual\"><div class=\"t-entry-visual-tc\"><div class=\"t-entry-visual-cont\"><a role=\"button\" tabindex=\"-1\" href=\"https:\/\/viralcollab.com\/fr\/portfolio\/talentmanagement\/\" target=\"_self\" data-lb-index=\"1\"><div class=\"t-entry-visual-overlay\"><div class=\"t-entry-visual-overlay-in style-color-jevc-bg\" style=\"opacity: 0.1;\"><\/div><\/div><div class=\"t-background-cover\" style=\"background-image:url('https:\/\/viralcollab.com\/wp-content\/uploads\/2022\/08\/banner2-uai-607x810.png')\"><\/div><\/a><\/div>\n\t\t\t\t\t<\/div>\n\t\t\t\t<\/div><div class=\"t-entry-text\">\n\t\t\t\t\t\t\t\t\t<div class=\"t-entry-text-tc single-block-padding\"><div class=\"t-entry\"><h3 class=\"t-entry-title font-359101 h4 font-weight-400 title-scale\"><a href=\"https:\/\/viralcollab.com\/fr\/portfolio\/talentmanagement\/\" target=\"_self\">Pour les influenceurs<\/a><\/h3><\/div><\/div>\n\t\t\t\t\t\t\t<\/div><\/div><\/div>\t\t<\/div>\t\n\t\n\n\t<\/div>\t\t\t\t<\/div>\n<\/div><\/div><\/div><\/div><\/div><script id=\"script-row-unique-1\" data-row=\"script-row-unique-1\" type=\"text\/javascript\" class=\"vc_controls\">UNCODE.initRow(document.getElementById(\"row-unique-1\"));<\/script><\/div><\/div><\/div><div data-parent=\"true\" class=\"vc_row style-color-xsdn-bg row-container\" id=\"row-unique-2\"><div class=\"row no-top-padding exa-bottom-padding exa-h-padding full-width row-parent\"><div class=\"wpb_row row-inner\"><div class=\"wpb_column pos-top pos-center align_left column_parent col-lg-5 single-internal-gutter\"><div class=\"uncol style-light font-359101\"  ><div class=\"uncoltable\"><div class=\"uncell no-block-padding\" ><div class=\"uncont\" ><div class=\"vc_custom_heading_wrap\"><div class=\"heading-text el-text\" ><h2 class=\"font-359101 h1 fontheight-357766 font-weight-400\" ><span>Studio multidisciplinaire de cr\u00e9atifs et de penseurs, cr\u00e9ant des solutions de design pertinentes pour les marques.<\/span><\/h2><\/div><div class=\"clear\"><\/div><\/div><\/div><\/div><\/div><\/div><\/div><div class=\"wpb_column pos-top pos-center align_left column_parent col-lg-1 tablet-hidden mobile-hidden single-internal-gutter\"><div class=\"uncol style-light\"  ><div class=\"uncoltable\"><div class=\"uncell no-block-padding\" ><div class=\"uncont\" ><\/div><\/div><\/div><\/div><\/div><div class=\"wpb_column pos-top pos-center align_left column_parent col-lg-6 single-internal-gutter\"><div class=\"uncol style-light\"  ><div class=\"uncoltable\"><div class=\"uncell no-block-padding\" ><div class=\"uncont\" ><div class=\"vc_row row-internal row-container\"><div class=\"row row-child\"><div class=\"wpb_row row-inner\"><div class=\"wpb_column pos-top pos-center align_left column_child col-lg-4 col-md-50 half-internal-gutter\"><div class=\"uncol style-light\" ><div class=\"uncoltable\"><div class=\"uncell no-block-padding\" ><div class=\"uncont\" ><div class=\"vc_custom_heading_wrap\"><div class=\"heading-text el-text\" ><h3 class=\"font-359101 h3 fontheight-524109 fontspace-781688 font-weight-400 text-color-wvjs-color\" ><span>Navigation<\/span><\/h3><\/div><div class=\"clear\"><\/div><\/div><div class=\"vc_custom_heading_wrap\"><div class=\"heading-text el-text\" ><h2 class=\"font-359101 h3 fontheight-524109 fontspace-781688 font-weight-400\" ><span><a href=\"#\">\u00c0 propos<\/a><br \/><\/span><span><a href=\"#\">Services<\/a><br \/><\/span><span><a href=\"#\">Travail<\/a><br \/><\/span><span><a href=\"#\">Manifeste<\/a><br \/><\/span><span><a href=\"#\">Carri\u00e8res<\/a><br \/><\/span><span><a href=\"#\">Solutions<\/a><br \/><\/span><span><a href=\"#\">Comp\u00e9tence<\/a><br \/><\/span><span><a href=\"#\">Contact<\/a><\/span><\/h2><\/div><div class=\"clear\"><\/div><\/div><\/div><\/div><\/div><\/div><\/div><div class=\"wpb_column pos-top pos-center align_left column_child col-lg-4 col-md-50 half-internal-gutter\"><div class=\"uncol style-light\" ><div class=\"uncoltable\"><div class=\"uncell no-block-padding\" ><div class=\"uncont\" ><div class=\"vc_custom_heading_wrap\"><div class=\"heading-text el-text\" ><h3 class=\"font-359101 h3 fontheight-524109 fontspace-781688 font-weight-400 text-color-wvjs-color\" ><span>Lancer un projet<\/span><\/h3><\/div><div class=\"clear\"><\/div><\/div><div class=\"vc_custom_heading_wrap\"><div class=\"heading-text el-text\" ><h2 class=\"font-359101 h3 fontheight-524109 fontspace-781688 font-weight-400\" ><span><a href=\"mailto:create@website.com\">cr\u00e9er@siteweb.com<\/a><\/span><\/h2><\/div><div class=\"clear\"><\/div><\/div><div class=\"vc_custom_heading_wrap\"><div class=\"heading-text el-text\" ><h3 class=\"font-359101 h3 fontheight-524109 fontspace-781688 font-weight-400 text-color-wvjs-color\" ><span>Nous recrutons<\/span><\/h3><\/div><div class=\"clear\"><\/div><\/div><div class=\"vc_custom_heading_wrap\"><div class=\"heading-text el-text\" ><h2 class=\"font-359101 h3 fontheight-524109 fontspace-781688 font-weight-400\" ><span><a href=\"mailto:hiring@website.com\">hiring@website.com<\/a><\/span><\/h2><\/div><div class=\"clear\"><\/div><\/div><\/div><\/div><\/div><\/div><\/div><div class=\"wpb_column pos-top pos-center align_right align_left_tablet align_left_mobile column_child col-lg-4 col-md-clear half-internal-gutter\"><div class=\"uncol style-light\" ><div class=\"uncoltable\"><div class=\"uncell no-block-padding\" ><div class=\"uncont\" ><div class=\"uncode-vc-social  icons-lead\"><div class=\"social-icon icon-box icon-box-top icon-inline\" ><a href=\"https:\/\/www.facebook.com\/viralcollab\/\" role=\"button\"\" target=\"_blank\"><i class=\"fa fa-facebook1\"><\/i><\/a><\/div><div class=\"social-icon icon-box icon-box-top icon-inline\" ><a href=\"https:\/\/twitter.com\/viralcollab\" role=\"button\"\" target=\"_blank\"><i class=\"fa fa-twitter1\"><\/i><\/a><\/div><div class=\"social-icon icon-box icon-box-top icon-inline\" ><a href=\"https:\/\/www.linkedin.com\/company\/viralcollab\/?viewAsMember=true\" role=\"button\"\" target=\"_blank\"><i class=\"fa fa-linkedin-square\"><\/i><\/a><\/div><div class=\"social-icon icon-box icon-box-top icon-inline\" ><a href=\"https:\/\/www.instagram.com\/viralcollab\/\" role=\"button\"\" target=\"_blank\"><i class=\"fa fa-instagram\"><\/i><\/a><\/div><\/div><\/div><\/div><\/div><\/div><\/div><\/div><\/div><\/div><\/div><\/div><\/div><\/div><\/div><script id=\"script-row-unique-2\" data-row=\"script-row-unique-2\" type=\"text\/javascript\" class=\"vc_controls\">UNCODE.initRow(document.getElementById(\"row-unique-2\"));<\/script><\/div><\/div><\/div><div data-parent=\"true\" class=\"vc_row style-color-nhtu-bg vc_custom_1685021557144 border-color-gyho-color row-container\" style=\"border-style: solid;border-top-width: 1px ;\" id=\"row-unique-3\"><div class=\"row col-double-gutter single-top-padding single-bottom-padding double-h-padding full-width row-parent\"><div class=\"wpb_row row-inner\"><div class=\"wpb_column pos-top pos-center align_left column_parent col-lg-12 single-internal-gutter\"><div class=\"uncol style-light font-359101\"  ><div class=\"uncoltable\"><div class=\"uncell no-block-padding\" ><div class=\"uncont\" ><div class=\"vc_row row-internal row-container\"><div class=\"row col-double-gutter row-child\"><div class=\"wpb_row row-inner\"><div class=\"wpb_column pos-top pos-center align_left column_child col-lg-6 col-md-50 single-internal-gutter\"><div class=\"uncol style-dark\" ><div class=\"uncoltable\"><div class=\"uncell no-block-padding\" ><div class=\"uncont\" ><div class=\"uncode-vc-social  text-small\"><p>\u00a9 2026 Viral Collab. <span style=\"white-space:nowrap;\">Tous droits r\u00e9serv\u00e9s<\/span><\/p><\/div><\/div><\/div><\/div><\/div><\/div><div class=\"wpb_column pos-top pos-center align_right align_left_mobile column_child col-lg-6 mobile-hidden col-md-50 single-internal-gutter\"><div class=\"uncol style-dark\" ><div class=\"uncoltable\"><div class=\"uncell no-block-padding\" ><div class=\"uncont\" ><div class=\"uncode_text_column text-small\" ><p><a href=\"#\" rel=\"noopener\">politique de confidentialit\u00e9<\/a> \u00b7 <a href=\"#\" rel=\"noopener\">Politique relative aux cookies<\/a><\/p>\n<\/div><\/div><\/div><\/div><\/div><\/div><\/div><\/div><\/div><\/div><\/div><\/div><\/div><\/div><script id=\"script-row-unique-3\" data-row=\"script-row-unique-3\" type=\"text\/javascript\" class=\"vc_controls\">UNCODE.initRow(document.getElementById(\"row-unique-3\"));<\/script><\/div><\/div><\/div>\n<\/div>","protected":false},"excerpt":{"rendered":"Gestion des talents\u00a0: \u00ab\u00a0Viral Collab a jou\u00e9 un r\u00f4le essentiel dans mon parcours de cr\u00e9ateur de contenu. Je ne serais pas l\u00e0 o\u00f9 j&#039;en suis aujourd&#039;hui sans leur engagement envers votre d\u00e9veloppement et votre r\u00e9ussite.\u00a0\u00bb \u2014 Reid Boehm, influenceur gaming. Rejoignez notre \u00e9quipe\u00a0! Nous aidons les influenceurs comme vous \u00e0 d\u00e9velopper leur carri\u00e8re en prenant en charge les aspects commerciaux. Remplissez ce formulaire pour [...]","protected":false},"author":1,"featured_media":129827,"parent":0,"menu_order":0,"comment_status":"open","ping_status":"closed","template":"","meta":{"footnotes":""},"class_list":["post-4917","page","type-page","status-publish","has-post-thumbnail","hentry","page_category-agency","page_category-portfolio"],"_links":{"self":[{"href":"https:\/\/viralcollab.com\/fr\/wp-json\/wp\/v2\/pages\/4917","targetHints":{"allow":["GET"]}}],"collection":[{"href":"https:\/\/viralcollab.com\/fr\/wp-json\/wp\/v2\/pages"}],"about":[{"href":"https:\/\/viralcollab.com\/fr\/wp-json\/wp\/v2\/types\/page"}],"author":[{"embeddable":true,"href":"https:\/\/viralcollab.com\/fr\/wp-json\/wp\/v2\/users\/1"}],"replies":[{"embeddable":true,"href":"https:\/\/viralcollab.com\/fr\/wp-json\/wp\/v2\/comments?post=4917"}],"version-history":[{"count":0,"href":"https:\/\/viralcollab.com\/fr\/wp-json\/wp\/v2\/pages\/4917\/revisions"}],"wp:featuredmedia":[{"embeddable":true,"href":"https:\/\/viralcollab.com\/fr\/wp-json\/wp\/v2\/media\/129827"}],"wp:attachment":[{"href":"https:\/\/viralcollab.com\/fr\/wp-json\/wp\/v2\/media?parent=4917"}],"curies":[{"name":"wp","href":"https:\/\/api.w.org\/{rel}","templated":true}]}}