{"id":4835,"date":"2015-01-04T17:18:08","date_gmt":"2015-01-04T16:18:08","guid":{"rendered":"https:\/\/undsgn.com\/uncode\/?page_id=4835"},"modified":"2015-01-04T17:18:08","modified_gmt":"2015-01-04T16:18:08","slug":"portfolio-agency","status":"publish","type":"page","link":"https:\/\/viralcollab.com\/fr\/portfolio-agency\/","title":{"rendered":"Agence de portefeuille"},"content":{"rendered":"<div class=\"wpb-content-wrapper\"><div data-parent=\"true\" class=\"vc_row style-color-xsdn-bg row-container\" id=\"row-unique-0\"><div class=\"row exa-top-padding exa-bottom-padding single-h-padding limit-width row-parent\" data-height-ratio=\"65\"><div class=\"wpb_row row-inner\"><div class=\"wpb_column pos-middle pos-center align_center column_parent col-lg-12 half-internal-gutter\"><div class=\"uncol style-light\"  ><div class=\"uncoltable\"><div class=\"uncell\" ><div class=\"uncont no-block-padding col-custom-width\" style=\" max-width:1200px;\" ><div class=\"vc_custom_heading_wrap\"><div class=\"heading-text el-text\" ><h2 class=\"font-377884 custom fontspace-781688 font-weight-400 fontsize-159837-custom\" ><span>Construire le num\u00e9rique <span class=\"split-word uncode-rotating-span uncode-rotating-text-start\" data-text=\"Experiences|Strategies|Products|Solutions\" data-fx=\"zoom\" data-wait=\"1500\">&nbsp;<\/span><span class=\"split-word word1\"><span class=\"split-word-flow\"><span class=\"split-word-inner\"><span class=\"split-char char92\">S<\/span><span class=\"split-char char93\">o<\/span><span class=\"split-char char94\">l<\/span><span class=\"split-char char95\">toi<\/span><span class=\"split-char char96\">t<\/span><span class=\"split-char char97\">C<\/span><span class=\"split-char char98\">o<\/span><span class=\"split-char char99\">E<\/span><span class=\"split-char char100\">s<\/span><\/span><\/span><\/span><span class=\"split-word uncode-rotating-span uncode-rotating-text-end\">&nbsp;<\/span><\/span><\/h2><\/div><div class=\"clear\"><\/div><\/div><\/div><\/div><\/div><\/div><\/div><script id=\"script-row-unique-0\" data-row=\"script-row-unique-0\" type=\"text\/javascript\" class=\"vc_controls\">UNCODE.initRow(document.getElementById(\"row-unique-0\"));<\/script><\/div><\/div><\/div><div data-parent=\"true\" class=\"vc_row overflow-hidden row-container\" id=\"row-unique-1\"><div class=\"row no-top-padding no-bottom-padding no-h-padding full-width row-parent\"><div class=\"wpb_row row-inner\"><div class=\"wpb_column pos-top pos-center align_left column_parent col-lg-12 single-internal-gutter\"><div class=\"uncol style-dark font-377884\"  ><div class=\"uncoltable\"><div class=\"uncell no-block-padding\" ><div class=\"uncont\" ><div id=\"index-1-719\" class=\"isotope-system isotope-general-light grid-general-light\" >\n\t\t\t\t\t\t\t\t\t\t\t\t<div class=\"isotope-filters grid-filters menu-container has-cat-filters menu-animated no-gutter mobile-hidden tablet-hidden filter-typography-inherit submenu-light  no-text-uppercase menu-light\">\n\t\t\t\t\t\t\t\t\t\t\t\t<div class=\"menu-horizontal limit-width menu-sub-enhanced text-center text-mobile-center filter-alignment-center\">\n\t\t\t\t\t\t\t\t\t\t\t\t\t\t\t\t\t\t\t\t\t\t\t<ul class=\"menu-smart sm no-text-uppercase menu-smart--filter-cats\" role=\"menu\">\n\t\t\t\t\t\t\t\t\t\t\t\t\t\t\t\t\t\t\t\t\t\t\t\t\t\t\t<li role=\"menuitem\" class=\"filter-show-all\">\n\t\t\t\t\t\t\t\t\t\t<span>\n\t\t\t\t\t\t\t\t\t\t\t\t\t\t\t\t\t\t\t\t\t\t\t<a href=\"#\" role=\"button\" data-filter=\"*\" class=\"active no-letterspace isotope-nav-link grid-nav-link\">\n\t\t\t\t\t\t\t\t\t\t\tShow all<\/a>\n\t\t\t\t\t\t\t\t\t\t<\/span>\n\t\t\t\t\t\t\t\t\t<\/li>\n\t\t\t\t\t\t\t\t\t\t\t\t\t\t\t\t\t\t\t\t\t\t\t\t\t\t\t\t\t\t\t\t<li role=\"menuitem\" class=\"filter-cat-33 filter-cat\"><span><a role=\"button\" href=\"#\" data-filter=\"grid-cat-33\" class=\"isotope-nav-link grid-nav-link\">Adv<\/a><\/span><\/li>\t\t\t\t\t\t\t\t\t\t\t\t\t\t\t\t\t\t\t\t\t\t\t\t\t\t\t\t\t\t\t\t\t\t\t\t\t\t\t\t\t\t\t\t<li role=\"menuitem\" class=\"filter-cat-42 filter-cat\"><span><a role=\"button\" href=\"#\" data-filter=\"grid-cat-42\" class=\"isotope-nav-link grid-nav-link\">Conception<\/a><\/span><\/li>\t\t\t\t\t\t\t\t\t\t\t\t\t\t\t\t\t\t\t\t\t\t\t\t\t\t\t\t\t<\/ul>\n\t\t\t\t\t\t\t\n\t\t\t\t\t\t\t\n\t\t\t\t\t\t\t\n\t\t\t\t\t\t\t\t\n\t\t\t\t\t\t\t\t\n\t\t\t\t\t\t\t\t\t\t\t\t\t<\/div>\n\t\t\t\t\t\t\t\t\t\t\t<\/div>\n\n\t\t\t\t\t\t\t\t\t\t\n\t\t\t\t\t\t\t\t\t\t\t\t\t\t<div class=\"isotope-wrapper grid-wrapper no-gutter style-color-nhtu-bg\" >\t\t\t\t\t\t\t\t\t\t\t\t<div class=\"isotope-container grid-container isotope-layout style-masonry isotope-pagination grid-pagination\" data-type=\"masonry\" data-layout=\"masonry\" data-lg=\"1000\" data-md=\"600\" data-sm=\"480\" data-vp-height=\"\">\t\t\t<div class=\"tmb atc-typography-inherit tmb-iso-w4 tmb-iso-h4 tmb-light tmb-overlay-text-reduced tmb-overlay-center tmb-overlay-middle tmb-overlay-text-center tmb-text-space-reduced tmb-image-anim tmb-show-secondary show-title-always  grid-cat-33 grid-cat-42 tmb-no-double-tap tmb-id-156686 tmb-mask tmb-mask-reveal tmb-mask-reveal-bottom-t-top tmb-img-ratio tmb-media-first tmb-media-last tmb-content-overlay tmb-no-bg\" ><div class=\"t-inside\" data-cursor=\"icon-blur\" data-cursor-title=\"true\" data-tooltip-class=\"h2 font-377884 fontspace-781688 font-weight-400\" data-delay=\"200\" data-speed=\"1000\" data-bg-delay=\"0.25\"><div class=\"t-entry-visual\"><div class=\"t-entry-visual-tc\"><div class=\"t-entry-visual-cont\"><div class=\"dummy\" style=\"padding-top: 100%;\"><\/div><a href=\"https:\/\/viralcollab.com\/fr\/portfolio\/influencermarketing\/\"  class=\"pushed\" target=\"_self\" data-lb-index=\"0\"><div class=\"t-entry-visual-overlay\"><div class=\"t-entry-visual-overlay-in style-dark-bg\" style=\"opacity: 0.5;\"><\/div><\/div><div class=\"t-overlay-wrap\"><div class=\"t-overlay-inner\">\n\t\t\t\t\t\t\t\t\t\t\t\t\t\t<div class=\"t-overlay-content\">\n\t\t\t\t\t\t\t\t\t\t\t\t\t\t\t<div class=\"t-overlay-text single-block-padding\"><div class=\"t-entry\"><h3 class=\"t-entry-title font-377884 h1 font-weight-400 fontspace-781688\">Pour les marques et les agences<\/h3><\/div><\/div><\/div><\/div><\/div><img decoding=\"async\" class=\"wp-image-156855\" src=\"https:\/\/viralcollab.com\/wp-content\/uploads\/2025\/05\/freepik__make-the-background-wider-and-the-controller-small__36471-uai-736x736.png\" width=\"736\" height=\"736\" alt=\"\" srcset=\"https:\/\/viralcollab.com\/wp-content\/uploads\/2025\/05\/freepik__make-the-background-wider-and-the-controller-small__36471-uai-736x736.png 736w, https:\/\/viralcollab.com\/wp-content\/uploads\/2025\/05\/freepik__make-the-background-wider-and-the-controller-small__36471-150x150.png 150w, https:\/\/viralcollab.com\/wp-content\/uploads\/2025\/05\/freepik__make-the-background-wider-and-the-controller-small__36471-348x348.png 348w, https:\/\/viralcollab.com\/wp-content\/uploads\/2025\/05\/freepik__make-the-background-wider-and-the-controller-small__36471-300x300.png 300w, https:\/\/viralcollab.com\/wp-content\/uploads\/2025\/05\/freepik__make-the-background-wider-and-the-controller-small__36471-100x100.png 100w, https:\/\/viralcollab.com\/wp-content\/uploads\/2025\/05\/freepik__make-the-background-wider-and-the-controller-small__36471-uai-720x720.png 720w\" sizes=\"(max-width: 736px) 100vw, 736px\" \/><\/a><\/div>\n\t\t\t\t\t<\/div>\n\t\t\t\t<\/div><\/div><\/div><div class=\"tmb atc-typography-inherit tmb-iso-w4 tmb-iso-h4 tmb-light tmb-overlay-text-reduced tmb-overlay-center tmb-overlay-middle tmb-overlay-text-center tmb-text-space-reduced tmb-image-anim tmb-show-secondary show-title-always  grid-cat-33 grid-cat-42 tmb-no-double-tap tmb-id-4154 tmb-mask tmb-mask-reveal tmb-mask-reveal-bottom-t-top tmb-img-ratio tmb-media-first tmb-media-last tmb-content-overlay tmb-no-bg\" ><div class=\"t-inside\" data-cursor=\"icon-blur\" data-cursor-title=\"true\" data-tooltip-class=\"h2 font-377884 fontspace-781688 font-weight-400\" data-delay=\"200\" data-speed=\"1000\" data-bg-delay=\"0.25\"><div class=\"t-entry-visual\"><div class=\"t-entry-visual-tc\"><div class=\"t-entry-visual-cont\"><div class=\"dummy\" style=\"padding-top: 100%;\"><\/div><a href=\"https:\/\/viralcollab.com\/fr\/portfolio\/talentmanagement\/\"  class=\"pushed\" target=\"_self\" data-lb-index=\"1\"><div class=\"t-entry-visual-overlay\"><div class=\"t-entry-visual-overlay-in style-dark-bg\" style=\"opacity: 0.5;\"><\/div><\/div><div class=\"t-overlay-wrap\"><div class=\"t-overlay-inner\">\n\t\t\t\t\t\t\t\t\t\t\t\t\t\t<div class=\"t-overlay-content\">\n\t\t\t\t\t\t\t\t\t\t\t\t\t\t\t<div class=\"t-overlay-text single-block-padding\"><div class=\"t-entry\"><h3 class=\"t-entry-title font-377884 h1 font-weight-400 fontspace-781688\">Pour les influenceurs<\/h3><\/div><\/div><\/div><\/div><\/div><img decoding=\"async\" class=\"wp-image-156812\" src=\"https:\/\/viralcollab.com\/wp-content\/uploads\/2022\/08\/banner2-uai-810x810.png\" width=\"810\" height=\"810\" alt=\"\" srcset=\"https:\/\/viralcollab.com\/wp-content\/uploads\/2022\/08\/banner2-uai-810x810.png 810w, https:\/\/viralcollab.com\/wp-content\/uploads\/2022\/08\/banner2-150x150.png 150w, https:\/\/viralcollab.com\/wp-content\/uploads\/2022\/08\/banner2-348x348.png 348w, https:\/\/viralcollab.com\/wp-content\/uploads\/2022\/08\/banner2-300x300.png 300w, https:\/\/viralcollab.com\/wp-content\/uploads\/2022\/08\/banner2-100x100.png 100w, https:\/\/viralcollab.com\/wp-content\/uploads\/2022\/08\/banner2-uai-720x720.png 720w\" sizes=\"(max-width: 810px) 100vw, 810px\" \/><\/a><\/div>\n\t\t\t\t\t<\/div>\n\t\t\t\t<\/div><\/div><\/div>\t\t<\/div>\t\n\t\n\n\t<\/div>\t\t\t\t<\/div>\n<\/div><\/div><\/div><\/div><\/div><script id=\"script-row-unique-1\" data-row=\"script-row-unique-1\" type=\"text\/javascript\" class=\"vc_controls\">UNCODE.initRow(document.getElementById(\"row-unique-1\"));<\/script><\/div><\/div><\/div><section data-parent=\"true\" class=\"vc_section style-color-nhtu-bg row-container\" id=\"section-unique-0\"><div class=\"row no-top-padding no-bottom-padding no-h-padding full-width row-parent\"><div data-sticky><div data-parent=\"true\" class=\"vc_row scroll-trigger-el scroll-trigger-el-mobile scroll-trigger-el-tablet style-color-xsdn-bg row-container\"data-sticky-trigger=\"scroll-trigger\" data-anim-state=\"end\" data-anim-sticky=\"\" data-anim-els=\"\" data-anim-x=\"0\" data-anim-y=\"0\" data-anim-blur=\"0\" data-anim-perspective=\"0\" data-anim-rotate=\"0\" data-anim-origin=\"bottom center\" data-anim-target=\"el\" data-anim-scale=\"94\" data-anim-scale-step=\"\" data-anim-opacity=\"100\" data-anim-radius=\"4\" data-anim-radius-unit=\"vw\" data-anim-start=\"\" data-anim-top=\"0\" data-anim-bottom=\"125\" data-anim-safe=\"\" data-anim-ease=\"none\" id=\"row-unique-2\"><div class=\"row penta-top-padding penta-bottom-padding double-h-padding limit-width row-parent\"><div class=\"wpb_row row-inner\"><div class=\"wpb_column pos-middle pos-center align_left column_parent col-lg-12 single-internal-gutter\"><div class=\"uncol style-light\"  ><div class=\"uncoltable\"><div class=\"uncell no-block-padding\" ><div class=\"uncont\" ><div class=\"vc_custom_heading_wrap\"><div class=\"heading-text el-text\" ><h2 class=\"font-377884 fontsize-155944 fontspace-781688 font-weight-400\" ><span>Dernier<\/span><\/h2><\/div><div class=\"clear\"><\/div><\/div><div id=\"index-5\" class=\"cssgrid-system cssgrid-general-light grid-general-light cssgrid-188241\" >\n\t\t\t\n\t\t\t\t\t\t\t\t\t\t\t\t\t\t<div class=\"cssgrid-wrapper grid-wrapper cssgrid-triple-gutter\" >\t\t\t\t\t\t\t\t\t\t\t\t<div class=\"cssgrid-container grid-container cssgrid-layout cssgrid-pagination grid-pagination\" >\t\t\t<div class=\"tmb atc-typography-inherit tmb-grid tmb-iso-h4 tmb-light tmb-overlay-text-anim tmb-overlay-anim tmb-content-left tmb-image-anim tmb-bordered tmb-meta-size-large tmb-meta-weight-400  grid-cat-1 tmb-id-1 tmb-only-text tmb-content-under tmb-no-bg\" ><div class=\"t-inside no-anim\" ><div class=\"t-entry-text\">\n\t\t\t\t\t\t\t\t\t<div class=\"t-entry-text-tc single-block-padding\"><div class=\"t-entry\"><p class=\"t-entry-meta\"><span class=\"t-entry-date\">24 avril 2025<\/span><\/p><h3 class=\"t-entry-title font-377884 h2 font-weight-400 fontheight-357766 fontspace-781688 title-scale\"><a href=\"https:\/\/viralcollab.com\/fr\/hello-world\/\" target=\"_self\">Bonjour le monde!<\/a><\/h3><div class=\"spacer spacer-one half-space\"><\/div><div class=\"t-entry-excerpt text-lead\"><p class=\"text-lead\"><\/p><\/div><\/div><\/div>\n\t\t\t\t\t\t\t<\/div><\/div><\/div><div class=\"tmb atc-typography-inherit tmb-grid tmb-iso-h4 tmb-light tmb-overlay-text-anim tmb-overlay-anim tmb-content-left tmb-image-anim tmb-bordered tmb-meta-size-large tmb-meta-weight-400  grid-cat-16 grid-cat-17 tmb-id-20528 tmb-only-text tmb-content-under tmb-no-bg\" ><div class=\"t-inside no-anim\" ><div class=\"t-entry-text\">\n\t\t\t\t\t\t\t\t\t<div class=\"t-entry-text-tc single-block-padding\"><div class=\"t-entry\"><p class=\"t-entry-meta\"><span class=\"t-entry-date\">25 mars 2022<\/span><\/p><h3 class=\"t-entry-title font-377884 h2 font-weight-400 fontheight-357766 fontspace-781688 title-scale\"><a href=\"https:\/\/viralcollab.com\/fr\/how-to-trust-your-intuition-when-youre-making-a-decision\/\" target=\"_self\">Comment faire confiance \u00e0 votre intuition lorsque vous prenez une d\u00e9cision<\/a><\/h3><div class=\"spacer spacer-one half-space\"><\/div><div class=\"t-entry-excerpt text-lead\"><p class=\"text-lead\">Quand on est seul pendant des jours ou des semaines, on finit par \u00eatre attir\u00e9 par les gens. Discuter avec des inconnus est la norme\u2026<\/p><\/div><\/div><\/div>\n\t\t\t\t\t\t\t<\/div><\/div><\/div><div class=\"tmb atc-typography-inherit tmb-grid tmb-iso-h4 tmb-light tmb-overlay-text-anim tmb-overlay-anim tmb-content-left tmb-image-anim tmb-bordered tmb-meta-size-large tmb-meta-weight-400  grid-cat-17 grid-cat-19 tmb-id-20518 tmb-only-text tmb-content-under tmb-no-bg\" ><div class=\"t-inside no-anim\" ><div class=\"t-entry-text\">\n\t\t\t\t\t\t\t\t\t<div class=\"t-entry-text-tc single-block-padding\"><div class=\"t-entry\"><p class=\"t-entry-meta\"><span class=\"t-entry-date\">22 mars 2022<\/span><\/p><h3 class=\"t-entry-title font-377884 h2 font-weight-400 fontheight-357766 fontspace-781688 title-scale\"><a href=\"https:\/\/viralcollab.com\/fr\/everyday-inspired-by-the-beauty-of-the-mountains\/\" target=\"_self\">Inspir\u00e9 au quotidien par la beaut\u00e9 des montagnes<\/a><\/h3><div class=\"spacer spacer-one half-space\"><\/div><div class=\"t-entry-excerpt text-lead\"><p class=\"text-lead\">L&#039;ann\u00e9e derni\u00e8re, j&#039;ai \u00e9crit sur les raisons pour lesquelles r\u00e9server trop longtemps \u00e0 l&#039;avance peut \u00eatre dangereux pour votre entreprise, et sur ce concept de marge\u2026<\/p><\/div><\/div><\/div>\n\t\t\t\t\t\t\t<\/div><\/div><\/div><div class=\"tmb atc-typography-inherit tmb-grid tmb-iso-h4 tmb-light tmb-overlay-text-anim tmb-overlay-anim tmb-content-left tmb-image-anim tmb-bordered tmb-meta-size-large tmb-meta-weight-400  grid-cat-19 tmb-id-20520 tmb-only-text tmb-content-under tmb-no-bg\" ><div class=\"t-inside no-anim\" ><div class=\"t-entry-text\">\n\t\t\t\t\t\t\t\t\t<div class=\"t-entry-text-tc single-block-padding\"><div class=\"t-entry\"><p class=\"t-entry-meta\"><span class=\"t-entry-date\">20 mars 2022<\/span><\/p><h3 class=\"t-entry-title font-377884 h2 font-weight-400 fontheight-357766 fontspace-781688 title-scale\"><a href=\"https:\/\/viralcollab.com\/fr\/how-to-appreciate-the-little-things-in-life-and-be-happy\/\" target=\"_self\">Comment appr\u00e9cier les petites choses de la vie et \u00eatre heureux<\/a><\/h3><div class=\"spacer spacer-one half-space\"><\/div><div class=\"t-entry-excerpt text-lead\"><p class=\"text-lead\">L&#039;autre jour, il m&#039;est arriv\u00e9 de me lever t\u00f4t. C&#039;est inhabituel pour un \u00e9tudiant en ing\u00e9nierie. Apr\u00e8s un long moment, j&#039;ai pu\u2026<\/p><\/div><\/div><\/div>\n\t\t\t\t\t\t\t<\/div><\/div><\/div><div class=\"tmb atc-typography-inherit tmb-grid tmb-iso-h4 tmb-light tmb-overlay-text-anim tmb-overlay-anim tmb-content-left tmb-image-anim tmb-bordered tmb-meta-size-large tmb-meta-weight-400  grid-cat-16 tmb-id-4193 tmb-only-text tmb-content-under tmb-no-bg\" ><div class=\"t-inside no-anim\" ><div class=\"t-entry-text\">\n\t\t\t\t\t\t\t\t\t<div class=\"t-entry-text-tc single-block-padding\"><div class=\"t-entry\"><p class=\"t-entry-meta\"><span class=\"t-entry-date\">18 mars 2021<\/span><\/p><h3 class=\"t-entry-title font-377884 h2 font-weight-400 fontheight-357766 fontspace-781688 title-scale\"><a href=\"https:\/\/viralcollab.com\/fr\/capture-the-beauty-of-nature-through-photography\/\" target=\"_self\">Capturez la beaut\u00e9 de la nature gr\u00e2ce \u00e0 la photographie<\/a><\/h3><div class=\"spacer spacer-one half-space\"><\/div><div class=\"t-entry-excerpt text-lead\"><p class=\"text-lead\">Parler \u00e0 des inconnus est devenu monnaie courante. Je n&#039;oublierai jamais la conversation avec le p\u00eacheur de l&#039;aquarium, le garde forestier et les femmes\u2026<\/p><\/div><\/div><\/div>\n\t\t\t\t\t\t\t<\/div><\/div><\/div><div class=\"tmb atc-typography-inherit tmb-grid tmb-iso-h4 tmb-light tmb-overlay-text-anim tmb-overlay-anim tmb-content-left tmb-image-anim tmb-bordered tmb-meta-size-large tmb-meta-weight-400  grid-cat-18 tmb-id-4225 tmb-only-text tmb-content-under tmb-no-bg\" ><div class=\"t-inside no-anim\" ><div class=\"t-entry-text\">\n\t\t\t\t\t\t\t\t\t<div class=\"t-entry-text-tc single-block-padding\"><div class=\"t-entry\"><p class=\"t-entry-meta\"><span class=\"t-entry-date\">7 mars 2021<\/span><\/p><h3 class=\"t-entry-title font-377884 h2 font-weight-400 fontheight-357766 fontspace-781688 title-scale\"><a href=\"https:\/\/viralcollab.com\/fr\/how-to-be-in-the-flow-and-create-something-beautiful\/\" target=\"_self\">Comment \u00eatre dans le flux et cr\u00e9er quelque chose de beau<\/a><\/h3><div class=\"spacer spacer-one half-space\"><\/div><div class=\"t-entry-excerpt text-lead\"><p class=\"text-lead\">L&#039;autre jour, il m&#039;est arriv\u00e9 de me lever t\u00f4t. C&#039;est inhabituel pour un \u00e9tudiant en ing\u00e9nierie. Apr\u00e8s un long moment, j&#039;ai pu\u2026<\/p><\/div><\/div><\/div>\n\t\t\t\t\t\t\t<\/div><\/div><\/div>\t\t<\/div>\t\n\t\n\n\t<\/div>\t\t\t\t<\/div>\n<\/div><\/div><\/div><\/div><\/div><script id=\"script-row-unique-2\" data-row=\"script-row-unique-2\" type=\"text\/javascript\" class=\"vc_controls\">UNCODE.initRow(document.getElementById(\"row-unique-2\"));<\/script><\/div><\/div><\/div><\/div><script id=\"script-section-unique-0\" data-section=\"script-section-unique-0\" type=\"text\/javascript\">UNCODE.initSection(document.getElementById(\"section-unique-0\"));<\/script><\/div><\/section><section data-parent=\"true\" class=\"vc_section style-color-nhtu-bg parallax-move row-container\"data-parallax-move=\"4\" id=\"section-unique-1\"><div class=\"row no-top-padding no-bottom-padding no-h-padding full-width row-parent\"><div data-sticky><div data-parent=\"true\" class=\"vc_row scroll-trigger-el scroll-trigger-el-mobile scroll-trigger-el-tablet scroll-trigger-parent row-container\"data-sticky-trigger=\"scroll-trigger\" data-anim-state=\"\" data-anim-sticky=\"\" data-anim-els=\"\" data-anim-x=\"0\" data-anim-y=\"0\" data-anim-blur=\"0\" data-anim-perspective=\"0\" data-anim-rotate=\"0\" data-anim-origin=\"top center\" data-anim-target=\"el\" data-anim-scale=\"100\" data-anim-scale-step=\"\" data-anim-opacity=\"0\" data-anim-radius=\"\" data-anim-radius-unit=\"\" data-anim-start=\"\" data-anim-top=\"50\" data-anim-bottom=\"0\" data-anim-safe=\"yes\" data-anim-ease=\"none\" style=\"--row-anim-transform-origin: top center;--row-anim-filter: blur(0px);--row-anim-transform: rotate(0deg) translateX(0vw) translateX(0vh) scale(1);--row-anim-opacity: 0;\" id=\"row-unique-3\"><div class=\"row penta-top-padding single-bottom-padding triple-h-padding full-width row-parent\"><div class=\"wpb_row row-inner\"><div class=\"wpb_column pos-middle pos-center align_center column_parent col-lg-12 triple-internal-gutter\"><div class=\"uncol style-dark\"  ><div class=\"uncoltable\"><div class=\"uncell no-block-padding\" ><div class=\"uncont\" ><div class=\"vc_row row-internal row-container\"><div class=\"row row-child\"><div class=\"wpb_row row-inner\"><div class=\"wpb_column pos-top pos-center align_center column_child col-lg-12 single-internal-gutter\"><div class=\"uncol style-dark\" ><div class=\"uncoltable\"><div class=\"uncell no-block-padding\" ><div class=\"uncont\" style=\" max-width:1296px;\" ><div class=\"vc_custom_heading_wrap\"><div class=\"heading-text el-text\" ><h6 class=\"font-377884 custom fontspace-781688 font-weight-400 fontsize-232877-custom\" ><span>N&#039;h\u00e9sitez pas \u00e0 nous contacter pour des collaborations. <a class=\"btn-underline-in btn-underline-text\" href=\"mailto:info@website.com\">info@website.com<\/a><\/span><\/h6><\/div><div class=\"clear\"><\/div><\/div><div class=\"vc_custom_heading_wrap\"><div class=\"heading-text el-text\" ><h6 class=\"font-377884 custom fontspace-781688 font-weight-400 fontsize-107114-custom\" ><span><a class=\"btn-underline-in btn-underline-text\" href=\"#\">Facebook<\/a> \u00b7 <a class=\"btn-underline-in btn-underline-text\" href=\"#\">Instagram<\/a> \u00b7 <a class=\"btn-underline-in btn-underline-text\" href=\"#\">Behance<\/a><\/span><\/h6><\/div><div class=\"clear\"><\/div><\/div><\/div><\/div><\/div><\/div><\/div><\/div><\/div><\/div><div class=\"divider-wrapper\"  >\n    <hr class=\"border-,Default-color separator-no-padding\"  \/>\n<\/div>\n<div class=\"vc_custom_heading_wrap\"><div class=\"heading-text el-text heading-bigtext\" ><p class=\"font-377884 bigtext fontheight-161249 fontspace-781688 font-weight-400\" ><span>\u00a9 2025<\/span><\/p><\/div><div class=\"clear\"><\/div><\/div><\/div><\/div><\/div><\/div><\/div><script id=\"script-row-unique-3\" data-row=\"script-row-unique-3\" type=\"text\/javascript\" class=\"vc_controls\">UNCODE.initRow(document.getElementById(\"row-unique-3\"));<\/script><\/div><\/div><\/div><\/div><script id=\"script-section-unique-1\" data-section=\"script-section-unique-1\" type=\"text\/javascript\">UNCODE.initSection(document.getElementById(\"section-unique-1\"));<\/script><\/div><\/section>\n<\/div>","protected":false},"excerpt":{"rendered":"Just the other day I happened to wake up early. That is unusual for an engineering student. After a long [...]","protected":false},"author":1,"featured_media":153500,"parent":0,"menu_order":0,"comment_status":"open","ping_status":"closed","template":"","meta":{"footnotes":""},"class_list":["post-4835","page","type-page","status-publish","has-post-thumbnail","hentry","page_category-agency","page_category-portfolio"],"_links":{"self":[{"href":"https:\/\/viralcollab.com\/fr\/wp-json\/wp\/v2\/pages\/4835","targetHints":{"allow":["GET"]}}],"collection":[{"href":"https:\/\/viralcollab.com\/fr\/wp-json\/wp\/v2\/pages"}],"about":[{"href":"https:\/\/viralcollab.com\/fr\/wp-json\/wp\/v2\/types\/page"}],"author":[{"embeddable":true,"href":"https:\/\/viralcollab.com\/fr\/wp-json\/wp\/v2\/users\/1"}],"replies":[{"embeddable":true,"href":"https:\/\/viralcollab.com\/fr\/wp-json\/wp\/v2\/comments?post=4835"}],"version-history":[{"count":0,"href":"https:\/\/viralcollab.com\/fr\/wp-json\/wp\/v2\/pages\/4835\/revisions"}],"wp:featuredmedia":[{"embeddable":true,"href":"https:\/\/viralcollab.com\/fr\/wp-json\/wp\/v2\/media\/153500"}],"wp:attachment":[{"href":"https:\/\/viralcollab.com\/fr\/wp-json\/wp\/v2\/media?parent=4835"}],"curies":[{"name":"wp","href":"https:\/\/api.w.org\/{rel}","templated":true}]}}