{"id":4441,"date":"2014-12-18T18:51:25","date_gmt":"2014-12-18T17:51:25","guid":{"rendered":"https:\/\/undsgn.com\/uncode\/?page_id=4441"},"modified":"2014-12-18T18:51:25","modified_gmt":"2014-12-18T17:51:25","slug":"portfolio-ajax","status":"publish","type":"page","link":"https:\/\/viralcollab.com\/fr\/works\/portfolio-ajax\/","title":{"rendered":"Portfolio Ajax"},"content":{"rendered":"<div class=\"wpb-content-wrapper\"><div data-parent=\"true\" class=\"vc_row row-container\" id=\"row-unique-0\"><div class=\"row double-top-padding double-bottom-padding double-h-padding full-width row-parent\"><div class=\"wpb_row row-inner\"><div class=\"wpb_column pos-top pos-left align_left column_parent col-lg-12 single-internal-gutter\"><div class=\"uncol style-light font-175345\"  ><div class=\"uncoltable\"><div class=\"uncell no-block-padding\" ><div class=\"uncont\" ><div id=\"index-1\" class=\"cssgrid-system cssgrid-general-light grid-general-light cssgrid-675836 cssgrid-animate-sequential ajax-grid-system\" data-toggle=\"\">\n\t\t\t\t\t\t\t\n\t\t\t\t<div class=\"grid-filters menu-container menu-animated single-gutter filter-typography-inherit submenu-light  no-text-uppercase cssgrid-filters menu-light\"><div class=\"menu-horizontal menu-sub-enhanced text-mobile-center\"><div class=\"filter-main-group\"><a href=\"#\" class=\"uncode-toggle-ajax-filters item-align-right\"><span class=\"toggle-filter-hide\">Hide filters<\/span><span class=\"toggle-filter-show\">Show filters<\/span><\/a><\/div><\/div><\/div>\n\t\t\t\t<div class=\"ajax-filter-wrapper ajax-filter-position-left\">\n\t\t\t\t\t<div class=\"ajax-filter-sidebar-wrapper row-container col-lg-2\" style=\"min-width: 300px\">\n\n\t\t\t\t\t\t\n\t\t\t\t\t\t<div class=\"ajax-filter-sidebar ajax-sidebar-position-mobile-left ajax-sidebar-position-left double-margin\" data-max-width=\"0\">\n\t\t\t\t\t\t\t<div class=\"ajax-filter-sidebar-header\">\n\t\t\t\t\t\t\t\t<div class=\"close-ajax-filter-sidebar btn btn-link\"><span>&times;<\/span> Fermer<\/div>\n\t\t\t\t\t\t\t<\/div>\n\t\t\t\t\t\t\t<div class=\"ajax-filter-sidebar-body\">\n\t\t\t\t\t\t\t<div data-parent=\"true\" class=\"vc_row style-color-xsdn-bg row-container\" id=\"row-unique-1\"><div class=\"row limit-width row-parent\"><div class=\"wpb_row row-inner\"><div class=\"wpb_column pos-top pos-center align_left column_parent col-lg-12 single-internal-gutter\"><div class=\"uncol style-light font-175345\"  ><div class=\"uncoltable\"><div class=\"uncell no-block-padding\" ><div class=\"uncont\" >\n\t<div class=\"uncode_widget widget-ajax-filters wpb_content_element widget-no-separator widget-no-tablet-collapse widget-collaps-icon widget-typography-inherit widget-ajax-filters--single widget-ajax-filters--checkbox\"  data-id=\"1\">\n\t\t\t\t\t<aside class=\"widget widget-style widget-container sidebar-widgets\">\n\t\t\n\t\t\t\t\t\t\t\t\t\t\t\t<h3 class=\"widget-title\">Cat\u00e9gories<\/h3>\n\t\t\t\t\t\t\t\t\n\t\t\n\t\t<div class=\"term-filters\">\n\t\t\t\t\t\t\t\t\t\t\t<ul class=\"term-filters-list\">\n\t\t\t\t\n\t\t\t\t\t\t\t\t\t\t\t\t\t\t<li class=\"term-filter\">\n\t\t\t\t\t\t\t\t\t\t\t\t\t<label for=\"filter_1917501591_33\"><input type=\"checkbox\" name=\"filter_1917501591_33\" id=\"filter_1917501591_33\" value=\"adv\" ><a href=\"https:\/\/viralcollab.com\/fr\/wp-json\/wp\/v2\/?tax_portfolio_category=adv&#038;unfilter=1\" class=\"term-filter-link\" rel=\"nofollow\" title=\"Ceci est une page de cat\u00e9gorie personnalis\u00e9e pour Adv\">Adv<\/a><\/label>\n\t\t\t\t\t\t\n\t\t\t\t\t\t\t\t\t\t\t\t\t<span class=\"term-filter-count\" role=\"presentation\" tabindex=\"0\">(2)<\/span>\n\t\t\t\t\t\t\t\t\t\t\t<\/li>\n\t\t\t\t\t\t\t\t\t\t\t\t\t\t<li class=\"term-filter\">\n\t\t\t\t\t\t\t\t\t\t\t\t\t<label for=\"filter_1987273701_42\"><input type=\"checkbox\" name=\"filter_1987273701_42\" id=\"filter_1987273701_42\" value=\"design\" ><a href=\"https:\/\/viralcollab.com\/fr\/wp-json\/wp\/v2\/?tax_portfolio_category=design&#038;unfilter=1\" class=\"term-filter-link\" rel=\"nofollow\" title=\"Ceci est une page de cat\u00e9gorie personnalis\u00e9e pour le design\">Conception<\/a><\/label>\n\t\t\t\t\t\t\n\t\t\t\t\t\t\t\t\t\t\t\t\t<span class=\"term-filter-count\" role=\"presentation\" tabindex=\"0\">(2)<\/span>\n\t\t\t\t\t\t\t\t\t\t\t<\/li>\n\t\t\t\t\t\t\t<\/ul>\n\t\t\t\t\t\t<\/div>\n\n\t\t\t\t\t\t\t\t<\/aside>\n\t\t\t<\/div>\n\n\t<div class=\"uncode_widget widget-ajax-filters wpb_content_element widget-no-separator widget-no-tablet-collapse widget-collaps-icon widget-typography-inherit widget-ajax-filters--single widget-ajax-filters--checkbox\"  data-id=\"2\">\n\t\t\t\t\t<aside class=\"widget widget-style widget-container sidebar-widgets\">\n\t\t\n\t\t\t\t\t\t\t\t\t\t\t\t<h3 class=\"widget-title\">Date<\/h3>\n\t\t\t\t\t\t\t\t\n\t\t\n\t\t<div class=\"term-filters\">\n\t\t\t\t\t\t\t\t\t\t\t<ul class=\"term-filters-list\">\n\t\t\t\t\n\t\t\t\t\t\t\t\t\t\t\t\t\t\t<li class=\"term-filter\">\n\t\t\t\t\t\t\t\t\t\t\t\t\t<label for=\"filter_1354720787_2025\"><input type=\"checkbox\" name=\"filter_1354720787_2025\" id=\"filter_1354720787_2025\" value=\"2025\" ><a href=\"https:\/\/viralcollab.com\/fr\/wp-json\/wp\/v2\/?date=2025&#038;unfilter=1\" class=\"term-filter-link\" rel=\"nofollow\" title=\"\">2025<\/a><\/label>\n\t\t\t\t\t\t\n\t\t\t\t\t\t\t\t\t\t\t\t\t<span class=\"term-filter-count\" role=\"presentation\" tabindex=\"0\">(1)<\/span>\n\t\t\t\t\t\t\t\t\t\t\t<\/li>\n\t\t\t\t\t\t\t\t\t\t\t\t\t\t<li class=\"term-filter\">\n\t\t\t\t\t\t\t\t\t\t\t\t\t<label for=\"filter_608197669_2022\"><input type=\"checkbox\" name=\"filter_608197669_2022\" id=\"filter_608197669_2022\" value=\"2022\" ><a href=\"https:\/\/viralcollab.com\/fr\/wp-json\/wp\/v2\/?date=2022&#038;unfilter=1\" class=\"term-filter-link\" rel=\"nofollow\" title=\"\">2022<\/a><\/label>\n\t\t\t\t\t\t\n\t\t\t\t\t\t\t\t\t\t\t\t\t<span class=\"term-filter-count\" role=\"presentation\" tabindex=\"0\">(1)<\/span>\n\t\t\t\t\t\t\t\t\t\t\t<\/li>\n\t\t\t\t\t\t\t<\/ul>\n\t\t\t\t\t\t<\/div>\n\n\t\t\t\t\t\t\t\t<\/aside>\n\t\t\t<\/div>\n<\/div><\/div><\/div><\/div><\/div><script id=\"script-row-unique-1\" data-row=\"script-row-unique-1\" type=\"text\/javascript\" class=\"vc_controls\">UNCODE.initRow(document.getElementById(\"row-unique-1\"));<\/script><\/div><\/div><\/div>\n\t\t\t\t\t\t\t<\/div>\n\t\t\t\t\t\t\t<div class=\"ajax-filter-sidebar-footer\">\n\t\t\t\t\t\t\t\t<p class=\"ajax-filter-sidebar__buttons buttons\">\n\t\t\t\t\t\t\t\t\t<a href=\"https:\/\/viralcollab.com\/fr\/wp-json\/wp\/v2\/\" class=\"btn btn-default ajax-filter-sidebar__button ajax-filter-sidebar__button--clear\">Clear all<\/a>\n\t\t\t\t\t\t\t\t\t<a href=\"#\" class=\"btn btn-default ajax-filter-sidebar__button ajax-filter-sidebar__button--apply\">Apply<\/a>\n\t\t\t\t\t\t\t\t<\/p>\n\t\t\t\t\t\t\t<\/div>\n\t\t\t\t\t\t<\/div>\n\t\t\t\t\t\t<div id=\"ajax_sidebar_overlay\" class=\"overlay style-dark-bg\"><\/div>\n\n\t\t\t\t\t\t\n\t\t\t\t\t<\/div>\n\n\t\t\t\n\t\t\t\t\t\t\t\t\t\t\t\t\t\t<div class=\"cssgrid-wrapper grid-wrapper cssgrid-single-gutter col-lg-10\"  style=\"max-width: calc(100% - 300px)\">\t\t\t\t\t\t\t\t\t\t\t\t<div class=\"cssgrid-container grid-container cssgrid-layout cssgrid-infinite grid-infinite\" >\t\t\t<div class=\"tmb atc-typography-inherit tmb-grid tmb-iso-h4 img-round img-round-xs tmb-light tmb-overlay-text-anim tmb-overlay-anim tmb-content-left tmb-text-space-reduced  grid-cat-33 grid-cat-42 tmb-id-156686 tmb-content-under tmb-media-first tmb-no-bg\" ><div class=\"t-inside animate_when_almost_visible alpha-anim\" data-speed=\"800\"><div class=\"t-entry-visual\"><div class=\"t-entry-visual-tc\"><div class=\"t-entry-visual-cont\"><div class=\"dummy\" style=\"padding-top: 50%;\"><\/div><a role=\"button\" tabindex=\"-1\" href=\"https:\/\/viralcollab.com\/fr\/portfolio\/influencermarketing\/\" class=\"pushed\" target=\"_self\" data-lb-index=\"0\"><div class=\"t-entry-visual-overlay\"><div class=\"t-entry-visual-overlay-in style-dark-bg\" style=\"opacity: 0.2;\"><\/div><\/div><img decoding=\"async\" class=\"wp-image-156855\" src=\"https:\/\/viralcollab.com\/wp-content\/uploads\/2025\/05\/freepik__make-the-background-wider-and-the-controller-small__36471.png\" width=\"1472\" height=\"736\" alt=\"\" srcset=\"https:\/\/viralcollab.com\/wp-content\/uploads\/2025\/05\/freepik__make-the-background-wider-and-the-controller-small__36471.png 1472w, https:\/\/viralcollab.com\/wp-content\/uploads\/2025\/05\/freepik__make-the-background-wider-and-the-controller-small__36471-300x150.png 300w, https:\/\/viralcollab.com\/wp-content\/uploads\/2025\/05\/freepik__make-the-background-wider-and-the-controller-small__36471-1024x512.png 1024w, https:\/\/viralcollab.com\/wp-content\/uploads\/2025\/05\/freepik__make-the-background-wider-and-the-controller-small__36471-768x384.png 768w, https:\/\/viralcollab.com\/wp-content\/uploads\/2025\/05\/freepik__make-the-background-wider-and-the-controller-small__36471-350x175.png 350w, https:\/\/viralcollab.com\/wp-content\/uploads\/2025\/05\/freepik__make-the-background-wider-and-the-controller-small__36471-600x300.png 600w, https:\/\/viralcollab.com\/wp-content\/uploads\/2025\/05\/freepik__make-the-background-wider-and-the-controller-small__36471-uai-720x360.png 720w, https:\/\/viralcollab.com\/wp-content\/uploads\/2025\/05\/freepik__make-the-background-wider-and-the-controller-small__36471-uai-900x450.png 900w\" sizes=\"(max-width: 1472px) 100vw, 1472px\" \/><\/a><\/div>\n\t\t\t\t\t<\/div>\n\t\t\t\t<\/div><div class=\"t-entry-text\">\n\t\t\t\t\t\t\t\t\t<div class=\"t-entry-text-tc single-block-padding\"><div class=\"t-entry\"><h3 class=\"t-entry-title font-175345 h6 font-weight-400 title-scale\"><a href=\"https:\/\/viralcollab.com\/fr\/portfolio\/influencermarketing\/\" target=\"_self\">Pour les marques et les agences<\/a><\/h3><\/div><\/div>\n\t\t\t\t\t\t\t<\/div><\/div><\/div><div class=\"tmb atc-typography-inherit tmb-grid tmb-iso-h4 img-round img-round-xs tmb-light tmb-overlay-text-anim tmb-overlay-anim tmb-content-left tmb-text-space-reduced  grid-cat-33 grid-cat-42 tmb-id-4154 tmb-content-under tmb-media-first tmb-no-bg\" ><div class=\"t-inside animate_when_almost_visible alpha-anim\" data-speed=\"800\"><div class=\"t-entry-visual\"><div class=\"t-entry-visual-tc\"><div class=\"t-entry-visual-cont\"><div class=\"dummy\" style=\"padding-top: 56.3%;\"><\/div><a role=\"button\" tabindex=\"-1\" href=\"https:\/\/viralcollab.com\/fr\/portfolio\/talentmanagement\/\" class=\"pushed\" target=\"_self\" data-lb-index=\"1\"><div class=\"t-entry-visual-overlay\"><div class=\"t-entry-visual-overlay-in style-dark-bg\" style=\"opacity: 0.2;\"><\/div><\/div><img decoding=\"async\" class=\"wp-image-156812\" src=\"https:\/\/viralcollab.com\/wp-content\/uploads\/2022\/08\/banner2.png\" width=\"1440\" height=\"810\" alt=\"\" srcset=\"https:\/\/viralcollab.com\/wp-content\/uploads\/2022\/08\/banner2.png 1440w, https:\/\/viralcollab.com\/wp-content\/uploads\/2022\/08\/banner2-300x169.png 300w, https:\/\/viralcollab.com\/wp-content\/uploads\/2022\/08\/banner2-1024x576.png 1024w, https:\/\/viralcollab.com\/wp-content\/uploads\/2022\/08\/banner2-768x432.png 768w, https:\/\/viralcollab.com\/wp-content\/uploads\/2022\/08\/banner2-350x197.png 350w, https:\/\/viralcollab.com\/wp-content\/uploads\/2022\/08\/banner2-600x338.png 600w, https:\/\/viralcollab.com\/wp-content\/uploads\/2022\/08\/banner2-uai-720x405.png 720w, https:\/\/viralcollab.com\/wp-content\/uploads\/2022\/08\/banner2-uai-900x506.png 900w\" sizes=\"(max-width: 1440px) 100vw, 1440px\" \/><\/a><\/div>\n\t\t\t\t\t<\/div>\n\t\t\t\t<\/div><div class=\"t-entry-text\">\n\t\t\t\t\t\t\t\t\t<div class=\"t-entry-text-tc single-block-padding\"><div class=\"t-entry\"><h3 class=\"t-entry-title font-175345 h6 font-weight-400 title-scale\"><a href=\"https:\/\/viralcollab.com\/fr\/portfolio\/talentmanagement\/\" target=\"_self\">Pour les influenceurs<\/a><\/h3><\/div><\/div>\n\t\t\t\t\t\t\t<\/div><\/div><\/div>\t\t<\/div>\t\n\t\n\n\t\t\t\t<div class=\"cssgrid-footer grid-footer style-light without-bg single-gutter\">\n\t\t\t\t\t<\/div>\n\t\t\t\t<\/div>\t\t\t\t\t<div class=\"ajax-filter-footprint col-lg-2\" style=\"min-width: 300px\"><\/div>\n\t\t\t<\/div><!-- .ajax-filter-wrapper -->\n\t\t\t\t\t<\/div>\n<\/div><\/div><\/div><\/div><\/div><script id=\"script-row-unique-0\" data-row=\"script-row-unique-0\" type=\"text\/javascript\" class=\"vc_controls\">UNCODE.initRow(document.getElementById(\"row-unique-0\"));<\/script><\/div><\/div><\/div>\n<\/div>","protected":false},"excerpt":{"rendered":"Gestion des talents\u00a0: \u00ab\u00a0Viral Collab a jou\u00e9 un r\u00f4le essentiel dans mon parcours de cr\u00e9ateur de contenu. Je ne serais pas l\u00e0 o\u00f9 j&#039;en suis aujourd&#039;hui sans leur engagement envers votre d\u00e9veloppement et votre r\u00e9ussite.\u00a0\u00bb \u2014 Reid Boehm, influenceur gaming. Rejoignez notre \u00e9quipe\u00a0! Nous aidons les influenceurs comme vous \u00e0 d\u00e9velopper leur carri\u00e8re en prenant en charge les aspects commerciaux. Remplissez ce formulaire pour [...]","protected":false},"author":1,"featured_media":0,"parent":36646,"menu_order":0,"comment_status":"open","ping_status":"closed","template":"","meta":{"footnotes":""},"class_list":["post-4441","page","type-page","status-publish","hentry"],"_links":{"self":[{"href":"https:\/\/viralcollab.com\/fr\/wp-json\/wp\/v2\/pages\/4441","targetHints":{"allow":["GET"]}}],"collection":[{"href":"https:\/\/viralcollab.com\/fr\/wp-json\/wp\/v2\/pages"}],"about":[{"href":"https:\/\/viralcollab.com\/fr\/wp-json\/wp\/v2\/types\/page"}],"author":[{"embeddable":true,"href":"https:\/\/viralcollab.com\/fr\/wp-json\/wp\/v2\/users\/1"}],"replies":[{"embeddable":true,"href":"https:\/\/viralcollab.com\/fr\/wp-json\/wp\/v2\/comments?post=4441"}],"version-history":[{"count":0,"href":"https:\/\/viralcollab.com\/fr\/wp-json\/wp\/v2\/pages\/4441\/revisions"}],"up":[{"embeddable":true,"href":"https:\/\/viralcollab.com\/fr\/wp-json\/wp\/v2\/pages\/36646"}],"wp:attachment":[{"href":"https:\/\/viralcollab.com\/fr\/wp-json\/wp\/v2\/media?parent=4441"}],"curies":[{"name":"wp","href":"https:\/\/api.w.org\/{rel}","templated":true}]}}