{"id":3876,"date":"2014-12-13T01:47:04","date_gmt":"2014-12-13T00:47:04","guid":{"rendered":"https:\/\/undsgn.com\/uncode\/?page_id=3876"},"modified":"2014-12-13T01:47:04","modified_gmt":"2014-12-13T00:47:04","slug":"contact-simple","status":"publish","type":"page","link":"https:\/\/viralcollab.com\/fr\/pages\/contact-simple\/","title":{"rendered":"Contact Simple"},"content":{"rendered":"<div class=\"wpb-content-wrapper\"><div data-parent=\"true\" class=\"vc_row style-color-wayh-bg row-container has-dividers\" id=\"row-unique-0\"><div class=\"row-background background-element\">\n\t\t\t\t\t\t\t\t\t\t\t<div class=\"background-wrapper\">\n\t\t\t\t\t\t\t\t\t\t\t\t<div class=\"background-inner\" style=\"background-image: url(https:\/\/viralcollab.com\/wp-content\/uploads\/2025\/03\/image-placeholder-7.jpg);background-repeat: no-repeat;background-position: center center;background-attachment: scroll;background-size: cover;\"><\/div>\n\t\t\t\t\t\t\t\t\t\t\t\t<div class=\"block-bg-overlay style-accent-bg\" style=\"opacity: 0.9;\"><\/div>\n\t\t\t\t\t\t\t\t\t\t\t<\/div>\n\t\t\t\t\t\t\t\t\t\t<\/div><div class=\"uncode-divider-wrap uncode-divider-wrap-bottom z_index_0\" style=\"height: 100%; opacity: 0.5\" data-height=\"100\" data-unit=\"%\"><svg version=\"1.1\" class=\"uncode-row-divider uncode-row-divider-gradient\" x=\"0px\" y=\"0px\" width=\"240px\" height=\"24px\" viewbox=\"0 0 240 24\" enable-background=\"new 0 0 240 24\" xml:space=\"preserve\" preserveaspectratio=\"none\">\n\t\t<lineargradient id=\"svg-gradient-213524\" gradientunits=\"userSpaceOnUse\" x1=\"119.9995\" y1=\"0\" x2=\"119.9995\" y2=\"24.0005\">\n\t\t\t<stop  offset=\"0\" style=\"stop-color:#115cfa;stop-opacity:0\"\/>\n\t\t\t<stop  offset=\"1\" style=\"stop-color:#115cfa\"\/>\n\t\t<\/lineargradient>\n\t\t<path fill=\"url(#svg-gradient-213524)\" d=\"M240,24V0H0v24H240z\"\/>\n\t\t<\/svg><\/div><div class=\"row triple-top-padding triple-bottom-padding single-h-padding limit-width row-parent\" data-height-ratio=\"55\"><div class=\"wpb_row row-inner\"><div class=\"wpb_column pos-bottom pos-center align_left column_parent col-lg-12 single-internal-gutter\"><div class=\"uncol style-dark\"  ><div class=\"uncoltable\" style=\"min-height: 40vh;\"><div class=\"uncell no-block-padding\" ><div class=\"uncont\" ><div class=\"vc_custom_heading_wrap\"><div class=\"heading-text el-text\" ><h1 class=\"font-846016 fontsize-338686 fontheight-179065\" ><span>Let&#8217;s have a<br \/><\/span><span>parler ensemble<\/span><\/h1><\/div><div class=\"clear\"><\/div><\/div><\/div><\/div><\/div><\/div><\/div><script id=\"script-row-unique-0\" data-row=\"script-row-unique-0\" type=\"text\/javascript\" class=\"vc_controls\">UNCODE.initRow(document.getElementById(\"row-unique-0\"));<\/script><\/div><\/div><\/div><div data-parent=\"true\" class=\"vc_row limit-width row-container\" id=\"row-unique-1\"><div class=\"row triple-top-padding triple-bottom-padding single-h-padding row-parent\"><div class=\"wpb_row row-inner\"><div class=\"wpb_column pos-top pos-left align_left column_parent col-lg-7 col-md-66 single-internal-gutter\"><div class=\"uncol style-light font-846016\"  ><div class=\"uncoltable\"><div class=\"uncell no-block-padding\" ><div class=\"uncont\" style=\" max-width:90%;\" ><div class=\"vc_custom_heading_wrap\"><div class=\"heading-text el-text\" ><h2 class=\"font-846016 h3\" ><span>Planifier un appel<\/span><\/h2><div><p>\u00c9valuer avec \u00e9nergie des strat\u00e9gies de croissance cibl\u00e9es gr\u00e2ce \u00e0 des cha\u00eenes d&#039;approvisionnement performantes. R\u00e9interm\u00e9dier efficacement les potentialit\u00e9s critiques pour la mission, tout en int\u00e9grant des sc\u00e9narios transversaux.<\/p>\n<\/div><\/div><div class=\"clear\"><\/div><\/div>[contact-form-7 id=&#8221;22444&#8243;]<\/div><\/div><\/div><\/div><\/div><div class=\"wpb_column pos-top pos-left align_left column_parent col-lg-5 col-md-33 single-internal-gutter\"><div class=\"uncol style-light font-846016\"  ><div class=\"uncoltable\"><div class=\"uncell no-block-padding\" ><div class=\"uncont\" ><div class=\"uncode-gmaps-widget\" >\n\t\t<div class=\"uncode-wrapper\">\n\t\t<div id=\"gmapNFkXlp\" class=\"uncode-map-wrapper\" data-draggable=\"true\" data-zoom=\"13\" data-color=\"#115cfa\" data-ui=\"#115cfa\" data-lat=\"40.790278\" data-lon=\"-73.959722\" data-saturation=\"-26\" data-brightness=\"5\" style=\"height: 240px\">\n\t\t<\/div>\n\t\t\t\t<div id=\"gmapNFkXlp-zoom-in\" class=\"gmap-buttons gmap-zoom-min btn style-color-210407-bg\"><\/div>\n\t\t<div id=\"gmapNFkXlp-zoom-out\" class=\"gmap-buttons gmap-zoom-out btn style-color-210407-bg\"><\/div>\n\t\t\t\t\t<\/div>\n\t<\/div>\n<div class=\"vc_custom_heading_wrap\"><div class=\"heading-text el-text\" ><h2 class=\"font-846016 h3\" ><span>Si\u00e8ge social<\/span><\/h2><div><p>310 West 14th North Street, Suite 21<br \/>\nNew York, NY 10010<br \/>\nCourriel : info@votredomaine.com<br \/>\nT\u00e9l\u00e9phone : +88 (0) 101 0000 000<\/p>\n<\/div><\/div><div class=\"clear\"><\/div><\/div><\/div><\/div><\/div><\/div><\/div><script id=\"script-row-unique-1\" data-row=\"script-row-unique-1\" type=\"text\/javascript\" class=\"vc_controls\">UNCODE.initRow(document.getElementById(\"row-unique-1\"));<\/script><\/div><\/div><\/div>\n<\/div>","protected":false},"excerpt":{"rendered":"Let's have atalk togetherSchedule a callEnergistically benchmark focused growth strategies via superior supply chains. Compellingly reintermediate mission-critical potentialities whereas cross [...]","protected":false},"author":1,"featured_media":0,"parent":36601,"menu_order":0,"comment_status":"open","ping_status":"closed","template":"","meta":{"footnotes":""},"class_list":["post-3876","page","type-page","status-publish","hentry"],"_links":{"self":[{"href":"https:\/\/viralcollab.com\/fr\/wp-json\/wp\/v2\/pages\/3876","targetHints":{"allow":["GET"]}}],"collection":[{"href":"https:\/\/viralcollab.com\/fr\/wp-json\/wp\/v2\/pages"}],"about":[{"href":"https:\/\/viralcollab.com\/fr\/wp-json\/wp\/v2\/types\/page"}],"author":[{"embeddable":true,"href":"https:\/\/viralcollab.com\/fr\/wp-json\/wp\/v2\/users\/1"}],"replies":[{"embeddable":true,"href":"https:\/\/viralcollab.com\/fr\/wp-json\/wp\/v2\/comments?post=3876"}],"version-history":[{"count":0,"href":"https:\/\/viralcollab.com\/fr\/wp-json\/wp\/v2\/pages\/3876\/revisions"}],"up":[{"embeddable":true,"href":"https:\/\/viralcollab.com\/fr\/wp-json\/wp\/v2\/pages\/36601"}],"wp:attachment":[{"href":"https:\/\/viralcollab.com\/fr\/wp-json\/wp\/v2\/media?parent=3876"}],"curies":[{"name":"wp","href":"https:\/\/api.w.org\/{rel}","templated":true}]}}