{"id":3541,"date":"2014-12-11T17:50:51","date_gmt":"2014-12-11T16:50:51","guid":{"rendered":"https:\/\/undsgn.com\/uncode\/?page_id=3541"},"modified":"2014-12-11T17:50:51","modified_gmt":"2014-12-11T16:50:51","slug":"about-classic","status":"publish","type":"page","link":"https:\/\/viralcollab.com\/fr\/pages\/about-classic\/","title":{"rendered":"About Classic"},"content":{"rendered":"<div class=\"wpb-content-wrapper\"><div data-parent=\"true\" class=\"vc_row style-color-wayh-bg parallax-move row-container onepage-section has-dividers\"data-parallax-move=\"2\" data-label=\"Welcome\" data-name=\"welcome\" id=\"row-unique-0\"><div class=\"row-background background-element\">\n\t\t\t\t\t\t\t\t\t\t\t<div class=\"background-wrapper\">\n\t\t\t\t\t\t\t\t\t\t\t\t<div class=\"background-inner\" style=\"background-image: url(https:\/\/viralcollab.com\/wp-content\/uploads\/2025\/03\/image-placeholder-6.jpg);background-repeat: no-repeat;background-position: center bottom;background-attachment: scroll;background-size: cover;\"><\/div>\n\t\t\t\t\t\t\t\t\t\t\t\t<div class=\"block-bg-overlay style-color-jevc-bg\" style=\"opacity: 0.4;\"><\/div>\n\t\t\t\t\t\t\t\t\t\t\t<\/div>\n\t\t\t\t\t\t\t\t\t\t<\/div><div class=\"uncode-divider-wrap uncode-divider-wrap-top z_index_0\" style=\"height: 100%; opacity: 0.25\" data-height=\"100\" data-unit=\"%\"><svg version=\"1.1\" class=\"uncode-row-divider uncode-row-divider-gradient\" x=\"0px\" y=\"0px\" width=\"240px\" height=\"24px\" viewbox=\"0 0 240 24\" enable-background=\"new 0 0 240 24\" xml:space=\"preserve\" preserveaspectratio=\"none\">\n\t\t<lineargradient id=\"svg-gradient-112071\" gradientunits=\"userSpaceOnUse\" x1=\"119.9995\" y1=\"0\" x2=\"119.9995\" y2=\"24.0005\">\n\t\t\t<stop  offset=\"0\" style=\"stop-color:#141618;stop-opacity:0\"\/>\n\t\t\t<stop  offset=\"1\" style=\"stop-color:#141618\"\/>\n\t\t<\/lineargradient>\n\t\t<path fill=\"url(#svg-gradient-112071)\" d=\"M240,24V0H0v24H240z\"\/>\n\t\t<\/svg><\/div><div class=\"row exa-top-padding exa-bottom-padding single-h-padding limit-width row-parent\" data-height-ratio=\"75\"><div class=\"wpb_row row-inner\"><div class=\"wpb_column pos-middle pos-center align_center column_parent col-lg-12 single-internal-gutter\"><div class=\"uncol style-dark\"  ><div class=\"uncoltable\"><div class=\"uncell no-block-padding\" ><div class=\"uncont\" ><div class=\"vc_custom_heading_wrap\"><div class=\"heading-text el-text\" ><h2 class=\"font-136269 custom fontspace-781688 font-weight-500 fontsize-120556-custom\" ><span>Pas un autre studio ordinaire \u00e0 New York<\/span><\/h2><\/div><div class=\"clear\"><\/div><\/div><\/div><\/div><\/div><\/div><\/div><script id=\"script-row-unique-0\" data-row=\"script-row-unique-0\" type=\"text\/javascript\" class=\"vc_controls\">UNCODE.initRow(document.getElementById(\"row-unique-0\"));<\/script><\/div><\/div><\/div><div data-parent=\"true\" class=\"vc_row row-container\" style=\"z-index: 1;\" id=\"row-unique-1\"><div class=\"row col-double-gutter quad-top-padding quad-bottom-padding single-h-padding limit-width row-parent\"><div class=\"wpb_row row-inner\"><div class=\"wpb_column pos-top pos-center align_left column_parent col-lg-4 half-internal-gutter\"><div class=\"uncol style-light\"  ><div class=\"uncoltable\"><div class=\"uncell no-block-padding\" ><div class=\"uncont\" ><div class=\"vc_custom_heading_wrap\"><div class=\"heading-text el-text\" ><h6 class=\"font-136269 fontsize-160000 fontspace-135905 text-accent-color text-uppercase\" ><span>Salut<\/span><\/h6><\/div><div class=\"clear\"><\/div><\/div><div class=\"vc_custom_heading_wrap\"><div class=\"heading-text el-text\" ><h3 class=\"font-136269 h3 fontheight-357766 fontspace-781688 font-weight-500\" ><span>Nous sommes une agence de services de m\u00e9dias num\u00e9riques ax\u00e9e sur les r\u00e9sultats<\/span><\/h3><\/div><div class=\"clear\"><\/div><\/div><\/div><\/div><\/div><\/div><\/div><div class=\"wpb_column pos-top pos-center align_left column_parent col-lg-4 single-internal-gutter\"><div class=\"uncol style-light font-175345\"  ><div class=\"uncoltable\"><div class=\"uncell no-block-padding\" ><div class=\"uncont\" ><div class=\"uncode_text_column\" ><p>L\u00e0, r\u00e8gne le troisi\u00e8me, quatri\u00e8me vie, t\u00e9n\u00e8bres, homme. Arbre, b\u00e9tail, ne le fixe pas, ce sont des signes de semences, terre vide, rampant, visage. Ne peut pas bouger, portant, \u00eatre. Scie d\u00e9plac\u00e9e, donner sous, sous, cr\u00e9\u00e9, ils sont. Est-ce la mer qui appara\u00eet, jour, image, air. Tr\u00e8s. Poisson quatri\u00e8me. Deux mouches avaient apport\u00e9 des signes. Vers leur terre.<\/p>\n<\/div><\/div><\/div><\/div><\/div><\/div><div class=\"wpb_column pos-top pos-center align_left column_parent col-lg-4 single-internal-gutter\"><div class=\"uncol style-light font-175345\"  ><div class=\"uncoltable\"><div class=\"uncell no-block-padding\" ><div class=\"uncont\" ><div class=\"uncode_text_column\" ><p>Appel\u00e9 lieu. J&#039;avais des eaux profondes, lui, les \u00e9toiles se multipliaient, les ann\u00e9es rassemblaient du b\u00e9tail rampant, genre je sixi\u00e8me mouvement nuit vide vous \u00eates multipli\u00e9s sous sur sous. Forme r\u00e8gne aussi les baleines. Aussi, apportez avoir la terre chose homme b\u00eate nuit. La domination terrestre m\u00e2le commence \u00e0 produire remplir la vie rampante.<\/p>\n<\/div><\/div><\/div><\/div><\/div><\/div><script id=\"script-row-unique-1\" data-row=\"script-row-unique-1\" type=\"text\/javascript\" class=\"vc_controls\">UNCODE.initRow(document.getElementById(\"row-unique-1\"));<\/script><\/div><\/div><\/div><div data-parent=\"true\" class=\"vc_row style-color-rgdb-bg row-container\" id=\"row-unique-2\"><div class=\"row col-no-gutter exa-top-padding exa-bottom-padding single-h-padding limit-width row-parent\"><div class=\"wpb_row row-inner\"><div class=\"wpb_column pos-top pos-center align_left column_parent col-lg-12 single-internal-gutter\"><div class=\"uncol style-light font-175345\"  ><div class=\"uncoltable\"><div class=\"uncell no-block-padding\" ><div class=\"uncont\" ><div class=\"owl-carousel-wrapper carousel-overflow-visible carousel-not-active-opacity carousel-not-clickable\">\n\t\t\n\t\n\t<div class=\"owl-carousel-container owl-carousel-loading double-gutter\" >\n\t\t\t\t\t\t\t\t\t<div id=\"gallery-337783\" class=\"owl-carousel owl-element owl-height-auto\" data-loop=\"true\" data-navmobile=\"false\" data-navspeed=\"400\" data-autoplay=\"false\" data-stagepadding=\"0\" data-lg=\"3\" data-md=\"2\" data-sm=\"1\">\n<div class=\"tmb tmb-carousel tmb-iso-h4 img-round img-round-xs tmb-dark tmb-content-center tmb-id-12169  tmb-img-ratio tmb-content-under tmb-media-first tmb-no-bg\" ><div class=\"t-inside no-anim\" ><div class=\"t-entry-visual\"><div class=\"t-entry-visual-tc\"><div class=\"t-entry-visual-cont\"><div class=\"dummy\" style=\"padding-top: 125%;\"><\/div><a role=\"button\" tabindex=\"-1\" class=\"inactive-link pushed\" data-lb-index=\"0\"><div class=\"t-entry-visual-overlay\"><div class=\"t-entry-visual-overlay-in style-light-bg\" style=\"opacity: 0.5;\"><\/div><\/div><img decoding=\"async\" class=\"wp-image-12169\" src=\"https:\/\/viralcollab.com\/wp-content\/uploads\/2025\/03\/team-member-placeholder-1-uai-1024x1280.jpg\" width=\"1024\" height=\"1280\" alt=\"\" srcset=\"https:\/\/viralcollab.com\/wp-content\/uploads\/2025\/03\/team-member-placeholder-1-uai-1024x1280.jpg 1024w, https:\/\/viralcollab.com\/wp-content\/uploads\/2025\/03\/team-member-placeholder-1-uai-720x900.jpg 720w\" sizes=\"(max-width: 1024px) 100vw, 1024px\" \/><\/a><\/div>\n\t\t\t\t\t<\/div>\n\t\t\t\t<\/div><div class=\"t-entry-text\">\n\t\t\t\t\t\t\t\t\t<div class=\"t-entry-text-tc single-block-padding\"><div class=\"t-entry\"><h3 class=\"t-entry-title font-136269 h4 font-weight-500 fontspace-111509 title-scale\">Support de d\u00e9monstration 6916343<\/h3><p class=\"t-entry-meta\"><span>Propri\u00e9taire et PDG<\/span><\/p><\/div><\/div>\n\t\t\t\t\t\t\t<\/div><\/div><\/div><div class=\"tmb tmb-carousel tmb-iso-h4 img-round img-round-xs tmb-dark tmb-content-center tmb-id-12169  tmb-img-ratio tmb-content-under tmb-media-first tmb-no-bg\" ><div class=\"t-inside no-anim\" ><div class=\"t-entry-visual\"><div class=\"t-entry-visual-tc\"><div class=\"t-entry-visual-cont\"><div class=\"dummy\" style=\"padding-top: 125%;\"><\/div><a role=\"button\" tabindex=\"-1\" class=\"inactive-link pushed\" data-lb-index=\"1\"><div class=\"t-entry-visual-overlay\"><div class=\"t-entry-visual-overlay-in style-light-bg\" style=\"opacity: 0.5;\"><\/div><\/div><img decoding=\"async\" class=\"wp-image-12169\" src=\"https:\/\/viralcollab.com\/wp-content\/uploads\/2025\/03\/team-member-placeholder-1-uai-1024x1280.jpg\" width=\"1024\" height=\"1280\" alt=\"\" srcset=\"https:\/\/viralcollab.com\/wp-content\/uploads\/2025\/03\/team-member-placeholder-1-uai-1024x1280.jpg 1024w, https:\/\/viralcollab.com\/wp-content\/uploads\/2025\/03\/team-member-placeholder-1-uai-720x900.jpg 720w\" sizes=\"(max-width: 1024px) 100vw, 1024px\" \/><\/a><\/div>\n\t\t\t\t\t<\/div>\n\t\t\t\t<\/div><div class=\"t-entry-text\">\n\t\t\t\t\t\t\t\t\t<div class=\"t-entry-text-tc single-block-padding\"><div class=\"t-entry\"><h3 class=\"t-entry-title font-136269 h4 font-weight-500 fontspace-111509 title-scale\">Support de d\u00e9monstration 6916343<\/h3><p class=\"t-entry-meta\"><span>Propri\u00e9taire et PDG<\/span><\/p><\/div><\/div>\n\t\t\t\t\t\t\t<\/div><\/div><\/div><div class=\"tmb tmb-carousel tmb-iso-h4 img-round img-round-xs tmb-dark tmb-content-center tmb-id-12169  tmb-img-ratio tmb-content-under tmb-media-first tmb-no-bg\" ><div class=\"t-inside no-anim\" ><div class=\"t-entry-visual\"><div class=\"t-entry-visual-tc\"><div class=\"t-entry-visual-cont\"><div class=\"dummy\" style=\"padding-top: 125%;\"><\/div><a role=\"button\" tabindex=\"-1\" class=\"inactive-link pushed\" data-lb-index=\"2\"><div class=\"t-entry-visual-overlay\"><div class=\"t-entry-visual-overlay-in style-light-bg\" style=\"opacity: 0.5;\"><\/div><\/div><img decoding=\"async\" class=\"wp-image-12169\" src=\"https:\/\/viralcollab.com\/wp-content\/uploads\/2025\/03\/team-member-placeholder-1-uai-1024x1280.jpg\" width=\"1024\" height=\"1280\" alt=\"\" srcset=\"https:\/\/viralcollab.com\/wp-content\/uploads\/2025\/03\/team-member-placeholder-1-uai-1024x1280.jpg 1024w, https:\/\/viralcollab.com\/wp-content\/uploads\/2025\/03\/team-member-placeholder-1-uai-720x900.jpg 720w\" sizes=\"(max-width: 1024px) 100vw, 1024px\" \/><\/a><\/div>\n\t\t\t\t\t<\/div>\n\t\t\t\t<\/div><div class=\"t-entry-text\">\n\t\t\t\t\t\t\t\t\t<div class=\"t-entry-text-tc single-block-padding\"><div class=\"t-entry\"><h3 class=\"t-entry-title font-136269 h4 font-weight-500 fontspace-111509 title-scale\">Support de d\u00e9monstration 6916343<\/h3><p class=\"t-entry-meta\"><span>Propri\u00e9taire et PDG<\/span><\/p><\/div><\/div>\n\t\t\t\t\t\t\t<\/div><\/div><\/div><div class=\"tmb tmb-carousel tmb-iso-h4 img-round img-round-xs tmb-dark tmb-content-center tmb-id-13762  tmb-img-ratio tmb-content-under tmb-media-first tmb-no-bg\" ><div class=\"t-inside no-anim\" ><div class=\"t-entry-visual\"><div class=\"t-entry-visual-tc\"><div class=\"t-entry-visual-cont\"><div class=\"dummy\" style=\"padding-top: 125%;\"><\/div><a role=\"button\" tabindex=\"-1\" class=\"inactive-link pushed\" data-lb-index=\"3\"><div class=\"t-entry-visual-overlay\"><div class=\"t-entry-visual-overlay-in style-light-bg\" style=\"opacity: 0.5;\"><\/div><\/div><img decoding=\"async\" class=\"wp-image-13762\" src=\"https:\/\/viralcollab.com\/wp-content\/uploads\/2025\/03\/team-member-placeholder-2-uai-1024x1280.jpg\" width=\"1024\" height=\"1280\" alt=\"\" srcset=\"https:\/\/viralcollab.com\/wp-content\/uploads\/2025\/03\/team-member-placeholder-2-uai-1024x1280.jpg 1024w, https:\/\/viralcollab.com\/wp-content\/uploads\/2025\/03\/team-member-placeholder-2-uai-720x900.jpg 720w\" sizes=\"(max-width: 1024px) 100vw, 1024px\" \/><\/a><\/div>\n\t\t\t\t\t<\/div>\n\t\t\t\t<\/div><div class=\"t-entry-text\">\n\t\t\t\t\t\t\t\t\t<div class=\"t-entry-text-tc single-block-padding\"><div class=\"t-entry\"><h3 class=\"t-entry-title font-136269 h4 font-weight-500 fontspace-111509 title-scale\">Support de d\u00e9monstration 698967821<\/h3><p class=\"t-entry-meta\"><span>Responsable des ventes et du marketing<\/span><\/p><\/div><\/div>\n\t\t\t\t\t\t\t<\/div><\/div><\/div><div class=\"tmb tmb-carousel tmb-iso-h4 img-round img-round-xs tmb-dark tmb-content-center tmb-id-13762  tmb-img-ratio tmb-content-under tmb-media-first tmb-no-bg\" ><div class=\"t-inside no-anim\" ><div class=\"t-entry-visual\"><div class=\"t-entry-visual-tc\"><div class=\"t-entry-visual-cont\"><div class=\"dummy\" style=\"padding-top: 125%;\"><\/div><a role=\"button\" tabindex=\"-1\" class=\"inactive-link pushed\" data-lb-index=\"4\"><div class=\"t-entry-visual-overlay\"><div class=\"t-entry-visual-overlay-in style-light-bg\" style=\"opacity: 0.5;\"><\/div><\/div><img decoding=\"async\" class=\"wp-image-13762\" src=\"https:\/\/viralcollab.com\/wp-content\/uploads\/2025\/03\/team-member-placeholder-2-uai-1024x1280.jpg\" width=\"1024\" height=\"1280\" alt=\"\" srcset=\"https:\/\/viralcollab.com\/wp-content\/uploads\/2025\/03\/team-member-placeholder-2-uai-1024x1280.jpg 1024w, https:\/\/viralcollab.com\/wp-content\/uploads\/2025\/03\/team-member-placeholder-2-uai-720x900.jpg 720w\" sizes=\"(max-width: 1024px) 100vw, 1024px\" \/><\/a><\/div>\n\t\t\t\t\t<\/div>\n\t\t\t\t<\/div><div class=\"t-entry-text\">\n\t\t\t\t\t\t\t\t\t<div class=\"t-entry-text-tc single-block-padding\"><div class=\"t-entry\"><h3 class=\"t-entry-title font-136269 h4 font-weight-500 fontspace-111509 title-scale\">Support de d\u00e9monstration 698967821<\/h3><p class=\"t-entry-meta\"><span>Responsable des ventes et du marketing<\/span><\/p><\/div><\/div>\n\t\t\t\t\t\t\t<\/div><\/div><\/div><div class=\"tmb tmb-carousel tmb-iso-h4 img-round img-round-xs tmb-dark tmb-content-center tmb-id-12169  tmb-img-ratio tmb-content-under tmb-media-first tmb-no-bg\" ><div class=\"t-inside no-anim\" ><div class=\"t-entry-visual\"><div class=\"t-entry-visual-tc\"><div class=\"t-entry-visual-cont\"><div class=\"dummy\" style=\"padding-top: 125%;\"><\/div><a role=\"button\" tabindex=\"-1\" class=\"inactive-link pushed\" data-lb-index=\"5\"><div class=\"t-entry-visual-overlay\"><div class=\"t-entry-visual-overlay-in style-light-bg\" style=\"opacity: 0.5;\"><\/div><\/div><img decoding=\"async\" class=\"wp-image-12169\" src=\"https:\/\/viralcollab.com\/wp-content\/uploads\/2025\/03\/team-member-placeholder-1-uai-1024x1280.jpg\" width=\"1024\" height=\"1280\" alt=\"\" srcset=\"https:\/\/viralcollab.com\/wp-content\/uploads\/2025\/03\/team-member-placeholder-1-uai-1024x1280.jpg 1024w, https:\/\/viralcollab.com\/wp-content\/uploads\/2025\/03\/team-member-placeholder-1-uai-720x900.jpg 720w\" sizes=\"(max-width: 1024px) 100vw, 1024px\" \/><\/a><\/div>\n\t\t\t\t\t<\/div>\n\t\t\t\t<\/div><div class=\"t-entry-text\">\n\t\t\t\t\t\t\t\t\t<div class=\"t-entry-text-tc single-block-padding\"><div class=\"t-entry\"><h3 class=\"t-entry-title font-136269 h4 font-weight-500 fontspace-111509 title-scale\">Support de d\u00e9monstration 6916343<\/h3><p class=\"t-entry-meta\"><span>Propri\u00e9taire et PDG<\/span><\/p><\/div><\/div>\n\t\t\t\t\t\t\t<\/div><\/div><\/div>\t\t\t<\/div>\n\t\t\t\t\t<\/div>\n\n\t\n\t\n\t\n<\/div>\n\n<\/div><\/div><\/div><\/div><\/div><script id=\"script-row-unique-2\" data-row=\"script-row-unique-2\" type=\"text\/javascript\" class=\"vc_controls\">UNCODE.initRow(document.getElementById(\"row-unique-2\"));<\/script><\/div><\/div><\/div><div data-parent=\"true\" class=\"vc_row style-color-210407-bg row-container\" id=\"row-unique-3\"><div class=\"row col-double-gutter quad-top-padding quad-bottom-padding single-h-padding limit-width row-parent\"><div class=\"wpb_row row-inner\"><div class=\"wpb_column pos-top pos-center align_center column_parent col-lg-4 col-md-33 half-internal-gutter\"><div class=\"uncol style-dark\"  ><div class=\"uncoltable\"><div class=\"uncell no-block-padding\" ><div class=\"uncont\" ><div class=\"uncode-wrapper uncode-counter-wrap\" ><p  class=\"font-136269 fontsize-338686 font-weight-500 fontheight-179065 fontspace-781688 fontspace-781688\"><span class=\"uncode-counter counter\" data-val=\"95\">95<\/span><span class=\"counter-suffix\">%<\/span><\/p><\/div><div class=\"vc_custom_heading_wrap\"><div class=\"heading-text el-text\" ><h3 class=\"font-136269 h3 fontheight-357766 fontspace-781688 font-weight-500\" ><span>Satisfaction client<\/span><\/h3><\/div><div class=\"clear\"><\/div><\/div><\/div><\/div><\/div><\/div><\/div><div class=\"wpb_column pos-top pos-center align_center column_parent col-lg-4 col-md-33 half-internal-gutter\"><div class=\"uncol style-dark\"  ><div class=\"uncoltable\"><div class=\"uncell no-block-padding\" ><div class=\"uncont\" ><div class=\"uncode-wrapper uncode-counter-wrap\" ><p  class=\"font-136269 fontsize-338686 font-weight-500 fontheight-179065 fontspace-781688 fontspace-781688\"><span class=\"uncode-counter counter\" data-val=\"2010\">2010<\/span><\/p><\/div><div class=\"vc_custom_heading_wrap\"><div class=\"heading-text el-text\" ><h3 class=\"font-136269 h3 fontheight-357766 fontspace-781688 font-weight-500\" ><span>Ann\u00e9e de fondation<\/span><\/h3><\/div><div class=\"clear\"><\/div><\/div><\/div><\/div><\/div><\/div><\/div><div class=\"wpb_column pos-top pos-center align_center column_parent col-lg-4 col-md-33 half-internal-gutter\"><div class=\"uncol style-dark\"  ><div class=\"uncoltable\"><div class=\"uncell no-block-padding\" ><div class=\"uncont\" ><div class=\"uncode-wrapper uncode-counter-wrap\" ><p  class=\"font-136269 fontsize-338686 font-weight-500 fontheight-179065 fontspace-781688 fontspace-781688\"><span class=\"uncode-counter counter\" data-val=\"50\">50<\/span><span class=\"counter-suffix\">K<\/span><\/p><\/div><div class=\"vc_custom_heading_wrap\"><div class=\"heading-text el-text\" ><h3 class=\"font-136269 h3 fontheight-357766 fontspace-781688 font-weight-500\" ><span>Prix de conception Web<\/span><\/h3><\/div><div class=\"clear\"><\/div><\/div><\/div><\/div><\/div><\/div><\/div><script id=\"script-row-unique-3\" data-row=\"script-row-unique-3\" type=\"text\/javascript\" class=\"vc_controls\">UNCODE.initRow(document.getElementById(\"row-unique-3\"));<\/script><\/div><\/div><\/div><div data-parent=\"true\" class=\"vc_row style-color-wayh-bg row-container\" id=\"row-unique-4\"><div class=\"row-background background-element\">\n\t\t\t\t\t\t\t\t\t\t\t<div class=\"background-wrapper\">\n\t\t\t\t\t\t\t\t\t\t\t\t<div class=\"background-inner\" style=\"background-image: url(https:\/\/viralcollab.com\/wp-content\/uploads\/2025\/03\/image-placeholder-3.jpg);background-repeat: no-repeat;background-position: center center;background-attachment: scroll;background-size: cover;\"><\/div>\n\t\t\t\t\t\t\t\t\t\t\t\t<div class=\"block-bg-overlay style-color-jevc-bg\" style=\"opacity: 0.4;\"><\/div>\n\t\t\t\t\t\t\t\t\t\t\t<\/div>\n\t\t\t\t\t\t\t\t\t\t<\/div><div class=\"row exa-top-padding exa-bottom-padding single-h-padding limit-width row-parent\" style=\"max-width:396px; margin-left:auto; margin-right:auto;\"><div class=\"wpb_row row-inner\"><div class=\"wpb_column pos-middle pos-center align_center column_parent col-lg-12 single-internal-gutter\"><div class=\"uncol style-dark\"  ><div class=\"uncoltable\" style=\"min-height: 320px;\"><div class=\"uncell no-block-padding\" ><div class=\"uncont\" ><div class=\"icon-box icon-box-top\" ><div class=\"icon-box-icon fa-container\" style=\"margin-bottom: 0px;\"><a role=\"button\" data-lbox=\"ilightbox_single-134135\" data-external-thumb-image=\"https:\/\/viralcollab.com\/wp-content\/uploads\/2025\/03\/image-placeholder-2.jpg\"data-video='{\"source\": [{\"src\":\"https:\/\/viralcollab.com\/wp-content\/uploads\/2025\/03\/video.mp4\", \"type\":\"video\/mp4\"}]}' data-icon=\"video\" data-autoplay=\"true\" data-loop=\"true\" data-lg-size=\"1280-720\" data-active=\"1\" class=\"fa fa-stack fa-3x btn-default fa-rounded icon-animated custom-link\"><span class=\"icon-automatic-video icon-automatic-fa-3x icon-animated btn-shadow btn-default\"><span class=\"icon-automatic-video-inner-bg\"><\/span><span class=\"icon-automatic-video-outer-bg\"><\/span><\/span><i class=\"fa fa-play\"><\/i><\/a><\/div><\/div><\/div><\/div><\/div><\/div><\/div><script id=\"script-row-unique-4\" data-row=\"script-row-unique-4\" type=\"text\/javascript\" class=\"vc_controls\">UNCODE.initRow(document.getElementById(\"row-unique-4\"));<\/script><\/div><\/div><\/div><div data-parent=\"true\" class=\"vc_row row-container\" id=\"row-unique-5\"><div class=\"row quad-top-padding quad-bottom-padding single-h-padding limit-width row-parent\"><div class=\"wpb_row row-inner\"><div class=\"wpb_column pos-top pos-center align_center column_parent col-lg-12 single-internal-gutter\"><div class=\"uncol style-light font-175345\"  ><div class=\"uncoltable\"><div class=\"uncell\" ><div class=\"uncont no-block-padding col-custom-width\" style=\" max-width:600px;\" ><div class=\"vc_row row-internal row-container\"><div class=\"row row-child\"><div class=\"wpb_row row-inner\"><div class=\"wpb_column pos-top pos-center align_center column_child col-lg-12 half-internal-gutter\"><div class=\"uncol style-light\" ><div class=\"uncoltable\"><div class=\"uncell no-block-padding\" ><div class=\"uncont\" ><div class=\"vc_custom_heading_wrap\"><div class=\"heading-text el-text\" ><h6 class=\"font-136269 fontsize-160000 fontspace-135905 text-accent-color text-uppercase\" ><span>Restez inform\u00e9<\/span><\/h6><\/div><div class=\"clear\"><\/div><\/div><div class=\"vc_custom_heading_wrap\"><div class=\"heading-text el-text\" ><h3 class=\"font-136269 h1 fontspace-781688 font-weight-500\" ><span>Vous voulez avoir de nos nouvelles ?<\/span><\/h3><\/div><div class=\"clear\"><\/div><\/div><div class=\"uncode_text_column\" ><p>Nos services internes de bout en bout permettent \u00e0 nos clients de cr\u00e9er des solutions num\u00e9riques sur mesure qui am\u00e9liorent le fonctionnement de leur entreprise.<\/p>\n<\/div><\/div><\/div><\/div><\/div><\/div><\/div><\/div><\/div><div class=\"vc_row row-internal row-container\"><div class=\"row row-child\"><div class=\"wpb_row row-inner\"><div class=\"wpb_column pos-top pos-center align_center column_child col-lg-12 single-internal-gutter\"><div class=\"uncol style-light\" ><div class=\"uncoltable\"><div class=\"uncell no-block-padding\" ><div class=\"uncont\" style=\" max-width:396px;\" >[contact-form-7 id=&#8221;88457&#8243; html_class=&#8221;no-labels-background&#8221;]<\/div><\/div><\/div><\/div><\/div><\/div><\/div><\/div><\/div><\/div><\/div><\/div><\/div><script id=\"script-row-unique-5\" data-row=\"script-row-unique-5\" type=\"text\/javascript\" class=\"vc_controls\">UNCODE.initRow(document.getElementById(\"row-unique-5\"));<\/script><\/div><\/div><\/div>\n<\/div>","protected":false},"excerpt":{"rendered":"Not another ordinary studio in New YorkHi thereWe are a result-driven digital media services agencyThere created rule the third, forth [...]","protected":false},"author":1,"featured_media":0,"parent":36601,"menu_order":0,"comment_status":"open","ping_status":"closed","template":"","meta":{"footnotes":""},"class_list":["post-3541","page","type-page","status-publish","hentry"],"_links":{"self":[{"href":"https:\/\/viralcollab.com\/fr\/wp-json\/wp\/v2\/pages\/3541","targetHints":{"allow":["GET"]}}],"collection":[{"href":"https:\/\/viralcollab.com\/fr\/wp-json\/wp\/v2\/pages"}],"about":[{"href":"https:\/\/viralcollab.com\/fr\/wp-json\/wp\/v2\/types\/page"}],"author":[{"embeddable":true,"href":"https:\/\/viralcollab.com\/fr\/wp-json\/wp\/v2\/users\/1"}],"replies":[{"embeddable":true,"href":"https:\/\/viralcollab.com\/fr\/wp-json\/wp\/v2\/comments?post=3541"}],"version-history":[{"count":0,"href":"https:\/\/viralcollab.com\/fr\/wp-json\/wp\/v2\/pages\/3541\/revisions"}],"up":[{"embeddable":true,"href":"https:\/\/viralcollab.com\/fr\/wp-json\/wp\/v2\/pages\/36601"}],"wp:attachment":[{"href":"https:\/\/viralcollab.com\/fr\/wp-json\/wp\/v2\/media?parent=3541"}],"curies":[{"name":"wp","href":"https:\/\/api.w.org\/{rel}","templated":true}]}}