{"id":22179,"date":"2015-06-11T16:03:51","date_gmt":"2015-06-11T14:03:51","guid":{"rendered":"https:\/\/undsgn.com\/uncode\/?page_id=22179"},"modified":"2015-06-11T16:03:51","modified_gmt":"2015-06-11T14:03:51","slug":"faq","status":"publish","type":"page","link":"https:\/\/viralcollab.com\/fr\/pages\/faq\/","title":{"rendered":"FAQ"},"content":{"rendered":"<div class=\"wpb-content-wrapper\"><div data-parent=\"true\" class=\"vc_row style-color-wayh-bg row-container with-parallax has-dividers\" id=\"row-unique-0\"><div class=\"row-background background-element\">\n\t\t\t\t\t\t\t\t\t\t\t<div class=\"background-wrapper\">\n\t\t\t\t\t\t\t\t\t\t\t\t<div class=\"background-inner\" style=\"background-image: url(https:\/\/viralcollab.com\/wp-content\/uploads\/2025\/03\/image-placeholder-7.jpg);background-repeat: no-repeat;background-position: center bottom;background-size: cover;\"><\/div>\n\t\t\t\t\t\t\t\t\t\t\t\t\n\t\t\t\t\t\t\t\t\t\t\t<\/div>\n\t\t\t\t\t\t\t\t\t\t<\/div><div class=\"uncode-divider-wrap uncode-divider-wrap-bottom z_index_0\" style=\"height: 100%; opacity: 0.5\" data-height=\"100\" data-unit=\"%\"><svg version=\"1.1\" class=\"uncode-row-divider uncode-row-divider-gradient\" x=\"0px\" y=\"0px\" width=\"240px\" height=\"24px\" viewbox=\"0 0 240 24\" enable-background=\"new 0 0 240 24\" xml:space=\"preserve\" preserveaspectratio=\"none\">\n\t\t<lineargradient id=\"svg-gradient-126732\" gradientunits=\"userSpaceOnUse\" x1=\"119.9995\" y1=\"0\" x2=\"119.9995\" y2=\"24.0005\">\n\t\t\t<stop  offset=\"0\" style=\"stop-color:#141618;stop-opacity:0\"\/>\n\t\t\t<stop  offset=\"1\" style=\"stop-color:#141618\"\/>\n\t\t<\/lineargradient>\n\t\t<path fill=\"url(#svg-gradient-126732)\" d=\"M240,24V0H0v24H240z\"\/>\n\t\t<\/svg><\/div><div class=\"row triple-top-padding triple-bottom-padding single-h-padding limit-width row-parent\" data-height-ratio=\"60\"><div class=\"wpb_row row-inner\"><div class=\"wpb_column pos-bottom pos-center align_left column_parent col-lg-12 single-internal-gutter\"><div class=\"uncol style-dark\"  ><div class=\"uncoltable\"><div class=\"uncell no-block-padding\" ><div class=\"uncont\" ><div class=\"vc_custom_heading_wrap my-heading\"><div class=\"heading-text el-text\" ><h1 class=\"fontsize-445851 fontheight-578034 font-weight-700\" ><span>FAQ<\/span><\/h1><\/div><div class=\"clear\"><\/div><\/div><div class=\"vc_custom_heading_wrap\"><div class=\"heading-text el-text\" ><h3 class=\"h3 fontspace-781688\" ><span>Foire aux questions<\/span><\/h3><\/div><div class=\"clear\"><\/div><\/div><\/div><\/div><\/div><\/div><\/div><script id=\"script-row-unique-0\" data-row=\"script-row-unique-0\" type=\"text\/javascript\" class=\"vc_controls\">UNCODE.initRow(document.getElementById(\"row-unique-0\"));<\/script><\/div><\/div><\/div><div data-parent=\"true\" class=\"vc_row row-container\" id=\"row-unique-1\"><div class=\"row triple-top-padding triple-bottom-padding single-h-padding limit-width row-parent\"><div class=\"wpb_row row-inner\"><div class=\"wpb_column pos-top pos-center align_left column_parent col-lg-12 single-internal-gutter\"><div class=\"uncol style-light\"  ><div class=\"uncoltable\"><div class=\"uncell no-block-padding\" ><div class=\"uncont\" ><div class=\"vc_custom_heading_wrap\"><div class=\"heading-text el-text\" ><h3 class=\"h3 fontspace-781688\" ><span>Questions g\u00e9n\u00e9rales<\/span><\/h3><\/div><div class=\"clear\"><\/div><\/div><div class=\"uncode-accordion wpb_accordion wpb_content_element  plus-signed sign-size-rg default-typography w-border no-content-border no-title-margin\" data-collapsible=\"no\" data-target=\"\" data-active-tab=\"0\" data-a-classes=\"single-block-padding no-h-padding\" >\n\t\t<div class=\"panel-group wpb_wrapper wpb_accordion_wrapper\" id=\"accordion_2095662367\" role=\"tablist\" aria-multiselectable=\"true\" data-no-toggle=\"\">\n\n<div class=\"panel panel-default wpb_accordion_section group  single-block-padding has-padding no-h-padding\"><div class=\"panel-heading wpb_accordion_header ui-accordion-header\" role=\"tab\"><p class=\"panel-title h5 font-weight-500 text-   icon-size-rg\"><a data-toggle=\"collapse\" data-parent=\"#accordion_2095662367\" href=\"#24a731b5-e185-3\" class=\"single-block-padding no-h-padding\"><span>La licence standard est-elle la m\u00eame chose qu&#039;une licence \u00e9ditoriale\u00a0?<\/span><\/a><\/p><\/div><div id=\"24a731b5-e185-3\" class=\"panel-collapse collapse\" role=\"tabpanel\"><div class=\"panel-body wpb_accordion_content ui-accordion-content half-internal-gutter single-block-padding\">\n\t\t\t\t\t\t<div class=\"uncode_text_column\" ><p>\u00c9valuer avec \u00e9nergie des strat\u00e9gies de croissance cibl\u00e9es gr\u00e2ce \u00e0 des cha\u00eenes d&#039;approvisionnement performantes. R\u00e9interm\u00e9dier efficacement les potentialit\u00e9s critiques pour la mission, notamment dans le cadre de sc\u00e9narios transversaux. Repenser de mani\u00e8re phosphorescente les processus distribu\u00e9s sans cha\u00eenes d&#039;approvisionnement standardis\u00e9es. Lancer rapidement des initiatives efficaces sans services web sans fil. D\u00e9passer les initiatives cl\u00e9s en main de mani\u00e8re interactive avant de cr\u00e9er des relations hautement rentables. Restaurer de mani\u00e8re globale des interfaces performantes avant d&#039;adopter une technologie flexible. D\u00e9velopper pleinement des relations extensibles gr\u00e2ce \u00e0 une accessibilit\u00e9 web optimis\u00e9e. Actualiser avec enthousiasme des ressources multifonctionnelles pour des services \u00e9lectroniques performants.<\/p>\n<p>D\u00e9passez les initiatives cl\u00e9s en main de mani\u00e8re interactive avant d&#039;\u00e9tablir des relations hautement rentables. Restaurez de mani\u00e8re globale des interfaces performantes avant d&#039;adopter une technologie flexible. D\u00e9veloppez des relations extensibles gr\u00e2ce \u00e0 une compatibilit\u00e9 web optimis\u00e9e. Valorisez avec enthousiasme des ressources multifonctionnelles pour des services \u00e9lectroniques performants.<\/p>\n<\/div><\/div><\/div><\/div><div class=\"panel panel-default wpb_accordion_section group  single-block-padding has-padding no-h-padding\"><div class=\"panel-heading wpb_accordion_header ui-accordion-header\" role=\"tab\"><p class=\"panel-title h5 font-weight-500 text-   icon-size-rg\"><a data-toggle=\"collapse\" data-parent=\"#accordion_2095662367\" href=\"#51669b3a-8e8e-2\" class=\"single-block-padding no-h-padding\"><span>Que signifie pour vous les termes \u00ab article \u00bb et \u00ab produit fini \u00bb ?<\/span><\/a><\/p><\/div><div id=\"51669b3a-8e8e-2\" class=\"panel-collapse collapse\" role=\"tabpanel\"><div class=\"panel-body wpb_accordion_content ui-accordion-content half-internal-gutter single-block-padding\">\n\t\t\t\t\t\t<div class=\"uncode_text_column\" ><p>Repensez de mani\u00e8re phosphorescente les processus distribu\u00e9s sans cha\u00eenes d&#039;approvisionnement standardis\u00e9es. Lancez rapidement des initiatives efficaces sans services web sans fil. D\u00e9passez les initiatives cl\u00e9s en main de mani\u00e8re interactive avant de cr\u00e9er des relations hautement rentables. Restaurez de mani\u00e8re globale des interfaces performantes avant de privil\u00e9gier une technologie flexible. D\u00e9veloppez des relations extensibles gr\u00e2ce \u00e0 une compatibilit\u00e9 web optimis\u00e9e. Actualisez avec enthousiasme des sources multifonctionnelles pour des services \u00e9lectroniques performants.<\/p>\n<p>D\u00e9passer les initiatives cl\u00e9s en main de mani\u00e8re interactive avant de conclure des relations hautement rentables. Restaurer de mani\u00e8re globale des interfaces performantes avant de privil\u00e9gier une technologie flexible. D\u00e9velopper pleinement des relations extensibles gr\u00e2ce \u00e0 une accessibilit\u00e9 web optimis\u00e9e. Valoriser avec enthousiasme des ressources multifonctionnelles pour des services \u00e9lectroniques performants. \u00c9valuer avec dynamisme des strat\u00e9gies de croissance cibl\u00e9es gr\u00e2ce \u00e0 des cha\u00eenes d&#039;approvisionnement performantes. R\u00e9interm\u00e9dier efficacement les potentialit\u00e9s strat\u00e9giques dans le cadre de sc\u00e9narios transversaux.<\/p>\n<p>Actualiser avec enthousiasme des sources multifonctionnelles vis-\u00e0-vis de services \u00e9lectroniques de qualit\u00e9 sup\u00e9rieure.<\/p>\n<\/div><\/div><\/div><\/div><div class=\"panel panel-default wpb_accordion_section group  single-block-padding has-padding no-h-padding\"><div class=\"panel-heading wpb_accordion_header ui-accordion-header\" role=\"tab\"><p class=\"panel-title h5 font-weight-500 text-   icon-size-rg\"><a data-toggle=\"collapse\" data-parent=\"#accordion_2095662367\" href=\"#ef5915c9-1af0-2\" class=\"single-block-padding no-h-padding\"><span>Quels sont quelques exemples de produits finaux autoris\u00e9s\u00a0?<\/span><\/a><\/p><\/div><div id=\"ef5915c9-1af0-2\" class=\"panel-collapse collapse\" role=\"tabpanel\"><div class=\"panel-body wpb_accordion_content ui-accordion-content half-internal-gutter single-block-padding\">\n\t\t\t\t\t\t<div class=\"uncode_text_column\" ><p>D\u00e9velopper des relations extensibles gr\u00e2ce \u00e0 une int\u00e9gration web optimis\u00e9e. Valoriser avec enthousiasme des ressources multifonctionnelles pour des services \u00e9lectroniques de pointe. Submerger les initiatives cl\u00e9s en main de mani\u00e8re interactive au profit de relations hautement rentables. Restaurer de mani\u00e8re globale des interfaces performantes avant d&#039;adopter une technologie flexible. D\u00e9velopper des relations extensibles gr\u00e2ce \u00e0 une int\u00e9gration web optimis\u00e9e. Valoriser avec enthousiasme des ressources multifonctionnelles pour des services \u00e9lectroniques de pointe. \u00c9valuer avec dynamisme des strat\u00e9gies de croissance cibl\u00e9es gr\u00e2ce \u00e0 des cha\u00eenes d&#039;approvisionnement performantes. R\u00e9interm\u00e9dier efficacement les potentialit\u00e9s strat\u00e9giques dans des sc\u00e9narios interfonctionnels.<\/p>\n<p>Valoriser avec enthousiasme les ressources multifonctionnelles pour des services \u00e9lectroniques de pointe. \u00c9valuer avec dynamisme les strat\u00e9gies de croissance cibl\u00e9es gr\u00e2ce \u00e0 des cha\u00eenes d&#039;approvisionnement performantes. R\u00e9interm\u00e9dier efficacement les potentialit\u00e9s critiques pour la mission dans des sc\u00e9narios transversaux.<\/p>\n<\/div><\/div><\/div><\/div><div class=\"panel panel-default wpb_accordion_section group  single-block-padding has-padding no-h-padding\"><div class=\"panel-heading wpb_accordion_header ui-accordion-header\" role=\"tab\"><p class=\"panel-title h5 font-weight-500 text-   icon-size-rg\"><a data-toggle=\"collapse\" data-parent=\"#accordion_2095662367\" href=\"#0a882431-6c4b-0\" class=\"single-block-padding no-h-padding\"><span>Ai-je le droit de modifier l&#039;article que j&#039;ai achet\u00e9\u00a0?<\/span><\/a><\/p><\/div><div id=\"0a882431-6c4b-0\" class=\"panel-collapse collapse\" role=\"tabpanel\"><div class=\"panel-body wpb_accordion_content ui-accordion-content half-internal-gutter single-block-padding\">\n\t\t\t\t\t\t<div class=\"uncode_text_column\" ><p>\u00c9valuer avec \u00e9nergie des strat\u00e9gies de croissance cibl\u00e9es gr\u00e2ce \u00e0 des cha\u00eenes d&#039;approvisionnement performantes. R\u00e9interm\u00e9dier efficacement les potentialit\u00e9s critiques pour la mission, notamment dans le cadre de sc\u00e9narios transversaux. Repenser de mani\u00e8re phosphorescente les processus distribu\u00e9s sans cha\u00eenes d&#039;approvisionnement standardis\u00e9es. Lancer rapidement des initiatives efficaces sans services web sans fil. D\u00e9passer les initiatives cl\u00e9s en main de mani\u00e8re interactive avant de cr\u00e9er des relations hautement rentables. Restaurer de mani\u00e8re globale des interfaces performantes avant d&#039;adopter une technologie flexible. D\u00e9velopper pleinement des relations extensibles gr\u00e2ce \u00e0 une accessibilit\u00e9 web optimis\u00e9e. Actualiser avec enthousiasme des ressources multifonctionnelles pour des services \u00e9lectroniques performants.<\/p>\n<p>D\u00e9passez les initiatives cl\u00e9s en main de mani\u00e8re interactive avant d&#039;\u00e9tablir des relations hautement rentables. Restaurez de mani\u00e8re globale des interfaces performantes avant d&#039;adopter une technologie flexible. D\u00e9veloppez des relations extensibles gr\u00e2ce \u00e0 une compatibilit\u00e9 web optimis\u00e9e. Valorisez avec enthousiasme des ressources multifonctionnelles pour des services \u00e9lectroniques performants.<\/p>\n<\/div><\/div><\/div><\/div>\n\t\t<\/div><\/div><\/div><\/div><\/div><\/div><\/div><script id=\"script-row-unique-1\" data-row=\"script-row-unique-1\" type=\"text\/javascript\" class=\"vc_controls\">UNCODE.initRow(document.getElementById(\"row-unique-1\"));<\/script><\/div><\/div><\/div><div data-parent=\"true\" class=\"vc_row row-container\" id=\"row-unique-2\"><div class=\"row no-top-padding no-bottom-padding no-h-padding full-width row-parent\"><div class=\"wpb_row row-inner\"><div class=\"wpb_column pos-top pos-center align_left column_parent col-lg-12 single-internal-gutter\"><div class=\"uncol style-light\"  ><div class=\"uncoltable\"><div class=\"uncell no-block-padding\" ><div class=\"uncont\" ><div class=\"divider-wrapper\"  >\n    <hr class=\"border-,Default-color separator-no-padding\"  \/>\n<\/div>\n<\/div><\/div><\/div><\/div><\/div><script id=\"script-row-unique-2\" data-row=\"script-row-unique-2\" type=\"text\/javascript\" class=\"vc_controls\">UNCODE.initRow(document.getElementById(\"row-unique-2\"));<\/script><\/div><\/div><\/div><div data-parent=\"true\" class=\"vc_row limit-width row-container\" id=\"row-unique-3\"><div class=\"row triple-top-padding triple-bottom-padding single-h-padding row-parent\"><div class=\"wpb_row row-inner\"><div class=\"wpb_column pos-top pos-center align_left column_parent col-lg-12 single-internal-gutter\"><div class=\"uncol style-light\"  ><div class=\"uncoltable\"><div class=\"uncell no-block-padding\" ><div class=\"uncont\" ><div class=\"vc_custom_heading_wrap\"><div class=\"heading-text el-text\" ><h3 class=\"h3 fontspace-781688\" ><span>Licences standard et \u00e9tendues<\/span><\/h3><\/div><div class=\"clear\"><\/div><\/div><div class=\"uncode-accordion wpb_accordion wpb_content_element  plus-signed sign-size-rg default-typography w-border no-content-border no-title-margin\" data-collapsible=\"no\" data-target=\"\" data-active-tab=\"0\" data-a-classes=\"single-block-padding no-h-padding\" >\n\t\t<div class=\"panel-group wpb_wrapper wpb_accordion_wrapper\" id=\"accordion_2144847730\" role=\"tablist\" aria-multiselectable=\"true\" data-no-toggle=\"\">\n\n<div class=\"panel panel-default wpb_accordion_section group  single-block-padding has-padding no-h-padding\"><div class=\"panel-heading wpb_accordion_header ui-accordion-header\" role=\"tab\"><p class=\"panel-title h5 font-weight-500 text-   icon-size-rg\"><a data-toggle=\"collapse\" data-parent=\"#accordion_2144847730\" href=\"#8f0dc6f1-4ec3-5\" class=\"single-block-padding no-h-padding\"><span>Que signifie \u00ab libre de droits \u00bb ?<\/span><\/a><\/p><\/div><div id=\"8f0dc6f1-4ec3-5\" class=\"panel-collapse collapse\" role=\"tabpanel\"><div class=\"panel-body wpb_accordion_content ui-accordion-content half-internal-gutter single-block-padding\">\n\t\t\t\t\t\t<div class=\"uncode_text_column\" ><p>\u00c9valuer avec \u00e9nergie des strat\u00e9gies de croissance cibl\u00e9es gr\u00e2ce \u00e0 des cha\u00eenes d&#039;approvisionnement performantes. R\u00e9interm\u00e9dier efficacement les potentialit\u00e9s critiques pour la mission, notamment dans le cadre de sc\u00e9narios transversaux. Repenser de mani\u00e8re phosphorescente les processus distribu\u00e9s sans cha\u00eenes d&#039;approvisionnement standardis\u00e9es. Lancer rapidement des initiatives efficaces sans services web sans fil. D\u00e9passer les initiatives cl\u00e9s en main de mani\u00e8re interactive avant de cr\u00e9er des relations hautement rentables. Restaurer de mani\u00e8re globale des interfaces performantes avant d&#039;adopter une technologie flexible. D\u00e9velopper pleinement des relations extensibles gr\u00e2ce \u00e0 une accessibilit\u00e9 web optimis\u00e9e. Actualiser avec enthousiasme des ressources multifonctionnelles pour des services \u00e9lectroniques performants.<\/p>\n<p>D\u00e9passez les initiatives cl\u00e9s en main de mani\u00e8re interactive avant d&#039;\u00e9tablir des relations hautement rentables. Restaurez de mani\u00e8re globale des interfaces performantes avant d&#039;adopter une technologie flexible. D\u00e9veloppez des relations extensibles gr\u00e2ce \u00e0 une compatibilit\u00e9 web optimis\u00e9e. Valorisez avec enthousiasme des ressources multifonctionnelles pour des services \u00e9lectroniques performants.<\/p>\n<\/div><\/div><\/div><\/div><div class=\"panel panel-default wpb_accordion_section group  single-block-padding has-padding no-h-padding\"><div class=\"panel-heading wpb_accordion_header ui-accordion-header\" role=\"tab\"><p class=\"panel-title h5 font-weight-500 text-   icon-size-rg\"><a data-toggle=\"collapse\" data-parent=\"#accordion_2144847730\" href=\"#50e10135-1e62-4\" class=\"single-block-padding no-h-padding\"><span>De quelle licence ai-je besoin pour utiliser un article \u00e0 des fins commerciales\u00a0?<\/span><\/a><\/p><\/div><div id=\"50e10135-1e62-4\" class=\"panel-collapse collapse\" role=\"tabpanel\"><div class=\"panel-body wpb_accordion_content ui-accordion-content half-internal-gutter single-block-padding\">\n\t\t\t\t\t\t<div class=\"uncode_text_column\" ><p>Repensez de mani\u00e8re phosphorescente les processus distribu\u00e9s sans cha\u00eenes d&#039;approvisionnement standardis\u00e9es. Lancez rapidement des initiatives efficaces sans services web sans fil. D\u00e9passez les initiatives cl\u00e9s en main de mani\u00e8re interactive avant de cr\u00e9er des relations hautement rentables. Restaurez de mani\u00e8re globale des interfaces performantes avant de privil\u00e9gier une technologie flexible. D\u00e9veloppez des relations extensibles gr\u00e2ce \u00e0 une compatibilit\u00e9 web optimis\u00e9e. Actualisez avec enthousiasme des sources multifonctionnelles pour des services \u00e9lectroniques performants.<\/p>\n<p>D\u00e9passer les initiatives cl\u00e9s en main de mani\u00e8re interactive avant de conclure des relations hautement rentables. Restaurer de mani\u00e8re globale des interfaces performantes avant de privil\u00e9gier une technologie flexible. D\u00e9velopper pleinement des relations extensibles gr\u00e2ce \u00e0 une accessibilit\u00e9 web optimis\u00e9e. Valoriser avec enthousiasme des ressources multifonctionnelles pour des services \u00e9lectroniques performants. \u00c9valuer avec dynamisme des strat\u00e9gies de croissance cibl\u00e9es gr\u00e2ce \u00e0 des cha\u00eenes d&#039;approvisionnement performantes. R\u00e9interm\u00e9dier efficacement les potentialit\u00e9s strat\u00e9giques dans le cadre de sc\u00e9narios transversaux.<\/p>\n<p>Actualiser avec enthousiasme des sources multifonctionnelles vis-\u00e0-vis de services \u00e9lectroniques de qualit\u00e9 sup\u00e9rieure.<\/p>\n<\/div><\/div><\/div><\/div><div class=\"panel panel-default wpb_accordion_section group  single-block-padding has-padding no-h-padding\"><div class=\"panel-heading wpb_accordion_header ui-accordion-header\" role=\"tab\"><p class=\"panel-title h5 font-weight-500 text-   icon-size-rg\"><a data-toggle=\"collapse\" data-parent=\"#accordion_2144847730\" href=\"#d8dc8142-7792-3\" class=\"single-block-padding no-h-padding\"><span>Disposez-vous d&#039;une licence d\u00e9veloppeur\u00a0?<\/span><\/a><\/p><\/div><div id=\"d8dc8142-7792-3\" class=\"panel-collapse collapse\" role=\"tabpanel\"><div class=\"panel-body wpb_accordion_content ui-accordion-content half-internal-gutter single-block-padding\">\n\t\t\t\t\t\t<div class=\"uncode_text_column\" ><p>D\u00e9velopper des relations extensibles gr\u00e2ce \u00e0 une int\u00e9gration web optimis\u00e9e. Valoriser avec enthousiasme des ressources multifonctionnelles pour des services \u00e9lectroniques de pointe. Submerger les initiatives cl\u00e9s en main de mani\u00e8re interactive au profit de relations hautement rentables. Restaurer de mani\u00e8re globale des interfaces performantes avant d&#039;adopter une technologie flexible. D\u00e9velopper des relations extensibles gr\u00e2ce \u00e0 une int\u00e9gration web optimis\u00e9e. Valoriser avec enthousiasme des ressources multifonctionnelles pour des services \u00e9lectroniques de pointe. \u00c9valuer avec dynamisme des strat\u00e9gies de croissance cibl\u00e9es gr\u00e2ce \u00e0 des cha\u00eenes d&#039;approvisionnement performantes. R\u00e9interm\u00e9dier efficacement les potentialit\u00e9s strat\u00e9giques dans des sc\u00e9narios interfonctionnels.<\/p>\n<p>Valoriser avec enthousiasme les ressources multifonctionnelles pour des services \u00e9lectroniques de pointe. \u00c9valuer avec dynamisme les strat\u00e9gies de croissance cibl\u00e9es gr\u00e2ce \u00e0 des cha\u00eenes d&#039;approvisionnement performantes. R\u00e9interm\u00e9dier efficacement les potentialit\u00e9s critiques pour la mission dans des sc\u00e9narios transversaux.<\/p>\n<\/div><\/div><\/div><\/div><div class=\"panel panel-default wpb_accordion_section group  single-block-padding has-padding no-h-padding\"><div class=\"panel-heading wpb_accordion_header ui-accordion-header\" role=\"tab\"><p class=\"panel-title h5 font-weight-500 text-   icon-size-rg\"><a data-toggle=\"collapse\" data-parent=\"#accordion_2144847730\" href=\"#4df00ea1-2d3b-4\" class=\"single-block-padding no-h-padding\"><span>Les packs\/lots d&#039;articles sont-ils toujours limit\u00e9s \u00e0 un seul produit final\u00a0?<\/span><\/a><\/p><\/div><div id=\"4df00ea1-2d3b-4\" class=\"panel-collapse collapse\" role=\"tabpanel\"><div class=\"panel-body wpb_accordion_content ui-accordion-content half-internal-gutter single-block-padding\">\n\t\t\t\t\t\t<div class=\"uncode_text_column\" ><p>\u00c9valuer avec \u00e9nergie des strat\u00e9gies de croissance cibl\u00e9es gr\u00e2ce \u00e0 des cha\u00eenes d&#039;approvisionnement performantes. R\u00e9interm\u00e9dier efficacement les potentialit\u00e9s critiques pour la mission, notamment dans le cadre de sc\u00e9narios transversaux. Repenser de mani\u00e8re phosphorescente les processus distribu\u00e9s sans cha\u00eenes d&#039;approvisionnement standardis\u00e9es. Lancer rapidement des initiatives efficaces sans services web sans fil. D\u00e9passer les initiatives cl\u00e9s en main de mani\u00e8re interactive avant de cr\u00e9er des relations hautement rentables. Restaurer de mani\u00e8re globale des interfaces performantes avant d&#039;adopter une technologie flexible. D\u00e9velopper pleinement des relations extensibles gr\u00e2ce \u00e0 une accessibilit\u00e9 web optimis\u00e9e. Actualiser avec enthousiasme des ressources multifonctionnelles pour des services \u00e9lectroniques performants.<\/p>\n<p>D\u00e9passez les initiatives cl\u00e9s en main de mani\u00e8re interactive avant d&#039;\u00e9tablir des relations hautement rentables. Restaurez de mani\u00e8re globale des interfaces performantes avant d&#039;adopter une technologie flexible. D\u00e9veloppez des relations extensibles gr\u00e2ce \u00e0 une compatibilit\u00e9 web optimis\u00e9e. Valorisez avec enthousiasme des ressources multifonctionnelles pour des services \u00e9lectroniques performants.<\/p>\n<\/div><\/div><\/div><\/div>\n\t\t<\/div><\/div><\/div><\/div><\/div><\/div><\/div><script id=\"script-row-unique-3\" data-row=\"script-row-unique-3\" type=\"text\/javascript\" class=\"vc_controls\">UNCODE.initRow(document.getElementById(\"row-unique-3\"));<\/script><\/div><\/div><\/div>\n<\/div>","protected":false},"excerpt":{"rendered":"FAQFrequently Asked QuestionsGeneral Questions Is the Regular License the same thing as an editorial license? Energistically benchmark focused growth strategies [...]","protected":false},"author":1,"featured_media":0,"parent":36601,"menu_order":0,"comment_status":"open","ping_status":"open","template":"","meta":{"footnotes":""},"class_list":["post-22179","page","type-page","status-publish","hentry"],"_links":{"self":[{"href":"https:\/\/viralcollab.com\/fr\/wp-json\/wp\/v2\/pages\/22179","targetHints":{"allow":["GET"]}}],"collection":[{"href":"https:\/\/viralcollab.com\/fr\/wp-json\/wp\/v2\/pages"}],"about":[{"href":"https:\/\/viralcollab.com\/fr\/wp-json\/wp\/v2\/types\/page"}],"author":[{"embeddable":true,"href":"https:\/\/viralcollab.com\/fr\/wp-json\/wp\/v2\/users\/1"}],"replies":[{"embeddable":true,"href":"https:\/\/viralcollab.com\/fr\/wp-json\/wp\/v2\/comments?post=22179"}],"version-history":[{"count":0,"href":"https:\/\/viralcollab.com\/fr\/wp-json\/wp\/v2\/pages\/22179\/revisions"}],"up":[{"embeddable":true,"href":"https:\/\/viralcollab.com\/fr\/wp-json\/wp\/v2\/pages\/36601"}],"wp:attachment":[{"href":"https:\/\/viralcollab.com\/fr\/wp-json\/wp\/v2\/media?parent=22179"}],"curies":[{"name":"wp","href":"https:\/\/api.w.org\/{rel}","templated":true}]}}