{"id":157007,"date":"2026-03-02T22:53:24","date_gmt":"2026-03-02T22:53:24","guid":{"rendered":"https:\/\/viralcollab.com\/?page_id=157007"},"modified":"2026-03-02T22:53:24","modified_gmt":"2026-03-02T22:53:24","slug":"termsofuse","status":"publish","type":"page","link":"https:\/\/viralcollab.com\/fr\/pages\/termsofuse\/","title":{"rendered":"Conditions d&#039;utilisation"},"content":{"rendered":"<div class=\"wpb-content-wrapper\"><div data-parent=\"true\" class=\"vc_row style-color-wayh-bg row-container\" id=\"row-unique-0\"><div class=\"row-background background-element\">\n\t\t\t\t\t\t\t\t\t\t\t<div class=\"background-wrapper\">\n\t\t\t\t\t\t\t\t\t\t\t\t<div class=\"background-inner self-video uncode-video-container\" style=\"background-repeat: no-repeat;background-position: center center;background-attachment: scroll;background-size: cover;\"><div style=\"width: 640px;\" class=\"wp-video\"><!--[if lt IE 9]><script>document.createElement('video');<\/script><![endif]-->\n<video onloadeddata=\"this.play();\" loop playsinline muted aria-hidden=\"true\" role=\"presentation\" data-keepplaying class=\"background-video-shortcode\" data-ratio=\"1.7777777777778\" id=\"video-157007-1\" width=\"640\" height=\"360\" preload=\"metadata\" ><source type=\"video\/mp4\" src=\"https:\/\/viralcollab.com\/wp-content\/uploads\/2025\/06\/connect.mp4?_=1\" \/><\/video><\/div><\/div>\n\t\t\t\t\t\t\t\t\t\t\t\t<div class=\"block-bg-overlay style-color-wayh-bg\" style=\"opacity: 0.83;\"><\/div>\n\t\t\t\t\t\t\t\t\t\t\t<\/div>\n\t\t\t\t\t\t\t\t\t\t<\/div><div class=\"row double-top-padding double-bottom-padding single-h-padding limit-width row-parent\" data-height-ratio=\"85\"><div class=\"wpb_row row-inner\"><div class=\"wpb_column pos-middle pos-center align_left column_parent col-lg-12 half-internal-gutter\"><div class=\"uncol style-dark\"  ><div class=\"uncoltable\"><div class=\"uncell no-block-padding\" ><div class=\"uncont\" ><div class=\"empty-space empty-double desktop-hidden\" ><span class=\"empty-space-inner\"><\/span><\/div>\n<div class=\"vc_custom_heading_wrap\"><div class=\"heading-text el-text\" ><h1 class=\"font-136269 custom fontspace-210350 font-weight-500 text-color-xsdn-color fontsize-124376-custom text-uppercase\" ><span>Viral Collab Inc.<\/span><\/h1><\/div><div class=\"clear\"><\/div><\/div><div class=\"vc_custom_heading_wrap no-translate-title\" data-no-translation=\"\"><div class=\"heading-text el-text single-curtain animate_inner_when_almost_visible el-text-split\" ><h2 class=\"font-136269 custom font-weight-500 fontsize-170042-custom font-obs\" data-style=\"normal\" data-weight=\"500\" data-font=\"Jost\"><span class=\"heading-text-inner\"><span class=\"split-word word1\"><span class=\"split-word-flow\"><span class=\"split-word-inner\"><span class=\"split-char char92\">T<\/span><span class=\"split-char char93\">e<\/span><span class=\"split-char char94\">r<\/span><span class=\"split-char char95\">m<\/span><span class=\"split-char char96\">s<\/span><\/span><\/span><\/span><span class=\"split-word word2\"><span class=\"split-word-flow\"><span class=\"split-word-inner split-empty-inner\"><span class=\"split-word-empty\">&nbsp;<\/span><span class=\"split-char char271\">o<\/span><span class=\"split-char char272\">f<\/span><\/span><\/span><\/span><span class=\"split-word word3\"><span class=\"split-word-flow\"><span class=\"split-word-inner split-empty-inner\"><span class=\"split-word-empty\">&nbsp;<\/span><span class=\"split-char char447\">U<\/span><span class=\"split-char char448\">s<\/span><span class=\"split-char char449\">e<\/span><\/span><\/span><\/span><\/span><\/h2><\/div><div class=\"clear\"><\/div><\/div><div class=\"empty-space empty-single tablet-hidden mobile-hidden\" ><span class=\"empty-space-inner\"><\/span><\/div>\n<div class=\"vc_row row-internal row-container\"><div class=\"row col-double-gutter row-child\"><div class=\"wpb_row row-inner\"><div class=\"wpb_column pos-top pos-center align_left column_child col-lg-8 single-internal-gutter\"><div class=\"uncol style-light\" ><div class=\"uncoltable\"><div class=\"uncell no-block-padding\" ><div class=\"uncont\" ><div class=\"vc_custom_heading_wrap\"><div class=\"heading-text el-text\" ><h3 class=\"font-136269 custom fontheight-357766 font-weight-300 text-color-wvjs-color fontsize-210443-custom\" ><span>Date d&#039;entr\u00e9e en vigueur : 2 mars 2026<\/span><\/h3><\/div><div class=\"clear\"><\/div><\/div><\/div><\/div><\/div><\/div><\/div><\/div><\/div><\/div><\/div><\/div><\/div><\/div><\/div><script id=\"script-row-unique-0\" data-row=\"script-row-unique-0\" type=\"text\/javascript\" class=\"vc_controls\">UNCODE.initRow(document.getElementById(\"row-unique-0\"));<\/script><\/div><\/div><\/div><div data-parent=\"true\" class=\"vc_row row-container\" id=\"row-unique-1\"><div class=\"row quad-top-padding double-bottom-padding single-h-padding limit-width row-parent\"><div class=\"wpb_row row-inner\"><div class=\"wpb_column pos-top pos-center align_left column_parent col-lg-12 single-internal-gutter\"><div class=\"uncol style-light\"  ><div class=\"uncoltable\"><div class=\"uncell no-block-padding\" ><div class=\"uncont\" ><div class=\"vc_row row-internal row-container\"><div class=\"row col-double-gutter row-child\"><div class=\"wpb_row row-inner\"><div class=\"wpb_column pos-top pos-center align_left column_child col-lg-6 half-internal-gutter\"><div class=\"uncol style-light\" ><div class=\"uncoltable\"><div class=\"uncell no-block-padding\" ><div class=\"uncont\" ><div class=\"uncode_text_column text-lead\" ><\/p>\n<h1>Conditions d&#039;utilisation<\/h1>\n<p><strong>Date d&#039;entr\u00e9e en vigueur :<\/strong> 2 mars 2026<\/p>\n<p>Les pr\u00e9sentes Conditions d\u2019utilisation (\u00ab\u00a0Conditions\u00a0\u00bb) r\u00e9gissent votre acc\u00e8s et votre utilisation de tous les sites Web, applications, portails, tableaux de bord, API, int\u00e9grations, automatisations et services num\u00e9riques exploit\u00e9s par Viral Collab Inc. (\u00ab\u00a0Viral Collab\u00a0\u00bb, \u00ab\u00a0nous\u00a0\u00bb, \u00ab\u00a0notre\u00a0\u00bb ou \u00ab\u00a0nos\u00a0\u00bb) (collectivement, les \u00ab\u00a0Services\u00a0\u00bb).<\/p>\n<p>En acc\u00e9dant aux Services ou en les utilisant, vous acceptez d&#039;\u00eatre l\u00e9galement li\u00e9 par les pr\u00e9sentes Conditions.<\/p>\n<h2>1. Admissibilit\u00e9<\/h2>\n<p>Vous devez \u00eatre \u00e2g\u00e9 d&#039;au moins 18 ans ou avoir atteint l&#039;\u00e2ge de la majorit\u00e9 dans votre juridiction et \u00eatre l\u00e9galement capable de conclure des accords contraignants.<\/p>\n<p>Si vous utilisez les Services au nom d&#039;une soci\u00e9t\u00e9 ou d&#039;une entit\u00e9, vous d\u00e9clarez avoir le pouvoir d&#039;engager cette entit\u00e9 aux pr\u00e9sentes Conditions.<\/p>\n<h2>2. \u00c9tendue des services<\/h2>\n<p>Les Services peuvent inclure, sans s&#039;y limiter\u00a0:<\/p>\n<ul>\n<li>Portails de gestion des cr\u00e9ateurs<\/li>\n<li>Tableaux de bord analytiques<\/li>\n<li>Syst\u00e8mes de rapport de campagne<\/li>\n<li>Outils logiciels et microservices<\/li>\n<li>Int\u00e9grations bas\u00e9es sur les API<\/li>\n<li>Fonctionnalit\u00e9s du site Web<\/li>\n<\/ul>\n<p>Nous nous r\u00e9servons le droit de modifier, suspendre ou interrompre tout ou partie des Services \u00e0 tout moment.<\/p>\n<h2>3. Connexions de compte et autorisation OAuth<\/h2>\n<p>Certains services permettent la connexion \u00e0 des plateformes tierces (notamment TikTok, les API YouTube\/Google, les plateformes Meta et autres) via des m\u00e9canismes d&#039;autorisation officiels tels que OAuth.<\/p>\n<p>En autorisant l&#039;acc\u00e8s, vous accordez \u00e0 Viral Collab l&#039;autorisation d&#039;acc\u00e9der uniquement aux \u00e9tendues de donn\u00e9es explicitement approuv\u00e9es lors de l&#039;autorisation.<\/p>\n<p>Nous ne demandons ni ne stockons les mots de passe des plateformes tierces.<\/p>\n<p>Vous pouvez r\u00e9voquer l&#039;autorisation \u00e0 tout moment via les param\u00e8tres de compte de la plateforme concern\u00e9e.<\/p>\n<h2>4. Utilisation et conformit\u00e9 des donn\u00e9es de la plateforme<\/h2>\n<p>Les donn\u00e9es issues de la plateforme sont utilis\u00e9es exclusivement \u00e0 des fins commerciales internes l\u00e9gitimes, notamment la gestion des talents, l&#039;analyse, l&#039;\u00e9valuation comparative des performances, le reporting des campagnes et l&#039;optimisation des services.<\/p>\n<p>Nous ne vendons, ne louons, n&#039;accordons de licence, ne courtons, ne transf\u00e9rons ni ne redistribuons commercialement les donn\u00e9es issues de l&#039;API.<\/p>\n<p>Nos services sont con\u00e7us pour \u00eatre conformes aux normes suivantes\u00a0:<\/p>\n<ul>\n<li>Conditions d&#039;utilisation des services API YouTube<\/li>\n<li>Politique relative aux donn\u00e9es utilisateur des services API de Google (y compris les exigences d&#039;utilisation limit\u00e9e)<\/li>\n<li>Conditions d&#039;utilisation de TikTok pour les d\u00e9veloppeurs<\/li>\n<li>Conditions g\u00e9n\u00e9rales de la plateforme Meta<\/li>\n<\/ul>\n<p>L&#039;utilisation des informations re\u00e7ues des API Google est conforme \u00e0 la politique relative aux donn\u00e9es utilisateur des services API Google, y compris aux exigences d&#039;utilisation limit\u00e9e.<\/p>\n<h2>5. Responsabilit\u00e9s de l&#039;utilisateur<\/h2>\n<p>Vous acceptez de ne pas :<\/p>\n<ul>\n<li>Tenter d&#039;acc\u00e9der sans autorisation \u00e0 un service<\/li>\n<li>r\u00e9troconcevoir ou perturber les syst\u00e8mes<\/li>\n<li>Utiliser les Services pour enfreindre les lois applicables ou les politiques de la plateforme<\/li>\n<li>D\u00e9passement des autorisations API autoris\u00e9es<\/li>\n<li>fausse d\u00e9claration de propri\u00e9t\u00e9 ou de droits d&#039;autorisation<\/li>\n<\/ul>\n<h2>6. Propri\u00e9t\u00e9 intellectuelle<\/h2>\n<p>Tous les logiciels, syst\u00e8mes, conceptions, algorithmes, m\u00e9thodologies et mat\u00e9riels composant les Services sont la propri\u00e9t\u00e9 de Viral Collab ou de ses conc\u00e9dants de licence et sont prot\u00e9g\u00e9s par les lois sur la propri\u00e9t\u00e9 intellectuelle.<\/p>\n<p>Aucun droit n&#039;est accord\u00e9 sauf indication contraire expresse dans les pr\u00e9sentes conditions g\u00e9n\u00e9rales.<\/p>\n<h2>7. Confidentialit\u00e9<\/h2>\n<p>Vous acceptez de maintenir la confidentialit\u00e9 de toutes les fonctionnalit\u00e9s non publiques, m\u00e9thodologies d&#039;analyse, rapports internes et syst\u00e8mes propri\u00e9taires accessibles via les Services.<\/p>\n<h2>8. Exclusion de garanties<\/h2>\n<p>Les Services sont fournis \u00ab\u00a0en l\u2019\u00e9tat\u00a0\u00bb et \u00ab\u00a0selon leur disponibilit\u00e9\u00a0\u00bb. Nous d\u00e9clinons toute garantie, expresse ou implicite, y compris les garanties de qualit\u00e9 marchande, d\u2019ad\u00e9quation \u00e0 un usage particulier et d\u2019absence de contrefa\u00e7on.<\/p>\n<p>Nous ne garantissons pas la disponibilit\u00e9 ininterrompue, l&#039;exactitude des analyses ni l&#039;acc\u00e8s continu aux API tierces.<\/p>\n<h2>9. Limitation de responsabilit\u00e9<\/h2>\n<p>Dans toute la mesure permise par la loi, Viral Collab ne sera pas responsable des dommages indirects, accessoires, cons\u00e9cutifs, sp\u00e9ciaux, exemplaires ou punitifs.<\/p>\n<p>Notre responsabilit\u00e9 totale globale d\u00e9coulant des Services ou s&#039;y rapportant ne doit pas d\u00e9passer le plus \u00e9lev\u00e9 des montants suivants : (a) $1 000 CAD ou (b) le montant pay\u00e9 \u00e0 Viral Collab pour le Service concern\u00e9 au cours des douze (12) mois pr\u00e9c\u00e9dant la r\u00e9clamation.<\/p>\n<p>Certaines juridictions n&#039;autorisent pas certaines limitations ; dans de tels cas, la responsabilit\u00e9 est limit\u00e9e dans toute la mesure permise par la loi.<\/p>\n<h2>10. Indemnisation<\/h2>\n<p>Vous acceptez d&#039;indemniser, de d\u00e9fendre et de d\u00e9gager de toute responsabilit\u00e9 Viral Collab et ses dirigeants, administrateurs, employ\u00e9s et soci\u00e9t\u00e9s affili\u00e9es contre toute r\u00e9clamation, responsabilit\u00e9, dommage, perte ou d\u00e9pense d\u00e9coulant de\u00a0:<\/p>\n<ul>\n<li>Votre violation des pr\u00e9sentes conditions<\/li>\n<li>Votre utilisation abusive des Services<\/li>\n<li>Votre violation des politiques des plateformes tierces<\/li>\n<li>Votre violation de droits<\/li>\n<\/ul>\n<h2>11. R\u00e9siliation<\/h2>\n<p>Nous pouvons suspendre ou r\u00e9silier l&#039;acc\u00e8s imm\u00e9diatement si\u00a0:<\/p>\n<ul>\n<li>Vous enfreignez les pr\u00e9sentes conditions<\/li>\n<li>Exig\u00e9 par la loi ou la politique de la plateforme<\/li>\n<li>Des risques de s\u00e9curit\u00e9 surviennent<\/li>\n<\/ul>\n<p>Les dispositions relatives \u00e0 la propri\u00e9t\u00e9 intellectuelle, \u00e0 la responsabilit\u00e9, \u00e0 l&#039;indemnisation, \u00e0 la confidentialit\u00e9 et au r\u00e8glement des diff\u00e9rends restent en vigueur apr\u00e8s la r\u00e9siliation.<\/p>\n<h2>12. R\u00e8glement des diff\u00e9rends<\/h2>\n<p>Pour les utilisateurs situ\u00e9s aux \u00c9tats-Unis, les litiges seront r\u00e9solus par un arbitrage ex\u00e9cutoire administr\u00e9 conform\u00e9ment aux r\u00e8gles d&#039;arbitrage applicables, sauf interdiction l\u00e9gale.<\/p>\n<p>Pour les utilisateurs situ\u00e9s dans l&#039;Union europ\u00e9enne, les lois imp\u00e9ratives de protection des consommateurs de votre pays de r\u00e9sidence s&#039;appliquent et vous pouvez porter vos r\u00e9clamations devant les tribunaux comp\u00e9tents de votre pays de r\u00e9sidence.<\/p>\n<p>Pour tous les autres utilisateurs, les litiges seront soumis \u00e0 la comp\u00e9tence exclusive des tribunaux situ\u00e9s \u00e0 Montr\u00e9al, Qu\u00e9bec, Canada.<\/p>\n<h2>13. Renonciation aux recours collectifs (utilisateurs am\u00e9ricains)<\/h2>\n<p>Dans la mesure permise par la loi, les utilisateurs am\u00e9ricains acceptent de r\u00e9soudre les litiges individuellement et renoncent \u00e0 participer \u00e0 des recours collectifs ou \u00e0 des proc\u00e9dures collectives.<\/p>\n<h2>14. Force majeure<\/h2>\n<p>Nous ne sommes pas responsables des retards ou des d\u00e9faillances r\u00e9sultant de causes ind\u00e9pendantes de notre volont\u00e9, notamment les pannes de plateforme, les changements r\u00e9glementaires ou les catastrophes naturelles.<\/p>\n<h2>15. Conformit\u00e9 \u00e0 l&#039;exportation<\/h2>\n<p>Vous acceptez de ne pas utiliser les Services en violation des lois ou sanctions relatives au contr\u00f4le des exportations applicables au Canada, aux \u00c9tats-Unis ou dans l&#039;Union europ\u00e9enne.<\/p>\n<h2>16. Devoir<\/h2>\n<p>Nous pouvons c\u00e9der les pr\u00e9sentes conditions g\u00e9n\u00e9rales sans restriction. Vous ne pouvez c\u00e9der vos droits sans notre consentement \u00e9crit pr\u00e9alable.<\/p>\n<h2>17. Divisibilit\u00e9<\/h2>\n<p>Si une disposition quelconque est jug\u00e9e inapplicable, les autres dispositions restent pleinement en vigueur.<\/p>\n<h2>18. Int\u00e9gralit\u00e9 de l&#039;accord<\/h2>\n<p>Les pr\u00e9sentes conditions g\u00e9n\u00e9rales constituent l&#039;int\u00e9gralit\u00e9 de l&#039;accord entre vous et Viral Collab concernant les Services.<\/p>\n<h2>19. Absence de renonciation<\/h2>\n<p>Le fait de ne pas faire appliquer une disposition quelconque ne constitue pas une renonciation.<\/p>\n<h2>20. Droit applicable<\/h2>\n<p>Les pr\u00e9sentes conditions g\u00e9n\u00e9rales sont r\u00e9gies par les lois de la province de Qu\u00e9bec et les lois f\u00e9d\u00e9rales du Canada qui y sont applicables, sauf lorsque des lois imp\u00e9ratives sur la protection du consommateur en disposent autrement.<\/p>\n<h2>21. Contact<\/h2>\n<p>Viral Collab Inc.<br \/>Montr\u00e9al, Qu\u00e9bec, Canada<br \/>Courriel\u00a0: info@viralcollab.com<\/p>\n<p>\n<\/div><\/div><\/div><\/div><\/div><\/div><\/div><\/div><\/div><\/div><\/div><\/div><\/div><\/div><script id=\"script-row-unique-1\" data-row=\"script-row-unique-1\" type=\"text\/javascript\" class=\"vc_controls\">UNCODE.initRow(document.getElementById(\"row-unique-1\"));<\/script><\/div><\/div><\/div>\n<\/div>","protected":false},"excerpt":{"rendered":"Viral Collab Inc. Conditions d&#039;utilisation Date d&#039;entr\u00e9e en vigueur : 2 mars 2026 Les pr\u00e9sentes conditions d&#039;utilisation (\u00ab Conditions \u00bb) [...]","protected":false},"author":1,"featured_media":0,"parent":36601,"menu_order":0,"comment_status":"closed","ping_status":"closed","template":"","meta":{"footnotes":""},"class_list":["post-157007","page","type-page","status-publish","hentry"],"_links":{"self":[{"href":"https:\/\/viralcollab.com\/fr\/wp-json\/wp\/v2\/pages\/157007","targetHints":{"allow":["GET"]}}],"collection":[{"href":"https:\/\/viralcollab.com\/fr\/wp-json\/wp\/v2\/pages"}],"about":[{"href":"https:\/\/viralcollab.com\/fr\/wp-json\/wp\/v2\/types\/page"}],"author":[{"embeddable":true,"href":"https:\/\/viralcollab.com\/fr\/wp-json\/wp\/v2\/users\/1"}],"replies":[{"embeddable":true,"href":"https:\/\/viralcollab.com\/fr\/wp-json\/wp\/v2\/comments?post=157007"}],"version-history":[{"count":2,"href":"https:\/\/viralcollab.com\/fr\/wp-json\/wp\/v2\/pages\/157007\/revisions"}],"predecessor-version":[{"id":157010,"href":"https:\/\/viralcollab.com\/fr\/wp-json\/wp\/v2\/pages\/157007\/revisions\/157010"}],"up":[{"embeddable":true,"href":"https:\/\/viralcollab.com\/fr\/wp-json\/wp\/v2\/pages\/36601"}],"wp:attachment":[{"href":"https:\/\/viralcollab.com\/fr\/wp-json\/wp\/v2\/media?parent=157007"}],"curies":[{"name":"wp","href":"https:\/\/api.w.org\/{rel}","templated":true}]}}