{"id":148,"date":"2014-10-23T14:16:50","date_gmt":"2014-10-23T14:16:50","guid":{"rendered":"https:\/\/undsgn.com\/uncode\/?page_id=148"},"modified":"2014-10-23T14:16:50","modified_gmt":"2014-10-23T14:16:50","slug":"pricing-tables","status":"publish","type":"page","link":"https:\/\/viralcollab.com\/fr\/features\/pricing-tables\/","title":{"rendered":"Tableaux de prix"},"content":{"rendered":"<div class=\"wpb-content-wrapper\"><div data-parent=\"true\" class=\"vc_row style-color-lxmt-bg row-container\" id=\"row-unique-0\"><div class=\"row quad-top-padding quad-bottom-padding single-h-padding limit-width row-parent\"><div class=\"wpb_row row-inner\"><div class=\"wpb_column pos-top pos-center align_left column_parent col-lg-12 double-internal-gutter\"><div class=\"uncol style-light font-136269\"  ><div class=\"uncoltable\"><div class=\"uncell no-block-padding\" ><div class=\"uncont\" ><div class=\"uncode-tabs tab-no-border wpb_content_element  tab-scrolling\" data-interval=\"\"  data-target=\"row\"><div class=\"uncode-wrapper tab-container default-typography advanced-typography\"><div class=\"vc_tta-tabs-container\"><div class=\"vc_tta-tabs-scroller text-center tab-switch tab-no-border tab-active-anim\"><ul class=\"nav nav-tabs wpb_tabs_nav ui-tabs-nav vc_tta-tabs-list text-center tab-switch tab-no-border tab-active-anim\"><li data-tab-id=\"monthly\" data-tab-o-id=\"94edbd53-30e1-cl167154146880216728332502101684244079502\" class=\"vc_tta-tab active\"><a href=\"#monthly\" data-toggle=\"tab\" data-tab-history=\"true\" data-tab-history-changer=\"push\" data-tab-history-update-url=\"true\"><span><span><span class=\"font-136269 h5 font-weight-500\">Mensuel<\/span><\/span><\/span><\/a><\/li><li data-tab-id=\"yearly\" data-tab-o-id=\"ebc6b11a-808b-cl167154146880216728332502101684244079502\" class=\"vc_tta-tab\"><a href=\"#yearly\" data-toggle=\"tab\" data-tab-history=\"true\" data-tab-history-changer=\"push\" data-tab-history-update-url=\"true\"><span><span><span class=\"font-136269 h5 font-weight-500\">Annuel<\/span><\/span><\/span><\/a><\/li><\/ul><\/div><\/div><div class=\"tab-content wpb_wrapper\"><div data-id=\"monthly\" class=\"tab-pane in active half-internal-gutter double-block-padding\"><div class=\"product-tab\">\n\t\t\t\t<div class=\"vc_row row-internal row-container\"><div class=\"row col-no-gutter row-child\"><div class=\"wpb_row row-inner\"><div class=\"wpb_column pos-middle pos-center align_left column_child col-lg-4 no-internal-gutter\"><div class=\"uncol style-light\" ><div class=\"uncoltable\"><div class=\"uncell double-block-padding style-color-xsdn-bg unshadow-std unradius-std\" ><div class=\"uncont\" ><div class=\"vc_custom_heading_wrap\"><div class=\"heading-text el-text\" ><h2 class=\"font-136269 h3 font-weight-500\" ><span>Personnel<\/span><\/h2><\/div><div class=\"clear\"><\/div><\/div><div class=\"vc_custom_heading_wrap\"><div class=\"heading-text el-text\" ><h2 class=\"font-136269 fontsize-155944 font-weight-500\" ><span>199<small>$<\/small><\/span><\/h2><\/div><div class=\"clear\"><\/div><\/div><div class=\"empty-space empty-single\" ><span class=\"empty-space-inner\"><\/span><\/div>\n<div class=\"uncode-wrapper uncode-list\" >\n<ul class=\"icons\">\n<li><i class=\"fa fa-check-circle\"><\/i>Palette de couleurs globale<\/li>\n<li><i class=\"fa fa-check-circle\"><\/i>Module d&#039;articles connexes<\/li>\n<li><i class=\"fa fa-check-circle\"><\/i>Module de publications tendance<\/li>\n<li><i class=\"fa fa-check-circle\"><\/i>S&#039;abonner \u00e0 la newsletter<\/li>\n<li><i class=\"fa fa-check-circle\"><\/i>Module d&#039;avis sur les cookies<\/li>\n<\/ul>\n<\/div><div class=\"empty-space empty-single\" ><span class=\"empty-space-inner\"><\/span><\/div>\n<span class=\"btn-container\" ><a role=\"button\"  href=\"\" class=\"custom-link btn btn-custom-typo font-136269 font-weight-500 text-initial no-letterspace border-width-0 btn-default btn-circle btn-icon-left\">En savoir plus<\/a><\/span><\/div><\/div><\/div><\/div><\/div><div class=\"wpb_column pos-top pos-center align_left column_child col-lg-4 no-internal-gutter z_index_6\"><div class=\"uncol style-light\" ><div class=\"uncoltable\"><div class=\"uncell double-block-padding style-color-xsdn-bg unshadow-std unradius-std\" ><div class=\"uncont\" ><div class=\"empty-space empty-single\" ><span class=\"empty-space-inner\"><\/span><\/div>\n<div class=\"vc_custom_heading_wrap\"><div class=\"heading-text el-text\" ><h2 class=\"font-136269 h3 font-weight-500\" ><span>Professionnel<\/span><\/h2><\/div><div class=\"clear\"><\/div><\/div><div class=\"vc_custom_heading_wrap\"><div class=\"heading-text el-text\" ><h2 class=\"font-136269 fontsize-155944 font-weight-500\" ><span>299<small>$<\/small><\/span><\/h2><\/div><div class=\"clear\"><\/div><\/div><div class=\"empty-space empty-single\" ><span class=\"empty-space-inner\"><\/span><\/div>\n<div class=\"uncode-wrapper uncode-list\" >\n<ul class=\"icons\">\n<li><i class=\"fa fa-check-circle\"><\/i>Palette de couleurs globale<\/li>\n<li><i class=\"fa fa-check-circle\"><\/i>Module d&#039;articles connexes<\/li>\n<li><i class=\"fa fa-check-circle\"><\/i>Module de publications tendance<\/li>\n<li><i class=\"fa fa-check-circle\"><\/i>S&#039;abonner \u00e0 la newsletter<\/li>\n<li><i class=\"fa fa-check-circle\"><\/i>Module d&#039;avis sur les cookies<\/li>\n<\/ul>\n<\/div><div class=\"empty-space empty-single\" ><span class=\"empty-space-inner\"><\/span><\/div>\n<span class=\"btn-container\" ><a role=\"button\"  href=\"\" class=\"custom-link btn btn-custom-typo font-136269 font-weight-500 text-initial no-letterspace border-width-0 btn-default btn-circle btn-icon-left\">En savoir plus<\/a><\/span><div class=\"empty-space empty-single\" ><span class=\"empty-space-inner\"><\/span><\/div>\n<\/div><\/div><\/div><\/div><\/div><div class=\"wpb_column pos-middle pos-center align_left column_child col-lg-4 no-internal-gutter\"><div class=\"uncol style-light\" ><div class=\"uncoltable\"><div class=\"uncell double-block-padding style-color-xsdn-bg unshadow-std unradius-std\" ><div class=\"uncont\" ><div class=\"vc_custom_heading_wrap\"><div class=\"heading-text el-text\" ><h2 class=\"font-136269 h3 font-weight-500\" ><span>Agence<\/span><\/h2><\/div><div class=\"clear\"><\/div><\/div><div class=\"vc_custom_heading_wrap\"><div class=\"heading-text el-text\" ><h2 class=\"font-136269 fontsize-155944 font-weight-500\" ><span>399<small>$<\/small><\/span><\/h2><\/div><div class=\"clear\"><\/div><\/div><div class=\"empty-space empty-single\" ><span class=\"empty-space-inner\"><\/span><\/div>\n<div class=\"uncode-wrapper uncode-list\" >\n<ul class=\"icons\">\n<li><i class=\"fa fa-check-circle\"><\/i>Palette de couleurs globale<\/li>\n<li><i class=\"fa fa-check-circle\"><\/i>Module d&#039;articles connexes<\/li>\n<li><i class=\"fa fa-check-circle\"><\/i>Module de publications tendance<\/li>\n<li><i class=\"fa fa-check-circle\"><\/i>S&#039;abonner \u00e0 la newsletter<\/li>\n<li><i class=\"fa fa-check-circle\"><\/i>Module d&#039;avis sur les cookies<\/li>\n<\/ul>\n<\/div><div class=\"empty-space empty-single\" ><span class=\"empty-space-inner\"><\/span><\/div>\n<span class=\"btn-container\" ><a role=\"button\"  href=\"\" class=\"custom-link btn btn-custom-typo font-136269 font-weight-500 text-initial no-letterspace border-width-0 btn-default btn-circle btn-icon-left\">En savoir plus<\/a><\/span><\/div><\/div><\/div><\/div><\/div><\/div><\/div><\/div><\/div><\/div><div data-id=\"yearly\" class=\"tab-pane half-internal-gutter double-block-padding\"><div class=\"product-tab\">\n\t\t\t\t<div class=\"vc_row row-internal row-container\"><div class=\"row col-no-gutter row-child\"><div class=\"wpb_row row-inner\"><div class=\"wpb_column pos-middle pos-center align_left column_child col-lg-4 no-internal-gutter\"><div class=\"uncol style-light\" ><div class=\"uncoltable\"><div class=\"uncell double-block-padding style-color-xsdn-bg unshadow-std unradius-std\" ><div class=\"uncont\" ><div class=\"vc_custom_heading_wrap\"><div class=\"heading-text el-text\" ><h2 class=\"font-136269 h3 font-weight-500\" ><span>Personnel<\/span><\/h2><\/div><div class=\"clear\"><\/div><\/div><div class=\"vc_custom_heading_wrap\"><div class=\"heading-text el-text\" ><h2 class=\"font-136269 fontsize-155944 font-weight-500\" ><span>149<small>$<\/small><\/span><\/h2><\/div><div class=\"clear\"><\/div><\/div><div class=\"empty-space empty-single\" ><span class=\"empty-space-inner\"><\/span><\/div>\n<div class=\"uncode-wrapper uncode-list\" >\n<ul class=\"icons\">\n<li><i class=\"fa fa-check-circle\"><\/i>Palette de couleurs globale<\/li>\n<li><i class=\"fa fa-check-circle\"><\/i>Module d&#039;articles connexes<\/li>\n<li><i class=\"fa fa-check-circle\"><\/i>Module de publications tendance<\/li>\n<li><i class=\"fa fa-check-circle\"><\/i>S&#039;abonner \u00e0 la newsletter<\/li>\n<li><i class=\"fa fa-check-circle\"><\/i>Module d&#039;avis sur les cookies<\/li>\n<\/ul>\n<\/div><div class=\"empty-space empty-single\" ><span class=\"empty-space-inner\"><\/span><\/div>\n<span class=\"btn-container\" ><a role=\"button\"  href=\"\" class=\"custom-link btn btn-custom-typo font-136269 font-weight-500 text-initial no-letterspace border-width-0 btn-default btn-circle btn-icon-left\">En savoir plus<\/a><\/span><\/div><\/div><\/div><\/div><\/div><div class=\"wpb_column pos-top pos-center align_left column_child col-lg-4 no-internal-gutter z_index_6\"><div class=\"uncol style-light\" ><div class=\"uncoltable\"><div class=\"uncell double-block-padding style-color-xsdn-bg unshadow-std unradius-std\" ><div class=\"uncont\" ><div class=\"empty-space empty-single\" ><span class=\"empty-space-inner\"><\/span><\/div>\n<div class=\"vc_custom_heading_wrap\"><div class=\"heading-text el-text\" ><h2 class=\"font-136269 h3 font-weight-500\" ><span>Professionnel<\/span><\/h2><\/div><div class=\"clear\"><\/div><\/div><div class=\"vc_custom_heading_wrap\"><div class=\"heading-text el-text\" ><h2 class=\"font-136269 fontsize-155944 font-weight-500\" ><span>249<small>$<\/small><\/span><\/h2><\/div><div class=\"clear\"><\/div><\/div><div class=\"empty-space empty-single\" ><span class=\"empty-space-inner\"><\/span><\/div>\n<div class=\"uncode-wrapper uncode-list\" >\n<ul class=\"icons\">\n<li><i class=\"fa fa-check-circle\"><\/i>Palette de couleurs globale<\/li>\n<li><i class=\"fa fa-check-circle\"><\/i>Module d&#039;articles connexes<\/li>\n<li><i class=\"fa fa-check-circle\"><\/i>Module de publications tendance<\/li>\n<li><i class=\"fa fa-check-circle\"><\/i>S&#039;abonner \u00e0 la newsletter<\/li>\n<li><i class=\"fa fa-check-circle\"><\/i>Module d&#039;avis sur les cookies<\/li>\n<\/ul>\n<\/div><div class=\"empty-space empty-single\" ><span class=\"empty-space-inner\"><\/span><\/div>\n<span class=\"btn-container\" ><a role=\"button\"  href=\"\" class=\"custom-link btn btn-custom-typo font-136269 font-weight-500 text-initial no-letterspace border-width-0 btn-default btn-circle btn-icon-left\">En savoir plus<\/a><\/span><div class=\"empty-space empty-single\" ><span class=\"empty-space-inner\"><\/span><\/div>\n<\/div><\/div><\/div><\/div><\/div><div class=\"wpb_column pos-middle pos-center align_left column_child col-lg-4 no-internal-gutter\"><div class=\"uncol style-light\" ><div class=\"uncoltable\"><div class=\"uncell double-block-padding style-color-xsdn-bg unshadow-std unradius-std\" ><div class=\"uncont\" ><div class=\"vc_custom_heading_wrap\"><div class=\"heading-text el-text\" ><h2 class=\"font-136269 h3 font-weight-500\" ><span>Agence<\/span><\/h2><\/div><div class=\"clear\"><\/div><\/div><div class=\"vc_custom_heading_wrap\"><div class=\"heading-text el-text\" ><h2 class=\"font-136269 fontsize-155944 font-weight-500\" ><span>349<small>$<\/small><\/span><\/h2><\/div><div class=\"clear\"><\/div><\/div><div class=\"empty-space empty-single\" ><span class=\"empty-space-inner\"><\/span><\/div>\n<div class=\"uncode-wrapper uncode-list\" >\n<ul class=\"icons\">\n<li><i class=\"fa fa-check-circle\"><\/i>Palette de couleurs globale<\/li>\n<li><i class=\"fa fa-check-circle\"><\/i>Module d&#039;articles connexes<\/li>\n<li><i class=\"fa fa-check-circle\"><\/i>Module de publications tendance<\/li>\n<li><i class=\"fa fa-check-circle\"><\/i>S&#039;abonner \u00e0 la newsletter<\/li>\n<li><i class=\"fa fa-check-circle\"><\/i>Module d&#039;avis sur les cookies<\/li>\n<\/ul>\n<\/div><div class=\"empty-space empty-single\" ><span class=\"empty-space-inner\"><\/span><\/div>\n<span class=\"btn-container\" ><a role=\"button\"  href=\"\" class=\"custom-link btn btn-custom-typo font-136269 font-weight-500 text-initial no-letterspace border-width-0 btn-default btn-circle btn-icon-left\">En savoir plus<\/a><\/span><\/div><\/div><\/div><\/div><\/div><\/div><\/div><\/div><\/div><\/div><\/div><\/div><\/div><\/div><\/div><\/div><\/div><\/div><script id=\"script-row-unique-0\" data-row=\"script-row-unique-0\" type=\"text\/javascript\" class=\"vc_controls\">UNCODE.initRow(document.getElementById(\"row-unique-0\"));<\/script><\/div><\/div><\/div><div data-parent=\"true\" class=\"vc_row row-container\" id=\"row-unique-1\"><div class=\"row unequal col-no-gutter triple-top-padding triple-bottom-padding single-h-padding limit-width row-parent\"><div class=\"wpb_row row-inner\"><div class=\"wpb_column pos-middle pos-left align_left column_parent col-lg-3 single-internal-gutter\"><div class=\"uncol style-light\"  ><div class=\"uncoltable\"><div class=\"uncell no-block-padding\" ><div class=\"uncont\" ><div class=\"uncode-wrapper uncode-pricing\" ><div class=\"plan\"><div class=\"plan-container\"><div class=\"plan-title\"><h3 class=\"text-,Default-color\">D\u00e9marreur<\/h3><span class=\"plan-title-data text-,Default-color\">pour les nouveaux utilisateurs<\/span><\/div><div class=\"plan-price\"><span class=\"price text-,Default-color\">$25<\/span><span>par mois<\/span><\/div><div class=\"plan-list\"><ul class=\"item-list\"><li><strong>5 Go<\/strong> Espace disque<br \/><\/li><li><strong>15<\/strong> Adresses e-mail<br \/><\/li><li><strong>50 <\/strong>  Sous-domaines<br \/><\/li><li><strong>Gratuit <\/strong>  CDN inclus<br \/><\/li><li><strong>Gratuit <\/strong>  Certificat SSL<\/li><\/ul><\/div><\/div><\/div><\/div><\/div><\/div><\/div><\/div><\/div><div class=\"wpb_column pos-middle pos-left align_left column_parent col-lg-3 single-internal-gutter\"><div class=\"uncol style-light\"  ><div class=\"uncoltable\"><div class=\"uncell no-block-padding\" ><div class=\"uncont\" ><div class=\"uncode-wrapper uncode-pricing\" ><div class=\"plan\"><div class=\"plan-container\"><div class=\"plan-title\"><h3 class=\"text-,Default-color\">Entreprise<\/h3><span class=\"plan-title-data text-,Default-color\">pour les nouveaux utilisateurs<\/span><\/div><div class=\"plan-price\"><span class=\"price text-,Default-color\">$50<\/span><span>par mois<\/span><\/div><div class=\"plan-list\"><ul class=\"item-list\"><li><strong>10 Go<\/strong> Espace disque<br \/><\/li><li><strong>25<\/strong> Adresses e-mail<br \/><\/li><li><strong>60 <\/strong>  Sous-domaines<br \/><\/li><li><strong>Gratuit <\/strong>  CDN inclus<br \/><\/li><li><strong>Gratuit <\/strong>  Certificat SSL<\/li><\/ul><\/div><\/div><\/div><\/div><\/div><\/div><\/div><\/div><\/div><div class=\"wpb_column pos-middle pos-left align_left column_parent col-lg-3 single-internal-gutter\"><div class=\"uncol style-light\"  ><div class=\"uncoltable\"><div class=\"uncell no-block-padding\" ><div class=\"uncont\" ><div class=\"uncode-wrapper uncode-pricing\" ><div class=\"plan\"><div class=\"plan-container\"><div class=\"plan-title\"><h3 class=\"text-,Default-color\">Prime<\/h3><span class=\"plan-title-data text-,Default-color\">pour les nouveaux utilisateurs<\/span><\/div><div class=\"plan-price\"><span class=\"price text-,Default-color\">$75<\/span><span>par mois<\/span><\/div><div class=\"plan-list\"><ul class=\"item-list\"><li><strong>15 Go<\/strong> Espace disque<br \/><\/li><li><strong>50<\/strong> Adresses e-mail<br \/><\/li><li><strong>65 <\/strong>  Sous-domaines<br \/><\/li><li><strong>Gratuit <\/strong>  CDN inclus<br \/><\/li><li><strong>Gratuit <\/strong>  Certificat SSL<\/li><\/ul><\/div><\/div><\/div><\/div><\/div><\/div><\/div><\/div><\/div><div class=\"wpb_column pos-middle pos-center align_left column_parent col-lg-3 single-internal-gutter\"><div class=\"uncol style-light\"  ><div class=\"uncoltable\"><div class=\"uncell no-block-padding\" ><div class=\"uncont\" ><div class=\"uncode-wrapper uncode-pricing\" ><div class=\"plan\"><div class=\"plan-container\"><div class=\"plan-title\"><h3 class=\"text-,Default-color\">Ultime<\/h3><span class=\"plan-title-data text-,Default-color\">pour les nouveaux utilisateurs<\/span><\/div><div class=\"plan-price\"><span class=\"price text-,Default-color\">$125<\/span><span>par mois<\/span><\/div><div class=\"plan-list\"><ul class=\"item-list\"><li><strong>20 Go<\/strong> Espace disque<br \/><\/li><li><strong>50<\/strong> Adresses e-mail<br \/><\/li><li><strong>65 <\/strong>  Sous-domaines<br \/><\/li><li><strong>Gratuit <\/strong>  CDN inclus<br \/><\/li><li><strong>Gratuit <\/strong>  Certificat SSL<\/li><\/ul><\/div><\/div><\/div><\/div><\/div><\/div><\/div><\/div><\/div><script id=\"script-row-unique-1\" data-row=\"script-row-unique-1\" type=\"text\/javascript\" class=\"vc_controls\">UNCODE.initRow(document.getElementById(\"row-unique-1\"));<\/script><\/div><\/div><\/div>\n<\/div>","protected":false},"excerpt":{"rendered":"<p>Les tableaux de prix avec appel \u00e0 l&#039;action sont essentiels pour mettre en avant vos services et vos tarifs. Mettez vos offres en valeur gr\u00e2ce \u00e0 ces designs.<\/p>","protected":false},"author":1,"featured_media":0,"parent":125,"menu_order":0,"comment_status":"open","ping_status":"open","template":"","meta":{"footnotes":""},"class_list":["post-148","page","type-page","status-publish","hentry"],"_links":{"self":[{"href":"https:\/\/viralcollab.com\/fr\/wp-json\/wp\/v2\/pages\/148","targetHints":{"allow":["GET"]}}],"collection":[{"href":"https:\/\/viralcollab.com\/fr\/wp-json\/wp\/v2\/pages"}],"about":[{"href":"https:\/\/viralcollab.com\/fr\/wp-json\/wp\/v2\/types\/page"}],"author":[{"embeddable":true,"href":"https:\/\/viralcollab.com\/fr\/wp-json\/wp\/v2\/users\/1"}],"replies":[{"embeddable":true,"href":"https:\/\/viralcollab.com\/fr\/wp-json\/wp\/v2\/comments?post=148"}],"version-history":[{"count":0,"href":"https:\/\/viralcollab.com\/fr\/wp-json\/wp\/v2\/pages\/148\/revisions"}],"up":[{"embeddable":true,"href":"https:\/\/viralcollab.com\/fr\/wp-json\/wp\/v2\/pages\/125"}],"wp:attachment":[{"href":"https:\/\/viralcollab.com\/fr\/wp-json\/wp\/v2\/media?parent=148"}],"curies":[{"name":"wp","href":"https:\/\/api.w.org\/{rel}","templated":true}]}}