{"id":147399,"date":"2024-11-04T15:44:24","date_gmt":"2024-11-04T14:44:24","guid":{"rendered":"https:\/\/undsgn.com\/uncode\/?page_id=147399"},"modified":"2024-11-04T15:44:24","modified_gmt":"2024-11-04T14:44:24","slug":"contact-innovators","status":"publish","type":"page","link":"https:\/\/viralcollab.com\/fr\/pages\/contact-innovators\/","title":{"rendered":"Contact Innovators"},"content":{"rendered":"<div class=\"wpb-content-wrapper\"><div data-sticky><div data-parent=\"true\" class=\"vc_row scroll-trigger-el scroll-trigger-el-mobile scroll-trigger-el-tablet style-back_color-183219-bg parallax-move row-container\"data-sticky-trigger=\"scroll-trigger\" data-anim-state=\"end\" data-anim-sticky=\"\" data-anim-els=\"\" data-anim-x=\"0\" data-anim-y=\"0\" data-anim-blur=\"0\" data-anim-perspective=\"0\" data-anim-rotate=\"0\" data-anim-origin=\"top center\" data-anim-target=\"el\" data-anim-scale=\"100\" data-anim-scale-step=\"\" data-anim-opacity=\"0\" data-anim-radius=\"\" data-anim-radius-unit=\"\" data-anim-start=\"\" data-anim-top=\"0\" data-anim-bottom=\"85\" data-anim-safe=\"\" data-anim-ease=\"none\" data-parallax-move=\"3\" id=\"row-unique-0\"><div class=\"row-background background-element\">\n\t\t\t\t\t\t\t\t\t\t\t<div class=\"background-wrapper\">\n\t\t\t\t\t\t\t\t\t\t\t\t<div class=\"background-inner\" style=\"background-image: url(https:\/\/viralcollab.com\/wp-content\/uploads\/2025\/03\/image-placeholder-10.jpg);background-repeat: no-repeat;background-position: center top;background-attachment: scroll;background-size: cover;\"><\/div>\n\t\t\t\t\t\t\t\t\t\t\t\t<div class=\"block-bg-overlay block-bg-blend-mode for-ie style-overlay_color-183219-bg\" style=\"opacity: 0.75;\"><\/div><div class=\"block-bg-overlay block-bg-blend-mode not-ie style-overlay_color-183219-bg\" style=\"mix-blend-mode:multiply;\" data-bg-noise-1=\"#518883\" data-bg-noise-2=\"#74faba\" data-bg-noise-speed=\"200\" data-bg-noise-size=\"0.7\"><span class=\"uncode-canvas-bg-noise-wrap\"><\/span><\/div>\n\t\t\t\t\t\t\t\t\t\t\t<\/div>\n\t\t\t\t\t\t\t\t\t\t<\/div><div class=\"row exa-top-padding exa-bottom-padding exa-h-padding full-width row-parent\"><div class=\"wpb_row row-inner\"><div class=\"wpb_column pos-bottom pos-center align_left column_parent col-lg-12 double-internal-gutter\"><div class=\"uncol style-dark\"  ><div class=\"uncoltable\"><div class=\"uncell no-block-padding\" ><div class=\"uncont\" ><div class=\"vc_row row-internal row-container\"><div class=\"row row-next-to-blend row-child\"><div class=\"wpb_row row-inner\"><div class=\"wpb_column pos-top pos-left align_left column_child col-lg-9 single-internal-gutter\"><div class=\"uncol style-dark\" ><div class=\"uncoltable\"><div class=\"uncell no-block-padding\" ><div class=\"uncont\" ><div class=\"vc_custom_heading_wrap\"><div class=\"heading-text el-text\" ><h2 class=\"font-161747 custom fontspace-111509 font-weight-300 fontsize-207373-custom\" ><span>Contactez-nous maintenant et construisons des solutions<\/span><\/h2><\/div><div class=\"clear\"><\/div><\/div><\/div><\/div><\/div><\/div><\/div><div class=\"wpb_column pos-top pos-center align_left column_child col-lg-3 tablet-hidden mobile-hidden single-internal-gutter\"><div class=\"uncol style-light\" ><div class=\"uncoltable\"><div class=\"uncell no-block-padding\" ><div class=\"uncont\" ><\/div><\/div><\/div><\/div><\/div><\/div><\/div><\/div><div class=\"divider-wrapper\"  >\n    <hr class=\"full-width-separator separator-no-padding\"  \/>\n<\/div>\n<div class=\"vc_row row-internal row-container\"><div class=\"row row-next-to-blend col-triple-gutter row-child\"><div class=\"wpb_row row-inner\"><div class=\"wpb_column pos-top pos-center align_left column_child col-lg-6 tablet-hidden mobile-hidden single-internal-gutter\"><div class=\"uncol style-light\" ><div class=\"uncoltable\"><div class=\"uncell no-block-padding\" ><div class=\"uncont\" ><\/div><\/div><\/div><\/div><\/div><div class=\"wpb_column pos-top pos-center align_left column_child col-lg-4 single-internal-gutter\"><div class=\"uncol style-dark\" ><div class=\"uncoltable\"><div class=\"uncell no-block-padding\" ><div class=\"uncont\" ><div class=\"vc_custom_heading_wrap\"><div class=\"heading-text el-text\" ><h3 class=\"font-161747 h3 fontheight-357766 fontspace-111509 font-weight-300\" ><span>Contactez-nous et explorons comment l\u2019expertise peut favoriser la progression vers vos objectifs.<\/span><\/h3><\/div><div class=\"clear\"><\/div><\/div><\/div><\/div><\/div><\/div><\/div><div class=\"wpb_column pos-top pos-center align_left column_child col-lg-2 tablet-hidden mobile-hidden single-internal-gutter\"><div class=\"uncol style-light\" ><div class=\"uncoltable\"><div class=\"uncell no-block-padding\" ><div class=\"uncont\" ><\/div><\/div><\/div><\/div><\/div><\/div><\/div><\/div><\/div><\/div><\/div><\/div><\/div><script id=\"script-row-unique-0\" data-row=\"script-row-unique-0\" type=\"text\/javascript\" class=\"vc_controls\">UNCODE.initRow(document.getElementById(\"row-unique-0\"));<\/script><\/div><\/div><\/div><\/div><div data-parent=\"true\" class=\"vc_row row-next-to-blend vc_custom_1733499918905 border-color-gyho-color row-container\" style=\"border-style: solid;border-top-width: 1px ;\" id=\"row-unique-1\"><div class=\"row unequal col-half-gutter quad-top-padding no-bottom-padding double-h-padding full-width row-parent\"><div class=\"wpb_row row-inner\"><div class=\"wpb_column pos-top pos-center align_left column_parent col-lg-4 mid-color half-internal-gutter\"><div class=\"uncol style-light\"  ><div class=\"uncoltable\"><div class=\"uncell double-block-padding style-back_color-110437-bg  unradius-lg\" ><div class=\"uncont\" ><div class=\"icon-box icon-box-top\" ><div class=\"icon-box-icon fa-container\" style=\"width:70px;margin-bottom: 0px;\"><span class=\"text-default-color btn-disable-hover\"><span id=\"icon-208414\" style=\"width:100%\" class=\"icon-media\"><img decoding=\"async\" src=\"https:\/\/viralcollab.com\/wp-content\/uploads\/2025\/03\/icon-dark.svg\" alt=\"\" \/><\/span><\/span><\/div><\/div><div class=\"empty-space empty-triple tablet-hidden mobile-hidden\" ><span class=\"empty-space-inner\"><\/span><\/div>\n<div class=\"vc_custom_heading_wrap\"><div class=\"heading-text el-text\" ><h3 class=\"font-161747 h1 fontheight-357766 fontspace-111509 font-weight-300\" ><span>Ventes et commerce<\/span><\/h3><\/div><div class=\"clear\"><\/div><\/div><div class=\"vc_custom_heading_wrap\"><div class=\"heading-text el-text\" ><p class=\"font-161747 h4 fontheight-357766 fontspace-111509 font-weight-300\" ><span>Contactez notre \u00e9quipe commerciale pour discuter de la mani\u00e8re dont nous pouvons vous aider \u00e0 construire un avenir r\u00e9silient avec des strat\u00e9gies personnalis\u00e9es et bas\u00e9es sur les donn\u00e9es pour votre prochain projet.<\/span><\/p><\/div><div class=\"clear\"><\/div><\/div><\/div><\/div><\/div><\/div><\/div><div class=\"wpb_column pos-top pos-center align_left column_parent col-lg-4 mid-color half-internal-gutter\"><div class=\"uncol style-light\"  ><div class=\"uncoltable\"><div class=\"uncell double-block-padding style-back_color-115920-bg  unradius-lg\" ><div class=\"uncont\" ><div class=\"icon-box icon-box-top\" ><div class=\"icon-box-icon fa-container\" style=\"width:70px;margin-bottom: 0px;\"><span class=\"text-default-color btn-disable-hover\"><span id=\"icon-111273\" style=\"width:100%\" class=\"icon-media\"><img decoding=\"async\" src=\"https:\/\/viralcollab.com\/wp-content\/uploads\/2025\/03\/icon-dark.svg\" alt=\"\" \/><\/span><\/span><\/div><\/div><div class=\"empty-space empty-triple tablet-hidden mobile-hidden\" ><span class=\"empty-space-inner\"><\/span><\/div>\n<div class=\"vc_custom_heading_wrap\"><div class=\"heading-text el-text\" ><h3 class=\"font-161747 h1 fontheight-357766 fontspace-111509 font-weight-300\" ><span>Soutien<\/span><\/h3><\/div><div class=\"clear\"><\/div><\/div><div class=\"vc_custom_heading_wrap\"><div class=\"heading-text el-text\" ><p class=\"font-161747 h4 fontheight-357766 fontspace-111509 font-weight-300\" ><span>Notre \u00e9quipe d&#039;assistance est l\u00e0 pour vous aider \u00e0 tirer le meilleur parti de nos services. Contactez-nous pour r\u00e9soudre rapidement les probl\u00e8mes et assurer le bon d\u00e9roulement de vos op\u00e9rations.<\/span><\/p><\/div><div class=\"clear\"><\/div><\/div><\/div><\/div><\/div><\/div><\/div><div class=\"wpb_column pos-top pos-center align_left column_parent col-lg-4 mid-color half-internal-gutter\"><div class=\"uncol style-light\"  ><div class=\"uncoltable\"><div class=\"uncell double-block-padding style-back_color-285994-bg  unradius-lg\" ><div class=\"uncont\" ><div class=\"icon-box icon-box-top\" ><div class=\"icon-box-icon fa-container\" style=\"width:70px;margin-bottom: 0px;\"><span class=\"text-default-color btn-disable-hover\"><span id=\"icon-588505\" style=\"width:100%\" class=\"icon-media\"><img decoding=\"async\" src=\"https:\/\/viralcollab.com\/wp-content\/uploads\/2025\/03\/icon-dark.svg\" alt=\"\" \/><\/span><\/span><\/div><\/div><div class=\"empty-space empty-triple tablet-hidden mobile-hidden\" ><span class=\"empty-space-inner\"><\/span><\/div>\n<div class=\"vc_custom_heading_wrap\"><div class=\"heading-text el-text\" ><h3 class=\"font-161747 h1 fontheight-357766 fontspace-111509 font-weight-300\" ><span>Demandes g\u00e9n\u00e9rales<\/span><\/h3><\/div><div class=\"clear\"><\/div><\/div><div class=\"vc_custom_heading_wrap\"><div class=\"heading-text el-text\" ><p class=\"font-161747 h4 fontheight-357766 fontspace-111509 font-weight-300\" ><span>Vous avez une question ou souhaitez en savoir plus\u00a0? Nous sommes l\u00e0 pour \u00e9changer, partager nos id\u00e9es et discuter de la fa\u00e7on dont notre expertise peut am\u00e9liorer la vie de votre organisation.<\/span><\/p><\/div><div class=\"clear\"><\/div><\/div><\/div><\/div><\/div><\/div><\/div><script id=\"script-row-unique-1\" data-row=\"script-row-unique-1\" type=\"text\/javascript\" class=\"vc_controls\">UNCODE.initRow(document.getElementById(\"row-unique-1\"));<\/script><\/div><\/div><\/div><div data-parent=\"true\" class=\"vc_row row-container\" id=\"row-unique-2\"><div class=\"row quad-top-padding double-bottom-padding exa-h-padding full-width row-parent\"><div class=\"wpb_row row-inner\"><div class=\"wpb_column pos-top pos-center align_left column_parent col-lg-12 double-internal-gutter\"><div class=\"uncol style-light\"  ><div class=\"uncoltable\"><div class=\"uncell no-block-padding\" ><div class=\"uncont\" ><div class=\"vc_row row-internal row-container\"><div class=\"row col-double-gutter row-child\"><div class=\"wpb_row row-inner\"><div class=\"wpb_column pos-top pos-center align_left column_child col-lg-12 single-internal-gutter\"><div class=\"uncol style-light\" ><div class=\"uncoltable\"><div class=\"uncell no-block-padding\" ><div class=\"uncont\" ><div class=\"vc_custom_heading_wrap\"><div class=\"heading-text el-text\" ><h2 class=\"font-161747 h5 fontheight-357766 fontspace-781688 font-weight-500 text-text_color-221289-color badge-style unradius-xl style-back_color-221289-bg\" ><span><span class=\"text-accent-color\">\u25cf<\/span> Contact<\/span><\/h2><\/div><div class=\"clear\"><\/div><\/div><div class=\"divider-wrapper\"  >\n    <hr class=\"separator-no-padding\"  \/>\n<\/div>\n<\/div><\/div><\/div><\/div><\/div><\/div><\/div><\/div><\/div><\/div><\/div><\/div><\/div><script id=\"script-row-unique-2\" data-row=\"script-row-unique-2\" type=\"text\/javascript\" class=\"vc_controls\">UNCODE.initRow(document.getElementById(\"row-unique-2\"));<\/script><\/div><\/div><\/div><div data-parent=\"true\" class=\"vc_row row-container\" id=\"row-unique-3\"><div class=\"row col-triple-gutter no-top-padding quad-bottom-padding exa-h-padding full-width row-parent\"><div class=\"wpb_row row-inner\"><div class=\"wpb_column pos-top pos-center align_left column_parent col-lg-6 double-internal-gutter\"><div class=\"uncol style-light\"  ><div class=\"uncoltable\"><div class=\"uncell no-block-padding\" ><div class=\"uncont\" ><div class=\"vc_row row-internal row-container\"><div class=\"row col-double-gutter row-child\"><div class=\"wpb_row row-inner\"><div class=\"wpb_column pos-top pos-center align_left column_child col-lg-6 half-internal-gutter\"><div class=\"uncol style-light\" ><div class=\"uncoltable\"><div class=\"uncell no-block-padding\" ><div class=\"uncont\" ><div class=\"vc_custom_heading_wrap\"><div class=\"heading-text el-text\" ><h5 class=\"font-161747 h2 fontheight-357766 fontspace-111509 font-weight-300\" ><span>Si\u00e8ge social<\/span><\/h5><\/div><div class=\"clear\"><\/div><\/div><div class=\"vc_custom_heading_wrap\"><div class=\"heading-text el-text\" ><p class=\"font-161747 h4 fontheight-524109 fontspace-111509 font-weight-300 text-color-wvjs-color\" ><span>4872, boulevard Mark Columbus<br \/><\/span><span>New York, NY 10035<\/span><\/p><\/div><div class=\"clear\"><\/div><\/div><div class=\"empty-space empty-single\" ><span class=\"empty-space-inner\"><\/span><\/div>\n<div class=\"vc_custom_heading_wrap\"><div class=\"heading-text el-text\" ><h5 class=\"font-161747 h2 fontheight-357766 fontspace-111509 font-weight-300\" ><span>T\u00e9l\u00e9phone<\/span><\/h5><\/div><div class=\"clear\"><\/div><\/div><div class=\"vc_custom_heading_wrap\"><div class=\"heading-text el-text\" ><p class=\"font-161747 h4 fontheight-524109 fontspace-111509 font-weight-300 text-color-wvjs-color\" ><span>(212) 555-1234<\/span><\/p><\/div><div class=\"clear\"><\/div><\/div><\/div><\/div><\/div><\/div><\/div><div class=\"wpb_column pos-top pos-center align_left column_child col-lg-6 half-internal-gutter\"><div class=\"uncol style-light\" ><div class=\"uncoltable\"><div class=\"uncell no-block-padding\" ><div class=\"uncont\" ><div class=\"vc_custom_heading_wrap\"><div class=\"heading-text el-text\" ><h5 class=\"font-161747 h2 fontheight-357766 fontspace-111509 font-weight-300\" ><span>E-mail<\/span><\/h5><\/div><div class=\"clear\"><\/div><\/div><div class=\"vc_custom_heading_wrap\"><div class=\"heading-text el-text\" ><p class=\"font-161747 h4 fontheight-524109 fontspace-111509 font-weight-300\" ><span><a class=\"text-color-wvjs-color\" href=\"mailto:info@mysite.com\">info@monsite.com<\/a><\/span><\/p><\/div><div class=\"clear\"><\/div><\/div><\/div><\/div><\/div><\/div><\/div><\/div><\/div><\/div><\/div><\/div><\/div><\/div><\/div><div class=\"wpb_column pos-top pos-center align_left column_parent col-lg-6 form-large single-internal-gutter\"><div class=\"uncol style-light font-161747\"  ><div class=\"uncoltable\"><div class=\"uncell no-block-padding\" ><div class=\"uncont\" >[contact-form-7 id=&#8221;10131&#8243; html_class=&#8221;no-labels-underline&#8221;]<\/div><\/div><\/div><\/div><\/div><script id=\"script-row-unique-3\" data-row=\"script-row-unique-3\" type=\"text\/javascript\" class=\"vc_controls\">UNCODE.initRow(document.getElementById(\"row-unique-3\"));<\/script><\/div><\/div><\/div>\n<\/div>","protected":false},"excerpt":{"rendered":"Reach us now and let\u2019s build solutions Get in touch and let\u2019s explore how expertise can drive progress for your [...]","protected":false},"author":1,"featured_media":0,"parent":36601,"menu_order":0,"comment_status":"closed","ping_status":"closed","template":"","meta":{"footnotes":""},"class_list":["post-147399","page","type-page","status-publish","hentry"],"_links":{"self":[{"href":"https:\/\/viralcollab.com\/fr\/wp-json\/wp\/v2\/pages\/147399","targetHints":{"allow":["GET"]}}],"collection":[{"href":"https:\/\/viralcollab.com\/fr\/wp-json\/wp\/v2\/pages"}],"about":[{"href":"https:\/\/viralcollab.com\/fr\/wp-json\/wp\/v2\/types\/page"}],"author":[{"embeddable":true,"href":"https:\/\/viralcollab.com\/fr\/wp-json\/wp\/v2\/users\/1"}],"replies":[{"embeddable":true,"href":"https:\/\/viralcollab.com\/fr\/wp-json\/wp\/v2\/comments?post=147399"}],"version-history":[{"count":0,"href":"https:\/\/viralcollab.com\/fr\/wp-json\/wp\/v2\/pages\/147399\/revisions"}],"up":[{"embeddable":true,"href":"https:\/\/viralcollab.com\/fr\/wp-json\/wp\/v2\/pages\/36601"}],"wp:attachment":[{"href":"https:\/\/viralcollab.com\/fr\/wp-json\/wp\/v2\/media?parent=147399"}],"curies":[{"name":"wp","href":"https:\/\/api.w.org\/{rel}","templated":true}]}}