{"id":139935,"date":"2024-03-22T15:46:20","date_gmt":"2024-03-22T14:46:20","guid":{"rendered":"https:\/\/undsgn.com\/uncode\/?page_id=139935"},"modified":"2024-03-22T15:46:20","modified_gmt":"2024-03-22T14:46:20","slug":"background-multiple","status":"publish","type":"page","link":"https:\/\/viralcollab.com\/fr\/features\/background-multiple\/","title":{"rendered":"Arri\u00e8re-plan multiple"},"content":{"rendered":"<div class=\"wpb-content-wrapper\"><div data-parent=\"true\" class=\"vc_row style-color-nhtu-bg row-container\" id=\"row-unique-0\"><div class=\"uncode-multi-bgs\" data-transition-time=\"300\" data-carousel-time=\"2000\" data-transition-threshold=\"33\"><div class=\"row-background background-element multi-background\">\n\t\t\t\t\t\t\t\t\t\t\t<div class=\"background-wrapper\">\n\t\t\t\t\t\t\t\t\t\t\t\t<div class=\"background-inner\" style=\"background-image: url(https:\/\/viralcollab.com\/wp-content\/uploads\/2025\/03\/image-placeholder-5.jpg);background-repeat: no-repeat;background-position: center center;background-attachment: scroll;background-size: cover;\"><\/div>\n\t\t\t\t\t\t\t\t\t\t\t\t\n\t\t\t\t\t\t\t\t\t\t\t<\/div>\n\t\t\t\t\t\t\t\t\t\t<\/div><div class=\"row-background background-element multi-background\">\n\t\t\t\t\t\t\t\t\t\t\t<div class=\"background-wrapper\">\n\t\t\t\t\t\t\t\t\t\t\t\t<div class=\"background-inner\" style=\"background-image: url(https:\/\/viralcollab.com\/wp-content\/uploads\/2025\/03\/image-placeholder-3.jpg);background-repeat: no-repeat;background-position: center center;background-attachment: scroll;background-size: cover;\"><\/div>\n\t\t\t\t\t\t\t\t\t\t\t\t\n\t\t\t\t\t\t\t\t\t\t\t<\/div>\n\t\t\t\t\t\t\t\t\t\t<\/div><div class=\"row-background background-element multi-background\">\n\t\t\t\t\t\t\t\t\t\t\t<div class=\"background-wrapper\">\n\t\t\t\t\t\t\t\t\t\t\t\t<div class=\"background-inner\" style=\"background-image: url(https:\/\/viralcollab.com\/wp-content\/uploads\/2025\/03\/image-placeholder-5.jpg);background-repeat: no-repeat;background-position: center center;background-attachment: scroll;background-size: cover;\"><\/div>\n\t\t\t\t\t\t\t\t\t\t\t\t\n\t\t\t\t\t\t\t\t\t\t\t<\/div>\n\t\t\t\t\t\t\t\t\t\t<\/div><\/div><div class=\"row quad-top-padding quad-bottom-padding single-h-padding limit-width row-parent\" data-height-ratio=\"full\"><div class=\"wpb_row row-inner\"><div class=\"wpb_column pos-middle pos-center align_center column_parent col-lg-12 single-internal-gutter\"><div class=\"uncol style-dark\"  ><div class=\"uncoltable\" style=\"min-height: 35vh;\"><div class=\"uncell no-block-padding\" ><div class=\"uncont\" ><div class=\"vc_custom_heading_wrap demo-heading\"><div class=\"heading-text el-text\" ><h5 class=\"h3\" ><span>Diaporama automatique<\/span><\/h5><\/div><div class=\"clear\"><\/div><\/div><\/div><\/div><\/div><\/div><\/div><script id=\"script-row-unique-0\" data-row=\"script-row-unique-0\" type=\"text\/javascript\" class=\"vc_controls\">UNCODE.initRow(document.getElementById(\"row-unique-0\"));<\/script><\/div><\/div><\/div><div data-parent=\"true\" class=\"vc_row row-container\" id=\"row-unique-1\"><div class=\"row exa-top-padding exa-bottom-padding single-h-padding limit-width row-parent\" data-height-ratio=\"full\"><div class=\"wpb_row row-inner\"><div class=\"wpb_column pos-middle pos-center align_left column_parent col-lg-12 single-internal-gutter\"><div class=\"uncol style-light\"  ><div class=\"uncoltable\"><div class=\"uncell no-block-padding\" ><div class=\"uncont\" ><div class=\"vc_row row-internal row-container\"><div class=\"row row-child\"><div class=\"wpb_row row-inner\"><div class=\"wpb_column pos-top pos-center align_center column_child col-lg-12 no-internal-gutter\"><div class=\"uncol style-dark\" ><div class=\"uncoltable\"><div class=\"uncell quad-block-padding  unradius-lg\" ><div class=\"uncode-multi-bgs\" data-transition-time=\"0\" data-transition=\"scroll\" data-transition-threshold=\"33\"><div class=\"column-background background-element multi-background\">\n\t\t\t\t\t\t\t\t\t\t\t<div class=\"background-wrapper\">\n\t\t\t\t\t\t\t\t\t\t\t\t<div class=\"background-inner\" style=\"background-image: url(https:\/\/viralcollab.com\/wp-content\/uploads\/2025\/03\/image-placeholder-8.jpg);background-repeat: no-repeat;background-position: center center;background-size: cover;\" data-o_src=\"https:\/\/viralcollab.com\/wp-content\/uploads\/2025\/03\/image-placeholder-8.jpg\"><\/div>\n\t\t\t\t\t\t\t\t\t\t\t\t\n\t\t\t\t\t\t\t\t\t\t\t<\/div>\n\t\t\t\t\t\t\t\t\t\t<\/div><div class=\"column-background background-element multi-background\">\n\t\t\t\t\t\t\t\t\t\t\t<div class=\"background-wrapper\">\n\t\t\t\t\t\t\t\t\t\t\t\t<div class=\"background-inner\" style=\"background-image: url(https:\/\/viralcollab.com\/wp-content\/uploads\/2025\/03\/image-placeholder-10.jpg);background-repeat: no-repeat;background-position: center center;background-size: cover;\" data-o_src=\"https:\/\/viralcollab.com\/wp-content\/uploads\/2025\/03\/image-placeholder-10.jpg\"><\/div>\n\t\t\t\t\t\t\t\t\t\t\t\t\n\t\t\t\t\t\t\t\t\t\t\t<\/div>\n\t\t\t\t\t\t\t\t\t\t<\/div><div class=\"column-background background-element multi-background\">\n\t\t\t\t\t\t\t\t\t\t\t<div class=\"background-wrapper\">\n\t\t\t\t\t\t\t\t\t\t\t\t<div class=\"background-inner\" style=\"background-image: url(https:\/\/viralcollab.com\/wp-content\/uploads\/2025\/03\/image-placeholder-9.jpg);background-repeat: no-repeat;background-position: center center;background-size: cover;\" data-o_src=\"https:\/\/viralcollab.com\/wp-content\/uploads\/2025\/03\/image-placeholder-9.jpg\"><\/div>\n\t\t\t\t\t\t\t\t\t\t\t\t\n\t\t\t\t\t\t\t\t\t\t\t<\/div>\n\t\t\t\t\t\t\t\t\t\t<\/div><\/div><div class=\"uncont\" ><div class=\"empty-space empty-quad\" ><span class=\"empty-space-inner\"><\/span><\/div>\n<div class=\"vc_custom_heading_wrap demo-heading\"><div class=\"heading-text el-text\" ><h5 class=\"h3\" ><span>Changer au d\u00e9filement<\/span><\/h5><\/div><div class=\"clear\"><\/div><\/div><div class=\"empty-space empty-quad\" ><span class=\"empty-space-inner\"><\/span><\/div>\n<\/div><\/div><\/div><\/div><\/div><\/div><\/div><\/div><\/div><\/div><\/div><\/div><\/div><script id=\"script-row-unique-1\" data-row=\"script-row-unique-1\" type=\"text\/javascript\" class=\"vc_controls\">UNCODE.initRow(document.getElementById(\"row-unique-1\"));<\/script><\/div><\/div><\/div><div data-parent=\"true\" class=\"vc_row style-color-nhtu-bg row-container\" id=\"row-unique-2\"><div class=\"uncode-multi-bgs\" data-transition-time=\"100\" data-transition=\"mouse\" data-transition-pace=\"400\" data-carousel-mobile=\"yes\" data-carousel-time=\"2000\" data-transition-threshold=\"0\"><div class=\"row-background background-element multi-background\">\n\t\t\t\t\t\t\t\t\t\t\t<div class=\"background-wrapper\">\n\t\t\t\t\t\t\t\t\t\t\t\t<div class=\"background-inner\" style=\"background-image: url(https:\/\/viralcollab.com\/wp-content\/uploads\/2025\/03\/image-placeholder-5.jpg);background-repeat: no-repeat;background-position: center center;background-attachment: scroll;background-size: cover;\"><\/div>\n\t\t\t\t\t\t\t\t\t\t\t\t\n\t\t\t\t\t\t\t\t\t\t\t<\/div>\n\t\t\t\t\t\t\t\t\t\t<\/div><div class=\"row-background background-element multi-background\">\n\t\t\t\t\t\t\t\t\t\t\t<div class=\"background-wrapper\">\n\t\t\t\t\t\t\t\t\t\t\t\t<div class=\"background-inner\" style=\"background-image: url(https:\/\/viralcollab.com\/wp-content\/uploads\/2025\/03\/image-placeholder-2.jpg);background-repeat: no-repeat;background-position: center center;background-attachment: scroll;background-size: cover;\"><\/div>\n\t\t\t\t\t\t\t\t\t\t\t\t\n\t\t\t\t\t\t\t\t\t\t\t<\/div>\n\t\t\t\t\t\t\t\t\t\t<\/div><div class=\"row-background background-element multi-background\">\n\t\t\t\t\t\t\t\t\t\t\t<div class=\"background-wrapper\">\n\t\t\t\t\t\t\t\t\t\t\t\t<div class=\"background-inner\" style=\"background-image: url(https:\/\/viralcollab.com\/wp-content\/uploads\/2025\/03\/image-placeholder-6.jpg);background-repeat: no-repeat;background-position: center center;background-attachment: scroll;background-size: cover;\"><\/div>\n\t\t\t\t\t\t\t\t\t\t\t\t\n\t\t\t\t\t\t\t\t\t\t\t<\/div>\n\t\t\t\t\t\t\t\t\t\t<\/div><div class=\"row-background background-element multi-background\">\n\t\t\t\t\t\t\t\t\t\t\t<div class=\"background-wrapper\">\n\t\t\t\t\t\t\t\t\t\t\t\t<div class=\"background-inner\" style=\"background-image: url(https:\/\/viralcollab.com\/wp-content\/uploads\/2025\/03\/image-placeholder-4.jpg);background-repeat: no-repeat;background-position: center center;background-attachment: scroll;background-size: cover;\"><\/div>\n\t\t\t\t\t\t\t\t\t\t\t\t\n\t\t\t\t\t\t\t\t\t\t\t<\/div>\n\t\t\t\t\t\t\t\t\t\t<\/div><div class=\"row-background background-element multi-background\">\n\t\t\t\t\t\t\t\t\t\t\t<div class=\"background-wrapper\">\n\t\t\t\t\t\t\t\t\t\t\t\t<div class=\"background-inner\" style=\"background-image: url(https:\/\/viralcollab.com\/wp-content\/uploads\/2025\/03\/image-placeholder-5.jpg);background-repeat: no-repeat;background-position: center center;background-attachment: scroll;background-size: cover;\"><\/div>\n\t\t\t\t\t\t\t\t\t\t\t\t\n\t\t\t\t\t\t\t\t\t\t\t<\/div>\n\t\t\t\t\t\t\t\t\t\t<\/div><div class=\"row-background background-element multi-background\">\n\t\t\t\t\t\t\t\t\t\t\t<div class=\"background-wrapper\">\n\t\t\t\t\t\t\t\t\t\t\t\t<div class=\"background-inner\" style=\"background-image: url(https:\/\/viralcollab.com\/wp-content\/uploads\/2025\/03\/image-placeholder-9.jpg);background-repeat: no-repeat;background-position: center center;background-attachment: scroll;background-size: cover;\"><\/div>\n\t\t\t\t\t\t\t\t\t\t\t\t\n\t\t\t\t\t\t\t\t\t\t\t<\/div>\n\t\t\t\t\t\t\t\t\t\t<\/div><\/div><div class=\"row quad-top-padding quad-bottom-padding single-h-padding limit-width row-parent\" data-height-ratio=\"full\"><div class=\"wpb_row row-inner\"><div class=\"wpb_column pos-middle pos-center align_center column_parent col-lg-12 single-internal-gutter\"><div class=\"uncol style-dark\"  ><div class=\"uncoltable\" style=\"min-height: 35vh;\"><div class=\"uncell no-block-padding\" ><div class=\"uncont\" ><div class=\"vc_custom_heading_wrap demo-heading\"><div class=\"heading-text el-text\" ><h5 class=\"h3\" ><span>Mouvement de la souris<\/span><\/h5><\/div><div class=\"clear\"><\/div><\/div><\/div><\/div><\/div><\/div><\/div><script id=\"script-row-unique-2\" data-row=\"script-row-unique-2\" type=\"text\/javascript\" class=\"vc_controls\">UNCODE.initRow(document.getElementById(\"row-unique-2\"));<\/script><\/div><\/div><\/div>\n<\/div>","protected":false},"excerpt":{"rendered":"<p>L&#039;outil Background Multiple am\u00e9liore votre page en cr\u00e9ant une exp\u00e9rience visuellement attrayante gr\u00e2ce \u00e0 des diaporamas, des d\u00e9filements et des mouvements de souris.<\/p>","protected":false},"author":1,"featured_media":0,"parent":125,"menu_order":0,"comment_status":"closed","ping_status":"closed","template":"","meta":{"footnotes":""},"class_list":["post-139935","page","type-page","status-publish","hentry"],"_links":{"self":[{"href":"https:\/\/viralcollab.com\/fr\/wp-json\/wp\/v2\/pages\/139935","targetHints":{"allow":["GET"]}}],"collection":[{"href":"https:\/\/viralcollab.com\/fr\/wp-json\/wp\/v2\/pages"}],"about":[{"href":"https:\/\/viralcollab.com\/fr\/wp-json\/wp\/v2\/types\/page"}],"author":[{"embeddable":true,"href":"https:\/\/viralcollab.com\/fr\/wp-json\/wp\/v2\/users\/1"}],"replies":[{"embeddable":true,"href":"https:\/\/viralcollab.com\/fr\/wp-json\/wp\/v2\/comments?post=139935"}],"version-history":[{"count":0,"href":"https:\/\/viralcollab.com\/fr\/wp-json\/wp\/v2\/pages\/139935\/revisions"}],"up":[{"embeddable":true,"href":"https:\/\/viralcollab.com\/fr\/wp-json\/wp\/v2\/pages\/125"}],"wp:attachment":[{"href":"https:\/\/viralcollab.com\/fr\/wp-json\/wp\/v2\/media?parent=139935"}],"curies":[{"name":"wp","href":"https:\/\/api.w.org\/{rel}","templated":true}]}}