{"id":134308,"date":"2023-11-22T15:53:27","date_gmt":"2023-11-22T14:53:27","guid":{"rendered":"https:\/\/undsgn.com\/uncode\/?page_id=134308"},"modified":"2023-11-22T15:53:27","modified_gmt":"2023-11-22T14:53:27","slug":"portfolio-cards","status":"publish","type":"page","link":"https:\/\/viralcollab.com\/fr\/portfolio-cards\/","title":{"rendered":"Cartes de portefeuille"},"content":{"rendered":"<div class=\"wpb-content-wrapper\"><div data-sticky><div data-parent=\"true\" class=\"vc_row scroll-trigger-el scroll-trigger-el-mobile scroll-trigger-el-tablet style-color-nhtu-bg row-container onepage-section\"data-sticky-trigger=\"scroll-trigger\" data-anim-state=\"end\" data-anim-sticky=\"\" data-anim-els=\"\" data-anim-x=\"0\" data-anim-y=\"0\" data-anim-blur=\"0\" data-anim-perspective=\"0\" data-anim-rotate=\"0\" data-anim-origin=\"top center\" data-anim-target=\"el\" data-anim-scale=\"100\" data-anim-scale-step=\"\" data-anim-opacity=\"0\" data-anim-radius=\"\" data-anim-radius-unit=\"\" data-anim-start=\"\" data-anim-top=\"0\" data-anim-bottom=\"60\" data-anim-safe=\"yes\" data-anim-ease=\"none\" data-label=\"top\" data-name=\"top\" id=\"row-unique-0\"><div class=\"row no-top-padding no-bottom-padding double-h-padding full-width row-parent\"><div class=\"wpb_row row-inner\"><div class=\"wpb_column pos-justify pos-center align_center column_parent col-lg-12 single-internal-gutter\"><div class=\"uncol style-dark animate_when_almost_visible alpha-anim\"  data-speed=\"1000\"><div class=\"uncoltable\"><div class=\"uncell no-block-padding\" ><div class=\"uncont\" ><div class=\"empty-space empty-single desktop-hidden\" ><span class=\"empty-space-inner\"><\/span><\/div>\n<div class=\"divider-wrapper\"  >\n    <hr class=\"border-color-prif-color separator-no-padding\"  \/>\n<\/div>\n<div class=\"empty-space empty-double\" ><span class=\"empty-space-inner\"><\/span><\/div>\n<div class=\"vc_custom_heading_wrap\"><div class=\"heading-text el-text heading-bigtext single-curtain animate_inner_when_almost_visible el-text-split\" data-delay=\"400\" data-speed=\"1200\" data-interval=\"40\"><h1 class=\"font-161747 bigtext fontheight-179065 fontspace-781688 font-weight-700 text-uppercase font-obs\" data-style=\"normal\" data-weight=\"700\" data-font=\"Instrument Sans\"><span class=\"heading-text-inner\"><span class=\"split-word word1\"><span class=\"split-word-flow\"><span class=\"split-word-inner\"><span class=\"split-char char92\">S<\/span><span class=\"split-char char93\">E<\/span><span class=\"split-char char94\">C<\/span><span class=\"split-char char95\">j<\/span><span class=\"split-char char96\">N<\/span><span class=\"split-char char97\">et<\/span><span class=\"split-char char98\">r<\/span><\/span><\/span><\/span><\/span><\/h1><\/div><div class=\"clear\"><\/div><\/div><div class=\"empty-space empty-double\" ><span class=\"empty-space-inner\"><\/span><\/div>\n<div class=\"divider-wrapper\"  >\n    <hr class=\"border-color-prif-color separator-no-padding\"  \/>\n<\/div>\n<div class=\"vc_row row-internal row-container\"><div class=\"row row-child\"><div class=\"wpb_row row-inner\"><div class=\"wpb_column pos-top pos-center align_left column_child col-lg-6 col-md-50 col-sm-50 single-internal-gutter\"><div class=\"uncol style-dark\" ><div class=\"uncoltable\"><div class=\"uncell no-block-padding\" ><div class=\"uncont\" ><div class=\"vc_custom_heading_wrap\"><div class=\"heading-text el-text\" ><p class=\"font-161747 h5 font-weight-700\" ><span>Mch, DE<\/span><\/p><\/div><div class=\"clear\"><\/div><\/div><\/div><\/div><\/div><\/div><\/div><div class=\"wpb_column pos-top pos-center align_right column_child col-lg-6 col-md-50 col-sm-50 single-internal-gutter\"><div class=\"uncol style-dark\" ><div class=\"uncoltable\"><div class=\"uncell no-block-padding\" ><div class=\"uncont\" ><div class=\"vc_custom_heading_wrap\"><div class=\"heading-text el-text\" ><p class=\"font-161747 h5 font-weight-700\" ><span>24 \u2e3b 25<\/span><\/p><\/div><div class=\"clear\"><\/div><\/div><\/div><\/div><\/div><\/div><\/div><\/div><\/div><\/div><\/div><\/div><\/div><\/div><\/div><script id=\"script-row-unique-0\" data-row=\"script-row-unique-0\" type=\"text\/javascript\" class=\"vc_controls\">UNCODE.initRow(document.getElementById(\"row-unique-0\"));<\/script><\/div><\/div><\/div><\/div><div data-sticky><div data-parent=\"true\" class=\"vc_row scroll-trigger-el scroll-trigger-el-mobile scroll-trigger-el-tablet row-container\"data-anim-inner-rows-options=\"parent-sticky\" data-no-anim-last=\"yes\" data-sticky-trigger=\"inner-rows\" data-anim-state=\"end\" data-anim-sticky=\"\" data-anim-els=\"\" data-anim-x=\"0\" data-anim-y=\"5\" data-anim-blur=\"0\" data-anim-perspective=\"-35\" data-anim-rotate=\"0\" data-anim-x-alt=\"\" data-anim-rotate-alt=\"\" data-anim-start-point=\"\" data-anim-rows-offset=\"0px\" data-anim-origin=\"top center\" data-anim-target=\"el\" data-anim-scale=\"75\" data-anim-scale-step=\"\" data-anim-opacity=\"0\" data-anim-radius=\"\" data-anim-radius-unit=\"\" data-anim-start=\"\" data-anim-top=\"100\" data-anim-bottom=\"\" data-anim-safe=\"\" data-anim-ease=\"none\" id=\"row-unique-1\"><div class=\"row single-top-padding single-bottom-padding double-h-padding full-width row-parent\" data-height-ratio=\"full\"><div class=\"wpb_row row-inner\"><div class=\"wpb_column pos-middle pos-center align_center column_parent col-lg-12 quad-internal-gutter\"><div class=\"uncol style-dark animate_when_almost_visible bottom-t-top\"  data-delay=\"400\" data-speed=\"1200\"><div class=\"uncoltable\"><div class=\"uncell no-block-padding\" ><div class=\"uncont\" ><div data-sticky><div class=\"vc_row row-internal row-container row-inner-sticky\" style=\"z-index: 1;\"><div class=\"row row-child\"><div class=\"wpb_row row-inner\"><div class=\"wpb_column pos-top pos-center align_left column_child col-lg-12 no-internal-gutter\"><div class=\"uncol style-light\" ><div class=\"uncoltable\"><div class=\"uncell no-block-padding\" ><div class=\"uncont\" ><div id=\"index-87982109\" class=\"isotope-system isotope-general-light grid-general-light\" >\n\t\t\t\n\t\t\t\t\t\t\t\t\t\t\t\t\t\t<div class=\"isotope-wrapper grid-wrapper no-gutter\" >\t\t\t\t\t\t\t\t\t\t\t\t<div class=\"isotope-container grid-container isotope-layout style-metro isotope-pagination grid-pagination\" data-type=\"metro\" data-layout=\"masonry\" data-lg=\"1000\" data-md=\"1000\" data-sm=\"200\" data-vp-height=\"1\">\t\t\t<div class=\"tmb atc-typography-inherit tmb-iso-w12 tmb-iso-h100 img-round img-round-hg tmb-light tmb-text-showed tmb-overlay-showed tmb-overlay-middle tmb-overlay-text-center show-title-always  grid-cat-33 grid-cat-42 tmb-no-double-tap tmb-id-156686 tmb-media-first tmb-media-last tmb-content-overlay tmb-no-bg\" ><div class=\"t-inside no-anim\" data-cursor=\"icon-blur\" data-cursor-title=\"true\" data-tooltip-class=\"font-161747 h5 font-weight-700\" data-tooltip-text=\"View\"><div class=\"t-entry-visual\"><div class=\"t-entry-visual-tc\"><div class=\"t-entry-visual-cont\"><a href=\"https:\/\/viralcollab.com\/fr\/portfolio\/influencermarketing\/\" target=\"_self\" data-lb-index=\"0\"><div class=\"t-entry-visual-overlay\"><div class=\"t-entry-visual-overlay-in style-color-jevc-bg\" style=\"opacity: 0.15;\"><\/div><\/div><div class=\"t-overlay-wrap\"><div class=\"t-overlay-inner\">\n\t\t\t\t\t\t\t\t\t\t\t\t\t\t<div class=\"t-overlay-content\">\n\t\t\t\t\t\t\t\t\t\t\t\t\t\t\t<div class=\"t-overlay-text single-block-padding\"><div class=\"t-entry\"><h3 class=\"t-entry-title font-161747 custom fontsize-204379-custom font-weight-700 fontspace-111509\">Pour les marques et les agences<\/h3><\/div><\/div><\/div><\/div><\/div><div class=\"t-background-cover\" style=\"background-image:url('https:\/\/viralcollab.com\/wp-content\/uploads\/2025\/05\/freepik__make-the-background-wider-and-the-controller-small__36471.png')\"><\/div><\/a><\/div>\n\t\t\t\t\t<\/div>\n\t\t\t\t<\/div><\/div><\/div>\t\t<\/div>\t\n\t\n\n\t<\/div>\t\t\t\t<\/div>\n<\/div><\/div><\/div><\/div><\/div><\/div><\/div><\/div><\/div><div class=\"uncode-scroll-trigger-space\" style=\"--stacking-cards-space:25vh;\"><\/div><div data-sticky><div class=\"vc_row row-internal row-container row-inner-sticky\" style=\"z-index: 2;\"><div class=\"row row-child\"><div class=\"wpb_row row-inner\"><div class=\"wpb_column pos-top pos-center align_left column_child col-lg-12 no-internal-gutter\"><div class=\"uncol style-dark\" ><div class=\"uncoltable\"><div class=\"uncell no-block-padding\" ><div class=\"uncont\" ><div id=\"index-8798210979\" class=\"isotope-system isotope-general-light grid-general-light\" >\n\t\t\t\n\t\t\t\t\t\t\t\t\t\t\t\t\t\t<div class=\"isotope-wrapper grid-wrapper no-gutter\" >\t\t\t\t\t\t\t\t\t\t\t\t<div class=\"isotope-container grid-container isotope-layout style-metro isotope-pagination grid-pagination\" data-type=\"metro\" data-layout=\"masonry\" data-lg=\"1000\" data-md=\"1000\" data-sm=\"200\" data-vp-height=\"1\">\t\t\t<div class=\"tmb atc-typography-inherit tmb-iso-w12 tmb-iso-h100 img-round img-round-hg tmb-light tmb-text-showed tmb-overlay-showed tmb-overlay-middle tmb-overlay-text-center show-title-always  grid-cat-33 grid-cat-42 tmb-no-double-tap tmb-id-4154 tmb-media-first tmb-media-last tmb-content-overlay tmb-no-bg\" ><div class=\"t-inside no-anim\" data-cursor=\"icon-blur\" data-cursor-title=\"true\" data-tooltip-class=\"font-161747 h5 font-weight-700\" data-tooltip-text=\"View\"><div class=\"t-entry-visual\"><div class=\"t-entry-visual-tc\"><div class=\"t-entry-visual-cont\"><a href=\"https:\/\/viralcollab.com\/fr\/portfolio\/talentmanagement\/\" target=\"_self\" data-lb-index=\"0\"><div class=\"t-entry-visual-overlay\"><div class=\"t-entry-visual-overlay-in style-color-jevc-bg\" style=\"opacity: 0.15;\"><\/div><\/div><div class=\"t-overlay-wrap\"><div class=\"t-overlay-inner\">\n\t\t\t\t\t\t\t\t\t\t\t\t\t\t<div class=\"t-overlay-content\">\n\t\t\t\t\t\t\t\t\t\t\t\t\t\t\t<div class=\"t-overlay-text single-block-padding\"><div class=\"t-entry\"><h3 class=\"t-entry-title font-161747 custom fontsize-848957-custom font-weight-700 fontspace-111509\">Pour les influenceurs<\/h3><\/div><\/div><\/div><\/div><\/div><div class=\"t-background-cover\" style=\"background-image:url('https:\/\/viralcollab.com\/wp-content\/uploads\/2022\/08\/banner2.png')\"><\/div><\/a><\/div>\n\t\t\t\t\t<\/div>\n\t\t\t\t<\/div><\/div><\/div>\t\t<\/div>\t\n\t\n\n\t<\/div>\t\t\t\t<\/div>\n<\/div><\/div><\/div><\/div><\/div><\/div><\/div><\/div><\/div><div class=\"uncode-scroll-trigger-space\" style=\"--stacking-cards-space:25vh;\"><\/div><div data-sticky><div class=\"vc_row row-internal row-container row-inner-sticky\" style=\"z-index: 2;\"><div class=\"row row-child\"><div class=\"wpb_row row-inner\"><div class=\"wpb_column pos-top pos-center align_left column_child col-lg-12 no-internal-gutter\"><div class=\"uncol style-dark\" ><div class=\"uncoltable\"><div class=\"uncell no-block-padding\" ><div class=\"uncont\" ><div id=\"index-8798210979\" class=\"isotope-system isotope-general-light grid-general-light\" >\n\t\t\t\t\t\t\t\t\t\t\t\t\t<div class=\"isotope-wrapper grid-wrapper no-gutter\" >\t\t\t\t\t\t\t\t\t\t\t\t<div class=\"\" data-type=\"metro\" data-layout=\"masonry\" data-lg=\"1000\" data-md=\"1000\" data-sm=\"200\" data-vp-height=\"1\">\t\t\t\t\t\t\t\n\t<div class=\"tmb tmb-iso-w12 tmb-iso-h1\"><p class=\"t-entry-title\">Nothing found.<\/p><\/div>\n\t\t\t\t\t<\/div>\t\n\t\n\n\t<\/div>\t\t\t\t<\/div>\n<\/div><\/div><\/div><\/div><\/div><\/div><\/div><\/div><\/div><div class=\"uncode-scroll-trigger-space\" style=\"--stacking-cards-space:25vh;\"><\/div><div data-sticky><div class=\"vc_row row-internal row-container row-inner-sticky\" style=\"z-index: 2;\"><div class=\"row row-child\"><div class=\"wpb_row row-inner\"><div class=\"wpb_column pos-top pos-center align_left column_child col-lg-12 no-internal-gutter\"><div class=\"uncol style-dark\" ><div class=\"uncoltable\"><div class=\"uncell no-block-padding\" ><div class=\"uncont\" ><div id=\"index-8798210977\" class=\"isotope-system isotope-general-light grid-general-light\" >\n\t\t\t\t\t\t\t\t\t\t\t\t\t<div class=\"isotope-wrapper grid-wrapper no-gutter\" >\t\t\t\t\t\t\t\t\t\t\t\t<div class=\"\" data-type=\"metro\" data-layout=\"masonry\" data-lg=\"1000\" data-md=\"1000\" data-sm=\"200\" data-vp-height=\"1\">\t\t\t\t\t\t\t\n\t<div class=\"tmb tmb-iso-w12 tmb-iso-h1\"><p class=\"t-entry-title\">Nothing found.<\/p><\/div>\n\t\t\t\t\t<\/div>\t\n\t\n\n\t<\/div>\t\t\t\t<\/div>\n<\/div><\/div><\/div><\/div><\/div><\/div><\/div><\/div><\/div><div class=\"uncode-scroll-trigger-space\" style=\"--stacking-cards-space:25vh;\"><\/div><div data-sticky><div class=\"vc_row row-internal row-container row-inner-sticky\" style=\"z-index: 4;\"><div class=\"row row-child\"><div class=\"wpb_row row-inner\"><div class=\"wpb_column pos-top pos-center align_left column_child col-lg-12 no-internal-gutter\"><div class=\"uncol style-light\" ><div class=\"uncoltable\"><div class=\"uncell no-block-padding\" ><div class=\"uncont\" ><div id=\"index-8798210976\" class=\"isotope-system isotope-general-light grid-general-light\" >\n\t\t\t\t\t\t\t\t\t\t\t\t\t<div class=\"isotope-wrapper grid-wrapper no-gutter\" >\t\t\t\t\t\t\t\t\t\t\t\t<div class=\"\" data-type=\"metro\" data-layout=\"masonry\" data-lg=\"1000\" data-md=\"1000\" data-sm=\"200\" data-vp-height=\"1\">\t\t\t\t\t\t\t\n\t<div class=\"tmb tmb-iso-w12 tmb-iso-h1\"><p class=\"t-entry-title\">Nothing found.<\/p><\/div>\n\t\t\t\t\t<\/div>\t\n\t\n\n\t<\/div>\t\t\t\t<\/div>\n<\/div><\/div><\/div><\/div><\/div><\/div><\/div><\/div><\/div><div class=\"uncode-scroll-trigger-space\" style=\"--stacking-cards-space:25vh;\"><\/div><div data-sticky><div class=\"vc_row row-internal row-container row-inner-sticky\" style=\"z-index: 4;\"><div class=\"row row-child\"><div class=\"wpb_row row-inner\"><div class=\"wpb_column pos-top pos-center align_left column_child col-lg-12 no-internal-gutter\"><div class=\"uncol style-light\" ><div class=\"uncoltable\"><div class=\"uncell no-block-padding\" ><div class=\"uncont\" ><div id=\"index-879821097\" class=\"isotope-system isotope-general-light grid-general-light\" >\n\t\t\t\t\t\t\t\t\t\t\t\t\t<div class=\"isotope-wrapper grid-wrapper no-gutter\" >\t\t\t\t\t\t\t\t\t\t\t\t<div class=\"\" data-type=\"metro\" data-layout=\"masonry\" data-lg=\"1000\" data-md=\"1000\" data-sm=\"200\" data-vp-height=\"1\">\t\t\t\t\t\t\t\n\t<div class=\"tmb tmb-iso-w12 tmb-iso-h1\"><p class=\"t-entry-title\">Nothing found.<\/p><\/div>\n\t\t\t\t\t<\/div>\t\n\t\n\n\t<\/div>\t\t\t\t<\/div>\n<\/div><\/div><\/div><\/div><\/div><\/div><\/div><\/div><\/div><div class=\"uncode-scroll-trigger-space\" style=\"--stacking-cards-space:25vh;\"><\/div><\/div><\/div><\/div><\/div><\/div><script id=\"script-row-unique-1\" data-row=\"script-row-unique-1\" type=\"text\/javascript\" class=\"vc_controls\">UNCODE.initRow(document.getElementById(\"row-unique-1\"));<\/script><\/div><\/div><\/div><\/div><section data-parent=\"true\" class=\"vc_section style-color-nhtu-bg parallax-move row-container\"data-parallax-move=\"5\" id=\"section-unique-0\"><div class=\"row no-top-padding no-bottom-padding no-h-padding full-width row-parent\"><div data-sticky><div data-parent=\"true\" class=\"vc_row scroll-trigger-el scroll-trigger-content vc_custom_1739292798118 row-container\"data-sticky-no-mobile=\"yes\" data-sticky-no-tablet=\"yes\" data-sticky-trigger=\"scroll-trigger\" data-anim-state=\"\" data-anim-sticky=\"\" data-anim-els=\"content\" data-anim-x=\"0\" data-anim-y=\"0\" data-anim-blur=\"0\" data-anim-perspective=\"0\" data-anim-rotate=\"0\" data-anim-origin=\"top center\" data-anim-target=\"el\" data-anim-scale=\"100\" data-anim-scale-step=\"\" data-anim-opacity=\"0\" data-anim-radius=\"\" data-anim-radius-unit=\"\" data-anim-start=\"\" data-anim-top=\"100\" data-anim-bottom=\"0\" data-anim-safe=\"yes\" data-anim-ease=\"none\" style=\"padding-bottom: 9px ;\" id=\"row-unique-2\"><div class=\"row single-top-padding no-bottom-padding double-h-padding full-width row-parent\" style=\"--row-anim-transform-origin: top center;--row-anim-filter: blur(0px);--row-anim-transform: rotate(0deg) translateX(0vw) translateX(0vh) scale(1);--row-anim-opacity: 0;\"><div class=\"wpb_row row-inner\"><div class=\"wpb_column pos-bottom pos-center align_left column_parent col-lg-12 skin-links double-internal-gutter\"><div class=\"uncol style-dark\"  ><div class=\"uncoltable\"><div class=\"uncell no-block-padding\" ><div class=\"uncont\" ><div class=\"divider-wrapper\"  >\n    <hr class=\"border-color-prif-color separator-no-padding\"  \/>\n<\/div>\n<div class=\"vc_row row-internal row-container\"><div class=\"row col-quad-gutter row-child\"><div class=\"wpb_row row-inner\"><div class=\"wpb_column pos-top pos-center align_left column_child col-lg-6 col-md-100 col-sm-100 single-internal-gutter\"><div class=\"uncol style-dark\" ><div class=\"uncoltable\"><div class=\"uncell no-block-padding\" ><div class=\"uncont\" ><div class=\"vc_custom_heading_wrap\"><div class=\"heading-text el-text\" ><h6 class=\"font-161747 custom fontheight-357766 fontspace-111509 font-weight-700 fontsize-639471-custom\" ><span><a href=\"mailto:info@yoursite.com\">info@votresite.com<\/a><br \/><\/span><span>(321) 532 0088<\/span><\/h6><\/div><div class=\"clear\"><\/div><\/div><\/div><\/div><\/div><\/div><\/div><div class=\"wpb_column pos-top pos-center align_left column_child col-lg-3 col-md-50 col-md-clear col-sm-50 col-sm-clear single-internal-gutter\"><div class=\"uncol style-dark\" ><div class=\"uncoltable\"><div class=\"uncell no-block-padding\" ><div class=\"uncont\" ><div class=\"vc_custom_heading_wrap\"><div class=\"heading-text el-text\" ><h6 class=\"font-161747 custom fontheight-357766 fontspace-111509 font-weight-700 fontsize-153916-custom\" ><span><a href=\"#\">Instagram<\/a><br \/><\/span><span><a href=\"#\">Dribble<\/a><br \/><\/span><span><a href=\"#\">Behance<\/a><br \/><\/span><span><a href=\"#\">TikTok<\/a><br \/><\/span><span><a href=\"#\">Facebook<\/a><\/span><\/h6><\/div><div class=\"clear\"><\/div><\/div><\/div><\/div><\/div><\/div><\/div><div class=\"wpb_column pos-top pos-center align_left column_child col-lg-3 col-md-50 col-md-clear col-sm-50 col-sm-clear single-internal-gutter\"><div class=\"uncol style-dark\" ><div class=\"uncoltable\"><div class=\"uncell no-block-padding\" ><div class=\"uncont\" ><div class=\"vc_custom_heading_wrap\"><div class=\"heading-text el-text\" ><h6 class=\"font-161747 custom fontheight-357766 fontspace-111509 font-weight-700 fontsize-457274-custom\" ><span><a href=\"#\">Twitter X<\/a><br \/><\/span><span><a href=\"#\">Awwwards<\/a><br \/><\/span><span><a href=\"#\">YouTube<\/a><br \/><\/span><span><a href=\"#\">Pinterest<\/a><br \/><\/span><span><a href=\"#\">T\u00e9l\u00e9gramme<\/a><\/span><\/h6><\/div><div class=\"clear\"><\/div><\/div><\/div><\/div><\/div><\/div><\/div><\/div><\/div><\/div><div class=\"empty-space empty-double desktop-hidden\" ><span class=\"empty-space-inner\"><\/span><\/div>\n<div class=\"vc_custom_heading_wrap\"><div class=\"heading-text el-text heading-bigtext\" ><h6 class=\"font-161747 bigtext fontheight-161249 fontspace-111509 font-weight-700\" ><span>Let&#8217;s connect<\/span><\/h6><\/div><div class=\"clear\"><\/div><\/div><div class=\"empty-space empty-double desktop-hidden\" ><span class=\"empty-space-inner\"><\/span><\/div>\n<\/div><\/div><\/div><\/div><\/div><script id=\"script-row-unique-2\" data-row=\"script-row-unique-2\" type=\"text\/javascript\" class=\"vc_controls\">UNCODE.initRow(document.getElementById(\"row-unique-2\"));<\/script><\/div><\/div><\/div><\/div><script id=\"script-section-unique-0\" data-section=\"script-section-unique-0\" type=\"text\/javascript\">UNCODE.initSection(document.getElementById(\"section-unique-0\"));<\/script><\/div><\/section>\n<\/div>","protected":false},"excerpt":{"rendered":"Gestion des talents\u00a0: \u00ab\u00a0Viral Collab a jou\u00e9 un r\u00f4le essentiel dans mon parcours de cr\u00e9ateur de contenu. Je ne serais pas l\u00e0 o\u00f9 j&#039;en suis aujourd&#039;hui sans leur engagement envers votre d\u00e9veloppement et votre r\u00e9ussite.\u00a0\u00bb \u2014 Reid Boehm, influenceur gaming. Rejoignez notre \u00e9quipe\u00a0! Nous aidons les influenceurs comme vous \u00e0 d\u00e9velopper leur carri\u00e8re en prenant en charge les aspects commerciaux. Remplissez ce formulaire pour [...]","protected":false},"author":1,"featured_media":154092,"parent":0,"menu_order":0,"comment_status":"closed","ping_status":"closed","template":"","meta":{"footnotes":""},"class_list":["post-134308","page","type-page","status-publish","has-post-thumbnail","hentry","page_category-freelance","page_category-portfolio"],"_links":{"self":[{"href":"https:\/\/viralcollab.com\/fr\/wp-json\/wp\/v2\/pages\/134308","targetHints":{"allow":["GET"]}}],"collection":[{"href":"https:\/\/viralcollab.com\/fr\/wp-json\/wp\/v2\/pages"}],"about":[{"href":"https:\/\/viralcollab.com\/fr\/wp-json\/wp\/v2\/types\/page"}],"author":[{"embeddable":true,"href":"https:\/\/viralcollab.com\/fr\/wp-json\/wp\/v2\/users\/1"}],"replies":[{"embeddable":true,"href":"https:\/\/viralcollab.com\/fr\/wp-json\/wp\/v2\/comments?post=134308"}],"version-history":[{"count":0,"href":"https:\/\/viralcollab.com\/fr\/wp-json\/wp\/v2\/pages\/134308\/revisions"}],"wp:featuredmedia":[{"embeddable":true,"href":"https:\/\/viralcollab.com\/fr\/wp-json\/wp\/v2\/media\/154092"}],"wp:attachment":[{"href":"https:\/\/viralcollab.com\/fr\/wp-json\/wp\/v2\/media?parent=134308"}],"curies":[{"name":"wp","href":"https:\/\/api.w.org\/{rel}","templated":true}]}}