{"id":129576,"date":"2023-05-02T16:34:52","date_gmt":"2023-05-02T14:34:52","guid":{"rendered":"https:\/\/undsgn.com\/uncode\/?page_id=129576"},"modified":"2023-05-02T16:34:52","modified_gmt":"2023-05-02T14:34:52","slug":"lottie-animations","status":"publish","type":"page","link":"https:\/\/viralcollab.com\/fr\/features\/lottie-animations\/","title":{"rendered":"Animations Lottie"},"content":{"rendered":"<div class=\"wpb-content-wrapper\"><div data-parent=\"true\" class=\"vc_row row-container\" id=\"row-unique-0\"><div class=\"row no-top-padding no-bottom-padding single-h-padding limit-width row-parent\"><div class=\"wpb_row row-inner\"><div class=\"wpb_column pos-top pos-center align_left column_parent col-lg-12 single-internal-gutter\"><div class=\"uncol style-light\"  ><div class=\"uncoltable\"><div class=\"uncell no-block-padding\" ><div class=\"uncont\" ><div class=\"divider-wrapper\"  >\n    <hr class=\"border-,Default-color separator-no-padding\"  \/>\n<\/div>\n<\/div><\/div><\/div><\/div><\/div><script id=\"script-row-unique-0\" data-row=\"script-row-unique-0\" type=\"text\/javascript\" class=\"vc_controls\">UNCODE.initRow(document.getElementById(\"row-unique-0\"));<\/script><\/div><\/div><\/div><div data-parent=\"true\" class=\"vc_row demo-section row-container\" id=\"row-unique-1\"><div class=\"row col-double-gutter quad-top-padding quad-bottom-padding single-h-padding limit-width row-parent\"><div class=\"wpb_row row-inner\"><div class=\"wpb_column pos-top pos-center align_left column_parent col-lg-7 col-md-50 single-internal-gutter\"><div class=\"uncol style-light\"  ><div class=\"uncoltable\"><div class=\"uncell single-block-padding style-color-lxmt-bg  unradius-std\" ><div class=\"uncont\" ><div class=\"uncode-lottie wpb_content_element  text-center\"  id=\"uncode_lottie_262664\" ><div class=\"uncode-lottie-wrap\"><lottie-player style=\"max-width: 100%\" id=\"player_262664\" src=\"https:\/\/assets1.lottiefiles.com\/packages\/lf20_UW8DlCRljO.json\" background=\"transparent\" speed=\"1\" data-frames=\"0,100\" loop autoplay><\/lottie-player><\/div><\/div><\/div><\/div><\/div><\/div><\/div><div class=\"wpb_column pos-middle pos-left align_left align_center_mobile column_parent col-lg-5 col-md-50 single-internal-gutter\"><div class=\"uncol style-light\"  ><div class=\"uncoltable\"><div class=\"uncell no-block-padding\" ><div class=\"uncont\" ><div class=\"vc_custom_heading_wrap demo-heading\"><div class=\"heading-text el-text\" ><h2 class=\"h1\" ><span>LottieFiles poss\u00e8de une communaut\u00e9 de designers brillants et talentueux<\/span><\/h2><\/div><div class=\"clear\"><\/div><\/div><div class=\"uncode_text_column demo-lead-text text-lead\" ><p>Besoin d&#039;animations Lottie\u00a0? Ne cherchez plus, ces cr\u00e9atures anim\u00e9es sont disponibles \u00e0 la location\u00a0!<\/p>\n<\/div><span class=\"btn-container\" ><a role=\"button\"  href=\"https:\/\/lottiefiles.com\/marketplace\/animators\" class=\"custom-link btn btn-link btn-custom-typo font-377884 font-weight-700 text-initial no-letterspace border-width-0 demo-button btn-lg additional text-default-color btn-no-scale btn-icon-left\" target=\"_blank\">Communaut\u00e9 Lottie<\/a><\/span><\/div><\/div><\/div><\/div><\/div><script id=\"script-row-unique-1\" data-row=\"script-row-unique-1\" type=\"text\/javascript\" class=\"vc_controls\">UNCODE.initRow(document.getElementById(\"row-unique-1\"));<\/script><\/div><\/div><\/div><div data-parent=\"true\" class=\"vc_row row-container\" id=\"row-unique-2\"><div class=\"row no-top-padding no-bottom-padding single-h-padding limit-width row-parent\"><div class=\"wpb_row row-inner\"><div class=\"wpb_column pos-top pos-center align_left column_parent col-lg-12 single-internal-gutter\"><div class=\"uncol style-light\"  ><div class=\"uncoltable\"><div class=\"uncell no-block-padding\" ><div class=\"uncont\" ><div class=\"divider-wrapper\"  >\n    <hr class=\"border-,Default-color separator-no-padding\"  \/>\n<\/div>\n<\/div><\/div><\/div><\/div><\/div><script id=\"script-row-unique-2\" data-row=\"script-row-unique-2\" type=\"text\/javascript\" class=\"vc_controls\">UNCODE.initRow(document.getElementById(\"row-unique-2\"));<\/script><\/div><\/div><\/div><div data-parent=\"true\" class=\"vc_row demo-section inverted-device-order row-container\" id=\"row-unique-3\"><div class=\"row col-double-gutter quad-top-padding quad-bottom-padding single-h-padding limit-width row-parent\"><div class=\"wpb_row row-inner\"><div class=\"wpb_column pos-middle pos-left align_left align_center_mobile column_parent col-lg-5 col-md-50 single-internal-gutter\"><div class=\"uncol style-light\"  ><div class=\"uncoltable\"><div class=\"uncell no-block-padding\" ><div class=\"uncont\" ><div class=\"vc_custom_heading_wrap demo-heading\"><div class=\"heading-text el-text\" ><h2 class=\"h1\" ><span>Acc\u00e8s \u00e0 la plus grande collection mondiale d&#039;animations gratuites<\/span><\/h2><\/div><div class=\"clear\"><\/div><\/div><div class=\"uncode_text_column demo-lead-text text-lead\" ><p>T\u00e9l\u00e9chargez-le d\u00e8s maintenant pour l&#039;utiliser au format Lottie, GIF, MP4 ou JSON. D\u00e9couvrez chaque jour de nouvelles animations cr\u00e9\u00e9es par des designers renomm\u00e9s\u00a0!<\/p>\n<\/div><span class=\"btn-container\" ><a role=\"button\"  href=\"https:\/\/lottiefiles.com\/featured?utm_medium=web&utm_source=navigation-featured\" class=\"custom-link btn btn-link btn-custom-typo font-377884 font-weight-700 text-initial no-letterspace border-width-0 demo-button btn-lg additional text-default-color btn-no-scale btn-icon-left\" target=\"_blank\">Biblioth\u00e8que gratuite Lottie<\/a><\/span><\/div><\/div><\/div><\/div><\/div><div class=\"wpb_column pos-top pos-center align_left column_parent col-lg-7 col-md-50 single-internal-gutter\"><div class=\"uncol style-light\"  ><div class=\"uncoltable\"><div class=\"uncell single-block-padding style-color-lxmt-bg  unradius-std\" ><div class=\"uncont\" ><div class=\"uncode-lottie wpb_content_element  text-center\"  id=\"uncode_lottie_674040\" ><div class=\"uncode-lottie-wrap\"><lottie-player style=\"max-width: 100%\" id=\"player_674040\" src=\"https:\/\/assets1.lottiefiles.com\/packages\/lf20_UW8DlCRljO.json\" background=\"transparent\" speed=\"1\" data-frames=\"0,100\" loop autoplay><\/lottie-player><\/div><\/div><\/div><\/div><\/div><\/div><\/div><script id=\"script-row-unique-3\" data-row=\"script-row-unique-3\" type=\"text\/javascript\" class=\"vc_controls\">UNCODE.initRow(document.getElementById(\"row-unique-3\"));<\/script><\/div><\/div><\/div><div data-parent=\"true\" class=\"vc_row row-container\" id=\"row-unique-4\"><div class=\"row no-top-padding no-bottom-padding single-h-padding limit-width row-parent\"><div class=\"wpb_row row-inner\"><div class=\"wpb_column pos-top pos-center align_left column_parent col-lg-12 single-internal-gutter\"><div class=\"uncol style-light\"  ><div class=\"uncoltable\"><div class=\"uncell no-block-padding\" ><div class=\"uncont\" ><div class=\"divider-wrapper\"  >\n    <hr class=\"border-,Default-color separator-no-padding\"  \/>\n<\/div>\n<\/div><\/div><\/div><\/div><\/div><script id=\"script-row-unique-4\" data-row=\"script-row-unique-4\" type=\"text\/javascript\" class=\"vc_controls\">UNCODE.initRow(document.getElementById(\"row-unique-4\"));<\/script><\/div><\/div><\/div><div data-parent=\"true\" class=\"vc_row demo-section row-container\" id=\"row-unique-5\"><div class=\"row col-double-gutter quad-top-padding quad-bottom-padding single-h-padding limit-width row-parent\"><div class=\"wpb_row row-inner\"><div class=\"wpb_column pos-top pos-center align_left column_parent col-lg-7 col-md-50 single-internal-gutter\"><div class=\"uncol style-light\"  ><div class=\"uncoltable\"><div class=\"uncell single-block-padding style-color-lxmt-bg  unradius-std\" ><div class=\"uncont\" ><div class=\"uncode-lottie wpb_content_element  text-center\"  id=\"uncode_lottie_173229\" ><div class=\"uncode-lottie-wrap\"><lottie-player style=\"max-width: 100%\" id=\"player_173229\" src=\"https:\/\/assets1.lottiefiles.com\/packages\/lf20_UW8DlCRljO.json\" background=\"transparent\" speed=\"1\" data-frames=\"0,100\" loop autoplay><\/lottie-player><\/div><\/div><\/div><\/div><\/div><\/div><\/div><div class=\"wpb_column pos-middle pos-left align_left align_center_mobile column_parent col-lg-5 col-md-50 single-internal-gutter\"><div class=\"uncol style-light\"  ><div class=\"uncoltable\"><div class=\"uncell no-block-padding\" ><div class=\"uncont\" ><div class=\"vc_custom_heading_wrap demo-heading\"><div class=\"heading-text el-text\" ><h2 class=\"h1\" ><span>D\u00e9couvrez la place de march\u00e9 LottieFiles avec des fichiers Premium<\/span><\/h2><\/div><div class=\"clear\"><\/div><\/div><div class=\"uncode_text_column demo-lead-text text-lead\" ><p>Animations Lottie Premium pour Web, iOS et Android : cr\u00e9\u00e9es par certains des meilleurs concepteurs de mouvement au monde.<\/p>\n<\/div><span class=\"btn-container\" ><a role=\"button\"  href=\"https:\/\/lottiefiles.com\/marketplace\" class=\"custom-link btn btn-link btn-custom-typo font-377884 font-weight-700 text-initial no-letterspace border-width-0 demo-button btn-lg additional text-default-color btn-no-scale btn-icon-left\" target=\"_blank\">Place de march\u00e9 Lottie<\/a><\/span><\/div><\/div><\/div><\/div><\/div><script id=\"script-row-unique-5\" data-row=\"script-row-unique-5\" type=\"text\/javascript\" class=\"vc_controls\">UNCODE.initRow(document.getElementById(\"row-unique-5\"));<\/script><\/div><\/div><\/div><div data-parent=\"true\" class=\"vc_row row-container\" id=\"row-unique-6\"><div class=\"row no-top-padding no-bottom-padding single-h-padding limit-width row-parent\"><div class=\"wpb_row row-inner\"><div class=\"wpb_column pos-top pos-center align_left column_parent col-lg-12 single-internal-gutter\"><div class=\"uncol style-light\"  ><div class=\"uncoltable\"><div class=\"uncell no-block-padding\" ><div class=\"uncont\" ><div class=\"divider-wrapper\"  >\n    <hr class=\"border-,Default-color separator-no-padding\"  \/>\n<\/div>\n<\/div><\/div><\/div><\/div><\/div><script id=\"script-row-unique-6\" data-row=\"script-row-unique-6\" type=\"text\/javascript\" class=\"vc_controls\">UNCODE.initRow(document.getElementById(\"row-unique-6\"));<\/script><\/div><\/div><\/div><div data-parent=\"true\" class=\"vc_row row-container\" id=\"row-unique-7\"><div class=\"row col-double-gutter quad-top-padding quad-bottom-padding single-h-padding limit-width row-parent\"><div class=\"wpb_row row-inner\"><div class=\"wpb_column pos-top pos-center align_center column_parent col-lg-4 col-md-33 single-internal-gutter\"><div class=\"uncol style-light\"  ><div class=\"uncoltable\"><div class=\"uncell no-block-padding\" ><div class=\"uncont\" ><div class=\"vc_row row-internal row-container\"><div class=\"row row-child\"><div class=\"wpb_row row-inner\"><div class=\"wpb_column pos-top pos-center align_left column_child col-lg-12 single-internal-gutter\"><div class=\"uncol style-light\" ><div class=\"uncoltable\"><div class=\"uncell single-block-padding style-color-lxmt-bg  unradius-std\" ><div class=\"uncont\" ><div class=\"uncode-lottie wpb_content_element  text-center\"  id=\"uncode_lottie_197243\" ><div class=\"uncode-lottie-wrap\"><lottie-player style=\"max-width: 100%\" id=\"player_197243\" src=\"https:\/\/assets1.lottiefiles.com\/packages\/lf20_UW8DlCRljO.json\" background=\"transparent\" speed=\"1\" data-frames=\"0,100\" loop data-trigger=\"viewport\"><\/lottie-player><\/div><\/div><\/div><\/div><\/div><\/div><\/div><\/div><\/div><\/div><div class=\"uncode_text_column\" ><p>Jouer sur Viewport<\/p>\n<\/div><\/div><\/div><\/div><\/div><\/div><div class=\"wpb_column pos-top pos-center align_center column_parent col-lg-4 col-md-33 single-internal-gutter\"><div class=\"uncol style-light\"  ><div class=\"uncoltable\"><div class=\"uncell no-block-padding\" ><div class=\"uncont\" ><div class=\"vc_row row-internal row-container\"><div class=\"row row-child\"><div class=\"wpb_row row-inner\"><div class=\"wpb_column pos-top pos-center align_left column_child col-lg-12 single-internal-gutter\"><div class=\"uncol style-light\" ><div class=\"uncoltable\"><div class=\"uncell single-block-padding style-color-lxmt-bg  unradius-std\" ><div class=\"uncont\" ><div class=\"uncode-lottie wpb_content_element  text-center\"  id=\"uncode_lottie_149823\" ><div class=\"uncode-lottie-wrap\"><lottie-player style=\"max-width: 100%\" id=\"player_149823\" src=\"https:\/\/assets1.lottiefiles.com\/packages\/lf20_UW8DlCRljO.json\" background=\"transparent\" speed=\"1\" data-frames=\"0,100\" loop data-trigger=\"hover\"><\/lottie-player><\/div><\/div><\/div><\/div><\/div><\/div><\/div><\/div><\/div><\/div><div class=\"uncode_text_column\" ><p>Jouer au survol<\/p>\n<\/div><\/div><\/div><\/div><\/div><\/div><div class=\"wpb_column pos-top pos-center align_center column_parent col-lg-4 col-md-33 single-internal-gutter\"><div class=\"uncol style-light\"  ><div class=\"uncoltable\"><div class=\"uncell no-block-padding\" ><div class=\"uncont\" ><div class=\"vc_row row-internal row-container\"><div class=\"row row-child\"><div class=\"wpb_row row-inner\"><div class=\"wpb_column pos-top pos-center align_left column_child col-lg-12 single-internal-gutter\"><div class=\"uncol style-light\" ><div class=\"uncoltable\"><div class=\"uncell single-block-padding style-color-lxmt-bg  unradius-std\" ><div class=\"uncont\" ><div class=\"uncode-lottie wpb_content_element  text-center\"  id=\"uncode_lottie_111739\" ><div class=\"uncode-lottie-wrap\"><lottie-player style=\"max-width: 100%\" id=\"player_111739\" src=\"https:\/\/assets1.lottiefiles.com\/packages\/lf20_UW8DlCRljO.json\" background=\"transparent\" speed=\"1\" data-frames=\"0,100\" loop data-trigger=\"scroll\"><\/lottie-player><\/div><\/div><\/div><\/div><\/div><\/div><\/div><\/div><\/div><\/div><div class=\"uncode_text_column\" ><p>Jouer \u00e0 Scroll Sync<\/p>\n<\/div><\/div><\/div><\/div><\/div><\/div><script id=\"script-row-unique-7\" data-row=\"script-row-unique-7\" type=\"text\/javascript\" class=\"vc_controls\">UNCODE.initRow(document.getElementById(\"row-unique-7\"));<\/script><\/div><\/div><\/div>\n<\/div>","protected":false},"excerpt":{"rendered":"<p>Uncode offre une int\u00e9gration profonde avec le lecteur Lottie qui permet des animations attrayantes qui sont lues sur n&#039;importe quel appareil en haute qualit\u00e9 directement depuis le g\u00e9n\u00e9rateur de pages.<\/p>","protected":false},"author":1,"featured_media":0,"parent":125,"menu_order":0,"comment_status":"closed","ping_status":"closed","template":"","meta":{"footnotes":""},"class_list":["post-129576","page","type-page","status-publish","hentry"],"_links":{"self":[{"href":"https:\/\/viralcollab.com\/fr\/wp-json\/wp\/v2\/pages\/129576","targetHints":{"allow":["GET"]}}],"collection":[{"href":"https:\/\/viralcollab.com\/fr\/wp-json\/wp\/v2\/pages"}],"about":[{"href":"https:\/\/viralcollab.com\/fr\/wp-json\/wp\/v2\/types\/page"}],"author":[{"embeddable":true,"href":"https:\/\/viralcollab.com\/fr\/wp-json\/wp\/v2\/users\/1"}],"replies":[{"embeddable":true,"href":"https:\/\/viralcollab.com\/fr\/wp-json\/wp\/v2\/comments?post=129576"}],"version-history":[{"count":0,"href":"https:\/\/viralcollab.com\/fr\/wp-json\/wp\/v2\/pages\/129576\/revisions"}],"up":[{"embeddable":true,"href":"https:\/\/viralcollab.com\/fr\/wp-json\/wp\/v2\/pages\/125"}],"wp:attachment":[{"href":"https:\/\/viralcollab.com\/fr\/wp-json\/wp\/v2\/media?parent=129576"}],"curies":[{"name":"wp","href":"https:\/\/api.w.org\/{rel}","templated":true}]}}