{"id":125511,"date":"2023-02-01T11:17:15","date_gmt":"2023-02-01T10:17:15","guid":{"rendered":"https:\/\/undsgn.com\/uncode\/?page_id=125511"},"modified":"2023-02-01T11:17:15","modified_gmt":"2023-02-01T10:17:15","slug":"portfolio-essential","status":"publish","type":"page","link":"https:\/\/viralcollab.com\/fr\/portfolio-essential\/","title":{"rendered":"Portfolio Essentiel"},"content":{"rendered":"<div class=\"wpb-content-wrapper\"><div data-parent=\"true\" class=\"vc_row style-color-nhtu-bg row-container\" id=\"row-unique-0\"><div class=\"row-background background-element\" style=\"opacity: 1;\">\n\t\t\t\t\t\t\t\t\t\t\t<div class=\"background-wrapper\">\n\t\t\t\t\t\t\t\t\t\t\t\t<div class=\"background-inner\"><\/div>\n\t\t\t\t\t\t\t\t\t\t\t\t<div class=\"block-bg-overlay\" style=\"opacity: 0.5;\" data-bg-noise-1=\"#777777\" data-bg-noise-speed=\"200\" data-bg-noise-size=\"0.7\"><span class=\"uncode-canvas-bg-noise-wrap\"><\/span><\/div>\n\t\t\t\t\t\t\t\t\t\t\t<\/div>\n\t\t\t\t\t\t\t\t\t\t<\/div><div class=\"row quad-top-padding quad-bottom-padding single-h-padding limit-width row-parent\" data-height-ratio=\"full\"><div class=\"wpb_row row-inner\"><div class=\"wpb_column pos-middle pos-center align_center column_parent col-lg-12 single-internal-gutter\"><div class=\"uncol style-dark\"  ><div class=\"uncoltable\"><div class=\"uncell no-block-padding\" ><div class=\"uncont\" ><div class=\"empty-space empty-double desktop-hidden tablet-hidden\" ><span class=\"empty-space-inner\"><\/span><\/div>\n<div class=\"uncode-post-titles uncode-post-titles-parent-row drop-hover-opacity-inverted drop-mobile-block drop-mobile-gap-reduced drop-mobile-hide-meta drop-mobile-hide-separator\" data-timing=\"50\">\n\t\t\t\t\t\t\t\t\t\t\t\t\t<div class=\"half-gutter post-titles-inner titles-display-inline\" >\t\t\t\t\t\t\t\t\t\t\t\t\t\t\t<div class=\"tmb tmb-title tmb-iso-w4 tmb-iso-h4 tmb-dark tmb-overlay-text-anim tmb-overlay-anim tmb-image-anim tmb-bordered tmb-entry-title-uppercase  grid-cat-33 grid-cat-42 tmb-id-156686 tmb-content-under tmb-media-last tmb-no-bg\" data-drop-target=\"drop-278896\"><a href=\"https:\/\/viralcollab.com\/fr\/portfolio\/influencermarketing\/\" class=\"drop-hover-link\" target=\"_self\"><\/a><div class=\"t-inside animate_when_almost_visible alpha-anim\" data-speed=\"1000\"><div class=\"t-entry-text\">\n\t\t\t\t\t\t\t\t\t<div class=\"t-entry-text-tc no-block-padding\"><div class=\"t-entry\"><h3 class=\"t-entry-title font-165032 h1 font-weight-400 title-scale\"><a href=\"https:\/\/viralcollab.com\/fr\/portfolio\/influencermarketing\/\" target=\"_self\">Pour les marques et les agences<span class=\"drop-image-extra drop-extra-size-75 drop-extra-pos-after-top\">&nbsp;&nbsp;01<\/span><\/a><\/h3><\/div><\/div>\n\t\t\t\t\t\t\t<\/div><div class=\"t-entry-drop drop-parent drop-parent-row\" data-drop=\"drop-278896\" data-w=\"4\" data-bgset=\"https:\/\/viralcollab.com\/wp-content\/uploads\/2025\/05\/freepik__make-the-background-wider-and-the-controller-small__36471.png 1472w, https:\/\/viralcollab.com\/wp-content\/uploads\/2025\/05\/freepik__make-the-background-wider-and-the-controller-small__36471-300x150.png 300w, https:\/\/viralcollab.com\/wp-content\/uploads\/2025\/05\/freepik__make-the-background-wider-and-the-controller-small__36471-1024x512.png 1024w, https:\/\/viralcollab.com\/wp-content\/uploads\/2025\/05\/freepik__make-the-background-wider-and-the-controller-small__36471-768x384.png 768w, https:\/\/viralcollab.com\/wp-content\/uploads\/2025\/05\/freepik__make-the-background-wider-and-the-controller-small__36471-350x175.png 350w, https:\/\/viralcollab.com\/wp-content\/uploads\/2025\/05\/freepik__make-the-background-wider-and-the-controller-small__36471-600x300.png 600w, https:\/\/viralcollab.com\/wp-content\/uploads\/2025\/05\/freepik__make-the-background-wider-and-the-controller-small__36471-uai-720x360.png 720w, https:\/\/viralcollab.com\/wp-content\/uploads\/2025\/05\/freepik__make-the-background-wider-and-the-controller-small__36471-uai-900x450.png 900w\" style=\"background-repeat: no-repeat;background-position: center center;background-attachment: scroll;background-size: 30%;\"><\/div><!-- .t-entry-drop --><\/div><span class=\"drop-image-separator drop-image-separator-after tmb-dark tmb-color-title drop-separator-lg font-165032 h1 font-weight-400 title-scale animate_when_almost_visible alpha-anim\" data-speed=\"1000\"><span class=\"drop-image-separator-inner\">\/<\/span><\/span><\/div><div class=\"tmb tmb-title tmb-iso-w4 tmb-iso-h4 tmb-dark tmb-overlay-text-anim tmb-overlay-anim tmb-image-anim tmb-bordered tmb-entry-title-uppercase  grid-cat-33 grid-cat-42 tmb-id-4154 tmb-content-under tmb-media-last tmb-no-bg\" data-drop-target=\"drop-149544\"><a href=\"https:\/\/viralcollab.com\/fr\/portfolio\/talentmanagement\/\" class=\"drop-hover-link\" target=\"_self\"><\/a><span class=\"drop-image-separator drop-image-separator-before tmb-dark tmb-color-title drop-separator-lg font-165032 h1 font-weight-400 title-scale animate_when_almost_visible alpha-anim\" data-speed=\"1000\"><span class=\"drop-image-separator-inner\">\/<\/span><\/span><div class=\"t-inside animate_when_almost_visible alpha-anim\" data-speed=\"1000\"><div class=\"t-entry-text\">\n\t\t\t\t\t\t\t\t\t<div class=\"t-entry-text-tc no-block-padding\"><div class=\"t-entry\"><h3 class=\"t-entry-title font-165032 h1 font-weight-400 title-scale\"><a href=\"https:\/\/viralcollab.com\/fr\/portfolio\/talentmanagement\/\" target=\"_self\">Pour les influenceurs<span class=\"drop-image-extra drop-extra-size-75 drop-extra-pos-after-top\">&nbsp;&nbsp;02<\/span><\/a><\/h3><\/div><\/div>\n\t\t\t\t\t\t\t<\/div><div class=\"t-entry-drop drop-parent drop-parent-row\" data-drop=\"drop-149544\" data-w=\"4\" data-bgset=\"https:\/\/viralcollab.com\/wp-content\/uploads\/2022\/08\/banner2.png 1440w, https:\/\/viralcollab.com\/wp-content\/uploads\/2022\/08\/banner2-300x169.png 300w, https:\/\/viralcollab.com\/wp-content\/uploads\/2022\/08\/banner2-1024x576.png 1024w, https:\/\/viralcollab.com\/wp-content\/uploads\/2022\/08\/banner2-768x432.png 768w, https:\/\/viralcollab.com\/wp-content\/uploads\/2022\/08\/banner2-350x197.png 350w, https:\/\/viralcollab.com\/wp-content\/uploads\/2022\/08\/banner2-600x338.png 600w, https:\/\/viralcollab.com\/wp-content\/uploads\/2022\/08\/banner2-uai-720x405.png 720w, https:\/\/viralcollab.com\/wp-content\/uploads\/2022\/08\/banner2-uai-900x506.png 900w\" style=\"background-repeat: no-repeat;background-position: center center;background-attachment: scroll;background-size: 30%;\"><\/div><!-- .t-entry-drop --><\/div><\/div>\t\t\t\n\t\n\n\t<\/div>\t\t\t\t<\/div>\n<div class=\"empty-space empty-double desktop-hidden tablet-hidden\" ><span class=\"empty-space-inner\"><\/span><\/div>\n<\/div><\/div><\/div><\/div><\/div><script id=\"script-row-unique-0\" data-row=\"script-row-unique-0\" type=\"text\/javascript\" class=\"vc_controls\">UNCODE.initRow(document.getElementById(\"row-unique-0\"));<\/script><\/div><\/div><\/div><div data-parent=\"true\" class=\"vc_row row-container\" id=\"row-unique-1\"><div class=\"row no-top-padding no-bottom-padding no-h-padding full-width row-parent\"><div class=\"wpb_row row-inner\"><div class=\"wpb_column pos-top pos-center align_left column_parent col-lg-12 single-internal-gutter\"><div class=\"uncol style-dark\"  ><div class=\"uncoltable\"><div class=\"uncell no-block-padding\" ><div class=\"uncont\" ><div  class=\"horizontal-text font-165032 h5 font-weight-400 text-uppercase horizontal-text--bottom horizontal-text--fixed horizontal-text--shift-bottom horizontal-text--shift-left horizontal-text--left shift_bottom_single shift_x_single\">\u00a92025<\/div><div  class=\"horizontal-text font-165032 h5 font-weight-400 text-uppercase horizontal-text--bottom horizontal-text--fixed horizontal-text--shift-bottom horizontal-text--shift-right horizontal-text--right shift_bottom_single shift_right_x_neg_single\"><a href=\"http:\/\/www.facebook.com\" target=\"_blank\" rel=\"noopener\">Fb.<\/a> \u00a0 \u00a0<a href=\"http:\/\/www.instagram.com\" target=\"_blank\" rel=\"noopener\">Ig.<\/a> \u00a0 \u00a0<a href=\"http:\/\/www.twitter.com\" target=\"_blank\" rel=\"noopener\">Tw.<\/a><\/div><\/div><\/div><\/div><\/div><\/div><script id=\"script-row-unique-1\" data-row=\"script-row-unique-1\" type=\"text\/javascript\" class=\"vc_controls\">UNCODE.initRow(document.getElementById(\"row-unique-1\"));<\/script><\/div><\/div><\/div>\n<\/div>","protected":false},"excerpt":{"rendered":"Gestion des talents\u00a0: \u00ab\u00a0Viral Collab a jou\u00e9 un r\u00f4le essentiel dans mon parcours de cr\u00e9ateur de contenu. Je ne serais pas l\u00e0 o\u00f9 j&#039;en suis aujourd&#039;hui sans leur engagement envers votre d\u00e9veloppement et votre r\u00e9ussite.\u00a0\u00bb \u2014 Reid Boehm, influenceur gaming. Rejoignez notre \u00e9quipe\u00a0! Nous aidons les influenceurs comme vous \u00e0 d\u00e9velopper leur carri\u00e8re en prenant en charge les aspects commerciaux. Remplissez ce formulaire pour [...]","protected":false},"author":1,"featured_media":129546,"parent":0,"menu_order":0,"comment_status":"closed","ping_status":"closed","template":"","meta":{"footnotes":""},"class_list":["post-125511","page","type-page","status-publish","has-post-thumbnail","hentry","page_category-freelance","page_category-portfolio"],"_links":{"self":[{"href":"https:\/\/viralcollab.com\/fr\/wp-json\/wp\/v2\/pages\/125511","targetHints":{"allow":["GET"]}}],"collection":[{"href":"https:\/\/viralcollab.com\/fr\/wp-json\/wp\/v2\/pages"}],"about":[{"href":"https:\/\/viralcollab.com\/fr\/wp-json\/wp\/v2\/types\/page"}],"author":[{"embeddable":true,"href":"https:\/\/viralcollab.com\/fr\/wp-json\/wp\/v2\/users\/1"}],"replies":[{"embeddable":true,"href":"https:\/\/viralcollab.com\/fr\/wp-json\/wp\/v2\/comments?post=125511"}],"version-history":[{"count":0,"href":"https:\/\/viralcollab.com\/fr\/wp-json\/wp\/v2\/pages\/125511\/revisions"}],"wp:featuredmedia":[{"embeddable":true,"href":"https:\/\/viralcollab.com\/fr\/wp-json\/wp\/v2\/media\/129546"}],"wp:attachment":[{"href":"https:\/\/viralcollab.com\/fr\/wp-json\/wp\/v2\/media?parent=125511"}],"curies":[{"name":"wp","href":"https:\/\/api.w.org\/{rel}","templated":true}]}}