{"id":123151,"date":"2022-12-22T15:21:06","date_gmt":"2022-12-22T14:21:06","guid":{"rendered":"https:\/\/undsgn.com\/uncode\/?page_id=123151"},"modified":"2022-12-22T15:21:06","modified_gmt":"2022-12-22T14:21:06","slug":"portfolio-video-cover","status":"publish","type":"page","link":"https:\/\/viralcollab.com\/fr\/portfolio-video-cover\/","title":{"rendered":"Couverture vid\u00e9o du portfolio"},"content":{"rendered":"<div class=\"wpb-content-wrapper\"><div data-parent=\"true\" class=\"vc_row row-container\" id=\"row-unique-0\"><div class=\"row quad-top-padding quad-bottom-padding double-h-padding full-width row-parent\"><div class=\"wpb_row row-inner\"><div class=\"wpb_column pos-top pos-center align_center column_parent col-lg-12 single-internal-gutter\"><div class=\"uncol style-light animate_when_almost_visible alpha-anim\"  data-delay=\"100\" data-speed=\"1000\"><div class=\"uncoltable\"><div class=\"uncell no-block-padding\" ><div class=\"uncont\" ><div class=\"vc_row row-internal row-container\"><div class=\"row row-child\"><div class=\"wpb_row row-inner\"><div class=\"wpb_column pos-middle pos-center align_left column_child col-lg-6 single-internal-gutter\"><div class=\"uncol style-light\" ><div class=\"uncoltable\"><div class=\"uncell no-block-padding\" ><div class=\"uncont\" ><div class=\"vc_custom_heading_wrap\"><div class=\"heading-text el-text\" ><h1 class=\"font-846016 custom font-weight-400 fontsize-888447-custom\" ><span>Jakub Gordon<br \/><\/span><span>concepteur de produits num\u00e9riques<\/span><\/h1><\/div><div class=\"clear\"><\/div><\/div><\/div><\/div><\/div><\/div><\/div><div class=\"wpb_column pos-top pos-center align_left column_child col-lg-6 single-internal-gutter\"><div class=\"uncol style-light\" ><div class=\"uncoltable\"><div class=\"uncell no-block-padding\" ><div class=\"uncont\" ><div class=\"vc_custom_heading_wrap\"><div class=\"heading-text el-text\" ><h2 class=\"font-846016 h4 fontheight-357766 font-weight-400\" ><span>Holistique, fluide et parfois d&#039;une surprenante originalit\u00e9, notre approche de la cr\u00e9ation d&#039;identit\u00e9s visuelles se caract\u00e9rise par une vision d&#039;ensemble et une attention particuli\u00e8re aux d\u00e9tails. Un travail \u00e0 la fois rigoureux et riche en \u00e9motions, qui transcende les disciplines et r\u00e9unit des \u00e9quipes de cr\u00e9atifs \u00e0 l&#039;\u00e9coute des besoins des clients d&#039;aujourd&#039;hui.<\/span><\/h2><\/div><div class=\"clear\"><\/div><\/div><\/div><\/div><\/div><\/div><\/div><\/div><\/div><\/div><\/div><\/div><\/div><\/div><\/div><script id=\"script-row-unique-0\" data-row=\"script-row-unique-0\" type=\"text\/javascript\" class=\"vc_controls\">UNCODE.initRow(document.getElementById(\"row-unique-0\"));<\/script><\/div><\/div><\/div><div data-parent=\"true\" class=\"vc_row row-container\" id=\"row-unique-1\"><div class=\"row no-top-padding quad-bottom-padding double-h-padding full-width row-parent\"><div class=\"wpb_row row-inner\"><div class=\"wpb_column pos-top pos-center align_left column_parent col-lg-12 single-internal-gutter\"><div class=\"uncol style-light\"  ><div class=\"uncoltable\"><div class=\"uncell no-block-padding\" ><div class=\"uncont\" ><div id=\"index-848102\" class=\"cssgrid-system cssgrid-general-light grid-general-light cssgrid-163476 cssgrid-animate-sequential\" >\n\t\t\t\n\t\t\t\t\t\t\t\t\t\t\t\t\t\t<div class=\"cssgrid-wrapper grid-wrapper cssgrid-single-gutter\" >\t\t\t\t\t\t\t\t\t\t\t\t<div class=\"cssgrid-container grid-container cssgrid-layout cssgrid-pagination grid-pagination\" >\t\t\t<div class=\"tmb atc-typography-inherit tmb-grid tmb-iso-h4 tmb-light tmb-content-left tmb-text-space-reduced  grid-cat-33 grid-cat-42 tmb-id-156686 tmb-mask tmb-mask-reveal tmb-mask-reveal-bottom-t-top tmb-img-ratio tmb-content-under tmb-media-first tmb-no-bg has-no-control no-control-lazy-poster\" ><div class=\"t-inside\" data-cursor=\"icon-blur\" data-delay=\"200\" data-speed=\"1000\" data-easing=\"circ\" data-bg-delay=\"0.75\"><div class=\"t-entry-visual\"><div class=\"t-entry-visual-tc\"><div class=\"t-entry-visual-cont\"><div class=\"dummy\" style=\"padding-top: 75%;\"><\/div><a role=\"button\" tabindex=\"-1\" href=\"https:\/\/viralcollab.com\/fr\/portfolio\/influencermarketing\/\" class=\"pushed\" target=\"_self\" data-lb-index=\"0\"><div class=\"t-entry-visual-overlay\"><div class=\"t-entry-visual-overlay-in style-dark-bg\" style=\"opacity: 0.5;\"><\/div><\/div><img decoding=\"async\" class=\"wp-image-156855\" src=\"https:\/\/viralcollab.com\/wp-content\/uploads\/2025\/05\/freepik__make-the-background-wider-and-the-controller-small__36471-uai-981x736.png\" width=\"981\" height=\"736\" alt=\"\" srcset=\"https:\/\/viralcollab.com\/wp-content\/uploads\/2025\/05\/freepik__make-the-background-wider-and-the-controller-small__36471-uai-981x736.png 981w, https:\/\/viralcollab.com\/wp-content\/uploads\/2025\/05\/freepik__make-the-background-wider-and-the-controller-small__36471-uai-720x540.png 720w\" sizes=\"(max-width: 981px) 100vw, 981px\" \/><\/a><\/div>\n\t\t\t\t\t<\/div>\n\t\t\t\t<\/div><div class=\"t-entry-text\">\n\t\t\t\t\t\t\t\t\t<div class=\"t-entry-text-tc single-block-padding\"><div class=\"t-entry\"><h3 class=\"t-entry-title font-846016 h4 font-weight-400 title-scale\"><a href=\"https:\/\/viralcollab.com\/fr\/portfolio\/influencermarketing\/\" target=\"_self\">Pour les marques et les agences<\/a><\/h3><\/div><\/div>\n\t\t\t\t\t\t\t<\/div><\/div><\/div><div class=\"tmb atc-typography-inherit tmb-grid tmb-iso-h4 tmb-light tmb-content-left tmb-text-space-reduced  grid-cat-33 grid-cat-42 tmb-id-4154 tmb-mask tmb-mask-reveal tmb-mask-reveal-bottom-t-top tmb-img-ratio tmb-content-under tmb-media-first tmb-no-bg has-no-control no-control-lazy-poster\" ><div class=\"t-inside\" data-cursor=\"icon-blur\" data-delay=\"200\" data-speed=\"1000\" data-easing=\"circ\" data-bg-delay=\"0.75\"><div class=\"t-entry-visual\"><div class=\"t-entry-visual-tc\"><div class=\"t-entry-visual-cont\"><div class=\"dummy\" style=\"padding-top: 75%;\"><\/div><a role=\"button\" tabindex=\"-1\" href=\"https:\/\/viralcollab.com\/fr\/portfolio\/talentmanagement\/\" class=\"pushed\" target=\"_self\" data-lb-index=\"1\"><div class=\"t-entry-visual-overlay\"><div class=\"t-entry-visual-overlay-in style-dark-bg\" style=\"opacity: 0.5;\"><\/div><\/div><img decoding=\"async\" class=\"wp-image-156812\" src=\"https:\/\/viralcollab.com\/wp-content\/uploads\/2022\/08\/banner2-uai-1080x810.png\" width=\"1080\" height=\"810\" alt=\"\" srcset=\"https:\/\/viralcollab.com\/wp-content\/uploads\/2022\/08\/banner2-uai-1080x810.png 1080w, https:\/\/viralcollab.com\/wp-content\/uploads\/2022\/08\/banner2-uai-720x540.png 720w\" sizes=\"(max-width: 1080px) 100vw, 1080px\" \/><\/a><\/div>\n\t\t\t\t\t<\/div>\n\t\t\t\t<\/div><div class=\"t-entry-text\">\n\t\t\t\t\t\t\t\t\t<div class=\"t-entry-text-tc single-block-padding\"><div class=\"t-entry\"><h3 class=\"t-entry-title font-846016 h4 font-weight-400 title-scale\"><a href=\"https:\/\/viralcollab.com\/fr\/portfolio\/talentmanagement\/\" target=\"_self\">Pour les influenceurs<\/a><\/h3><\/div><\/div>\n\t\t\t\t\t\t\t<\/div><\/div><\/div>\t\t<\/div>\t\n\t\n\n\t<\/div>\t\t\t\t<\/div>\n<\/div><\/div><\/div><\/div><\/div><script id=\"script-row-unique-1\" data-row=\"script-row-unique-1\" type=\"text\/javascript\" class=\"vc_controls\">UNCODE.initRow(document.getElementById(\"row-unique-1\"));<\/script><\/div><\/div><\/div><div data-parent=\"true\" class=\"vc_row style-color-xsdn-bg row-container\" id=\"row-unique-2\"><div class=\"row no-top-padding quad-bottom-padding double-h-padding full-width row-parent\"><div class=\"wpb_row row-inner\"><div class=\"wpb_column pos-top pos-center align_left column_parent col-lg-12 double-internal-gutter\"><div class=\"uncol style-light\"  ><div class=\"uncoltable\"><div class=\"uncell no-block-padding\" ><div class=\"uncont\" ><div class=\"vc_row row-internal row-container\"><div class=\"row row-child\"><div class=\"wpb_row row-inner\"><div class=\"wpb_column pos-middle pos-center align_left column_child col-lg-6 single-internal-gutter\"><div class=\"uncol style-light\" ><div class=\"uncoltable\"><div class=\"uncell no-block-padding\" ><div class=\"uncont\" ><div class=\"vc_custom_heading_wrap\"><div class=\"heading-text el-text\" ><h2 class=\"font-846016 h1 font-weight-400\" ><span>Derni\u00e8res nouvelles<\/span><\/h2><\/div><div class=\"clear\"><\/div><\/div><\/div><\/div><\/div><\/div><\/div><div class=\"wpb_column pos-top pos-center align_left column_child col-lg-6 tablet-hidden mobile-hidden single-internal-gutter\"><div class=\"uncol style-light\" ><div class=\"uncoltable\"><div class=\"uncell no-block-padding\" ><div class=\"uncont\" ><\/div><\/div><\/div><\/div><\/div><\/div><\/div><\/div><div class=\"uncode-post-table single-gutter uncode-post-table-valign-middle mobile-stacked uncode-post-table-hover uncode-post-table-hover-opacity\" >\n\t\t\t\t\t\t\t\t\t\t\t\t\t\t\t\t\t\t\t\t\t\t<div class=\"tmb tmb-table tmb-table-border tmb-table-border-between tmb-table-border-both tmb-click-row atc-typography-inherit tmb-iso-w4 tmb-iso-h4 img-circle tmb-light tmb-overlay-text-anim tmb-overlay-anim tmb-content-left tmb-content-last-right tmb-image-anim-magnetic  grid-cat-1 tmb-id-1 tmb-table-single-h-padding tmb-only-text tmb-content-under tmb-no-bg\" ><a href=\"https:\/\/viralcollab.com\/fr\/hello-world\/\" class=\"table-click-row\" target=\"_self\"><\/a><div class=\"t-inside animate_when_almost_visible bottom-t-top\" data-speed=\"1000\" data-cursor=\"icon-blur\"><div class=\"t-inside-post-table t-entry-text\"><div class=\"uncode-post-table-column post-table-column-1 t-entry t-col-two col-lg-6 col-md-6\"><h3 class=\"t-entry-title font-846016 h4 font-weight-400 title-scale\"><a href=\"https:\/\/viralcollab.com\/fr\/hello-world\/\" target=\"_self\">Bonjour le monde!<\/a><\/h3><\/div><div class=\"uncode-post-table-column post-table-column-2 t-entry t-col-one col-lg-2 col-md-2\"><p class=\"font-846016 h4 font-weight-400 title-scale t-entry-table-typography\">24 avril 2025<\/p><\/div><div class=\"uncode-post-table-column post-table-column-3 t-entry t-col-three col-lg-2 col-md-2\"><p class=\"font-846016 h4 font-weight-400 title-scale t-entry-table-typography t-table-author\"><a href=\"https:\/\/viralcollab.com\/fr\/author\/infoviralcollabgmail-com\/\" class=\"tmb-avatar-size-sm\"><span class=\"tmb-username-wrap tmb-username-wrap-block\"><span class=\"tmb-username-text\">by infoviralcollab@gmail.com<\/span><\/span><\/a><\/p><\/div><div class=\"uncode-post-table-column post-table-column-4 t-entry t-col-four col-lg-2 col-md-2\"><p class=\"font-846016 h4 font-weight-400 title-scale t-entry-table-typography\"><a href=\"https:\/\/viralcollab.com\/fr\/hello-world\/\" target=\"_self\">En savoir plus<\/a><\/p><\/div><\/div><\/div><\/div><div class=\"tmb tmb-table tmb-table-border tmb-table-border-between tmb-table-border-both tmb-click-row atc-typography-inherit tmb-iso-w4 tmb-iso-h4 img-circle tmb-light tmb-overlay-text-anim tmb-overlay-anim tmb-content-left tmb-content-last-right tmb-image-anim-magnetic  grid-cat-16 grid-cat-17 tmb-id-20528 tmb-table-single-h-padding tmb-only-text tmb-content-under tmb-no-bg\" ><a href=\"https:\/\/viralcollab.com\/fr\/how-to-trust-your-intuition-when-youre-making-a-decision\/\" class=\"table-click-row\" target=\"_self\"><\/a><div class=\"t-inside animate_when_almost_visible bottom-t-top\" data-speed=\"1000\" data-cursor=\"icon-blur\"><div class=\"t-inside-post-table t-entry-text\"><div class=\"uncode-post-table-column post-table-column-1 t-entry t-col-two col-lg-6 col-md-6\"><h3 class=\"t-entry-title font-846016 h4 font-weight-400 title-scale\"><a href=\"https:\/\/viralcollab.com\/fr\/how-to-trust-your-intuition-when-youre-making-a-decision\/\" target=\"_self\">Comment faire confiance \u00e0 votre intuition lorsque vous prenez une d\u00e9cision<\/a><\/h3><\/div><div class=\"uncode-post-table-column post-table-column-2 t-entry t-col-one col-lg-2 col-md-2\"><p class=\"font-846016 h4 font-weight-400 title-scale t-entry-table-typography\">25 mars 2022<\/p><\/div><div class=\"uncode-post-table-column post-table-column-3 t-entry t-col-three col-lg-2 col-md-2\"><p class=\"font-846016 h4 font-weight-400 title-scale t-entry-table-typography t-table-author\"><a href=\"https:\/\/viralcollab.com\/fr\/author\/infoviralcollabgmail-com\/\" class=\"tmb-avatar-size-sm\"><span class=\"tmb-username-wrap tmb-username-wrap-block\"><span class=\"tmb-username-text\">by infoviralcollab@gmail.com<\/span><\/span><\/a><\/p><\/div><div class=\"uncode-post-table-column post-table-column-4 t-entry t-col-four col-lg-2 col-md-2\"><p class=\"font-846016 h4 font-weight-400 title-scale t-entry-table-typography\"><a href=\"https:\/\/viralcollab.com\/fr\/how-to-trust-your-intuition-when-youre-making-a-decision\/\" target=\"_self\">En savoir plus<\/a><\/p><\/div><\/div><\/div><\/div><div class=\"tmb tmb-table tmb-table-border tmb-table-border-between tmb-table-border-both tmb-click-row atc-typography-inherit tmb-iso-w4 tmb-iso-h4 img-circle tmb-light tmb-overlay-text-anim tmb-overlay-anim tmb-content-left tmb-content-last-right tmb-image-anim-magnetic  grid-cat-17 grid-cat-19 tmb-id-20518 tmb-table-single-h-padding tmb-only-text tmb-content-under tmb-no-bg\" ><a href=\"https:\/\/viralcollab.com\/fr\/everyday-inspired-by-the-beauty-of-the-mountains\/\" class=\"table-click-row\" target=\"_self\"><\/a><div class=\"t-inside animate_when_almost_visible bottom-t-top\" data-speed=\"1000\" data-cursor=\"icon-blur\"><div class=\"t-inside-post-table t-entry-text\"><div class=\"uncode-post-table-column post-table-column-1 t-entry t-col-two col-lg-6 col-md-6\"><h3 class=\"t-entry-title font-846016 h4 font-weight-400 title-scale\"><a href=\"https:\/\/viralcollab.com\/fr\/everyday-inspired-by-the-beauty-of-the-mountains\/\" target=\"_self\">Inspir\u00e9 au quotidien par la beaut\u00e9 des montagnes<\/a><\/h3><\/div><div class=\"uncode-post-table-column post-table-column-2 t-entry t-col-one col-lg-2 col-md-2\"><p class=\"font-846016 h4 font-weight-400 title-scale t-entry-table-typography\">22 mars 2022<\/p><\/div><div class=\"uncode-post-table-column post-table-column-3 t-entry t-col-three col-lg-2 col-md-2\"><p class=\"font-846016 h4 font-weight-400 title-scale t-entry-table-typography t-table-author\"><a href=\"https:\/\/viralcollab.com\/fr\/author\/infoviralcollabgmail-com\/\" class=\"tmb-avatar-size-sm\"><span class=\"tmb-username-wrap tmb-username-wrap-block\"><span class=\"tmb-username-text\">by infoviralcollab@gmail.com<\/span><\/span><\/a><\/p><\/div><div class=\"uncode-post-table-column post-table-column-4 t-entry t-col-four col-lg-2 col-md-2\"><p class=\"font-846016 h4 font-weight-400 title-scale t-entry-table-typography\"><a href=\"https:\/\/viralcollab.com\/fr\/everyday-inspired-by-the-beauty-of-the-mountains\/\" target=\"_self\">En savoir plus<\/a><\/p><\/div><\/div><\/div><\/div><div class=\"tmb tmb-table tmb-table-border tmb-table-border-between tmb-table-border-both tmb-click-row atc-typography-inherit tmb-iso-w4 tmb-iso-h4 img-circle tmb-light tmb-overlay-text-anim tmb-overlay-anim tmb-content-left tmb-content-last-right tmb-image-anim-magnetic  grid-cat-19 tmb-id-20520 tmb-table-single-h-padding tmb-only-text tmb-content-under tmb-no-bg\" ><a href=\"https:\/\/viralcollab.com\/fr\/how-to-appreciate-the-little-things-in-life-and-be-happy\/\" class=\"table-click-row\" target=\"_self\"><\/a><div class=\"t-inside animate_when_almost_visible bottom-t-top\" data-speed=\"1000\" data-cursor=\"icon-blur\"><div class=\"t-inside-post-table t-entry-text\"><div class=\"uncode-post-table-column post-table-column-1 t-entry t-col-two col-lg-6 col-md-6\"><h3 class=\"t-entry-title font-846016 h4 font-weight-400 title-scale\"><a href=\"https:\/\/viralcollab.com\/fr\/how-to-appreciate-the-little-things-in-life-and-be-happy\/\" target=\"_self\">Comment appr\u00e9cier les petites choses de la vie et \u00eatre heureux<\/a><\/h3><\/div><div class=\"uncode-post-table-column post-table-column-2 t-entry t-col-one col-lg-2 col-md-2\"><p class=\"font-846016 h4 font-weight-400 title-scale t-entry-table-typography\">20 mars 2022<\/p><\/div><div class=\"uncode-post-table-column post-table-column-3 t-entry t-col-three col-lg-2 col-md-2\"><p class=\"font-846016 h4 font-weight-400 title-scale t-entry-table-typography t-table-author\"><a href=\"https:\/\/viralcollab.com\/fr\/author\/infoviralcollabgmail-com\/\" class=\"tmb-avatar-size-sm\"><span class=\"tmb-username-wrap tmb-username-wrap-block\"><span class=\"tmb-username-text\">by infoviralcollab@gmail.com<\/span><\/span><\/a><\/p><\/div><div class=\"uncode-post-table-column post-table-column-4 t-entry t-col-four col-lg-2 col-md-2\"><p class=\"font-846016 h4 font-weight-400 title-scale t-entry-table-typography\"><a href=\"https:\/\/viralcollab.com\/fr\/how-to-appreciate-the-little-things-in-life-and-be-happy\/\" target=\"_self\">En savoir plus<\/a><\/p><\/div><\/div><\/div><\/div>\t\t\t\n\t\n\n\t\t\t\t\t<\/div>\n<\/div><\/div><\/div><\/div><\/div><script id=\"script-row-unique-2\" data-row=\"script-row-unique-2\" type=\"text\/javascript\" class=\"vc_controls\">UNCODE.initRow(document.getElementById(\"row-unique-2\"));<\/script><\/div><\/div><\/div><div data-parent=\"true\" class=\"vc_row style-color-xsdn-bg row-container\" id=\"row-unique-3\"><div class=\"row no-top-padding no-bottom-padding double-h-padding full-width row-parent\"><div class=\"wpb_row row-inner\"><div class=\"wpb_column pos-top pos-center align_left column_parent col-lg-12 single-internal-gutter\"><div class=\"uncol style-light\"  ><div class=\"uncoltable\"><div class=\"uncell no-block-padding\" ><div class=\"uncont\" ><div class=\"divider-wrapper\"  >\n    <hr class=\"border-,Default-color separator-no-padding\"  \/>\n<\/div>\n<\/div><\/div><\/div><\/div><\/div><script id=\"script-row-unique-3\" data-row=\"script-row-unique-3\" type=\"text\/javascript\" class=\"vc_controls\">UNCODE.initRow(document.getElementById(\"row-unique-3\"));<\/script><\/div><\/div><\/div><div data-parent=\"true\" class=\"vc_row inverted-device-order style-color-wayh-bg row-container\" id=\"row-unique-4\"><div class=\"row double-top-padding double-bottom-padding double-h-padding full-width row-parent\"><div class=\"wpb_row row-inner\"><div class=\"wpb_column pos-middle pos-center align_left align_center_mobile column_parent col-lg-6 col-md-50 single-internal-gutter\"><div class=\"uncol style-dark\"  ><div class=\"uncoltable\"><div class=\"uncell no-block-padding\" ><div class=\"uncont\" ><div class=\"vc_custom_heading_wrap\"><div class=\"heading-text el-text\" ><h5 class=\"font-846016 h4 font-weight-400\" ><span><a href=\"#\">Facebook<\/a>\u00a0\/\u00a0<a href=\"#\">Gazouillement<\/a>\u00a0\/\u00a0<a href=\"#\">Instagram<\/a><\/span><\/h5><\/div><div class=\"clear\"><\/div><\/div><\/div><\/div><\/div><\/div><\/div><div class=\"wpb_column pos-top pos-center align_right align_center_mobile column_parent col-lg-6 col-md-50 single-internal-gutter\"><div class=\"uncol style-dark\"  ><div class=\"uncoltable\"><div class=\"uncell no-block-padding\" ><div class=\"uncont\" ><div class=\"vc_custom_heading_wrap\"><div class=\"heading-text el-text\" ><h5 class=\"font-846016 h4 font-weight-400\" ><span><a href=\"#\">Entrer en contact<\/a><\/span><\/h5><\/div><div class=\"clear\"><\/div><\/div><\/div><\/div><\/div><\/div><\/div><script id=\"script-row-unique-4\" data-row=\"script-row-unique-4\" type=\"text\/javascript\" class=\"vc_controls\">UNCODE.initRow(document.getElementById(\"row-unique-4\"));<\/script><\/div><\/div><\/div>\n<\/div>","protected":false},"excerpt":{"rendered":"Just the other day I happened to wake up early. That is unusual for an engineering student. After a long [...]","protected":false},"author":1,"featured_media":129548,"parent":0,"menu_order":0,"comment_status":"closed","ping_status":"closed","template":"","meta":{"footnotes":""},"class_list":["post-123151","page","type-page","status-publish","has-post-thumbnail","hentry","page_category-agency","page_category-portfolio"],"_links":{"self":[{"href":"https:\/\/viralcollab.com\/fr\/wp-json\/wp\/v2\/pages\/123151","targetHints":{"allow":["GET"]}}],"collection":[{"href":"https:\/\/viralcollab.com\/fr\/wp-json\/wp\/v2\/pages"}],"about":[{"href":"https:\/\/viralcollab.com\/fr\/wp-json\/wp\/v2\/types\/page"}],"author":[{"embeddable":true,"href":"https:\/\/viralcollab.com\/fr\/wp-json\/wp\/v2\/users\/1"}],"replies":[{"embeddable":true,"href":"https:\/\/viralcollab.com\/fr\/wp-json\/wp\/v2\/comments?post=123151"}],"version-history":[{"count":0,"href":"https:\/\/viralcollab.com\/fr\/wp-json\/wp\/v2\/pages\/123151\/revisions"}],"wp:featuredmedia":[{"embeddable":true,"href":"https:\/\/viralcollab.com\/fr\/wp-json\/wp\/v2\/media\/129548"}],"wp:attachment":[{"href":"https:\/\/viralcollab.com\/fr\/wp-json\/wp\/v2\/media?parent=123151"}],"curies":[{"name":"wp","href":"https:\/\/api.w.org\/{rel}","templated":true}]}}