{"id":101330,"date":"2021-08-31T11:27:34","date_gmt":"2021-08-31T09:27:34","guid":{"rendered":"https:\/\/undsgn.com\/uncode\/?page_id=101330"},"modified":"2021-08-31T11:27:34","modified_gmt":"2021-08-31T09:27:34","slug":"portfolio-designer","status":"publish","type":"page","link":"https:\/\/viralcollab.com\/fr\/portfolio-designer\/","title":{"rendered":"Concepteur de portefeuille"},"content":{"rendered":"<div class=\"wpb-content-wrapper\"><section data-parent=\"true\" class=\"vc_section style-accent-bg row-container\" id=\"section-unique-0\"><div class=\"row no-top-padding no-bottom-padding no-h-padding full-width row-parent\"><div data-sticky><div data-parent=\"true\" class=\"vc_row scroll-trigger-el style-color-xsdn-bg row-container\"data-sticky-no-mobile=\"yes\" data-sticky-no-tablet=\"yes\" data-sticky-trigger=\"scroll-trigger\" data-anim-state=\"end\" data-anim-sticky=\"\" data-anim-els=\"\" data-anim-x=\"0\" data-anim-y=\"0\" data-anim-blur=\"0\" data-anim-perspective=\"85\" data-anim-rotate=\"0\" data-anim-origin=\"bottom center\" data-anim-target=\"el\" data-anim-scale=\"100\" data-anim-scale-step=\"\" data-anim-opacity=\"100\" data-anim-radius=\"\" data-anim-radius-unit=\"\" data-anim-start=\"\" data-anim-top=\"0\" data-anim-bottom=\"100\" data-anim-safe=\"\" data-anim-ease=\"none\" id=\"row-unique-0\"><div class=\"row-background background-element\">\n\t\t\t\t\t\t\t\t\t\t\t<div class=\"background-wrapper\">\n\t\t\t\t\t\t\t\t\t\t\t\t<div class=\"background-inner\" style=\"background-image: url(https:\/\/viralcollab.com\/wp-content\/uploads\/2025\/03\/background-grid.svg);background-repeat: no-repeat;background-position: right top;background-attachment: scroll;background-size: 65%;\"><\/div>\n\t\t\t\t\t\t\t\t\t\t\t\t\n\t\t\t\t\t\t\t\t\t\t\t<\/div>\n\t\t\t\t\t\t\t\t\t\t<\/div><div class=\"row col-double-gutter double-top-padding double-bottom-padding exa-h-padding full-width row-parent\" data-height-ratio=\"full\"><div class=\"wpb_row row-inner\"><div class=\"wpb_column pos-bottom pos-center align_left column_parent col-lg-12 single-internal-gutter\"><div class=\"uncol style-light animate_when_almost_visible alpha-anim\"  data-speed=\"600\"><div class=\"uncoltable\"><div class=\"uncell no-block-padding\" ><div class=\"uncont\" ><div class=\"vc_custom_heading_wrap\"><div class=\"heading-text el-text perspective-words animate_inner_when_almost_visible el-text-split\" data-delay=\"400\" data-speed=\"1000\" data-interval=\"60\"><h1 class=\"font-161747 custom fontheight-179065 fontspace-781688 font-weight-700 text-color-rgdb-color fontsize-179704-custom font-obs\" data-style=\"normal\" data-weight=\"700\" data-font=\"Instrument Sans\"><span class=\"heading-text-inner\"><span class=\"split-word word1\"><span class=\"split-word-flow\"><span class=\"split-word-inner\">Bonjour!<\/span><\/span><\/span><\/span><span class=\"heading-text-inner\"><span class=\"split-word word2\"><span class=\"split-word-flow\"><span class=\"split-word-inner\">Je suis<\/span><\/span><\/span><span class=\"split-word word3\"><span class=\"split-word-flow\"><span class=\"split-word-inner split-empty-inner\"><span class=\"split-word-empty\">&nbsp;<\/span>Max<\/span><\/span><\/span><\/span><\/h1><\/div><div class=\"clear\"><\/div><\/div><div class=\"vc_row row-internal row-container desktop-hidden\"><div class=\"row row-child\"><div class=\"wpb_row row-inner\"><div class=\"wpb_column pos-top pos-center align_left column_child col-lg-12 single-internal-gutter\"><div class=\"uncol style-light\" ><div class=\"uncoltable\"><div class=\"uncell no-block-padding\" ><div class=\"uncont\" ><div class=\"vc_custom_heading_wrap\"><div class=\"heading-text el-text\" ><h2 class=\"font-161747 custom fontspace-781688 font-weight-300 fontsize-143093-custom\" ><span>I&#8217;m a team leader of award-winning designers.<\/span><\/h2><\/div><div class=\"clear\"><\/div><\/div><div class=\"icon-box icon-box-top\" ><div class=\"icon-box-icon fa-container\" style=\"margin-bottom: 0px;\"><a role=\"button\" href=\"#works\" class=\"text-default-color custom-link\"><i class=\"fa fa-arrow-down2 fa-3x fa-fw\"><\/i><\/a><\/div><\/div><\/div><\/div><\/div><\/div><\/div><\/div><\/div><\/div><\/div><\/div><\/div><\/div><\/div><script id=\"script-row-unique-0\" data-row=\"script-row-unique-0\" type=\"text\/javascript\" class=\"vc_controls\">UNCODE.initRow(document.getElementById(\"row-unique-0\"));<\/script><\/div><\/div><\/div><\/div><script id=\"script-section-unique-0\" data-section=\"script-section-unique-0\" type=\"text\/javascript\">UNCODE.initSection(document.getElementById(\"section-unique-0\"));<\/script><\/div><\/section><div data-parent=\"true\" class=\"vc_row style-color-nhtu-bg row-container onepage-section\" data-label=\"works\" data-name=\"works\" id=\"row-unique-1\"><div class=\"row-background background-element\" style=\"opacity: 1;\">\n\t\t\t\t\t\t\t\t\t\t\t<div class=\"background-wrapper\">\n\t\t\t\t\t\t\t\t\t\t\t\t<div class=\"background-inner\"><\/div>\n\t\t\t\t\t\t\t\t\t\t\t\t<div class=\"block-bg-overlay\" style=\"opacity: 1;\" data-bg-noise-1=\"#3e45eb\" data-bg-noise-speed=\"200\" data-bg-noise-size=\"1\"><span class=\"uncode-canvas-bg-noise-wrap\"><\/span><\/div>\n\t\t\t\t\t\t\t\t\t\t\t<\/div>\n\t\t\t\t\t\t\t\t\t\t<\/div><div class=\"row col-double-gutter quad-top-padding quad-bottom-padding exa-h-padding full-width row-parent\"><div class=\"wpb_row row-inner\"><div class=\"wpb_column pos-top pos-center align_left column_parent col-lg-12 double-internal-gutter\"><div class=\"uncol style-dark\"  ><div class=\"uncoltable\"><div class=\"uncell no-block-padding\" ><div class=\"uncont\" ><div class=\"vc_custom_heading_wrap sticky-trigger sticky-trigger-absolute\" style=\"mix-blend-mode: overlay;\"><div class=\"heading-text el-text\" data-marquee-speed=\"0\" data-marquee-trigger=\"\" data-marquee-navbar=\"\" data-marquee-navbar-mobile=\"\"><h6 class=\"font-161747 custom fontspace-781688 font-weight-300 text-text_color-101600-color fontsize-101600-custom un-text-marquee un-marquee-scroll un-marquee-infinite\" ><span>Travaux<\/span><\/h6><\/div><div class=\"clear\"><\/div><\/div><div class=\"vc_custom_heading_wrap\"><div class=\"heading-text el-text\" ><h2 class=\"font-161747 custom fontspace-781688 font-weight-300 fontsize-173727-custom\" ><span>01 \/ Portfolio<\/span><\/h2><\/div><div class=\"clear\"><\/div><\/div><div class=\"uncode-post-titles drop-anchor-middle-left drop-hover-opacity drop-mobile-gap-reduced\" data-timing=\"250\">\n\t\t\t\t\t\t\t\t\t\t\t\t\t<div class=\"double-gutter post-titles-inner titles-display-block\" >\t\t\t\t\t\t\t\t\t\t\t\t\t\t\t<div class=\"tmb tmb-title tmb-iso-w6 tmb-iso-h4 tmb-dark tmb-overlay-text-anim tmb-overlay-anim tmb-image-anim tmb-bordered  grid-cat-33 grid-cat-42 tmb-no-double-tap tmb-id-156686 tmb-img-ratio tmb-content-under tmb-media-last tmb-no-bg\" data-drop-target=\"drop-177386\"><a href=\"https:\/\/viralcollab.com\/fr\/portfolio\/influencermarketing\/\" class=\"drop-hover-link\" target=\"_self\"><\/a><div class=\"t-inside no-anim\" ><div class=\"t-entry-text\">\n\t\t\t\t\t\t\t\t\t<div class=\"t-entry-text-tc no-block-padding\"><div class=\"t-entry\"><h3 class=\"t-entry-title font-161747 custom fontsize-356094-custom font-weight-700 fontheight-179065 fontspace-781688 title-scale\"><a href=\"https:\/\/viralcollab.com\/fr\/portfolio\/influencermarketing\/\" target=\"_self\">Pour les marques et les agences<span class=\"drop-image-extra fontspace-781688 drop-extra-size-50 drop-extra-weight-normal drop-extra-pos-after-top\">&nbsp;&nbsp;01<\/span><\/a><\/h3><\/div><\/div>\n\t\t\t\t\t\t\t<\/div><div class=\"t-entry-drop tmb-shadowed tmb-shadowed-darker-xl drop-move\" data-w=\"6\" data-drop=\"drop-177386\"><img decoding=\"async\" class=\"wp-image-156855\" src=\"https:\/\/viralcollab.com\/wp-content\/uploads\/2025\/05\/freepik__make-the-background-wider-and-the-controller-small__36471-uai-1104x736.png\" width=\"1104\" height=\"736\" alt=\"\" srcset=\"https:\/\/viralcollab.com\/wp-content\/uploads\/2025\/05\/freepik__make-the-background-wider-and-the-controller-small__36471-uai-1104x736.png 1104w, https:\/\/viralcollab.com\/wp-content\/uploads\/2025\/05\/freepik__make-the-background-wider-and-the-controller-small__36471-uai-720x480.png 720w\" sizes=\"(max-width: 1104px) 100vw, 1104px\" \/><\/div><\/div><\/div><div class=\"tmb tmb-title tmb-iso-w6 tmb-iso-h4 tmb-dark tmb-overlay-text-anim tmb-overlay-anim tmb-image-anim tmb-bordered  grid-cat-33 grid-cat-42 tmb-no-double-tap tmb-id-4154 tmb-img-ratio tmb-content-under tmb-media-last tmb-no-bg\" data-drop-target=\"drop-196054\"><a href=\"https:\/\/viralcollab.com\/fr\/portfolio\/talentmanagement\/\" class=\"drop-hover-link\" target=\"_self\"><\/a><div class=\"t-inside no-anim\" ><div class=\"t-entry-text\">\n\t\t\t\t\t\t\t\t\t<div class=\"t-entry-text-tc no-block-padding\"><div class=\"t-entry\"><h3 class=\"t-entry-title font-161747 custom fontsize-356094-custom font-weight-700 fontheight-179065 fontspace-781688 title-scale\"><a href=\"https:\/\/viralcollab.com\/fr\/portfolio\/talentmanagement\/\" target=\"_self\">Pour les influenceurs<span class=\"drop-image-extra fontspace-781688 drop-extra-size-50 drop-extra-weight-normal drop-extra-pos-after-top\">&nbsp;&nbsp;02<\/span><\/a><\/h3><\/div><\/div>\n\t\t\t\t\t\t\t<\/div><div class=\"t-entry-drop tmb-shadowed tmb-shadowed-darker-xl drop-move\" data-w=\"6\" data-drop=\"drop-196054\"><img decoding=\"async\" class=\"wp-image-156812\" src=\"https:\/\/viralcollab.com\/wp-content\/uploads\/2022\/08\/banner2-uai-1215x810.png\" width=\"1215\" height=\"810\" alt=\"\" srcset=\"https:\/\/viralcollab.com\/wp-content\/uploads\/2022\/08\/banner2-uai-1215x810.png 1215w, https:\/\/viralcollab.com\/wp-content\/uploads\/2022\/08\/banner2-uai-720x480.png 720w\" sizes=\"(max-width: 1215px) 100vw, 1215px\" \/><\/div><\/div><\/div>\t\t\t\n\t\n\n\t<\/div>\t\t\t\t<\/div>\n<\/div><\/div><\/div><\/div><\/div><script id=\"script-row-unique-1\" data-row=\"script-row-unique-1\" type=\"text\/javascript\" class=\"vc_controls\">UNCODE.initRow(document.getElementById(\"row-unique-1\"));<\/script><\/div><\/div><\/div><section data-parent=\"true\" class=\"vc_section style-accent-bg row-container\" id=\"section-unique-1\"><div class=\"row no-top-padding no-bottom-padding no-h-padding full-width row-parent\"><div data-sticky><div data-parent=\"true\" class=\"vc_row scroll-trigger-el style-color-xsdn-bg row-container\"data-sticky-no-mobile=\"yes\" data-sticky-no-tablet=\"yes\" data-sticky-trigger=\"scroll-trigger\" data-anim-state=\"end\" data-anim-sticky=\"\" data-anim-els=\"\" data-anim-x=\"0\" data-anim-y=\"0\" data-anim-blur=\"0\" data-anim-perspective=\"85\" data-anim-rotate=\"0\" data-anim-origin=\"bottom center\" data-anim-target=\"el\" data-anim-scale=\"100\" data-anim-scale-step=\"\" data-anim-opacity=\"100\" data-anim-radius=\"\" data-anim-radius-unit=\"\" data-anim-start=\"\" data-anim-top=\"0\" data-anim-bottom=\"100\" data-anim-safe=\"\" data-anim-ease=\"none\" id=\"row-unique-2\"><div class=\"row col-double-gutter quad-top-padding quad-bottom-padding exa-h-padding full-width row-parent\"><div class=\"wpb_row row-inner\"><div class=\"wpb_column pos-top pos-center align_left column_parent col-lg-8 double-internal-gutter\"><div class=\"uncol style-light\"  ><div class=\"uncoltable\"><div class=\"uncell no-block-padding\" ><div class=\"uncont\" ><div class=\"vc_custom_heading_wrap\"><div class=\"heading-text el-text\" ><h2 class=\"font-161747 custom fontspace-781688 font-weight-700 text-color-rgdb-color fontsize-138951-custom\" ><span>02 \/ \u00c0 propos de moi<\/span><\/h2><\/div><div class=\"clear\"><\/div><\/div><div class=\"vc_custom_heading_wrap\"><div class=\"heading-text el-text\" ><h6 class=\"font-161747 custom fontheight-357766 fontspace-781688 font-weight-300 fontsize-197919-custom\" ><span>I believe in the power of brand \u2014 to shift mindsets, create markets, inspire innovation, and unleash movements. Every day, i work alongside visionary leaders and innovators who share our beliefs. I&#8217;m a team leader of award-winning strategists, creatives, designers, developers, + producers who build brands for the digital age.<\/span><\/h6><\/div><div class=\"clear\"><\/div><\/div><\/div><\/div><\/div><\/div><\/div><div class=\"wpb_column pos-top pos-center align_left column_parent col-lg-4 tablet-hidden mobile-hidden single-internal-gutter\"><div class=\"uncol style-light\"  ><div class=\"uncoltable\"><div class=\"uncell no-block-padding\" ><div class=\"uncont\" ><\/div><\/div><\/div><\/div><\/div><script id=\"script-row-unique-2\" data-row=\"script-row-unique-2\" type=\"text\/javascript\" class=\"vc_controls\">UNCODE.initRow(document.getElementById(\"row-unique-2\"));<\/script><\/div><\/div><\/div><\/div><script id=\"script-section-unique-1\" data-section=\"script-section-unique-1\" type=\"text\/javascript\">UNCODE.initSection(document.getElementById(\"section-unique-1\"));<\/script><\/div><\/section><div data-parent=\"true\" class=\"vc_row style-color-lxmt-bg row-container\" id=\"row-unique-3\"><div class=\"row quad-top-padding quad-bottom-padding exa-h-padding full-width row-parent\"><div class=\"wpb_row row-inner\"><div class=\"wpb_column pos-top pos-center align_left column_parent col-lg-8 double-internal-gutter\"><div class=\"uncol style-light\"  ><div class=\"uncoltable\"><div class=\"uncell no-block-padding\" ><div class=\"uncont\" ><div class=\"vc_custom_heading_wrap\"><div class=\"heading-text el-text\" ><h2 class=\"font-161747 custom fontspace-781688 font-weight-700 text-color-rgdb-color fontsize-153614-custom\" ><span>03 \/ Prix et distinctions<\/span><\/h2><\/div><div class=\"clear\"><\/div><\/div><div class=\"vc_custom_heading_wrap\"><div class=\"heading-text el-text\" ><h6 class=\"font-161747 custom fontheight-357766 fontspace-781688 font-weight-300 fontsize-245478-custom\" ><span>9 fois Site du jour <strong>Awwwards<\/strong><br \/><\/span><span>8 x Site du jour <strong>Prix CSS Design<\/strong><br \/><\/span><span>4 x <strong>Site Inspire<\/strong> Prix<br \/><\/span><span>2 x <strong>FWA<\/strong> Prix<br \/><\/span><span>2 fois Site du mois <strong>Awwwards<\/strong><\/span><\/h6><\/div><div class=\"clear\"><\/div><\/div><\/div><\/div><\/div><\/div><\/div><div class=\"wpb_column pos-top pos-center align_left column_parent col-lg-4 tablet-hidden mobile-hidden single-internal-gutter\"><div class=\"uncol style-light\"  ><div class=\"uncoltable\"><div class=\"uncell no-block-padding\" ><div class=\"uncont\" ><\/div><\/div><\/div><\/div><\/div><script id=\"script-row-unique-3\" data-row=\"script-row-unique-3\" type=\"text\/javascript\" class=\"vc_controls\">UNCODE.initRow(document.getElementById(\"row-unique-3\"));<\/script><\/div><\/div><\/div><section data-parent=\"true\" class=\"vc_section style-accent-bg row-container\" id=\"section-unique-2\"><div class=\"row no-top-padding no-bottom-padding no-h-padding full-width row-parent\"><div data-sticky><div data-parent=\"true\" class=\"vc_row scroll-trigger-el scroll-trigger-parent style-color-nhtu-bg row-container\"data-sticky-no-mobile=\"yes\" data-sticky-no-tablet=\"yes\" data-sticky-trigger=\"scroll-trigger\" data-anim-state=\"\" data-anim-sticky=\"\" data-anim-els=\"\" data-anim-x=\"0\" data-anim-y=\"0\" data-anim-blur=\"0\" data-anim-perspective=\"-85\" data-anim-rotate=\"0\" data-anim-origin=\"top center\" data-anim-target=\"el\" data-anim-scale=\"100\" data-anim-scale-step=\"\" data-anim-opacity=\"100\" data-anim-radius=\"\" data-anim-radius-unit=\"\" data-anim-start=\"\" data-anim-top=\"100\" data-anim-bottom=\"0\" data-anim-safe=\"yes\" data-anim-ease=\"none\" style=\"--row-anim-transform-origin: top center;--row-anim-filter: blur(0px);--row-anim-transform: rotate(0deg) translateX(0vw) translateX(0vh) scale(1);--row-anim-opacity: 1;\" id=\"row-unique-4\"><div class=\"row col-double-gutter quad-top-padding quad-bottom-padding exa-h-padding full-width row-parent\" data-height-ratio=\"full\"><div class=\"wpb_row row-inner\"><div class=\"wpb_column pos-justify pos-center align_left column_parent col-lg-6 col-md-50 single-internal-gutter\"><div class=\"uncol style-dark font-161747\"  ><div class=\"uncoltable\"><div class=\"uncell no-block-padding\" ><div class=\"uncont\" ><div class=\"vc_custom_heading_wrap\"><div class=\"heading-text el-text\" ><h6 class=\"font-161747 custom fontspace-781688 fontsize-145424-custom\" ><span><a href=\"#\">Travaux<\/a><br \/><\/span><span><a href=\"#\">Blog<\/a><br \/><\/span><span><a href=\"#\">\u00c0 propos<\/a><br \/><\/span><span><a href=\"#\">Services<\/a><br \/><\/span><span><a href=\"#\">Contact<\/a><\/span><\/h6><\/div><div class=\"clear\"><\/div><\/div><div class=\"vc_custom_heading_wrap\"><div class=\"heading-text el-text\" ><h6 class=\"font-161747 h5 fontheight-357766 fontspace-781688 font-weight-700\" ><span>\u00a92025 Uncode. Tous droits r\u00e9serv\u00e9s.<\/span><\/h6><\/div><div class=\"clear\"><\/div><\/div><\/div><\/div><\/div><\/div><\/div><div class=\"wpb_column pos-justify pos-center align_left column_parent col-lg-6 col-md-50 double-internal-gutter\"><div class=\"uncol style-light font-136269\"  ><div class=\"uncoltable\"><div class=\"uncell no-block-padding\" ><div class=\"uncont\" ><div class=\"vc_row row-internal row-container\"><div class=\"row col-double-gutter row-child\"><div class=\"wpb_row row-inner\"><div class=\"wpb_column pos-top pos-center align_left column_child col-lg-6 single-internal-gutter\"><div class=\"uncol style-dark\" ><div class=\"uncoltable\"><div class=\"uncell no-block-padding\" ><div class=\"uncont\" ><div class=\"vc_custom_heading_wrap\"><div class=\"heading-text el-text\" ><h3 class=\"font-161747 h3 fontheight-357766 fontspace-781688 font-weight-700\" ><span>SUIS-MOI<\/span><\/h3><\/div><div class=\"clear\"><\/div><\/div><div class=\"vc_custom_heading_wrap\"><div class=\"heading-text el-text\" ><h5 class=\"font-161747 h4 fontheight-524109 fontspace-781688 font-weight-700\" ><span><a href=\"#\">Facebook<\/a><br \/><\/span><span><a href=\"#\">LinkedIn<\/a><br \/><\/span><span><a href=\"#\">TikTok<\/a><br \/><\/span><span><a href=\"#\">Instagram<\/a><\/span><\/h5><\/div><div class=\"clear\"><\/div><\/div><\/div><\/div><\/div><\/div><\/div><div class=\"wpb_column pos-top pos-center align_left column_child col-lg-6 single-internal-gutter\"><div class=\"uncol style-dark\" ><div class=\"uncoltable\"><div class=\"uncell no-block-padding\" ><div class=\"uncont\" ><div class=\"vc_custom_heading_wrap\"><div class=\"heading-text el-text\" ><h3 class=\"font-161747 h3 fontheight-357766 fontspace-781688 font-weight-700\" ><span>G\u00d6TEBORG<\/span><\/h3><\/div><div class=\"clear\"><\/div><\/div><div class=\"vc_custom_heading_wrap\"><div class=\"heading-text el-text\" ><h5 class=\"font-161747 h4 fontheight-524109 fontspace-781688 font-weight-700\" ><span>Biskopsvagen 5<br \/><\/span><span>Grand Stockholm<br \/><\/span><span>site web@email.com<br \/><\/span><span>+70 541782379<\/span><\/h5><\/div><div class=\"clear\"><\/div><\/div><\/div><\/div><\/div><\/div><\/div><\/div><\/div><\/div><div class=\"vc_row row-internal row-container\"><div class=\"row col-double-gutter row-child\"><div class=\"wpb_row row-inner\"><div class=\"wpb_column pos-top pos-center align_left column_child col-lg-6 single-internal-gutter\"><div class=\"uncol style-dark\" ><div class=\"uncoltable\"><div class=\"uncell no-block-padding\" ><div class=\"uncont\" ><div class=\"vc_custom_heading_wrap\"><div class=\"heading-text el-text\" ><h3 class=\"font-161747 h3 fontheight-357766 fontspace-781688 font-weight-700\" ><span>LIENS RAPIDES<\/span><\/h3><\/div><div class=\"clear\"><\/div><\/div><div class=\"vc_custom_heading_wrap\"><div class=\"heading-text el-text\" ><h3 class=\"font-161747 h4 fontheight-524109 fontspace-781688 font-weight-700\" ><span><a href=\"#\">FAQ<\/a><br \/><\/span><span><a href=\"#\">Politique relative aux cookies<\/a><br \/><\/span><span><a href=\"#\">politique de confidentialit\u00e9<\/a><br \/><\/span><span><a href=\"#\">Licences<\/a><\/span><\/h3><\/div><div class=\"clear\"><\/div><\/div><\/div><\/div><\/div><\/div><\/div><div class=\"wpb_column pos-top pos-center align_left column_child col-lg-6 single-internal-gutter\"><div class=\"uncol style-dark\" ><div class=\"uncoltable\"><div class=\"uncell no-block-padding\" ><div class=\"uncont\" ><div class=\"vc_custom_heading_wrap\"><div class=\"heading-text el-text\" ><h3 class=\"font-161747 h3 fontheight-357766 fontspace-781688 font-weight-700\" ><span>AMSTERDAM<\/span><\/h3><\/div><div class=\"clear\"><\/div><\/div><div class=\"vc_custom_heading_wrap\"><div class=\"heading-text el-text\" ><h3 class=\"font-161747 h4 fontheight-524109 fontspace-781688 font-weight-700\" ><span>780 Brinkstraat<br \/><\/span><span>Noordwijk St<br \/><\/span><span>site web@email.com<br \/><\/span><span>+31 0662656857<\/span><\/h3><\/div><div class=\"clear\"><\/div><\/div><\/div><\/div><\/div><\/div><\/div><\/div><\/div><\/div><\/div><\/div><\/div><\/div><\/div><script id=\"script-row-unique-4\" data-row=\"script-row-unique-4\" type=\"text\/javascript\" class=\"vc_controls\">UNCODE.initRow(document.getElementById(\"row-unique-4\"));<\/script><\/div><\/div><\/div><\/div><div data-parent=\"true\" class=\"vc_row row-container\" id=\"row-unique-5\"><div class=\"row no-top-padding no-bottom-padding single-h-padding limit-width row-parent\"><div class=\"wpb_row row-inner\"><div class=\"wpb_column pos-top pos-center align_left align_center_tablet align_center_mobile column_parent col-lg-12 single-internal-gutter\"><div class=\"uncol style-dark\"  ><div class=\"uncoltable\"><div class=\"uncell no-block-padding\" ><div class=\"uncont\" ><div  class=\"horizontal-text font-161747 h5 fontspace-781688 font-weight-700 horizontal-text--bottom horizontal-text--fixed horizontal-text--shift-bottom horizontal-text--shift-left horizontal-text--left shift_bottom_double shift_x_double horizontal-text--difference horizontal-text--vis-show-top tablet-hidden mobile-hidden\">Salut<\/div><div  class=\"horizontal-text font-161747 h5 fontspace-781688 font-weight-700 horizontal-text--bottom horizontal-text--fixed horizontal-text--shift-bottom horizontal-text--shift-right horizontal-text--right shift_bottom_double shift_right_x_neg_double horizontal-text--difference horizontal-text--vis-show-top tablet-hidden mobile-hidden\">24\/25<\/div><\/div><\/div><\/div><\/div><\/div><script id=\"script-row-unique-5\" data-row=\"script-row-unique-5\" type=\"text\/javascript\" class=\"vc_controls\">UNCODE.initRow(document.getElementById(\"row-unique-5\"));<\/script><\/div><\/div><\/div><script id=\"script-section-unique-2\" data-section=\"script-section-unique-2\" type=\"text\/javascript\">UNCODE.initSection(document.getElementById(\"section-unique-2\"));<\/script><\/div><\/section>\n<\/div>","protected":false},"excerpt":{"rendered":"Gestion des talents\u00a0: \u00ab\u00a0Viral Collab a jou\u00e9 un r\u00f4le essentiel dans mon parcours de cr\u00e9ateur de contenu. Je ne serais pas l\u00e0 o\u00f9 j&#039;en suis aujourd&#039;hui sans leur engagement envers votre d\u00e9veloppement et votre r\u00e9ussite.\u00a0\u00bb \u2014 Reid Boehm, influenceur gaming. Rejoignez notre \u00e9quipe\u00a0! Nous aidons les influenceurs comme vous \u00e0 d\u00e9velopper leur carri\u00e8re en prenant en charge les aspects commerciaux. Remplissez ce formulaire pour [...]","protected":false},"author":1,"featured_media":153503,"parent":0,"menu_order":0,"comment_status":"closed","ping_status":"closed","template":"","meta":{"footnotes":""},"class_list":["post-101330","page","type-page","status-publish","has-post-thumbnail","hentry","page_category-freelance","page_category-portfolio"],"_links":{"self":[{"href":"https:\/\/viralcollab.com\/fr\/wp-json\/wp\/v2\/pages\/101330","targetHints":{"allow":["GET"]}}],"collection":[{"href":"https:\/\/viralcollab.com\/fr\/wp-json\/wp\/v2\/pages"}],"about":[{"href":"https:\/\/viralcollab.com\/fr\/wp-json\/wp\/v2\/types\/page"}],"author":[{"embeddable":true,"href":"https:\/\/viralcollab.com\/fr\/wp-json\/wp\/v2\/users\/1"}],"replies":[{"embeddable":true,"href":"https:\/\/viralcollab.com\/fr\/wp-json\/wp\/v2\/comments?post=101330"}],"version-history":[{"count":0,"href":"https:\/\/viralcollab.com\/fr\/wp-json\/wp\/v2\/pages\/101330\/revisions"}],"wp:featuredmedia":[{"embeddable":true,"href":"https:\/\/viralcollab.com\/fr\/wp-json\/wp\/v2\/media\/153503"}],"wp:attachment":[{"href":"https:\/\/viralcollab.com\/fr\/wp-json\/wp\/v2\/media?parent=101330"}],"curies":[{"name":"wp","href":"https:\/\/api.w.org\/{rel}","templated":true}]}}