{"id":101328,"date":"2021-08-31T11:26:35","date_gmt":"2021-08-31T09:26:35","guid":{"rendered":"https:\/\/undsgn.com\/uncode\/?page_id=101328"},"modified":"2021-08-31T11:26:35","modified_gmt":"2021-08-31T09:26:35","slug":"portfolio-titles","status":"publish","type":"page","link":"https:\/\/viralcollab.com\/fr\/portfolio-titles\/","title":{"rendered":"Titres du portfolio"},"content":{"rendered":"<div class=\"wpb-content-wrapper\"><div data-parent=\"true\" class=\"vc_row style-color-wayh-bg row-container\" id=\"row-unique-0\"><div class=\"row exa-top-padding exa-bottom-padding single-h-padding limit-width row-parent\"><div class=\"wpb_row row-inner\"><div class=\"wpb_column pos-top pos-center align_center column_parent col-lg-12 single-internal-gutter\"><div class=\"uncol style-dark font-136269 animate_when_almost_visible alpha-anim\"  data-delay=\"200\" data-speed=\"1000\"><div class=\"uncoltable\"><div class=\"uncell no-block-padding\" ><div class=\"uncont\" ><div class=\"uncode-post-titles uncode-post-titles-parent-row uncode-post-titles-default-image drop-hover-opacity-inverted drop-mobile-gap-reduced uncode-skew\" data-timing=\"300\">\n\t\t\t\t\t\t\t\t\t\t\t\t\t<div class=\"triple-gutter post-titles-inner titles-display-block\" >\t\t\t\t\t\t\t\t\t\t\t\t\t\t\t<div class=\"tmb tmb-title tmb-iso-w4 tmb-iso-h4 tmb-dark tmb-overlay-text-anim tmb-overlay-anim tmb-image-anim tmb-bordered  grid-cat-33 grid-cat-42 tmb-id-156686 tmb-content-under tmb-media-last tmb-no-bg\" data-drop-target=\"drop-262438\"><a href=\"https:\/\/viralcollab.com\/fr\/portfolio\/influencermarketing\/\" class=\"drop-hover-link\" target=\"_self\"><\/a><div class=\"t-inside no-anim\" ><div class=\"t-entry-text\">\n\t\t\t\t\t\t\t\t\t<div class=\"t-entry-text-tc no-block-padding\"><div class=\"t-entry\"><h3 class=\"t-entry-title font-136269 custom fontsize-187922-custom font-weight-600 fontspace-781688 title-scale\"><a href=\"https:\/\/viralcollab.com\/fr\/portfolio\/influencermarketing\/\" target=\"_self\">Pour les marques et les agences<\/a><\/h3><\/div><\/div>\n\t\t\t\t\t\t\t<\/div><div class=\"t-entry-drop drop-parent drop-parent-row fixed-attachment\" data-drop=\"drop-262438\" data-w=\"4\" data-bgset=\"https:\/\/viralcollab.com\/wp-content\/uploads\/2025\/05\/freepik__make-the-background-wider-and-the-controller-small__36471.png 1472w, https:\/\/viralcollab.com\/wp-content\/uploads\/2025\/05\/freepik__make-the-background-wider-and-the-controller-small__36471-300x150.png 300w, https:\/\/viralcollab.com\/wp-content\/uploads\/2025\/05\/freepik__make-the-background-wider-and-the-controller-small__36471-1024x512.png 1024w, https:\/\/viralcollab.com\/wp-content\/uploads\/2025\/05\/freepik__make-the-background-wider-and-the-controller-small__36471-768x384.png 768w, https:\/\/viralcollab.com\/wp-content\/uploads\/2025\/05\/freepik__make-the-background-wider-and-the-controller-small__36471-350x175.png 350w, https:\/\/viralcollab.com\/wp-content\/uploads\/2025\/05\/freepik__make-the-background-wider-and-the-controller-small__36471-600x300.png 600w, https:\/\/viralcollab.com\/wp-content\/uploads\/2025\/05\/freepik__make-the-background-wider-and-the-controller-small__36471-uai-720x360.png 720w, https:\/\/viralcollab.com\/wp-content\/uploads\/2025\/05\/freepik__make-the-background-wider-and-the-controller-small__36471-uai-900x450.png 900w\" style=\"background-repeat: repeat;background-position: center center;background-attachment: fixed;background-size: cover;\"><\/div><!-- .t-entry-drop --><\/div><\/div><div class=\"tmb tmb-title tmb-iso-w4 tmb-iso-h4 tmb-dark tmb-overlay-text-anim tmb-overlay-anim tmb-image-anim tmb-bordered  grid-cat-33 grid-cat-42 tmb-id-4154 tmb-content-under tmb-media-last tmb-no-bg\" data-drop-target=\"drop-213708\"><a href=\"https:\/\/viralcollab.com\/fr\/portfolio\/talentmanagement\/\" class=\"drop-hover-link\" target=\"_self\"><\/a><div class=\"t-inside no-anim\" ><div class=\"t-entry-text\">\n\t\t\t\t\t\t\t\t\t<div class=\"t-entry-text-tc no-block-padding\"><div class=\"t-entry\"><h3 class=\"t-entry-title font-136269 custom fontsize-187922-custom font-weight-600 fontspace-781688 title-scale\"><a href=\"https:\/\/viralcollab.com\/fr\/portfolio\/talentmanagement\/\" target=\"_self\">Pour les influenceurs<\/a><\/h3><\/div><\/div>\n\t\t\t\t\t\t\t<\/div><div class=\"t-entry-drop drop-parent drop-parent-row fixed-attachment\" data-drop=\"drop-213708\" data-w=\"4\" data-bgset=\"https:\/\/viralcollab.com\/wp-content\/uploads\/2022\/08\/banner2.png 1440w, https:\/\/viralcollab.com\/wp-content\/uploads\/2022\/08\/banner2-300x169.png 300w, https:\/\/viralcollab.com\/wp-content\/uploads\/2022\/08\/banner2-1024x576.png 1024w, https:\/\/viralcollab.com\/wp-content\/uploads\/2022\/08\/banner2-768x432.png 768w, https:\/\/viralcollab.com\/wp-content\/uploads\/2022\/08\/banner2-350x197.png 350w, https:\/\/viralcollab.com\/wp-content\/uploads\/2022\/08\/banner2-600x338.png 600w, https:\/\/viralcollab.com\/wp-content\/uploads\/2022\/08\/banner2-uai-720x405.png 720w, https:\/\/viralcollab.com\/wp-content\/uploads\/2022\/08\/banner2-uai-900x506.png 900w\" style=\"background-repeat: repeat;background-position: center center;background-attachment: fixed;background-size: cover;\"><\/div><!-- .t-entry-drop --><\/div><\/div>\t\t\t\n\t\n\n\t<\/div>\t\t\t\t<\/div>\n<div class=\"vc_row row-internal row-container\"><div class=\"row row-child\"><div class=\"wpb_row row-inner\"><div class=\"wpb_column pos-top pos-center align_left column_child col-lg-12 single-internal-gutter\"><div class=\"uncol style-dark\" ><div class=\"uncoltable\"><div class=\"uncell no-block-padding\" ><div class=\"uncont\" ><div  class=\"horizontal-text font-136269 h5 font-weight-600 horizontal-text--bottom horizontal-text--fixed horizontal-text--shift-bottom horizontal-text--shift-left horizontal-text--left shift_bottom_single shift_x_single\"><a href=\"https:\/\/1.envato.market\/k1yPV\" target=\"_blank\" rel=\"noopener\">Acheter $59<\/a><\/div><div  class=\"horizontal-text font-136269 h5 font-weight-600 horizontal-text--bottom horizontal-text--fixed horizontal-text--shift-bottom horizontal-text--shift-right horizontal-text--right shift_bottom_single shift_right_x_neg_single\"><a href=\"https:\/\/1.envato.market\/Q3bJP\" target=\"_blank\" rel=\"noopener\">Suivre<\/a><\/div><\/div><\/div><\/div><\/div><\/div><\/div><\/div><\/div><\/div><\/div><\/div><\/div><\/div><script id=\"script-row-unique-0\" data-row=\"script-row-unique-0\" type=\"text\/javascript\" class=\"vc_controls\">UNCODE.initRow(document.getElementById(\"row-unique-0\"));<\/script><\/div><\/div><\/div>\n<\/div>","protected":false},"excerpt":{"rendered":"Gestion des talents\u00a0: \u00ab\u00a0Viral Collab a jou\u00e9 un r\u00f4le essentiel dans mon parcours de cr\u00e9ateur de contenu. Je ne serais pas l\u00e0 o\u00f9 j&#039;en suis aujourd&#039;hui sans leur engagement envers votre d\u00e9veloppement et votre r\u00e9ussite.\u00a0\u00bb \u2014 Reid Boehm, influenceur gaming. Rejoignez notre \u00e9quipe\u00a0! Nous aidons les influenceurs comme vous \u00e0 d\u00e9velopper leur carri\u00e8re en prenant en charge les aspects commerciaux. Remplissez ce formulaire pour [...]","protected":false},"author":1,"featured_media":102773,"parent":0,"menu_order":0,"comment_status":"closed","ping_status":"closed","template":"","meta":{"footnotes":""},"class_list":["post-101328","page","type-page","status-publish","has-post-thumbnail","hentry","page_category-portfolio"],"_links":{"self":[{"href":"https:\/\/viralcollab.com\/fr\/wp-json\/wp\/v2\/pages\/101328","targetHints":{"allow":["GET"]}}],"collection":[{"href":"https:\/\/viralcollab.com\/fr\/wp-json\/wp\/v2\/pages"}],"about":[{"href":"https:\/\/viralcollab.com\/fr\/wp-json\/wp\/v2\/types\/page"}],"author":[{"embeddable":true,"href":"https:\/\/viralcollab.com\/fr\/wp-json\/wp\/v2\/users\/1"}],"replies":[{"embeddable":true,"href":"https:\/\/viralcollab.com\/fr\/wp-json\/wp\/v2\/comments?post=101328"}],"version-history":[{"count":0,"href":"https:\/\/viralcollab.com\/fr\/wp-json\/wp\/v2\/pages\/101328\/revisions"}],"wp:featuredmedia":[{"embeddable":true,"href":"https:\/\/viralcollab.com\/fr\/wp-json\/wp\/v2\/media\/102773"}],"wp:attachment":[{"href":"https:\/\/viralcollab.com\/fr\/wp-json\/wp\/v2\/media?parent=101328"}],"curies":[{"name":"wp","href":"https:\/\/api.w.org\/{rel}","templated":true}]}}