{"id":101296,"date":"2021-08-31T11:14:29","date_gmt":"2021-08-31T09:14:29","guid":{"rendered":"https:\/\/undsgn.com\/uncode\/?page_id=101296"},"modified":"2021-08-31T11:14:29","modified_gmt":"2021-08-31T09:14:29","slug":"portfolio-table","status":"publish","type":"page","link":"https:\/\/viralcollab.com\/fr\/works\/portfolio-table\/","title":{"rendered":"Portfolio Table"},"content":{"rendered":"<div class=\"wpb-content-wrapper\"><div data-parent=\"true\" class=\"vc_row style-color-xsdn-bg row-container\" id=\"row-unique-0\"><div class=\"row quad-top-padding quad-bottom-padding single-h-padding limit-width row-parent\"><div class=\"wpb_row row-inner\"><div class=\"wpb_column pos-top pos-center align_left column_parent col-lg-12 single-internal-gutter\"><div class=\"uncol style-light\"  ><div class=\"uncoltable\"><div class=\"uncell no-block-padding\" ><div class=\"uncont\" ><div class=\"uncode-post-table single-gutter uncode-post-table-valign-middle tablet-stacked mobile-stacked uncode-post-table-hover uncode-post-table-hover-opacity-inverted\" >\n\t\t\t\t\t\t\t\t\t\t\t\t\t\t\t\t\t\t\t\t\t\t<div class=\"tmb tmb-table tmb-table-border tmb-table-border-between tmb-click-row atc-typography-inherit tmb-iso-w4 tmb-iso-h4 tmb-light tmb-overlay-text-anim tmb-overlay-anim tmb-content-center tmb-content-last-right  grid-cat-33 grid-cat-42 tmb-id-156686 tmb-table-double-h-padding tmb-img-ratio tmb-content-under tmb-media-first tmb-no-bg\" ><a href=\"https:\/\/viralcollab.com\/fr\/portfolio\/influencermarketing\/\" class=\"table-click-row\" target=\"_self\"><\/a><div class=\"t-inside animate_when_almost_visible bottom-t-top\" data-speed=\"1000\" data-cursor=\"icon-dark\"><div class=\"t-inside-post-table t-entry-text\"><div class=\"uncode-post-table-column post-table-column-1 t-entry t-col-five col-lg-1\"><div class=\"t-entry-visual\"><div class=\"t-entry-visual-tc\"><div class=\"t-entry-visual-cont\"><div class=\"dummy\" style=\"padding-top: 75%;\"><\/div><a role=\"button\" tabindex=\"-1\" href=\"https:\/\/viralcollab.com\/fr\/portfolio\/influencermarketing\/\" class=\"pushed\" target=\"_self\" data-lb-index=\"0\"><div class=\"t-entry-visual-overlay\"><div class=\"t-entry-visual-overlay-in style-dark-bg\" style=\"opacity: 0.1;\"><\/div><\/div><img decoding=\"async\" class=\"wp-image-156855\" src=\"https:\/\/viralcollab.com\/wp-content\/uploads\/2025\/05\/freepik__make-the-background-wider-and-the-controller-small__36471-uai-981x736.png\" width=\"981\" height=\"736\" alt=\"\" srcset=\"https:\/\/viralcollab.com\/wp-content\/uploads\/2025\/05\/freepik__make-the-background-wider-and-the-controller-small__36471-uai-981x736.png 981w, https:\/\/viralcollab.com\/wp-content\/uploads\/2025\/05\/freepik__make-the-background-wider-and-the-controller-small__36471-uai-720x540.png 720w\" sizes=\"(max-width: 981px) 100vw, 981px\" \/><\/a><\/div>\n\t\t\t\t\t<\/div>\n\t\t\t\t<\/div><\/div><div class=\"uncode-post-table-column post-table-column-2 t-entry t-col-one col-lg-3\"><h3 class=\"t-entry-title font-136269 h6 font-weight-500 fontheight-357766 title-scale\"><a href=\"https:\/\/viralcollab.com\/fr\/portfolio\/influencermarketing\/\" target=\"_self\">Pour les marques et les agences<\/a><\/h3><\/div><div class=\"uncode-post-table-column post-table-column-3 t-entry t-col-two col-lg-3\"><p class=\"font-136269 h6 font-weight-500 fontheight-357766 title-scale t-entry-table-typography\">1er mai 2025<\/p><\/div><div class=\"uncode-post-table-column post-table-column-4 t-entry t-col-three col-lg-3\"><p class=\"font-136269 h6 font-weight-500 fontheight-357766 title-scale t-entry-table-typography\"><span class=\"t-entry-table-category\" role=\"heading\"><a class=\"\" href=\"https:\/\/viralcollab.com\/fr\/portfolio_cat\/adv\/\">Adv<\/a><span class=\"cat-dash\"> - <\/span><\/span><span class=\"t-entry-table-category\" role=\"heading\"><a class=\"\" href=\"https:\/\/viralcollab.com\/fr\/portfolio_cat\/design\/\">Conception<\/a><\/span><\/p><\/div><div class=\"uncode-post-table-column post-table-column-5 t-entry t-col-four col-lg-1\"><p class=\"font-136269 h6 font-weight-500 fontheight-357766 title-scale t-entry-table-typography t-table-icon\"><a href=\"https:\/\/viralcollab.com\/fr\/portfolio\/influencermarketing\/\" target=\"_self\"><i class=\"fa fa-arrow-right2 t-icon-size-md t-icon-button\"><\/i><\/a><\/p><\/div><\/div><\/div><\/div><div class=\"tmb tmb-table tmb-table-border tmb-table-border-between tmb-click-row atc-typography-inherit tmb-iso-w4 tmb-iso-h4 tmb-light tmb-overlay-text-anim tmb-overlay-anim tmb-content-center tmb-content-last-right  grid-cat-33 grid-cat-42 tmb-id-4154 tmb-table-double-h-padding tmb-img-ratio tmb-content-under tmb-media-first tmb-no-bg\" ><a href=\"https:\/\/viralcollab.com\/fr\/portfolio\/talentmanagement\/\" class=\"table-click-row\" target=\"_self\"><\/a><div class=\"t-inside animate_when_almost_visible bottom-t-top\" data-speed=\"1000\" data-cursor=\"icon-dark\"><div class=\"t-inside-post-table t-entry-text\"><div class=\"uncode-post-table-column post-table-column-1 t-entry t-col-five col-lg-1\"><div class=\"t-entry-visual\"><div class=\"t-entry-visual-tc\"><div class=\"t-entry-visual-cont\"><div class=\"dummy\" style=\"padding-top: 75%;\"><\/div><a role=\"button\" tabindex=\"-1\" href=\"https:\/\/viralcollab.com\/fr\/portfolio\/talentmanagement\/\" class=\"pushed\" target=\"_self\" data-lb-index=\"1\"><div class=\"t-entry-visual-overlay\"><div class=\"t-entry-visual-overlay-in style-dark-bg\" style=\"opacity: 0.1;\"><\/div><\/div><img decoding=\"async\" class=\"wp-image-156812\" src=\"https:\/\/viralcollab.com\/wp-content\/uploads\/2022\/08\/banner2-uai-1080x810.png\" width=\"1080\" height=\"810\" alt=\"\" srcset=\"https:\/\/viralcollab.com\/wp-content\/uploads\/2022\/08\/banner2-uai-1080x810.png 1080w, https:\/\/viralcollab.com\/wp-content\/uploads\/2022\/08\/banner2-uai-720x540.png 720w\" sizes=\"(max-width: 1080px) 100vw, 1080px\" \/><\/a><\/div>\n\t\t\t\t\t<\/div>\n\t\t\t\t<\/div><\/div><div class=\"uncode-post-table-column post-table-column-2 t-entry t-col-one col-lg-3\"><h3 class=\"t-entry-title font-136269 h6 font-weight-500 fontheight-357766 title-scale\"><a href=\"https:\/\/viralcollab.com\/fr\/portfolio\/talentmanagement\/\" target=\"_self\">Pour les influenceurs<\/a><\/h3><\/div><div class=\"uncode-post-table-column post-table-column-3 t-entry t-col-two col-lg-3\"><p class=\"font-136269 h6 font-weight-500 fontheight-357766 title-scale t-entry-table-typography\">16 ao\u00fbt 2022<\/p><\/div><div class=\"uncode-post-table-column post-table-column-4 t-entry t-col-three col-lg-3\"><p class=\"font-136269 h6 font-weight-500 fontheight-357766 title-scale t-entry-table-typography\"><span class=\"t-entry-table-category\" role=\"heading\"><a class=\"\" href=\"https:\/\/viralcollab.com\/fr\/portfolio_cat\/adv\/\">Adv<\/a><span class=\"cat-dash\"> - <\/span><\/span><span class=\"t-entry-table-category\" role=\"heading\"><a class=\"\" href=\"https:\/\/viralcollab.com\/fr\/portfolio_cat\/design\/\">Conception<\/a><\/span><\/p><\/div><div class=\"uncode-post-table-column post-table-column-5 t-entry t-col-four col-lg-1\"><p class=\"font-136269 h6 font-weight-500 fontheight-357766 title-scale t-entry-table-typography t-table-icon\"><a href=\"https:\/\/viralcollab.com\/fr\/portfolio\/talentmanagement\/\" target=\"_self\"><i class=\"fa fa-arrow-right2 t-icon-size-md t-icon-button\"><\/i><\/a><\/p><\/div><\/div><\/div><\/div>\t\t\t\n\t\n\n\t\t\t\t\t<\/div>\n<\/div><\/div><\/div><\/div><\/div><script id=\"script-row-unique-0\" data-row=\"script-row-unique-0\" type=\"text\/javascript\" class=\"vc_controls\">UNCODE.initRow(document.getElementById(\"row-unique-0\"));<\/script><\/div><\/div><\/div>\n<\/div>","protected":false},"excerpt":{"rendered":"Gestion des talents\u00a0: \u00ab\u00a0Viral Collab a jou\u00e9 un r\u00f4le essentiel dans mon parcours de cr\u00e9ateur de contenu. Je ne serais pas l\u00e0 o\u00f9 j&#039;en suis aujourd&#039;hui sans leur engagement envers votre d\u00e9veloppement et votre r\u00e9ussite.\u00a0\u00bb \u2014 Reid Boehm, influenceur gaming. Rejoignez notre \u00e9quipe\u00a0! Nous aidons les influenceurs comme vous \u00e0 d\u00e9velopper leur carri\u00e8re en prenant en charge les aspects commerciaux. Remplissez ce formulaire pour [...]","protected":false},"author":1,"featured_media":0,"parent":36646,"menu_order":0,"comment_status":"closed","ping_status":"closed","template":"","meta":{"footnotes":""},"class_list":["post-101296","page","type-page","status-publish","hentry"],"_links":{"self":[{"href":"https:\/\/viralcollab.com\/fr\/wp-json\/wp\/v2\/pages\/101296","targetHints":{"allow":["GET"]}}],"collection":[{"href":"https:\/\/viralcollab.com\/fr\/wp-json\/wp\/v2\/pages"}],"about":[{"href":"https:\/\/viralcollab.com\/fr\/wp-json\/wp\/v2\/types\/page"}],"author":[{"embeddable":true,"href":"https:\/\/viralcollab.com\/fr\/wp-json\/wp\/v2\/users\/1"}],"replies":[{"embeddable":true,"href":"https:\/\/viralcollab.com\/fr\/wp-json\/wp\/v2\/comments?post=101296"}],"version-history":[{"count":0,"href":"https:\/\/viralcollab.com\/fr\/wp-json\/wp\/v2\/pages\/101296\/revisions"}],"up":[{"embeddable":true,"href":"https:\/\/viralcollab.com\/fr\/wp-json\/wp\/v2\/pages\/36646"}],"wp:attachment":[{"href":"https:\/\/viralcollab.com\/fr\/wp-json\/wp\/v2\/media?parent=101296"}],"curies":[{"name":"wp","href":"https:\/\/api.w.org\/{rel}","templated":true}]}}