{"id":101067,"date":"2021-08-27T16:17:13","date_gmt":"2021-08-27T14:17:13","guid":{"rendered":"https:\/\/undsgn.com\/uncode\/?page_id=101067"},"modified":"2021-08-27T16:17:13","modified_gmt":"2021-08-27T14:17:13","slug":"blog-titles","status":"publish","type":"page","link":"https:\/\/viralcollab.com\/fr\/blog-titles\/","title":{"rendered":"Blog Titles"},"content":{"rendered":"<div class=\"wpb-content-wrapper\"><div data-parent=\"true\" class=\"vc_row style-color-xsdn-bg row-container\" id=\"row-unique-0\"><div class=\"row exa-top-padding exa-bottom-padding single-h-padding limit-width row-parent\"><div class=\"wpb_row row-inner\"><div class=\"wpb_column pos-top pos-center align_left column_parent col-lg-12 single-internal-gutter\"><div class=\"uncol style-light\"  ><div class=\"uncoltable\"><div class=\"uncell\" ><div class=\"uncont no-block-padding col-custom-width\" style=\" max-width:1104px;\" ><div class=\"uncode-post-titles drop-anchor-center drop-hover-opacity-inverted drop-arrange-front drop-mobile-gap-reduced\" data-timing=\"0\">\n\t\t\t\t\t\t\t\t\t\t\t\t\t<div class=\"double-gutter post-titles-inner titles-display-block\" >\t\t\t\t\t\t\t\t\t\t\t\t\t\t\t<div class=\"tmb tmb-title tmb-iso-w4 tmb-iso-h4 tmb-light tmb-overlay-text-anim tmb-overlay-anim tmb-image-anim tmb-bordered  grid-cat-1 tmb-id-1 tmb-img-ratio tmb-only-text tmb-content-under tmb-no-bg\" data-drop-target=\"drop-171229\"><a href=\"https:\/\/viralcollab.com\/fr\/hello-world\/\" class=\"drop-hover-link\" target=\"_self\"><\/a><div class=\"t-inside no-anim\" ><div class=\"t-entry-text\">\n\t\t\t\t\t\t\t\t\t<div class=\"t-entry-text-tc no-block-padding\"><div class=\"t-entry\"><h3 class=\"t-entry-title font-787672 fontsize-210105 fontheight-357766 fontspace-111509 title-scale\"><a href=\"https:\/\/viralcollab.com\/fr\/hello-world\/\" target=\"_self\"><span class=\"drop-image-extra fontspace-111509 drop-extra-size-50 drop-extra-pos-left-top\"><span class=\"tmb-date-wrap\">24 avril 2025<\/span><span class=\"tmb-date-author-separator\"><\/span><span class=\"tmb-username-wrap\"><span class=\"tmb-username-text\">by infoviralcollab@gmail.com<\/span><\/span><\/span>Bonjour le monde!<\/a><\/h3><\/div><\/div>\n\t\t\t\t\t\t\t<\/div><\/div><\/div><div class=\"tmb tmb-title tmb-iso-w4 tmb-iso-h4 tmb-light tmb-overlay-text-anim tmb-overlay-anim tmb-image-anim tmb-bordered  grid-cat-16 grid-cat-17 tmb-id-20528 tmb-img-ratio tmb-content-under tmb-media-first tmb-no-bg\" data-drop-target=\"drop-167255\"><a href=\"https:\/\/viralcollab.com\/fr\/how-to-trust-your-intuition-when-youre-making-a-decision\/\" class=\"drop-hover-link\" target=\"_self\"><\/a><div class=\"t-inside no-anim\" ><div class=\"t-entry-drop drop-move\" data-w=\"4\" data-drop=\"drop-167255\"><img decoding=\"async\" class=\"wp-image-11307\" src=\"https:\/\/viralcollab.com\/wp-content\/uploads\/2025\/03\/image-placeholder-4-uai-1706x1280.jpg\" width=\"1706\" height=\"1280\" alt=\"\" srcset=\"https:\/\/viralcollab.com\/wp-content\/uploads\/2025\/03\/image-placeholder-4-uai-1706x1280.jpg 1706w, https:\/\/viralcollab.com\/wp-content\/uploads\/2025\/03\/image-placeholder-4-uai-720x540.jpg 720w\" sizes=\"(max-width: 1706px) 100vw, 1706px\" \/><\/div><div class=\"t-entry-text\">\n\t\t\t\t\t\t\t\t\t<div class=\"t-entry-text-tc no-block-padding\"><div class=\"t-entry\"><h3 class=\"t-entry-title font-787672 fontsize-210105 fontheight-357766 fontspace-111509 title-scale\"><a href=\"https:\/\/viralcollab.com\/fr\/how-to-trust-your-intuition-when-youre-making-a-decision\/\" target=\"_self\"><span class=\"drop-image-extra fontspace-111509 drop-extra-size-50 drop-extra-pos-left-top\"><span class=\"tmb-date-wrap\">25 mars 2022<\/span><span class=\"tmb-date-author-separator\"><\/span><span class=\"tmb-username-wrap\"><span class=\"tmb-username-text\">by infoviralcollab@gmail.com<\/span><\/span><\/span>Comment faire confiance \u00e0 votre intuition lorsque vous prenez une d\u00e9cision<\/a><\/h3><\/div><\/div>\n\t\t\t\t\t\t\t<\/div><\/div><\/div><div class=\"tmb tmb-title tmb-iso-w4 tmb-iso-h4 tmb-light tmb-overlay-text-anim tmb-overlay-anim tmb-image-anim tmb-bordered  grid-cat-17 grid-cat-19 tmb-id-20518 tmb-img-ratio tmb-content-under tmb-media-first tmb-no-bg\" data-drop-target=\"drop-542264\"><a href=\"https:\/\/viralcollab.com\/fr\/everyday-inspired-by-the-beauty-of-the-mountains\/\" class=\"drop-hover-link\" target=\"_self\"><\/a><div class=\"t-inside no-anim\" ><div class=\"t-entry-drop drop-move\" data-w=\"4\" data-drop=\"drop-542264\"><img decoding=\"async\" class=\"wp-image-11295\" src=\"https:\/\/viralcollab.com\/wp-content\/uploads\/2025\/03\/image-placeholder-6-uai-1706x1280.jpg\" width=\"1706\" height=\"1280\" alt=\"\" srcset=\"https:\/\/viralcollab.com\/wp-content\/uploads\/2025\/03\/image-placeholder-6-uai-1706x1280.jpg 1706w, https:\/\/viralcollab.com\/wp-content\/uploads\/2025\/03\/image-placeholder-6-uai-720x540.jpg 720w\" sizes=\"(max-width: 1706px) 100vw, 1706px\" \/><\/div><div class=\"t-entry-text\">\n\t\t\t\t\t\t\t\t\t<div class=\"t-entry-text-tc no-block-padding\"><div class=\"t-entry\"><h3 class=\"t-entry-title font-787672 fontsize-210105 fontheight-357766 fontspace-111509 title-scale\"><a href=\"https:\/\/viralcollab.com\/fr\/everyday-inspired-by-the-beauty-of-the-mountains\/\" target=\"_self\"><span class=\"drop-image-extra fontspace-111509 drop-extra-size-50 drop-extra-pos-left-top\"><span class=\"tmb-date-wrap\">22 mars 2022<\/span><span class=\"tmb-date-author-separator\"><\/span><span class=\"tmb-username-wrap\"><span class=\"tmb-username-text\">by infoviralcollab@gmail.com<\/span><\/span><\/span>Inspir\u00e9 au quotidien par la beaut\u00e9 des montagnes<\/a><\/h3><\/div><\/div>\n\t\t\t\t\t\t\t<\/div><\/div><\/div><div class=\"tmb tmb-title tmb-iso-w4 tmb-iso-h4 tmb-light tmb-overlay-text-anim tmb-overlay-anim tmb-image-anim tmb-bordered  grid-cat-19 tmb-id-20520 tmb-img-ratio tmb-content-under tmb-media-first tmb-no-bg\" data-drop-target=\"drop-127119\"><a href=\"https:\/\/viralcollab.com\/fr\/how-to-appreciate-the-little-things-in-life-and-be-happy\/\" class=\"drop-hover-link\" target=\"_self\"><\/a><div class=\"t-inside no-anim\" ><div class=\"t-entry-drop drop-move\" data-w=\"4\" data-drop=\"drop-127119\"><img decoding=\"async\" class=\"wp-image-11307\" src=\"https:\/\/viralcollab.com\/wp-content\/uploads\/2025\/03\/image-placeholder-4-uai-1706x1280.jpg\" width=\"1706\" height=\"1280\" alt=\"\" srcset=\"https:\/\/viralcollab.com\/wp-content\/uploads\/2025\/03\/image-placeholder-4-uai-1706x1280.jpg 1706w, https:\/\/viralcollab.com\/wp-content\/uploads\/2025\/03\/image-placeholder-4-uai-720x540.jpg 720w\" sizes=\"(max-width: 1706px) 100vw, 1706px\" \/><\/div><div class=\"t-entry-text\">\n\t\t\t\t\t\t\t\t\t<div class=\"t-entry-text-tc no-block-padding\"><div class=\"t-entry\"><h3 class=\"t-entry-title font-787672 fontsize-210105 fontheight-357766 fontspace-111509 title-scale\"><a href=\"https:\/\/viralcollab.com\/fr\/how-to-appreciate-the-little-things-in-life-and-be-happy\/\" target=\"_self\"><span class=\"drop-image-extra fontspace-111509 drop-extra-size-50 drop-extra-pos-left-top\"><span class=\"tmb-date-wrap\">20 mars 2022<\/span><span class=\"tmb-date-author-separator\"><\/span><span class=\"tmb-username-wrap\"><span class=\"tmb-username-text\">by infoviralcollab@gmail.com<\/span><\/span><\/span>Comment appr\u00e9cier les petites choses de la vie et \u00eatre heureux<\/a><\/h3><\/div><\/div>\n\t\t\t\t\t\t\t<\/div><\/div><\/div><div class=\"tmb tmb-title tmb-iso-w4 tmb-iso-h4 tmb-light tmb-overlay-text-anim tmb-overlay-anim tmb-image-anim tmb-bordered  grid-cat-16 tmb-id-4193 tmb-img-ratio tmb-content-under tmb-media-first tmb-no-bg\" data-drop-target=\"drop-804655\"><a href=\"https:\/\/viralcollab.com\/fr\/capture-the-beauty-of-nature-through-photography\/\" class=\"drop-hover-link\" target=\"_self\"><\/a><div class=\"t-inside no-anim\" ><div class=\"t-entry-drop drop-move\" data-w=\"4\" data-drop=\"drop-804655\"><img decoding=\"async\" class=\"wp-image-11307\" src=\"https:\/\/viralcollab.com\/wp-content\/uploads\/2025\/03\/image-placeholder-4-uai-1706x1280.jpg\" width=\"1706\" height=\"1280\" alt=\"\" srcset=\"https:\/\/viralcollab.com\/wp-content\/uploads\/2025\/03\/image-placeholder-4-uai-1706x1280.jpg 1706w, https:\/\/viralcollab.com\/wp-content\/uploads\/2025\/03\/image-placeholder-4-uai-720x540.jpg 720w\" sizes=\"(max-width: 1706px) 100vw, 1706px\" \/><\/div><div class=\"t-entry-text\">\n\t\t\t\t\t\t\t\t\t<div class=\"t-entry-text-tc no-block-padding\"><div class=\"t-entry\"><h3 class=\"t-entry-title font-787672 fontsize-210105 fontheight-357766 fontspace-111509 title-scale\"><a href=\"https:\/\/viralcollab.com\/fr\/capture-the-beauty-of-nature-through-photography\/\" target=\"_self\"><span class=\"drop-image-extra fontspace-111509 drop-extra-size-50 drop-extra-pos-left-top\"><span class=\"tmb-date-wrap\">18 mars 2021<\/span><span class=\"tmb-date-author-separator\"><\/span><span class=\"tmb-username-wrap\"><span class=\"tmb-username-text\">by infoviralcollab@gmail.com<\/span><\/span><\/span>Capturez la beaut\u00e9 de la nature gr\u00e2ce \u00e0 la photographie<\/a><\/h3><\/div><\/div>\n\t\t\t\t\t\t\t<\/div><\/div><\/div><div class=\"tmb tmb-title tmb-iso-w4 tmb-iso-h4 tmb-light tmb-overlay-text-anim tmb-overlay-anim tmb-image-anim tmb-bordered  grid-cat-18 tmb-id-4225 tmb-img-ratio tmb-content-under tmb-media-first tmb-no-bg\" data-drop-target=\"drop-167367\"><a href=\"https:\/\/viralcollab.com\/fr\/how-to-be-in-the-flow-and-create-something-beautiful\/\" class=\"drop-hover-link\" target=\"_self\"><\/a><div class=\"t-inside no-anim\" ><div class=\"t-entry-drop drop-move\" data-w=\"4\" data-drop=\"drop-167367\"><img decoding=\"async\" class=\"wp-image-11295\" src=\"https:\/\/viralcollab.com\/wp-content\/uploads\/2025\/03\/image-placeholder-6-uai-1706x1280.jpg\" width=\"1706\" height=\"1280\" alt=\"\" srcset=\"https:\/\/viralcollab.com\/wp-content\/uploads\/2025\/03\/image-placeholder-6-uai-1706x1280.jpg 1706w, https:\/\/viralcollab.com\/wp-content\/uploads\/2025\/03\/image-placeholder-6-uai-720x540.jpg 720w\" sizes=\"(max-width: 1706px) 100vw, 1706px\" \/><\/div><div class=\"t-entry-text\">\n\t\t\t\t\t\t\t\t\t<div class=\"t-entry-text-tc no-block-padding\"><div class=\"t-entry\"><h3 class=\"t-entry-title font-787672 fontsize-210105 fontheight-357766 fontspace-111509 title-scale\"><a href=\"https:\/\/viralcollab.com\/fr\/how-to-be-in-the-flow-and-create-something-beautiful\/\" target=\"_self\"><span class=\"drop-image-extra fontspace-111509 drop-extra-size-50 drop-extra-pos-left-top\"><span class=\"tmb-date-wrap\">7 mars 2021<\/span><span class=\"tmb-date-author-separator\"><\/span><span class=\"tmb-username-wrap\"><span class=\"tmb-username-text\">by infoviralcollab@gmail.com<\/span><\/span><\/span>Comment \u00eatre dans le flux et cr\u00e9er quelque chose de beau<\/a><\/h3><\/div><\/div>\n\t\t\t\t\t\t\t<\/div><\/div><\/div><div class=\"tmb tmb-title tmb-iso-w4 tmb-iso-h4 tmb-light tmb-overlay-text-anim tmb-overlay-anim tmb-image-anim tmb-bordered  grid-cat-16 grid-cat-17 tmb-id-4636 tmb-img-ratio tmb-content-under tmb-media-first tmb-no-bg\" data-drop-target=\"drop-957072\"><a href=\"https:\/\/viralcollab.com\/fr\/i-like-keep-things-simple-to-appreciate-the-details\/\" class=\"drop-hover-link\" target=\"_self\"><\/a><div class=\"t-inside no-anim\" ><div class=\"t-entry-drop drop-move\" data-w=\"4\" data-drop=\"drop-957072\"><img decoding=\"async\" class=\"wp-image-11295\" src=\"https:\/\/viralcollab.com\/wp-content\/uploads\/2025\/03\/image-placeholder-6-uai-1706x1280.jpg\" width=\"1706\" height=\"1280\" alt=\"\" srcset=\"https:\/\/viralcollab.com\/wp-content\/uploads\/2025\/03\/image-placeholder-6-uai-1706x1280.jpg 1706w, https:\/\/viralcollab.com\/wp-content\/uploads\/2025\/03\/image-placeholder-6-uai-720x540.jpg 720w\" sizes=\"(max-width: 1706px) 100vw, 1706px\" \/><\/div><div class=\"t-entry-text\">\n\t\t\t\t\t\t\t\t\t<div class=\"t-entry-text-tc no-block-padding\"><div class=\"t-entry\"><h3 class=\"t-entry-title font-787672 fontsize-210105 fontheight-357766 fontspace-111509 title-scale\"><a href=\"https:\/\/viralcollab.com\/fr\/i-like-keep-things-simple-to-appreciate-the-details\/\" target=\"_self\"><span class=\"drop-image-extra fontspace-111509 drop-extra-size-50 drop-extra-pos-left-top\"><span class=\"tmb-date-wrap\">3 mars 2021<\/span><span class=\"tmb-date-author-separator\"><\/span><span class=\"tmb-username-wrap\"><span class=\"tmb-username-text\">by infoviralcollab@gmail.com<\/span><\/span><\/span>J&#039;aime garder les choses simples pour appr\u00e9cier les d\u00e9tails<\/a><\/h3><\/div><\/div>\n\t\t\t\t\t\t\t<\/div><\/div><\/div><div class=\"tmb tmb-title tmb-iso-w4 tmb-iso-h4 tmb-light tmb-overlay-text-anim tmb-overlay-anim tmb-image-anim tmb-bordered  grid-cat-19 tmb-id-4229 tmb-img-ratio tmb-content-under tmb-media-first tmb-no-bg\" data-drop-target=\"drop-124596\"><a href=\"https:\/\/viralcollab.com\/fr\/thriving-for-simplicity-and-ease-of-use-sharing-knowledge\/\" class=\"drop-hover-link\" target=\"_self\"><\/a><div class=\"t-inside no-anim\" ><div class=\"t-entry-drop drop-move\" data-w=\"4\" data-drop=\"drop-124596\"><img decoding=\"async\" class=\"wp-image-11295\" src=\"https:\/\/viralcollab.com\/wp-content\/uploads\/2025\/03\/image-placeholder-6-uai-1706x1280.jpg\" width=\"1706\" height=\"1280\" alt=\"\" srcset=\"https:\/\/viralcollab.com\/wp-content\/uploads\/2025\/03\/image-placeholder-6-uai-1706x1280.jpg 1706w, https:\/\/viralcollab.com\/wp-content\/uploads\/2025\/03\/image-placeholder-6-uai-720x540.jpg 720w\" sizes=\"(max-width: 1706px) 100vw, 1706px\" \/><\/div><div class=\"t-entry-text\">\n\t\t\t\t\t\t\t\t\t<div class=\"t-entry-text-tc no-block-padding\"><div class=\"t-entry\"><h3 class=\"t-entry-title font-787672 fontsize-210105 fontheight-357766 fontspace-111509 title-scale\"><a href=\"https:\/\/viralcollab.com\/fr\/thriving-for-simplicity-and-ease-of-use-sharing-knowledge\/\" target=\"_self\"><span class=\"drop-image-extra fontspace-111509 drop-extra-size-50 drop-extra-pos-left-top\"><span class=\"tmb-date-wrap\">2 mars 2021<\/span><span class=\"tmb-date-author-separator\"><\/span><span class=\"tmb-username-wrap\"><span class=\"tmb-username-text\">by infoviralcollab@gmail.com<\/span><\/span><\/span>S&#039;\u00e9panouir dans la simplicit\u00e9 et la facilit\u00e9 d&#039;utilisation Partage des connaissances<\/a><\/h3><\/div><\/div>\n\t\t\t\t\t\t\t<\/div><\/div><\/div><div class=\"tmb tmb-title tmb-iso-w4 tmb-iso-h4 tmb-light tmb-overlay-text-anim tmb-overlay-anim tmb-image-anim tmb-bordered  grid-cat-18 tmb-id-4629 tmb-img-ratio tmb-content-under tmb-media-first tmb-no-bg\" data-drop-target=\"drop-579641\"><a href=\"https:\/\/viralcollab.com\/fr\/meditation-with-music-for-a-calmer-and-healthier-mind\/\" class=\"drop-hover-link\" target=\"_self\"><\/a><div class=\"t-inside no-anim\" ><div class=\"t-entry-drop drop-move\" data-w=\"4\" data-drop=\"drop-579641\"><img decoding=\"async\" class=\"wp-image-11311\" src=\"https:\/\/viralcollab.com\/wp-content\/uploads\/2025\/03\/image-placeholder-5-uai-1706x1280.jpg\" width=\"1706\" height=\"1280\" alt=\"\" srcset=\"https:\/\/viralcollab.com\/wp-content\/uploads\/2025\/03\/image-placeholder-5-uai-1706x1280.jpg 1706w, https:\/\/viralcollab.com\/wp-content\/uploads\/2025\/03\/image-placeholder-5-uai-720x540.jpg 720w\" sizes=\"(max-width: 1706px) 100vw, 1706px\" \/><\/div><div class=\"t-entry-text\">\n\t\t\t\t\t\t\t\t\t<div class=\"t-entry-text-tc no-block-padding\"><div class=\"t-entry\"><h3 class=\"t-entry-title font-787672 fontsize-210105 fontheight-357766 fontspace-111509 title-scale\"><a href=\"https:\/\/viralcollab.com\/fr\/meditation-with-music-for-a-calmer-and-healthier-mind\/\" target=\"_self\"><span class=\"drop-image-extra fontspace-111509 drop-extra-size-50 drop-extra-pos-left-top\"><span class=\"tmb-date-wrap\">18 f\u00e9vrier 2020<\/span><span class=\"tmb-date-author-separator\"><\/span><span class=\"tmb-username-wrap\"><span class=\"tmb-username-text\">by infoviralcollab@gmail.com<\/span><\/span><\/span>M\u00e9ditation avec musique pour un esprit plus calme et plus sain<\/a><\/h3><\/div><\/div>\n\t\t\t\t\t\t\t<\/div><\/div><\/div><div class=\"tmb tmb-title tmb-iso-w4 tmb-iso-h4 tmb-light tmb-overlay-text-anim tmb-overlay-anim tmb-image-anim tmb-bordered  grid-cat-18 tmb-id-4254 tmb-img-ratio tmb-content-under tmb-media-first tmb-no-bg\" data-drop-target=\"drop-168339\"><a href=\"https:\/\/viralcollab.com\/fr\/how-we-rethink-our-approach-to-daily-commitments\/\" class=\"drop-hover-link\" target=\"_self\"><\/a><div class=\"t-inside no-anim\" ><div class=\"t-entry-drop drop-move self-video uncode-video-container\" data-w=\"4\" data-drop=\"drop-168339\" data-bgset=\"https:\/\/viralcollab.com\/wp-content\/uploads\/2025\/03\/image-placeholder-2.jpg 1920w, https:\/\/viralcollab.com\/wp-content\/uploads\/2025\/03\/image-placeholder-2-uai-720x480.jpg 720w, https:\/\/viralcollab.com\/wp-content\/uploads\/2025\/03\/image-placeholder-2-uai-900x600.jpg 900w\"><div style=\"width: 640px;\" class=\"wp-video\"><video loop playsinline muted data-keepplaying class=\"background-video-shortcode\" data-width=\"1280\" data-height=\"720\" data-ratio=\"1.7777777777778\" id=\"video-4254-2\" width=\"640\" height=\"360\" preload=\"metadata\" ><source type=\"video\/mp4\" src=\"https:\/\/viralcollab.com\/wp-content\/uploads\/2025\/03\/video.mp4?_=2\" \/><a href=\"https:\/\/viralcollab.com\/wp-content\/uploads\/2025\/03\/video.mp4\">https:\/\/viralcollab.com\/wp-content\/uploads\/2025\/03\/video.mp4<\/a><\/video><\/div><\/div><div class=\"t-entry-text\">\n\t\t\t\t\t\t\t\t\t<div class=\"t-entry-text-tc no-block-padding\"><div class=\"t-entry\"><h3 class=\"t-entry-title font-787672 fontsize-210105 fontheight-357766 fontspace-111509 title-scale\"><a href=\"https:\/\/viralcollab.com\/fr\/how-we-rethink-our-approach-to-daily-commitments\/\" target=\"_self\"><span class=\"drop-image-extra fontspace-111509 drop-extra-size-50 drop-extra-pos-left-top\"><span class=\"tmb-date-wrap\">8 f\u00e9vrier 2020<\/span><span class=\"tmb-date-author-separator\"><\/span><span class=\"tmb-username-wrap\"><span class=\"tmb-username-text\">by infoviralcollab@gmail.com<\/span><\/span><\/span>Comment nous repensons notre approche des engagements quotidiens<\/a><\/h3><\/div><\/div>\n\t\t\t\t\t\t\t<\/div><\/div><\/div>\t\t\t\n\t\n\n\t<\/div>\t\t\t\t<\/div>\n<\/div><\/div><\/div><\/div><\/div><script id=\"script-row-unique-0\" data-row=\"script-row-unique-0\" type=\"text\/javascript\" class=\"vc_controls\">UNCODE.initRow(document.getElementById(\"row-unique-0\"));<\/script><\/div><\/div><\/div>\n<\/div>","protected":false},"excerpt":{"rendered":"Many years ago, I worked for my parents who own a video production company. Because it is a family business, [...]","protected":false},"author":1,"featured_media":0,"parent":0,"menu_order":0,"comment_status":"closed","ping_status":"closed","template":"","meta":{"footnotes":""},"class_list":["post-101067","page","type-page","status-publish","hentry"],"_links":{"self":[{"href":"https:\/\/viralcollab.com\/fr\/wp-json\/wp\/v2\/pages\/101067","targetHints":{"allow":["GET"]}}],"collection":[{"href":"https:\/\/viralcollab.com\/fr\/wp-json\/wp\/v2\/pages"}],"about":[{"href":"https:\/\/viralcollab.com\/fr\/wp-json\/wp\/v2\/types\/page"}],"author":[{"embeddable":true,"href":"https:\/\/viralcollab.com\/fr\/wp-json\/wp\/v2\/users\/1"}],"replies":[{"embeddable":true,"href":"https:\/\/viralcollab.com\/fr\/wp-json\/wp\/v2\/comments?post=101067"}],"version-history":[{"count":0,"href":"https:\/\/viralcollab.com\/fr\/wp-json\/wp\/v2\/pages\/101067\/revisions"}],"wp:attachment":[{"href":"https:\/\/viralcollab.com\/fr\/wp-json\/wp\/v2\/media?parent=101067"}],"curies":[{"name":"wp","href":"https:\/\/api.w.org\/{rel}","templated":true}]}}