{"id":100999,"date":"2021-08-27T11:22:36","date_gmt":"2021-08-27T09:22:36","guid":{"rendered":"https:\/\/undsgn.com\/uncode\/?page_id=100999"},"modified":"2021-08-27T11:22:36","modified_gmt":"2021-08-27T09:22:36","slug":"portfolio-titles","status":"publish","type":"page","link":"https:\/\/viralcollab.com\/fr\/works\/portfolio-titles\/","title":{"rendered":"Titres du portfolio"},"content":{"rendered":"<div class=\"wpb-content-wrapper\"><div data-parent=\"true\" class=\"vc_row style-color-wayh-bg row-container\" id=\"row-unique-0\"><div class=\"row exa-top-padding exa-bottom-padding single-h-padding limit-width row-parent\"><div class=\"wpb_row row-inner\"><div class=\"wpb_column pos-top pos-center align_center column_parent col-lg-12 single-internal-gutter\"><div class=\"uncol style-dark\"  ><div class=\"uncoltable\"><div class=\"uncell no-block-padding\" ><div class=\"uncont\" ><div class=\"uncode-post-titles uncode-post-titles-parent-row uncode-post-titles-default-image drop-hover-opacity-inverted drop-mobile-gap-reduced uncode-skew\" data-timing=\"400\">\n\t\t\t\t\t\t\t\t\t\t\t\t\t<div class=\"quad-gutter post-titles-inner titles-display-block\" >\t\t\t\t\t\t\t\t\t\t\t\t\t\t\t<div class=\"tmb tmb-title tmb-iso-w4 tmb-iso-h4 tmb-dark tmb-overlay-text-anim tmb-overlay-anim tmb-image-anim tmb-bordered  grid-cat-33 grid-cat-42 tmb-id-156686 tmb-content-under tmb-media-last tmb-no-bg\" data-drop-target=\"drop-147503\"><a href=\"https:\/\/viralcollab.com\/fr\/portfolio\/influencermarketing\/\" class=\"drop-hover-link\" target=\"_self\"><\/a><div class=\"t-inside no-anim\" ><div class=\"t-entry-text\">\n\t\t\t\t\t\t\t\t\t<div class=\"t-entry-text-tc no-block-padding\"><div class=\"t-entry\"><h3 class=\"t-entry-title font-136269 fontsize-739966 font-weight-700 fontspace-781688 title-scale\"><a href=\"https:\/\/viralcollab.com\/fr\/portfolio\/influencermarketing\/\" target=\"_self\">Pour les marques et les agences<\/a><\/h3><\/div><\/div>\n\t\t\t\t\t\t\t<\/div><div class=\"t-entry-drop drop-parent drop-parent-row fixed-attachment\" data-drop=\"drop-147503\" data-w=\"4\" data-bgset=\"https:\/\/viralcollab.com\/wp-content\/uploads\/2025\/05\/freepik__make-the-background-wider-and-the-controller-small__36471.png 1472w, https:\/\/viralcollab.com\/wp-content\/uploads\/2025\/05\/freepik__make-the-background-wider-and-the-controller-small__36471-300x150.png 300w, https:\/\/viralcollab.com\/wp-content\/uploads\/2025\/05\/freepik__make-the-background-wider-and-the-controller-small__36471-1024x512.png 1024w, https:\/\/viralcollab.com\/wp-content\/uploads\/2025\/05\/freepik__make-the-background-wider-and-the-controller-small__36471-768x384.png 768w, https:\/\/viralcollab.com\/wp-content\/uploads\/2025\/05\/freepik__make-the-background-wider-and-the-controller-small__36471-350x175.png 350w, https:\/\/viralcollab.com\/wp-content\/uploads\/2025\/05\/freepik__make-the-background-wider-and-the-controller-small__36471-600x300.png 600w, https:\/\/viralcollab.com\/wp-content\/uploads\/2025\/05\/freepik__make-the-background-wider-and-the-controller-small__36471-uai-720x360.png 720w, https:\/\/viralcollab.com\/wp-content\/uploads\/2025\/05\/freepik__make-the-background-wider-and-the-controller-small__36471-uai-900x450.png 900w\" style=\"background-repeat: no-repeat;background-position: center center;background-attachment: fixed;background-size: cover;\"><\/div><!-- .t-entry-drop --><\/div><\/div><div class=\"tmb tmb-title tmb-iso-w4 tmb-iso-h4 tmb-dark tmb-overlay-text-anim tmb-overlay-anim tmb-image-anim tmb-bordered  grid-cat-33 grid-cat-42 tmb-id-4154 tmb-content-under tmb-media-last tmb-no-bg\" data-drop-target=\"drop-614919\"><a href=\"https:\/\/viralcollab.com\/fr\/portfolio\/talentmanagement\/\" class=\"drop-hover-link\" target=\"_self\"><\/a><div class=\"t-inside no-anim\" ><div class=\"t-entry-text\">\n\t\t\t\t\t\t\t\t\t<div class=\"t-entry-text-tc no-block-padding\"><div class=\"t-entry\"><h3 class=\"t-entry-title font-136269 fontsize-739966 font-weight-700 fontspace-781688 title-scale\"><a href=\"https:\/\/viralcollab.com\/fr\/portfolio\/talentmanagement\/\" target=\"_self\">Pour les influenceurs<\/a><\/h3><\/div><\/div>\n\t\t\t\t\t\t\t<\/div><div class=\"t-entry-drop drop-parent drop-parent-row fixed-attachment\" data-drop=\"drop-614919\" data-w=\"4\" data-bgset=\"https:\/\/viralcollab.com\/wp-content\/uploads\/2022\/08\/banner2.png 1440w, https:\/\/viralcollab.com\/wp-content\/uploads\/2022\/08\/banner2-300x169.png 300w, https:\/\/viralcollab.com\/wp-content\/uploads\/2022\/08\/banner2-1024x576.png 1024w, https:\/\/viralcollab.com\/wp-content\/uploads\/2022\/08\/banner2-768x432.png 768w, https:\/\/viralcollab.com\/wp-content\/uploads\/2022\/08\/banner2-350x197.png 350w, https:\/\/viralcollab.com\/wp-content\/uploads\/2022\/08\/banner2-600x338.png 600w, https:\/\/viralcollab.com\/wp-content\/uploads\/2022\/08\/banner2-uai-720x405.png 720w, https:\/\/viralcollab.com\/wp-content\/uploads\/2022\/08\/banner2-uai-900x506.png 900w\" style=\"background-repeat: no-repeat;background-position: center center;background-attachment: fixed;background-size: cover;\"><\/div><!-- .t-entry-drop --><\/div><\/div>\t\t\t\n\t\n\n\t<\/div>\t\t\t\t<\/div>\n<\/div><\/div><\/div><\/div><\/div><script id=\"script-row-unique-0\" data-row=\"script-row-unique-0\" type=\"text\/javascript\" class=\"vc_controls\">UNCODE.initRow(document.getElementById(\"row-unique-0\"));<\/script><\/div><\/div><\/div>\n<\/div>","protected":false},"excerpt":{"rendered":"Gestion des talents\u00a0: \u00ab\u00a0Viral Collab a jou\u00e9 un r\u00f4le essentiel dans mon parcours de cr\u00e9ateur de contenu. Je ne serais pas l\u00e0 o\u00f9 j&#039;en suis aujourd&#039;hui sans leur engagement envers votre d\u00e9veloppement et votre r\u00e9ussite.\u00a0\u00bb \u2014 Reid Boehm, influenceur gaming. Rejoignez notre \u00e9quipe\u00a0! Nous aidons les influenceurs comme vous \u00e0 d\u00e9velopper leur carri\u00e8re en prenant en charge les aspects commerciaux. Remplissez ce formulaire pour [...]","protected":false},"author":1,"featured_media":0,"parent":36646,"menu_order":0,"comment_status":"closed","ping_status":"closed","template":"","meta":{"footnotes":""},"class_list":["post-100999","page","type-page","status-publish","hentry"],"_links":{"self":[{"href":"https:\/\/viralcollab.com\/fr\/wp-json\/wp\/v2\/pages\/100999","targetHints":{"allow":["GET"]}}],"collection":[{"href":"https:\/\/viralcollab.com\/fr\/wp-json\/wp\/v2\/pages"}],"about":[{"href":"https:\/\/viralcollab.com\/fr\/wp-json\/wp\/v2\/types\/page"}],"author":[{"embeddable":true,"href":"https:\/\/viralcollab.com\/fr\/wp-json\/wp\/v2\/users\/1"}],"replies":[{"embeddable":true,"href":"https:\/\/viralcollab.com\/fr\/wp-json\/wp\/v2\/comments?post=100999"}],"version-history":[{"count":0,"href":"https:\/\/viralcollab.com\/fr\/wp-json\/wp\/v2\/pages\/100999\/revisions"}],"up":[{"embeddable":true,"href":"https:\/\/viralcollab.com\/fr\/wp-json\/wp\/v2\/pages\/36646"}],"wp:attachment":[{"href":"https:\/\/viralcollab.com\/fr\/wp-json\/wp\/v2\/media?parent=100999"}],"curies":[{"name":"wp","href":"https:\/\/api.w.org\/{rel}","templated":true}]}}