{"id":100002,"date":"2021-06-21T18:02:21","date_gmt":"2021-06-21T16:02:21","guid":{"rendered":"https:\/\/undsgn.com\/uncode\/?page_id=100002"},"modified":"2021-06-21T18:02:21","modified_gmt":"2021-06-21T16:02:21","slug":"fixed-elements","status":"publish","type":"page","link":"https:\/\/viralcollab.com\/fr\/features\/fixed-elements\/","title":{"rendered":"\u00c9l\u00e9ments fixes"},"content":{"rendered":"<div class=\"wpb-content-wrapper\"><div data-parent=\"true\" class=\"vc_row style-color-wayh-bg row-container\" id=\"row-unique-0\"><div class=\"row-background background-element\">\n\t\t\t\t\t\t\t\t\t\t\t<div class=\"background-wrapper\">\n\t\t\t\t\t\t\t\t\t\t\t\t<div class=\"background-inner\" style=\"background-image: url(https:\/\/viralcollab.com\/wp-content\/uploads\/2025\/03\/image-placeholder-2.jpg);background-repeat: no-repeat;background-position: center bottom;background-attachment: scroll;background-size: cover;\"><\/div>\n\t\t\t\t\t\t\t\t\t\t\t\t<div class=\"block-bg-overlay style-color-jevc-bg\" style=\"opacity: 0.15;\"><\/div>\n\t\t\t\t\t\t\t\t\t\t\t<\/div>\n\t\t\t\t\t\t\t\t\t\t<\/div><div class=\"row quad-top-padding quad-bottom-padding single-h-padding limit-width row-parent\" data-height-ratio=\"85\" data-minheight=\"380\"><div class=\"wpb_row row-inner\"><div class=\"wpb_column pos-middle pos-center align_center column_parent col-lg-12 single-internal-gutter\"><div class=\"uncol style-dark\"  ><div class=\"uncoltable\"><div class=\"uncell\" ><div class=\"uncont no-block-padding col-custom-width\" style=\" max-width:756px;\" ><div class=\"vc_custom_heading_wrap\"><div class=\"heading-text el-text\" ><h2 class=\"font-136269 fontsize-338686 font-weight-500\" ><span>La nouvelle collection est disponible d\u00e8s maintenant<\/span><\/h2><\/div><div class=\"clear\"><\/div><\/div><\/div><\/div><\/div><\/div><\/div><script id=\"script-row-unique-0\" data-row=\"script-row-unique-0\" type=\"text\/javascript\" class=\"vc_controls\">UNCODE.initRow(document.getElementById(\"row-unique-0\"));<\/script><\/div><\/div><\/div><div data-parent=\"true\" class=\"vc_row row-container\" id=\"row-unique-1\"><div class=\"row col-double-gutter quad-top-padding quad-bottom-padding single-h-padding limit-width row-parent\"><div class=\"wpb_row row-inner\"><div class=\"wpb_column pos-top pos-center align_left column_parent col-lg-12 single-internal-gutter\"><div class=\"uncol style-light\"  ><div class=\"uncoltable\"><div class=\"uncell no-block-padding\" ><div class=\"uncont\" ><div class=\"vc_row row-internal row-container\"><div class=\"row row-child\"><div class=\"wpb_row row-inner\"><div class=\"wpb_column pos-top pos-center align_left column_child col-lg-4 half-internal-gutter\"><div class=\"uncol style-light\" ><div class=\"uncoltable\"><div class=\"uncell no-block-padding\" ><div class=\"uncont\" ><div class=\"vc_custom_heading_wrap\"><div class=\"heading-text el-text\" ><h3 class=\"fontsize-155944 fontspace-781688 font-weight-500\" ><span>Une \u00e9quipe de conception \u00e0 toute \u00e9preuve<\/span><\/h3><\/div><div class=\"clear\"><\/div><\/div><\/div><\/div><\/div><\/div><\/div><div class=\"wpb_column pos-top pos-center align_left column_child col-lg-1 tablet-hidden mobile-hidden single-internal-gutter\"><div class=\"uncol style-light\" ><div class=\"uncoltable\"><div class=\"uncell no-block-padding\" ><div class=\"uncont\" ><\/div><\/div><\/div><\/div><\/div><div class=\"wpb_column pos-bottom pos-center align_left column_child col-lg-7 single-internal-gutter\"><div class=\"uncol style-light\" ><div class=\"uncoltable\"><div class=\"uncell no-block-padding\" ><div class=\"uncont\" ><div class=\"uncode_text_column\" ><p>Exploitez les cadres agiles pour fournir une synth\u00e8se robuste et des aper\u00e7us de haut niveau. Les approches it\u00e9ratives de la strat\u00e9gie d&#039;entreprise favorisent la r\u00e9flexion collaborative pour renforcer la proposition de valeur globale. D\u00e9veloppez naturellement une vision globale de l&#039;innovation disruptive gr\u00e2ce \u00e0 la diversit\u00e9 et \u00e0 l&#039;autonomisation des \u00e9quipes.<\/p>\n<\/div><\/div><\/div><\/div><\/div><\/div><\/div><\/div><\/div><div class=\"vc_row row-internal row-container\"><div class=\"row row-child\"><div class=\"wpb_row row-inner\"><div class=\"wpb_column pos-top pos-center align_left column_child col-lg-4 col-md-33 col-sm-33 single-internal-gutter\"><div class=\"uncol style-light\" ><div class=\"uncoltable\"><div class=\"uncell no-block-padding\" ><div class=\"uncont\" ><div class=\"uncode-single-media  text-left\"><div class=\"single-wrapper\" style=\"max-width: 100%;\"><div class=\"tmb tmb-light  tmb-img-ratio tmb-media-first tmb-media-last tmb-content-overlay tmb-no-bg\"><div class=\"t-inside\"><div class=\"t-entry-visual\"><div class=\"t-entry-visual-tc\"><div class=\"uncode-single-media-wrapper\"><div class=\"dummy\" style=\"padding-top: 133.3%;\"><\/div><img decoding=\"async\" class=\"wp-image-13762\" src=\"https:\/\/viralcollab.com\/wp-content\/uploads\/2025\/03\/team-member-placeholder-2-uai-960x1280.jpg\" width=\"960\" height=\"1280\" alt=\"\" srcset=\"https:\/\/viralcollab.com\/wp-content\/uploads\/2025\/03\/team-member-placeholder-2-uai-960x1280.jpg 960w, https:\/\/viralcollab.com\/wp-content\/uploads\/2025\/03\/team-member-placeholder-2-uai-720x959.jpg 720w\" sizes=\"(max-width: 960px) 100vw, 960px\" \/><\/div>\n\t\t\t\t\t<\/div>\n\t\t\t\t<\/div><\/div><\/div><\/div><\/div><\/div><\/div><\/div><\/div><\/div><div class=\"wpb_column pos-top pos-center align_left column_child col-lg-4 col-md-33 col-sm-33 single-internal-gutter\"><div class=\"uncol style-light\" ><div class=\"uncoltable\"><div class=\"uncell no-block-padding\" ><div class=\"uncont\" ><div class=\"uncode-single-media  text-left\"><div class=\"single-wrapper\" style=\"max-width: 100%;\"><div class=\"tmb tmb-light  tmb-img-ratio tmb-media-first tmb-media-last tmb-content-overlay tmb-no-bg\"><div class=\"t-inside\"><div class=\"t-entry-visual\"><div class=\"t-entry-visual-tc\"><div class=\"uncode-single-media-wrapper\"><div class=\"dummy\" style=\"padding-top: 133.3%;\"><\/div><img decoding=\"async\" class=\"wp-image-13762\" src=\"https:\/\/viralcollab.com\/wp-content\/uploads\/2025\/03\/team-member-placeholder-2-uai-960x1280.jpg\" width=\"960\" height=\"1280\" alt=\"\" srcset=\"https:\/\/viralcollab.com\/wp-content\/uploads\/2025\/03\/team-member-placeholder-2-uai-960x1280.jpg 960w, https:\/\/viralcollab.com\/wp-content\/uploads\/2025\/03\/team-member-placeholder-2-uai-720x959.jpg 720w\" sizes=\"(max-width: 960px) 100vw, 960px\" \/><\/div>\n\t\t\t\t\t<\/div>\n\t\t\t\t<\/div><\/div><\/div><\/div><\/div><\/div><\/div><\/div><\/div><\/div><div class=\"wpb_column pos-top pos-center align_left column_child col-lg-4 col-md-33 col-sm-33 single-internal-gutter\"><div class=\"uncol style-light\" ><div class=\"uncoltable\"><div class=\"uncell no-block-padding\" ><div class=\"uncont\" ><div class=\"uncode-single-media  text-left\"><div class=\"single-wrapper\" style=\"max-width: 100%;\"><div class=\"tmb tmb-light  tmb-img-ratio tmb-media-first tmb-media-last tmb-content-overlay tmb-no-bg\"><div class=\"t-inside\"><div class=\"t-entry-visual\"><div class=\"t-entry-visual-tc\"><div class=\"uncode-single-media-wrapper\"><div class=\"dummy\" style=\"padding-top: 133.3%;\"><\/div><img decoding=\"async\" class=\"wp-image-12169\" src=\"https:\/\/viralcollab.com\/wp-content\/uploads\/2025\/03\/team-member-placeholder-1-uai-960x1280.jpg\" width=\"960\" height=\"1280\" alt=\"\" srcset=\"https:\/\/viralcollab.com\/wp-content\/uploads\/2025\/03\/team-member-placeholder-1-uai-960x1280.jpg 960w, https:\/\/viralcollab.com\/wp-content\/uploads\/2025\/03\/team-member-placeholder-1-uai-720x959.jpg 720w\" sizes=\"(max-width: 960px) 100vw, 960px\" \/><\/div>\n\t\t\t\t\t<\/div>\n\t\t\t\t<\/div><\/div><\/div><\/div><\/div><\/div><\/div><\/div><\/div><\/div><\/div><\/div><\/div><div  class=\"vertical-text text-color-xsdn-color font-613363 fontsize-160000 fontspace-135905 font-weight-700 text-uppercase vertical-text--noflip vertical-text--left vertical-text--center shift_x_neg_double\">\u2e3b \u00c9tabli en 2015<\/div><div  class=\"vertical-text text-color-rgdb-color font-613363 fontsize-160000 fontspace-135905 font-weight-700 text-uppercase vertical-text--flip vertical-text--right vertical-text--center shift_right_x_double\">\u2e3b 13 Prix<\/div><\/div><\/div><\/div><\/div><\/div><script id=\"script-row-unique-1\" data-row=\"script-row-unique-1\" type=\"text\/javascript\" class=\"vc_controls\">UNCODE.initRow(document.getElementById(\"row-unique-1\"));<\/script><\/div><\/div><\/div><div data-parent=\"true\" class=\"vc_row style-color-lxmt-bg row-container\" id=\"row-unique-2\"><div class=\"row col-half-gutter quad-top-padding quad-bottom-padding single-h-padding limit-width row-parent\"><div class=\"wpb_row row-inner\"><div class=\"wpb_column pos-top pos-center align_left column_parent col-lg-12 double-internal-gutter\"><div class=\"uncol style-light\"  ><div class=\"uncoltable\"><div class=\"uncell no-block-padding\" ><div class=\"uncont\" ><div class=\"owl-carousel-wrapper carousel-overflow-visible carousel-not-clickable\" >\n\t\t\t\t\t\t\t\t\t\t\t\t\t<div class=\"owl-carousel-container owl-carousel-loading quad-gutter\" >\t\t\t\t\t\t\t\t\t\t\t\t<div id=\"index-835644987\" class=\"owl-carousel owl-element owl-height-auto\" data-loop=\"true\" data-navmobile=\"false\" data-navspeed=\"400\" data-autoplay=\"false\" data-stagepadding=\"0\" data-lg=\"1\" data-md=\"1\" data-sm=\"1\" data-vp-height=\"false\">\t\t\t<div class=\"tmb tmb-carousel atc-typography-inherit tmb-iso-h33 tmb-light tmb-overlay-middle tmb-overlay-text-center  grid-cat-33 grid-cat-42 tmb-id-156686 tmb-img-ratio tmb-media-first tmb-media-last tmb-content-overlay tmb-no-bg\" ><div class=\"t-inside no-anim\" data-cursor=\"icon-light\"><div class=\"t-entry-visual\"><div class=\"t-entry-visual-tc\"><div class=\"t-entry-visual-cont\"><div class=\"dummy\" style=\"padding-top: 66.7%;\"><\/div><a href=\"https:\/\/viralcollab.com\/fr\/portfolio\/influencermarketing\/\"  class=\"pushed\" target=\"_self\" data-lb-index=\"0\"><div class=\"t-entry-visual-overlay\"><div class=\"t-entry-visual-overlay-in style-dark-bg\" style=\"opacity: 0.5;\"><\/div><\/div><img decoding=\"async\" class=\"wp-image-156855\" src=\"https:\/\/viralcollab.com\/wp-content\/uploads\/2025\/05\/freepik__make-the-background-wider-and-the-controller-small__36471-uai-1104x736.png\" width=\"1104\" height=\"736\" alt=\"\" srcset=\"https:\/\/viralcollab.com\/wp-content\/uploads\/2025\/05\/freepik__make-the-background-wider-and-the-controller-small__36471-uai-1104x736.png 1104w, https:\/\/viralcollab.com\/wp-content\/uploads\/2025\/05\/freepik__make-the-background-wider-and-the-controller-small__36471-uai-720x480.png 720w\" sizes=\"(max-width: 1104px) 100vw, 1104px\" \/><\/a><\/div>\n\t\t\t\t\t<\/div>\n\t\t\t\t<\/div><\/div><\/div><div class=\"tmb tmb-carousel atc-typography-inherit tmb-iso-h33 tmb-light tmb-overlay-middle tmb-overlay-text-center  grid-cat-33 grid-cat-42 tmb-id-4154 tmb-img-ratio tmb-media-first tmb-media-last tmb-content-overlay tmb-no-bg\" ><div class=\"t-inside no-anim\" data-cursor=\"icon-light\"><div class=\"t-entry-visual\"><div class=\"t-entry-visual-tc\"><div class=\"t-entry-visual-cont\"><div class=\"dummy\" style=\"padding-top: 66.7%;\"><\/div><a href=\"https:\/\/viralcollab.com\/fr\/portfolio\/talentmanagement\/\"  class=\"pushed\" target=\"_self\" data-lb-index=\"1\"><div class=\"t-entry-visual-overlay\"><div class=\"t-entry-visual-overlay-in style-dark-bg\" style=\"opacity: 0.5;\"><\/div><\/div><img decoding=\"async\" class=\"wp-image-156812\" src=\"https:\/\/viralcollab.com\/wp-content\/uploads\/2022\/08\/banner2-uai-1215x810.png\" width=\"1215\" height=\"810\" alt=\"\" srcset=\"https:\/\/viralcollab.com\/wp-content\/uploads\/2022\/08\/banner2-uai-1215x810.png 1215w, https:\/\/viralcollab.com\/wp-content\/uploads\/2022\/08\/banner2-uai-720x480.png 720w\" sizes=\"(max-width: 1215px) 100vw, 1215px\" \/><\/a><\/div>\n\t\t\t\t\t<\/div>\n\t\t\t\t<\/div><\/div><\/div>\t\t<\/div>\t\n\t\n\n\t<\/div>\t\t\t\t<\/div>\n<div  class=\"vertical-text text-color-rgdb-color font-136269 fontsize-155944 font-weight-700 vertical-text--noflip vertical-text--left vertical-text--center shift_x_neg_double z_index_2\">S\u00e9lection des \u0153uvres<\/div><div  class=\"vertical-text text-color-rgdb-color font-136269 fontsize-155944 font-weight-700 vertical-text--flip vertical-text--right vertical-text--center shift_right_x_double z_index_2\">S\u00e9lection des \u0153uvres<\/div><\/div><\/div><\/div><\/div><\/div><script id=\"script-row-unique-2\" data-row=\"script-row-unique-2\" type=\"text\/javascript\" class=\"vc_controls\">UNCODE.initRow(document.getElementById(\"row-unique-2\"));<\/script><\/div><\/div><\/div><div data-parent=\"true\" class=\"vc_row demo-section demo-dark-background style-color-wayh-bg row-container\" id=\"row-unique-3\"><div class=\"row-background background-element\">\n\t\t\t\t\t\t\t\t\t\t\t<div class=\"background-wrapper\">\n\t\t\t\t\t\t\t\t\t\t\t\t<div class=\"background-inner\" style=\"background-image: url(https:\/\/viralcollab.com\/wp-content\/uploads\/2025\/03\/background-scaled.png);background-repeat: no-repeat;background-position: center center;background-attachment: scroll;background-size: cover;\"><\/div>\n\t\t\t\t\t\t\t\t\t\t\t\t\n\t\t\t\t\t\t\t\t\t\t\t<\/div>\n\t\t\t\t\t\t\t\t\t\t<\/div><div class=\"row unequal col-double-gutter quad-top-padding quad-bottom-padding quad-h-padding limit-width row-parent\"><div class=\"wpb_row row-inner\"><div class=\"wpb_column pos-top pos-center align_left column_parent col-lg-6 single-internal-gutter\"><div class=\"uncol style-dark\"  ><div class=\"uncoltable\"><div class=\"uncell no-block-padding\" ><div class=\"uncont\" ><div class=\"vc_custom_heading_wrap\"><div class=\"heading-text el-text\" ><h3 class=\"fontsize-739966 fontheight-179065 fontspace-781688 font-weight-700\" ><span>Je suis Mark<\/span><\/h3><\/div><div class=\"clear\"><\/div><\/div><div class=\"uncode_text_column text-lead\" ><p>Mettre en \u0153uvre des strat\u00e9gies gagnant-gagnant pour assurer une domination proactive. \u00c0 terme, une nouvelle norme s&#039;imposera, fruit de plusieurs g\u00e9n\u00e9rations.<\/p>\n<\/div><\/div><\/div><\/div><\/div><\/div><div class=\"wpb_column pos-bottom pos-center align_left column_parent col-lg-6 single-internal-gutter\"><div class=\"uncol style-light\"  ><div class=\"uncoltable\"><div class=\"uncell no-block-padding\" ><div class=\"uncont\" ><div class=\"uncode-single-media  text-left\"><div class=\"single-wrapper\" style=\"max-width: 100%;\"><div class=\"tmb tmb-light  tmb-img-ratio tmb-media-first tmb-media-last tmb-content-overlay tmb-no-bg\"><div class=\"t-inside\"><div class=\"t-entry-visual\"><div class=\"t-entry-visual-tc\"><div class=\"uncode-single-media-wrapper\"><div class=\"dummy\" style=\"padding-top: 100%;\"><\/div><img decoding=\"async\" class=\"wp-image-11296\" src=\"https:\/\/viralcollab.com\/wp-content\/uploads\/2025\/03\/image-placeholder-7-uai-1280x1280.jpg\" width=\"1280\" height=\"1280\" alt=\"\" srcset=\"https:\/\/viralcollab.com\/wp-content\/uploads\/2025\/03\/image-placeholder-7-uai-1280x1280.jpg 1280w, https:\/\/viralcollab.com\/wp-content\/uploads\/2025\/03\/image-placeholder-7-uai-720x720.jpg 720w\" sizes=\"(max-width: 1280px) 100vw, 1280px\" \/><\/div>\n\t\t\t\t\t<\/div>\n\t\t\t\t<\/div><\/div><\/div><\/div><\/div><div  class=\"vertical-text text-color-482803-color fontsize-445851 fontspace-781688 font-weight-700 vertical-text--noflip vertical-text--left vertical-text--top z_index_2\">Bonjour!<\/div><div  class=\"vertical-text text-color-482803-color fontsize-445851 fontspace-781688 font-weight-700 vertical-text--flip vertical-text--right vertical-text--bottom z_index_2\">Ciao !<\/div><\/div><\/div><\/div><\/div><\/div><script id=\"script-row-unique-3\" data-row=\"script-row-unique-3\" type=\"text\/javascript\" class=\"vc_controls\">UNCODE.initRow(document.getElementById(\"row-unique-3\"));<\/script><\/div><\/div><\/div><div data-parent=\"true\" class=\"vc_row row-container\" style=\"z-index: 2;\" id=\"row-unique-4\"><div class=\"row quad-top-padding quad-bottom-padding single-h-padding limit-width row-parent\"><div class=\"wpb_row row-inner\"><div class=\"wpb_column pos-middle pos-center align_center align_center_mobile column_parent col-lg-12 single-internal-gutter\"><div class=\"uncol style-light\"  ><div class=\"uncoltable\"><div class=\"uncell\" ><div class=\"uncont no-block-padding col-custom-width\" style=\" max-width:900px;\" ><div class=\"vc_row row-internal row-container\"><div class=\"row row-child\"><div class=\"wpb_row row-inner\"><div class=\"wpb_column pos-top pos-center align_center column_child col-lg-12 single-internal-gutter\"><div class=\"uncol style-light\" ><div class=\"uncoltable\"><div class=\"uncell no-block-padding\" ><div class=\"uncont\" ><div class=\"uncode-single-media  text-left\"><div class=\"single-wrapper\" style=\"max-width: 100%;\"><div class=\"tmb tmb-light  img-round img-round-xs tmb-shadowed tmb-shadowed-darker-lg tmb-img-ratio tmb-media-first tmb-media-last tmb-content-overlay tmb-no-bg\"><div class=\"t-inside\"><div class=\"t-entry-visual\"><div class=\"t-entry-visual-tc\"><div class=\"uncode-single-media-wrapper img-round img-round-xs\"><div class=\"dummy\" style=\"padding-top: 80%;\"><\/div><img decoding=\"async\" class=\"wp-image-11311\" src=\"https:\/\/viralcollab.com\/wp-content\/uploads\/2025\/03\/image-placeholder-5-uai-1600x1280.jpg\" width=\"1600\" height=\"1280\" alt=\"\" srcset=\"https:\/\/viralcollab.com\/wp-content\/uploads\/2025\/03\/image-placeholder-5-uai-1600x1280.jpg 1600w, https:\/\/viralcollab.com\/wp-content\/uploads\/2025\/03\/image-placeholder-5-uai-720x576.jpg 720w\" sizes=\"(max-width: 1600px) 100vw, 1600px\" \/><\/div>\n\t\t\t\t\t<\/div>\n\t\t\t\t<\/div><\/div><\/div><\/div><\/div><div  class=\"vertical-text text-color-rgdb-color font-165032 fontsize-160206 font-weight-700 vertical-text--flip vertical-text--right vertical-text--center shift_right_x_half z_index_1\">D\u00e9couvrir<\/div><div  class=\"vertical-text text-color-rgdb-color font-165032 fontsize-160206 font-weight-700 vertical-text--noflip vertical-text--left vertical-text--center shift_x_neg_half z_index_1\">D\u00e9couvrir<\/div><\/div><\/div><\/div><\/div><\/div><\/div><\/div><\/div><\/div><\/div><\/div><\/div><\/div><script id=\"script-row-unique-4\" data-row=\"script-row-unique-4\" type=\"text\/javascript\" class=\"vc_controls\">UNCODE.initRow(document.getElementById(\"row-unique-4\"));<\/script><\/div><\/div><\/div><div data-parent=\"true\" class=\"vc_row row-container\" id=\"row-unique-5\"><div class=\"row no-top-padding no-bottom-padding no-h-padding limit-width row-parent\"><div class=\"wpb_row row-inner\"><div class=\"wpb_column pos-top pos-center align_left column_parent col-lg-12 single-internal-gutter\"><div class=\"uncol style-dark\"  ><div class=\"uncoltable\"><div class=\"uncell no-block-padding\" ><div class=\"uncont\" ><div  class=\"vertical-text h6 font-weight-600 vertical-text--noflip vertical-text--left vertical-text--fixed vertical-text--shift-left vertical-text--center shift_x_single vertical-text--difference\"><a href=\"https:\/\/1.envato.market\/k1yPV\" target=\"_blank\" rel=\"noopener\"><span class=\"text-icon text-icon--after\"><span class=\"text-icon__text\">Acheter maintenant \u00b7 $59<\/span><span class=\"text-icon__icon\"><i class=\"fa fa-envato\"><\/i><\/span><\/span><\/a><\/div><div  class=\"vertical-text h6 font-weight-600 vertical-text--flip vertical-text--right vertical-text--fixed vertical-text--shift-right vertical-text--center shift_right_x_neg_single vertical-text--difference\"><a href=\"#\"><span class=\"text-icon text-icon--after\"><span class=\"text-icon__text\">Parlons-en maintenant<\/span><span class=\"text-icon__icon\"><i class=\"fa fa-comment\"><\/i><\/span><\/span><\/a><\/div><\/div><\/div><\/div><\/div><\/div><script id=\"script-row-unique-5\" data-row=\"script-row-unique-5\" type=\"text\/javascript\" class=\"vc_controls\">UNCODE.initRow(document.getElementById(\"row-unique-5\"));<\/script><\/div><\/div><\/div>\n<\/div>","protected":false},"excerpt":{"rendered":"<p>Cr\u00e9ez des textes fixes qui sortent de l&#039;ordinaire ou int\u00e9grez des \u00e9l\u00e9ments de texte fixes avec l&#039;appel \u00e0 l&#039;action le plus important de votre page\u00a0!<\/p>","protected":false},"author":1,"featured_media":0,"parent":125,"menu_order":0,"comment_status":"closed","ping_status":"closed","template":"","meta":{"footnotes":""},"class_list":["post-100002","page","type-page","status-publish","hentry"],"_links":{"self":[{"href":"https:\/\/viralcollab.com\/fr\/wp-json\/wp\/v2\/pages\/100002","targetHints":{"allow":["GET"]}}],"collection":[{"href":"https:\/\/viralcollab.com\/fr\/wp-json\/wp\/v2\/pages"}],"about":[{"href":"https:\/\/viralcollab.com\/fr\/wp-json\/wp\/v2\/types\/page"}],"author":[{"embeddable":true,"href":"https:\/\/viralcollab.com\/fr\/wp-json\/wp\/v2\/users\/1"}],"replies":[{"embeddable":true,"href":"https:\/\/viralcollab.com\/fr\/wp-json\/wp\/v2\/comments?post=100002"}],"version-history":[{"count":0,"href":"https:\/\/viralcollab.com\/fr\/wp-json\/wp\/v2\/pages\/100002\/revisions"}],"up":[{"embeddable":true,"href":"https:\/\/viralcollab.com\/fr\/wp-json\/wp\/v2\/pages\/125"}],"wp:attachment":[{"href":"https:\/\/viralcollab.com\/fr\/wp-json\/wp\/v2\/media?parent=100002"}],"curies":[{"name":"wp","href":"https:\/\/api.w.org\/{rel}","templated":true}]}}